{"id":29834,"date":"2026-04-27T12:39:47","date_gmt":"2026-04-27T12:39:47","guid":{"rendered":"https:\/\/www.berti.net\/test-taber\/"},"modified":"2026-04-29T09:38:12","modified_gmt":"2026-04-29T09:38:12","slug":"test-taber","status":"publish","type":"page","link":"https:\/\/www.berti.net\/fr\/berti-lab\/test-taber\/","title":{"rendered":"TEST TABER"},"content":{"rendered":"\n<div class=\"wp-block-group alignfull has-global-padding is-layout-constrained wp-block-group-is-layout-constrained\">\n<div class=\"wp-block-group banner-hero-content has-global-padding is-layout-constrained wp-container-core-group-is-layout-8f34a46e wp-block-group-is-layout-constrained\" style=\"padding-bottom:var(--wp--preset--spacing--70)\">\n<div class=\"wp-block-group has-global-padding is-layout-constrained wp-container-core-group-is-layout-f677f9d0 wp-block-group-is-layout-constrained\" style=\"padding-top:var(--wp--preset--spacing--90);padding-bottom:var(--wp--preset--spacing--50)\">\n<h1 class=\"wp-block-heading has-text-align-center has-base-color has-text-color has-link-color has-xxl-font-size wp-elements-f5aaaed48d18751ad4f595a94a285e3a\">TEST TABER<\/h1>\n\n\n\n<h2 class=\"wp-block-heading has-text-align-center has-m-22-font-size\">Comment Berti \u00e9value la r\u00e9sistance \u00e0 l\u2019abrasion des surfaces en bois<\/h2>\n<\/div>\n<\/div>\n<\/div>\n\n<p class=\"animated fadeIn has-base-color has-text-color has-link-color has-s-font-size wp-elements-e8e458f0716b61c7d99bda2570ffb67e\"><strong>La r\u00e9sistance \u00e0 l\u2019usure de la finition de surface<\/strong> est l\u2019un des <em>aspects les plus pertinents dans l\u2019\u00e9valuation d\u2019un parquet<\/em>, en particulier dans les environnements soumis \u00e0 un usage fr\u00e9quent.<\/p>\n\n<p>Au sein de <strong>Berti Lab<\/strong>, <em>le Test Taber repr\u00e9sente l\u2019un des essais techniques les plus significatifs<\/em> pour <strong>analyser le comportement de la surface dans le temps<\/strong> et <strong>approfondir la qualit\u00e9 du syst\u00e8me de finition appliqu\u00e9 au bois<\/strong>.<\/p>\n\n<p class=\"animated fadeIn has-base-color has-text-color has-link-color has-s-font-size wp-elements-b725a6ba9fce698e018a2940897f86cd\">\u00c0 travers cette v\u00e9rification, Berti \u00e9tudie la <em>capacit\u00e9 de la surface \u00e0 maintenir sa continuit\u00e9 esth\u00e9tique, sa protection et sa fiabilit\u00e9<\/em> m\u00eame en pr\u00e9sence de sollicitations r\u00e9p\u00e9t\u00e9es.<\/p>\n\n<div style=\"height:50px\" aria-hidden=\"true\" class=\"wp-block-spacer\"><\/div>\n\n<figure class=\"wp-block-embed is-type-video is-provider-youtube wp-block-embed-youtube wp-embed-aspect-16-9 wp-has-aspect-ratio\"><div class=\"wp-block-embed__wrapper\">\n<iframe loading=\"lazy\" title=\"Il parquet si consuma? Test reale di usura\" width=\"500\" height=\"281\" src=\"https:\/\/www.youtube.com\/embed\/rPKM9JctHF8?start=34&#038;feature=oembed\" frameborder=\"0\" allow=\"accelerometer; autoplay; clipboard-write; encrypted-media; gyroscope; picture-in-picture; web-share\" referrerpolicy=\"strict-origin-when-cross-origin\" allowfullscreen><\/iframe>\n<\/div><\/figure>\n\n<div style=\"height:50px\" aria-hidden=\"true\" class=\"wp-block-spacer\"><\/div>\n\n<div class=\"wp-block-group has-global-padding is-layout-constrained wp-block-group-is-layout-constrained\">\n<h2 class=\"wp-block-heading has-text-color has-m-32-font-size\" style=\"color:#000000\">Qu\u2019est-ce que le Test Taber<\/h2>\n\n\n\n<p>Le <strong>test Taber<\/strong> est un essai standardis\u00e9 au niveau international pour l&rsquo;\u00e9valuation de la <strong>r\u00e9sistance \u00e0 l&rsquo;abrasion de la finition superficielle<\/strong>.<\/p>\n\n\n\n<p>Le test est r\u00e9alis\u00e9 \u00e0 l\u2019aide d\u2019un appareil \u00e9quip\u00e9 de meules abrasives contrarotatives qui exercent une pression constante sur la surface vernie. De cette mani\u00e8re, il est possible de simuler, dans des conditions contr\u00f4l\u00e9es, une sollicitation correspondant \u00e0 l\u2019usure progressive au fil du temps. <\/p>\n\n\n\n<p>Ce processus permet de reproduire en laboratoire les conditions typiques d&rsquo;utilisation quotidienne, telles que :<\/p>\n\n\n\n<ul class=\"wp-block-list\">\n<li>pi\u00e9tinement continu<\/li>\n\n\n\n<li>frottement d\u00fb \u00e0 la poussi\u00e8re et aux particules<\/li>\n\n\n\n<li>d\u00e9placement de meubles et d&rsquo;objets<\/li>\n<\/ul>\n\n\n\n<p>Durant le test, la surface est soumise \u00e0 un nombre d\u00e9fini de cycles puis analys\u00e9e pour \u00e9valuer :<\/p>\n\n\n\n<ul class=\"wp-block-list\">\n<li><strong>variations esth\u00e9tiques<\/strong><\/li>\n\n\n\n<li><strong>perte de mat\u00e9riau de surface<\/strong><\/li>\n\n\n\n<li><strong>alt\u00e9ration de la finition<\/strong><\/li>\n\n\n\n<li><strong>r\u00e9sistance du film protecteur<\/strong><\/li>\n<\/ul>\n\n\n\n<div style=\"height:35px\" aria-hidden=\"true\" class=\"wp-block-spacer\"><\/div>\n\n\n\n<h2 class=\"wp-block-heading has-text-color has-m-32-font-size\" style=\"color:#000000\">La m\u00e9thode Berti LAB<\/h2>\n\n\n\n<p>Berti int\u00e8gre le test Taber dans son processus de contr\u00f4le qualit\u00e9, en l&rsquo;appliquant aux <strong>cycles de finition d\u00e9velopp\u00e9s en interne<\/strong>.<\/p>\n\n\n\n<p>L\u2019objectif n\u2019est pas simplement de v\u00e9rifier une r\u00e9sistance th\u00e9orique, mais de <strong>comprendre comment la surface r\u00e9agit dans le temps \u00e0 une sollicitation r\u00e9p\u00e9t\u00e9e<\/strong>, <em>afin d\u2019orienter le travail sur la protection, la continuit\u00e9 esth\u00e9tique et la fiabilit\u00e9 d\u2019utilisation<\/em>.<\/p>\n\n\n\n<p>Les surfaces sont test\u00e9es en utilisant la technologie <strong>Extremestrong<\/strong>, un syst\u00e8me de finition compos\u00e9 de plusieurs couches de <strong>vernis \u00e0 l&rsquo;eau \u00e0 haute r\u00e9sistance<\/strong>, polym\u00e9ris\u00e9s avec technologie UV.<\/p>\n\n\n\n<p><a href=\"https:\/\/www.berti.net\/fr\/traitements-et-finitions-pour-parquets\/\" data-type=\"page\" data-id=\"27489\">\u2937 <em>En savoir plus sur les Traitements et Finitions pour parquets.<\/em><\/a><\/p>\n\n\n\n<p>Cette approche permet d\u2019obtenir une <strong>protection de surface<\/strong> con\u00e7ue pour :<\/p>\n\n\n\n<ul class=\"wp-block-list\">\n<li>r\u00e9sister \u00e0 l&rsquo;abrasion dans le temps<\/li>\n\n\n\n<li>maintenir l&rsquo;int\u00e9grit\u00e9 esth\u00e9tique<\/li>\n\n\n\n<li>r\u00e9duire les effets visibles de l&rsquo;usure<\/li>\n<\/ul>\n\n\n\n<p>Le cycle de finition, structur\u00e9 sur <strong>7 couches<\/strong>, garantit une distribution uniforme de la protection sur toute la surface du parquet.<\/p>\n\n\n\n<p>Cette approche permet \u00e0 Berti de <strong>transformer la v\u00e9rification technique en culture du produit<\/strong> : une m\u00e9thode fond\u00e9e sur <em>l\u2019observation, les tests, l\u2019interpr\u00e9tation des r\u00e9sultats et l\u2019am\u00e9lioration continue<\/em>.<\/p>\n\n\n\n<div style=\"height:35px\" aria-hidden=\"true\" class=\"wp-block-spacer\"><\/div>\n\n\n\n<h2 class=\"wp-block-heading has-text-color has-m-32-font-size\" style=\"color:#000000\">R\u00e9sultats du test Taber certifi\u00e9s<\/h2>\n\n\n\n<p>Les tests d\u2019abrasion r\u00e9alis\u00e9s par des <strong>laboratoires ind\u00e9pendants (CATAS)<\/strong> confirment les performances \u00e9lev\u00e9es des surfaces vernies Berti en termes de r\u00e9sistance \u00e0 l\u2019usure.<\/p>\n\n\n\n<p>Les r\u00e9sultats obtenus d\u00e9passent les exigences requises par les normes de r\u00e9f\u00e9rence, tant en milieu r\u00e9sidentiel que commercial.<\/p>\n\n\n\n<p>En particulier, les cycles de finition Berti dot\u00e9s de la technologie Extremestrong atteignent :<\/p>\n\n\n\n<ul class=\"wp-block-list\">\n<li>jusqu&rsquo;\u00e0 <strong>3 000 cycles<\/strong> pour usage r\u00e9sidentiel<\/li>\n\n\n\n<li>jusqu&rsquo;\u00e0 <strong>5 900 cycles<\/strong> pour usage commercial<\/li>\n<\/ul>\n\n\n\n<p>Des valeurs qui se situent aux niveaux les plus \u00e9lev\u00e9s de la cat\u00e9gorie, garantissant des performances fiables m\u00eame en conditions d&rsquo;utilisation intensive.<\/p>\n\n\n\n<p>La <strong>r\u00e9sistance \u00e0 l\u2019usure de la finition<\/strong> repr\u00e9sente un \u00e9l\u00e9ment cl\u00e9 pour garantir la continuit\u00e9 esth\u00e9tique et r\u00e9duire le besoin d\u2019interventions au fil du temps.<\/p>\n\n\n\n<p>Plus qu\u2019une simple donn\u00e9e num\u00e9rique, le r\u00e9sultat est interpr\u00e9t\u00e9 par Berti comme faisant partie d\u2019un processus de contr\u00f4le de la qualit\u00e9 visant \u00e0 garantir des surfaces con\u00e7ues pour maintenir dans le temps :<\/p>\n\n\n\n<ul class=\"wp-block-list\">\n<li>fiabilit\u00e9<\/li>\n\n\n\n<li>\u00e9quilibre formel<\/li>\n\n\n\n<li>qualit\u00e9 perceptive<\/li>\n\n\n\n<li>coh\u00e9rence des performances<\/li>\n<\/ul>\n\n\n\n<div style=\"height:35px\" aria-hidden=\"true\" class=\"wp-block-spacer\"><\/div>\n\n\n\n<h2 class=\"wp-block-heading has-text-color has-m-32-font-size\" style=\"color:#000000\">Pourquoi est-ce important<\/h2>\n\n\n\n<p>La durabilit\u00e9 d\u2019une surface en bois ne d\u00e9pend pas seulement de la mati\u00e8re premi\u00e8re, mais surtout de la qualit\u00e9 du <strong>syst\u00e8me de finition<\/strong>.<\/p>\n\n\n\n<p>L&rsquo;utilisation de tests standardis\u00e9s comme le test Taber permet de :<\/p>\n\n\n\n<ul class=\"wp-block-list\">\n<li>offrir des donn\u00e9es fiables aux concepteurs et aux clients<\/li>\n\n\n\n<li>\u00e9valuer de mani\u00e8re objective les performances<\/li>\n\n\n\n<li>comparer diff\u00e9rentes solutions<\/li>\n<\/ul>\n\n\n\n<p>\u00c0 travers l&rsquo;application du test Taber, Berti confirme son engagement dans le d\u00e9veloppement de parquets \u00e0 hautes performances, con\u00e7us pour conjuguer :<\/p>\n\n\n\n<ul class=\"wp-block-list\">\n<li><strong>r\u00e9sistance de la finition<\/strong><\/li>\n\n\n\n<li><strong>stabilit\u00e9 dans le temps<\/strong><\/li>\n\n\n\n<li><strong>valorisation esth\u00e9tique du bois<\/strong><\/li>\n<\/ul>\n\n\n\n<p>Une approche bas\u00e9e sur la recherche, les tests et le contr\u00f4le qualit\u00e9, orient\u00e9e vers la garantie de fiabilit\u00e9 dans chaque contexte d&rsquo;application.<\/p>\n\n\n\n<p>Pour Berti, la valeur de cet essai ne r\u00e9side pas seulement dans le r\u00e9sultat num\u00e9rique, mais dans la possibilit\u00e9 d\u2019int\u00e9grer la donn\u00e9e technique dans une vision plus large de la qualit\u00e9 : une qualit\u00e9 qui unit <strong>recherche, contr\u00f4le et d\u00e9veloppement<\/strong>.<\/p>\n\n\n\n<div style=\"height:50px\" aria-hidden=\"true\" class=\"wp-block-spacer\"><\/div>\n\n\n\n<h2 class=\"wp-block-heading has-m-32-font-size\">La finition comme syst\u00e8me de protection<\/h2>\n\n\n\n<p>Dans le comportement d\u2019une surface, la finition joue un r\u00f4le central.<br\/>La r\u00e9sistance \u00e0 l\u2019abrasion ne d\u00e9pend pas seulement de l\u2019essence de bois, mais <strong>de la qualit\u00e9 du traitement de surface, de sa structure et de sa capacit\u00e9 \u00e0 prot\u00e9ger le parquet dans le temps<\/strong>.<\/p>\n\n\n\n<p>C\u2019est pourquoi le Test Taber est particuli\u00e8rement utile : <em>il permet d\u2019observer de mani\u00e8re mesurable comment la surface r\u00e9agit \u00e0 une sollicitation progressive et r\u00e9p\u00e9t\u00e9e<\/em>, mettant en \u00e9vidence la contribution du syst\u00e8me de finition \u00e0 la durabilit\u00e9 globale du sol.<\/p>\n\n\n\n<p>Dans le cas des surfaces Berti, cette analyse s\u2019inscrit dans une vision plus large orient\u00e9e vers la conjugaison de :<\/p>\n\n\n\n<ul class=\"wp-block-list\">\n<li>r\u00e9sistance \u00e0 l\u2019usure<\/li>\n\n\n\n<li>stabilit\u00e9 de la protection de surface<\/li>\n\n\n\n<li>continuit\u00e9 esth\u00e9tique dans le temps<\/li>\n\n\n\n<li>valorisation de la mati\u00e8re bois<\/li>\n<\/ul>\n\n\n\n<div style=\"height:50px\" aria-hidden=\"true\" class=\"wp-block-spacer\"><\/div>\n<\/div>\n\n<h2 class=\"wp-block-heading has-m-32-font-size\">Domaines d\u2019application<\/h2>\n\n<p>Une bonne r\u00e9sistance \u00e0 l\u2019abrasion est un aspect important dans tous les contextes o\u00f9 le parquet est appel\u00e9 \u00e0 <strong>allier qualit\u00e9 esth\u00e9tique et continuit\u00e9 d\u2019utilisation.<\/strong><\/p>\n\n<p>C\u2019est pourquoi le Test Taber rev\u00eat une importance particuli\u00e8re dans des environnements tels que :<\/p>\n\n<ul class=\"wp-block-list\">\n<li>habitations \u00e0 forte fr\u00e9quentation<\/li>\n\n\n\n<li>espaces d\u2019accueil<\/li>\n\n\n\n<li>environnements contract<\/li>\n\n\n\n<li>zones commerciales<\/li>\n\n\n\n<li>contextes de conception o\u00f9 la durabilit\u00e9 de la surface est une exigence essentielle<\/li>\n<\/ul>\n\n<p>L\u2019essai aide en effet \u00e0 mieux comprendre l\u2019ad\u00e9quation de la surface par rapport \u00e0 la destination d\u2019usage et au niveau de sollicitation pr\u00e9vu.<\/p>\n\n<div style=\"height:50px\" aria-hidden=\"true\" class=\"wp-block-spacer\"><\/div>\n\n<h2 class=\"wp-block-heading has-m-32-font-size\">Recherche, v\u00e9rification, d\u00e9veloppement<\/h2>\n\n<p>\u00c0 travers le Test Taber, Berti confirme une <strong>approche de la qualit\u00e9 fond\u00e9e sur la recherche, les tests et le contr\u00f4le<\/strong>.<\/p>\n\n<p>Chaque essai contribue \u00e0 construire une connaissance plus approfondie de la surface et de son comportement, <strong>transformant l\u2019analyse technique en un outil utile au d\u00e9veloppement du produit<\/strong>.<\/p>\n\n<p>Dans cette perspective, la r\u00e9sistance \u00e0 l\u2019abrasion n\u2019est pas seulement une caract\u00e9ristique technique, mais fait partie int\u00e9grante d\u2019une vision o\u00f9 le parquet est con\u00e7u comme une synth\u00e8se de mati\u00e8re, de performance et de projet.<\/p>\n\n<div style=\"height:50px\" aria-hidden=\"true\" class=\"wp-block-spacer\"><\/div>\n\n<p class=\"has-text-align-center\"><a href=\"https:\/\/www.berti.net\/fr\/berti-lab\/\" data-type=\"page\" data-id=\"29678\">&lt;  RETOUR \u00c0 BERTI LAB<\/a><\/p>\n\n<div style=\"height:50px\" aria-hidden=\"true\" class=\"wp-block-spacer\"><\/div>\n","protected":false},"excerpt":{"rendered":"<p>TEST TABER Comment Berti \u00e9value la r\u00e9sistance \u00e0 l\u2019abrasion des surfaces en bois La r\u00e9sistance \u00e0 l\u2019usure de la finition de surface est l\u2019un des aspects les plus pertinents dans l\u2019\u00e9valuation d\u2019un parquet, en particulier dans les environnements soumis \u00e0 un usage fr\u00e9quent. Au sein de Berti Lab, le Test Taber repr\u00e9sente l\u2019un des essais techniques les plus significatifs pour [&hellip;]<\/p>\n","protected":false},"author":13,"featured_media":0,"parent":29854,"menu_order":0,"comment_status":"closed","ping_status":"closed","template":"","meta":{"footnotes":""},"class_list":["post-29834","page","type-page","status-publish","hentry"],"_links":{"self":[{"href":"https:\/\/www.berti.net\/fr\/wp-json\/wp\/v2\/pages\/29834","targetHints":{"allow":["GET"]}}],"collection":[{"href":"https:\/\/www.berti.net\/fr\/wp-json\/wp\/v2\/pages"}],"about":[{"href":"https:\/\/www.berti.net\/fr\/wp-json\/wp\/v2\/types\/page"}],"author":[{"embeddable":true,"href":"https:\/\/www.berti.net\/fr\/wp-json\/wp\/v2\/users\/13"}],"replies":[{"embeddable":true,"href":"https:\/\/www.berti.net\/fr\/wp-json\/wp\/v2\/comments?post=29834"}],"version-history":[{"count":1,"href":"https:\/\/www.berti.net\/fr\/wp-json\/wp\/v2\/pages\/29834\/revisions"}],"predecessor-version":[{"id":29835,"href":"https:\/\/www.berti.net\/fr\/wp-json\/wp\/v2\/pages\/29834\/revisions\/29835"}],"up":[{"embeddable":true,"href":"https:\/\/www.berti.net\/fr\/wp-json\/wp\/v2\/pages\/29854"}],"wp:attachment":[{"href":"https:\/\/www.berti.net\/fr\/wp-json\/wp\/v2\/media?parent=29834"}],"curies":[{"name":"wp","href":"https:\/\/api.w.org\/{rel}","templated":true}]}}