{"id":27122,"date":"2025-09-25T13:43:52","date_gmt":"2025-09-25T13:43:52","guid":{"rendered":"https:\/\/www.berti.net\/?page_id=27122"},"modified":"2025-11-24T11:00:35","modified_gmt":"2025-11-24T11:00:35","slug":"certification-reaction-au-feu","status":"publish","type":"page","link":"https:\/\/www.berti.net\/fr\/certifications\/certification-reaction-au-feu\/","title":{"rendered":"Certification &#8211; Jouets"},"content":{"rendered":"\n<div class=\"wp-block-group alignfull has-global-padding is-layout-constrained wp-block-group-is-layout-constrained\">\n<div class=\"wp-block-cover alignfull banner-hero has-aspect-ratio wp-duotone-unset-1\" style=\"padding-top:0px;padding-right:0;padding-bottom:0px;padding-left:0;min-height:516px;aspect-ratio:auto;min-height:unset;\"><img loading=\"lazy\" decoding=\"async\" width=\"1600\" height=\"1067\" class=\"wp-block-cover__image-background wp-image-26822 size-full\" alt=\"\" src=\"https:\/\/www.berti.net\/wp-content\/uploads\/berti-certificazione-giocattoli-legno-pavimenti.jpg\" style=\"object-position:41% 35%\" data-object-fit=\"cover\" data-object-position=\"41% 35%\" srcset=\"https:\/\/www.berti.net\/wp-content\/uploads\/berti-certificazione-giocattoli-legno-pavimenti.jpg 1600w, https:\/\/www.berti.net\/wp-content\/uploads\/berti-certificazione-giocattoli-legno-pavimenti-812x542.jpg 812w, https:\/\/www.berti.net\/wp-content\/uploads\/berti-certificazione-giocattoli-legno-pavimenti-768x512.jpg 768w, https:\/\/www.berti.net\/wp-content\/uploads\/berti-certificazione-giocattoli-legno-pavimenti-1536x1024.jpg 1536w\" sizes=\"auto, (max-width: 1600px) 100vw, 1600px\" \/><span aria-hidden=\"true\" class=\"wp-block-cover__background has-background-dim wp-block-cover__gradient-background has-background-gradient\" style=\"background:linear-gradient(0deg,rgba(25,25,25,0) 0%,rgb(25,25,25) 63%)\"><\/span><div class=\"wp-block-cover__inner-container is-layout-flow wp-block-cover-is-layout-flow\">\n<div class=\"wp-block-group banner-hero-content has-global-padding is-layout-constrained wp-container-core-group-is-layout-8f34a46e wp-block-group-is-layout-constrained\" style=\"padding-bottom:var(--wp--preset--spacing--70)\">\n<div class=\"wp-block-group has-global-padding is-layout-constrained wp-container-core-group-is-layout-b831be90 wp-block-group-is-layout-constrained\">\n<h1 class=\"wp-block-heading has-text-align-center has-white-color has-text-color has-xxxl-font-size\" style=\"letter-spacing:0px;line-height:1;text-transform:uppercase\">jouets<\/h1>\n<\/div>\n\n\n\n<div class=\"wp-block-group has-global-padding is-layout-constrained wp-container-core-group-is-layout-11258054 wp-block-group-is-layout-constrained\" style=\"margin-top:25px;margin-bottom:20px\">\n<div class=\"wp-block-group has-global-padding is-layout-constrained wp-container-core-group-is-layout-c00d8324 wp-block-group-is-layout-constrained\">\n<p class=\"has-text-align-center has-m-font-size\"><\/p>\n<\/div>\n<\/div>\n<\/div>\n<\/div><\/div>\n<\/div>\n\n<div class=\"wp-block-group is-style-default has-global-padding is-layout-constrained wp-container-core-group-is-layout-f0f2e811 wp-block-group-is-layout-constrained\" style=\"padding-top:var(--wp--preset--spacing--70);padding-bottom:var(--wp--preset--spacing--130)\">\n<div class=\"wp-block-columns are-vertically-aligned-center is-layout-flex wp-container-core-columns-is-layout-168dfbb2 wp-block-columns-is-layout-flex\" style=\"padding-right:6%;padding-left:6%\">\n<div class=\"wp-block-column is-vertically-aligned-center is-layout-flow wp-block-column-is-layout-flow\" style=\"flex-basis:33.33%\">\n<div class=\"wp-block-group has-global-padding is-content-justification-center is-layout-constrained wp-container-core-group-is-layout-2d1ef6f6 wp-block-group-is-layout-constrained\">\n<figure class=\"wp-block-image size-full\"><img loading=\"lazy\" decoding=\"async\" width=\"551\" height=\"470\" src=\"https:\/\/www.berti.net\/wp-content\/uploads\/pavimenti-legno_berti-parquet-certificati-GIOCATTOLI.png\" alt=\"\" class=\"wp-image-26976\" style=\"object-fit:cover\"\/><\/figure>\n<\/div>\n<\/div>\n\n\n\n<div class=\"wp-block-column is-vertically-aligned-center is-layout-flow wp-block-column-is-layout-flow\" style=\"flex-basis:66.66%\">\n<div class=\"wp-block-group has-global-padding is-layout-constrained wp-container-core-group-is-layout-f00c8009 wp-block-group-is-layout-constrained\" style=\"padding-right:5%;padding-left:5%\">\n<p>Avec nos parquets certifi\u00e9s pour la r\u00e9action au feu, vous b\u00e9n\u00e9ficiez non seulement de la beaut\u00e9 et de l&rsquo;\u00e9l\u00e9gance du bois, mais aussi d&rsquo;une r\u00e9sistance et d&rsquo;une s\u00e9curit\u00e9 garanties par des tests officiels conformes aux normes internationales. Un choix qui vous assure qualit\u00e9, conformit\u00e9 r\u00e9glementaire et tranquillit\u00e9 d&rsquo;esprit dans tous les environnements, de la maison aux espaces publics. <\/p>\n\n\n\n<div class=\"wp-block-buttons is-layout-flex wp-block-buttons-is-layout-flex\">\n<div class=\"wp-block-button\"><a class=\"wp-block-button__link has-contrast-2-color has-base-background-color has-text-color has-background has-link-color wp-element-button\" href=\"https:\/\/www.berti.net\/wp-content\/uploads\/GIOCATTOLI-2025-11-11_dichiarazione-EN71-3.pdf\"><strong>T\u00c9L\u00c9CHARGER LE<\/strong>CERTIFICAT<\/a><\/div>\n<\/div>\n<\/div>\n<\/div>\n<\/div>\n\n\n\n<div class=\"wp-block-group alignwide title-text-indented-pattern has-base-color has-text-color has-link-color wp-elements-c96987d8615e1359d3fbfb0531ba43b5 has-global-padding is-layout-constrained wp-container-core-group-is-layout-e7f6fb82 wp-block-group-is-layout-constrained\" style=\"padding-top:0;padding-bottom:var(--wp--preset--spacing--90)\">\n<h3 class=\"wp-block-heading has-text-color has-m-32-font-size\" style=\"color:#000000\">Des sols s\u00fbrs pour les personnes qui les vivent au quotidien avec la certification toy<\/h3>\n\n\n\n<div class=\"wp-block-group has-global-padding is-layout-constrained wp-block-group-is-layout-constrained\">\n<p>Les sols Berti sont certifi\u00e9s conformes \u00e0 la norme europ\u00e9enne <strong>EN 71-3<\/strong>, qui fixe des limites strictes \u00e0 la <strong>migration des produits chimiques<\/strong> (tels que les m\u00e9taux lourds) \u00e0 partir des surfaces en contact avec les personnes.<\/p>\n\n\n\n<p>Cela signifie que nos parquets sont test\u00e9s en laboratoire afin de garantir qu&rsquo;ils <strong>ne lib\u00e8rent pas de composants nocifs<\/strong>, m\u00eame en cas d&rsquo;utilisation quotidienne, de contact prolong\u00e9 ou de conditions particuli\u00e8res.<\/p>\n\n\n\n<div style=\"height:64px\" aria-hidden=\"true\" class=\"wp-block-spacer\"><\/div>\n\n\n\n<h3 class=\"wp-block-heading has-text-color has-m-32-font-size\" style=\"color:#000000\">Pourquoi c&rsquo;est important pour vous et vos enfants<br\/><a href=\"https:\/\/www.pavimentibraga.it\/blog\/conoscere-il-parquet\/crystalcare-una-garanzia-di-benessere\/?utm_source=chatgpt.com\" target=\"_blank\" rel=\"noreferrer noopener\"><\/a><\/h3>\n\n\n\n<ul class=\"wp-block-list\">\n<li><strong>S\u00e9curit\u00e9 certifi\u00e9e :<\/strong> un sol EN 71-3 peut \u00eatre touch\u00e9, parcouru et exp\u00e9riment\u00e9 sans risque, avec des normes de s\u00e9curit\u00e9 \u00e9gales \u00e0 celles exig\u00e9es pour les produits destin\u00e9s aux enfants.<\/li>\n\n\n\n<li><strong>Tranquillit\u00e9 d&rsquo;esprit lorsque les<\/strong> enfants <strong>jouent sur le sol :<\/strong> vous pouvez laisser vos enfants ramper, jouer et passer du temps sur le sol sans vous soucier des substances nocives.<\/li>\n\n\n\n<li><strong>Environnement domestique sain : la<\/strong> certification confirme que les peintures, les adh\u00e9sifs et les finitions sont choisis en tenant compte de la qualit\u00e9 de l&rsquo;air int\u00e9rieur et du bien-\u00eatre des personnes.<\/li>\n\n\n\n<li><strong>Valeur ajout\u00e9e au design :<\/strong> outre la beaut\u00e9 esth\u00e9tique, le parquet Berti vous offre la certitude d&rsquo;un environnement s\u00fbr et sain pour toute la famille.<\/li>\n<\/ul>\n\n\n\n<div class=\"wp-block-buttons is-vertical is-layout-flex wp-container-core-buttons-is-layout-3210c5b8 wp-block-buttons-is-layout-flex\" style=\"margin-top:var(--wp--preset--spacing--40)\">\n<div class=\"wp-block-button is-style-icon\"><a class=\"wp-block-button__link wp-element-button\" href=\"https:\/\/www.berti.net\/fr\/produits-berti\/\">D\u00e9couvrez les produits<\/a><\/div>\n\n\n\n<div class=\"wp-block-button is-style-icon\"><a class=\"wp-block-button__link wp-element-button\" href=\"https:\/\/www.berti.net\/fr\/certifications\/\">Retour aux certifications<\/a><\/div>\n<\/div>\n<\/div>\n<\/div>\n<\/div>\n\n<div class=\"wp-block-cover alignfull is-light estimate-request-content animated fadeIn\" style=\"margin-top:0\"><img decoding=\"async\" class=\"wp-block-cover__image-background\" alt=\"\" src=\"https:\/\/www.berti.net\/wp-content\/themes\/thombase\/public\/images\/estimateBanner.webp\" data-object-fit=\"cover\"\/><span aria-hidden=\"true\" class=\"wp-block-cover__background has-background-dim-0 has-background-dim\"><\/span><div class=\"wp-block-cover__inner-container has-global-padding is-layout-constrained wp-block-cover-is-layout-constrained\">\n<div id=\"estimate\" class=\"wp-block-group alignleft estimate-request-content-inner has-global-padding is-content-justification-left is-layout-constrained wp-container-core-group-is-layout-94054b8f wp-block-group-is-layout-constrained\">\n<h5 class=\"wp-block-heading\">Demandez un <strong>devis<\/strong>,<br\/>entrez dans le monde Berti<\/h5>\n\n\n\n<p>\n  Remplissez le formulaire pour demander un devis. Vous recevrez une r\u00e9ponse de notre \u00e9quipe dans les plus brefs d\u00e9lais. \n            <\/p>\n\n\n\n<div class=\"wp-block-buttons is-layout-flex wp-block-buttons-is-layout-flex\">\n<div class=\"wp-block-button is-style-link\"><a class=\"wp-block-button__link wp-element-button\" href=\"https:\/\/www.berti.net\/fr\/demander-un-devis-2\/\">POSEZ VOTRE CANDIDATURE D\u00c8S MAINTENANT<\/a><\/div>\n<\/div>\n<\/div>\n<\/div><\/div>\n","protected":false},"excerpt":{"rendered":"<p>Avec nos parquets certifi\u00e9s pour la r\u00e9action au feu, vous b\u00e9n\u00e9ficiez non seulement de la beaut\u00e9 et de l&rsquo;\u00e9l\u00e9gance du bois, mais aussi d&rsquo;une r\u00e9sistance et d&rsquo;une s\u00e9curit\u00e9 garanties par des tests officiels conformes aux normes internationales. Un choix qui vous assure qualit\u00e9, conformit\u00e9 r\u00e9glementaire et tranquillit\u00e9 d&rsquo;esprit dans tous les environnements, de la maison aux espaces publics. Des sols [&hellip;]<\/p>\n","protected":false},"author":13,"featured_media":0,"parent":26287,"menu_order":0,"comment_status":"closed","ping_status":"closed","template":"page-with-overlying-header","meta":{"footnotes":""},"class_list":["post-27122","page","type-page","status-publish","hentry"],"_links":{"self":[{"href":"https:\/\/www.berti.net\/fr\/wp-json\/wp\/v2\/pages\/27122","targetHints":{"allow":["GET"]}}],"collection":[{"href":"https:\/\/www.berti.net\/fr\/wp-json\/wp\/v2\/pages"}],"about":[{"href":"https:\/\/www.berti.net\/fr\/wp-json\/wp\/v2\/types\/page"}],"author":[{"embeddable":true,"href":"https:\/\/www.berti.net\/fr\/wp-json\/wp\/v2\/users\/13"}],"replies":[{"embeddable":true,"href":"https:\/\/www.berti.net\/fr\/wp-json\/wp\/v2\/comments?post=27122"}],"version-history":[{"count":6,"href":"https:\/\/www.berti.net\/fr\/wp-json\/wp\/v2\/pages\/27122\/revisions"}],"predecessor-version":[{"id":29025,"href":"https:\/\/www.berti.net\/fr\/wp-json\/wp\/v2\/pages\/27122\/revisions\/29025"}],"up":[{"embeddable":true,"href":"https:\/\/www.berti.net\/fr\/wp-json\/wp\/v2\/pages\/26287"}],"wp:attachment":[{"href":"https:\/\/www.berti.net\/fr\/wp-json\/wp\/v2\/media?parent=27122"}],"curies":[{"name":"wp","href":"https:\/\/api.w.org\/{rel}","templated":true}]}}