{"id":27076,"date":"2025-09-25T12:54:43","date_gmt":"2025-09-25T12:54:43","guid":{"rendered":"https:\/\/www.berti.net\/?page_id=27076"},"modified":"2025-09-25T15:58:45","modified_gmt":"2025-09-25T15:58:45","slug":"certification-carb-2","status":"publish","type":"page","link":"https:\/\/www.berti.net\/fr\/certifications\/certification-carb-2\/","title":{"rendered":"Certification &#8211; CRYSTALCARE"},"content":{"rendered":"\n<div class=\"wp-block-group alignfull has-global-padding is-layout-constrained wp-block-group-is-layout-constrained\">\n<div class=\"wp-block-cover alignfull banner-hero has-aspect-ratio wp-duotone-unset-1\" style=\"padding-top:0px;padding-right:0;padding-bottom:0px;padding-left:0;min-height:516px;aspect-ratio:auto;min-height:unset;\"><img loading=\"lazy\" decoding=\"async\" width=\"1600\" height=\"1067\" class=\"wp-block-cover__image-background wp-image-25448 size-full\" alt=\"\" src=\"https:\/\/www.berti.net\/wp-content\/uploads\/berti-certificazione-crystalcare-legno-pavimenti.jpg\" style=\"object-position:53% 78%\" data-object-fit=\"cover\" data-object-position=\"53% 78%\" srcset=\"https:\/\/www.berti.net\/wp-content\/uploads\/berti-certificazione-crystalcare-legno-pavimenti.jpg 1600w, https:\/\/www.berti.net\/wp-content\/uploads\/berti-certificazione-crystalcare-legno-pavimenti-812x542.jpg 812w, https:\/\/www.berti.net\/wp-content\/uploads\/berti-certificazione-crystalcare-legno-pavimenti-768x512.jpg 768w, https:\/\/www.berti.net\/wp-content\/uploads\/berti-certificazione-crystalcare-legno-pavimenti-1536x1024.jpg 1536w\" sizes=\"auto, (max-width: 1600px) 100vw, 1600px\" \/><span aria-hidden=\"true\" class=\"wp-block-cover__background has-background-dim wp-block-cover__gradient-background has-background-gradient\" style=\"background:linear-gradient(0deg,rgba(25,25,25,0) 0%,rgb(25,25,25) 57%)\"><\/span><div class=\"wp-block-cover__inner-container is-layout-flow wp-block-cover-is-layout-flow\">\n<div class=\"wp-block-group banner-hero-content has-global-padding is-layout-constrained wp-container-core-group-is-layout-8f34a46e wp-block-group-is-layout-constrained\" style=\"padding-bottom:var(--wp--preset--spacing--70)\">\n<div class=\"wp-block-group has-global-padding is-layout-constrained wp-container-core-group-is-layout-b831be90 wp-block-group-is-layout-constrained\">\n<h1 class=\"wp-block-heading has-text-align-center has-white-color has-text-color has-xxxl-font-size\" style=\"letter-spacing:0px;line-height:1;text-transform:uppercase\">CRYSTALCARE<\/h1>\n<\/div>\n\n\n\n<div class=\"wp-block-group has-global-padding is-layout-constrained wp-container-core-group-is-layout-11258054 wp-block-group-is-layout-constrained\" style=\"margin-top:25px;margin-bottom:20px\">\n<div class=\"wp-block-group has-global-padding is-layout-constrained wp-container-core-group-is-layout-c00d8324 wp-block-group-is-layout-constrained\">\n<p class=\"has-text-align-center has-m-font-size\"><\/p>\n<\/div>\n<\/div>\n<\/div>\n<\/div><\/div>\n<\/div>\n\n<div class=\"wp-block-group is-style-default has-global-padding is-layout-constrained wp-container-core-group-is-layout-f0f2e811 wp-block-group-is-layout-constrained\" style=\"padding-top:var(--wp--preset--spacing--70);padding-bottom:var(--wp--preset--spacing--130)\">\n<div class=\"wp-block-columns are-vertically-aligned-center is-layout-flex wp-container-core-columns-is-layout-168dfbb2 wp-block-columns-is-layout-flex\" style=\"padding-right:6%;padding-left:6%\">\n<div class=\"wp-block-column is-vertically-aligned-center is-layout-flow wp-block-column-is-layout-flow\" style=\"flex-basis:33.33%\">\n<div class=\"wp-block-group has-global-padding is-content-justification-center is-layout-constrained wp-container-core-group-is-layout-2d1ef6f6 wp-block-group-is-layout-constrained\">\n<figure class=\"wp-block-image size-full\"><img loading=\"lazy\" decoding=\"async\" width=\"342\" height=\"228\" src=\"https:\/\/www.berti.net\/wp-content\/uploads\/pavimenti-legno_berti-parquet-certificati-CRYSTALCARE.png\" alt=\"\" class=\"wp-image-26971\" style=\"object-fit:cover\"\/><\/figure>\n<\/div>\n<\/div>\n\n\n\n<div class=\"wp-block-column is-vertically-aligned-center is-layout-flow wp-block-column-is-layout-flow\" style=\"flex-basis:66.66%\">\n<div class=\"wp-block-group has-global-padding is-layout-constrained wp-container-core-group-is-layout-f00c8009 wp-block-group-is-layout-constrained\" style=\"padding-right:5%;padding-left:5%\">\n<p>CrystalCare est la finition sp\u00e9ciale antibact\u00e9rienne des sols Berti : gr\u00e2ce \u00e0 l&rsquo;action certifi\u00e9e des ions d&rsquo;argent, il r\u00e9duit la charge bact\u00e9rienne jusqu&rsquo;\u00e0 99,9% en 24 heures seulement, en cr\u00e9ant une barri\u00e8re invisible qui n&rsquo;alt\u00e8re pas la beaut\u00e9 naturelle du bois. Une garantie d&rsquo;hygi\u00e8ne, de s\u00e9curit\u00e9 et de bien-\u00eatre quotidien, con\u00e7ue pour ceux qui souhaitent un environnement \u00e9l\u00e9gant et en m\u00eame temps prot\u00e9g\u00e9. Vous trouverez le certificat officiel t\u00e9l\u00e9chargeable ici.  <\/p>\n\n\n\n<div class=\"wp-block-buttons is-layout-flex wp-block-buttons-is-layout-flex\">\n<div class=\"wp-block-button\"><a class=\"wp-block-button__link has-contrast-2-color has-base-background-color has-text-color has-background has-link-color wp-element-button\" href=\"https:\/\/www.berti.net\/wp-content\/uploads\/certificazione-attestato-catas-antibatterica-crystalcare-berti-pavimenti.pdf\"><strong>T\u00c9L\u00c9CHARGER LE<\/strong>CERTIFICAT<\/a><\/div>\n<\/div>\n<\/div>\n<\/div>\n<\/div>\n\n\n\n<div class=\"wp-block-group alignwide title-text-indented-pattern has-base-color has-text-color has-link-color wp-elements-2da6867061d864052eff140a4dad19b9 has-global-padding is-layout-constrained wp-container-core-group-is-layout-e7f6fb82 wp-block-group-is-layout-constrained\" style=\"padding-top:0;padding-bottom:var(--wp--preset--spacing--90)\">\n<h3 class=\"wp-block-heading has-text-color has-m-32-font-size\" style=\"color:#000000\">Ce que CrystalCare signifie<\/h3>\n\n\n\n<div class=\"wp-block-group has-global-padding is-layout-constrained wp-block-group-is-layout-constrained\">\n<p>La finition <strong>CrystalCare<\/strong> est un traitement antibact\u00e9rien avanc\u00e9 qui int\u00e8gre des <strong>ions d&rsquo;argent<\/strong> directement dans les couches protectrices du parquet.<br\/>Gr\u00e2ce \u00e0 cette technologie, le sol n&rsquo;est pas seulement beau et durable, il devient \u00e9galement une <strong>surface plus s\u00fbre et plus hygi\u00e9nique<\/strong>, r\u00e9duisant consid\u00e9rablement la prolif\u00e9ration des bact\u00e9ries.<\/p>\n\n\n\n<h4 class=\"wp-block-heading has-text-color has-m-32-font-size\" style=\"color:#000000\">Comment fonctionne la protection par ions d&rsquo;argent ?<\/h4>\n\n\n\n<p>Les <strong>ions d&rsquo;argent<\/strong> agissent de trois mani\u00e8res :<br\/><a href=\"https:\/\/www.pavimentibraga.it\/blog\/conoscere-il-parquet\/crystalcare-una-garanzia-di-benessere\/?utm_source=chatgpt.com\" target=\"_blank\" rel=\"noreferrer noopener\"><\/a><\/p>\n\n\n\n<ul class=\"wp-block-list\">\n<li><strong>Ils p\u00e9n\u00e8trent la membrane du microbe<\/strong> et l&rsquo;affaiblissent.<\/li>\n\n\n\n<li><strong>Ils \u00e9touffent la respiration cellulaire<\/strong>, emp\u00eachant ainsi la survie.<\/li>\n\n\n\n<li><strong>Ils s&rsquo;attaquent \u00e0 l&rsquo;ADN de la bact\u00e9rie<\/strong>, bloquant ainsi sa reproduction.<a href=\"https:\/\/www.pavimentibraga.it\/blog\/conoscere-il-parquet\/crystalcare-una-garanzia-di-benessere\/?utm_source=chatgpt.com\" target=\"_blank\" rel=\"noreferrer noopener\"><\/a><\/li>\n<\/ul>\n\n\n\n<p>Le r\u00e9sultat est une barri\u00e8re <strong>invisible<\/strong> qui n&rsquo;alt\u00e8re pas la couleur, la tactilit\u00e9 ou l&rsquo;esth\u00e9tique naturelle du bois, mais le rend plus hygi\u00e9nique et adapt\u00e9 aux environnements les plus d\u00e9licats.<br\/><a href=\"https:\/\/www.pavimentibraga.it\/blog\/conoscere-il-parquet\/crystalcare-una-garanzia-di-benessere\/?utm_source=chatgpt.com\" target=\"_blank\" rel=\"noreferrer noopener\"><\/a><\/p>\n\n\n\n<div style=\"height:64px\" aria-hidden=\"true\" class=\"wp-block-spacer\"><\/div>\n\n\n\n<h3 class=\"wp-block-heading has-text-color has-m-32-font-size\" style=\"color:#000000\">Avantages pour ceux qui choisissent Berti Flooring Wood with CrystalCare<\/h3>\n\n\n\n<ul class=\"wp-block-list\">\n<li><strong>Hygi\u00e8ne certifi\u00e9e<\/strong>: des tests ind\u00e9pendants (CATAS) garantissent une r\u00e9duction de 99,9 % de la charge bact\u00e9rienne en 24 heures seulement.<\/li>\n\n\n\n<li><strong>Protection invisible<\/strong>: la finition est transparente, n&rsquo;alt\u00e8re pas l&rsquo;esth\u00e9tique du sol et pr\u00e9serve la beaut\u00e9 naturelle du bois.<\/li>\n\n\n\n<li><strong>S\u00e9curit\u00e9 quotidienne<\/strong>: id\u00e9al pour les familles avec enfants, animaux domestiques ou personnes allergiques.<\/li>\n\n\n\n<li><strong>Valeur ajout\u00e9e au produit<\/strong>: un parquet qui allie design, durabilit\u00e9 et un niveau suppl\u00e9mentaire de protection antibact\u00e9rienne.<\/li>\n<\/ul>\n\n\n\n<div class=\"wp-block-buttons is-vertical is-layout-flex wp-container-core-buttons-is-layout-3210c5b8 wp-block-buttons-is-layout-flex\" style=\"margin-top:var(--wp--preset--spacing--40)\">\n<div class=\"wp-block-button is-style-icon\"><a class=\"wp-block-button__link wp-element-button\" href=\"https:\/\/www.berti.net\/fr\/produits-berti\/\">D\u00e9couvrez les produits<\/a><\/div>\n\n\n\n<div class=\"wp-block-button is-style-icon\"><a class=\"wp-block-button__link wp-element-button\" href=\"https:\/\/www.berti.net\/fr\/certifications\/\">Retour aux certifications<\/a><\/div>\n<\/div>\n<\/div>\n<\/div>\n<\/div>\n\n<div class=\"wp-block-cover alignfull is-light estimate-request-content animated fadeIn\" style=\"margin-top:0\"><img decoding=\"async\" class=\"wp-block-cover__image-background\" alt=\"\" src=\"https:\/\/www.berti.net\/wp-content\/themes\/thombase\/public\/images\/estimateBanner.webp\" data-object-fit=\"cover\"\/><span aria-hidden=\"true\" class=\"wp-block-cover__background has-background-dim-0 has-background-dim\"><\/span><div class=\"wp-block-cover__inner-container has-global-padding is-layout-constrained wp-block-cover-is-layout-constrained\">\n<div id=\"estimate\" class=\"wp-block-group alignleft estimate-request-content-inner has-global-padding is-content-justification-left is-layout-constrained wp-container-core-group-is-layout-94054b8f wp-block-group-is-layout-constrained\">\n<h5 class=\"wp-block-heading\">Demandez un <strong>devis<\/strong>,<br\/>entrez dans le monde Berti<\/h5>\n\n\n\n<p>\n  Remplissez le formulaire pour demander un devis. Vous recevrez une r\u00e9ponse de notre \u00e9quipe dans les plus brefs d\u00e9lais. \n            <\/p>\n\n\n\n<div class=\"wp-block-buttons is-layout-flex wp-block-buttons-is-layout-flex\">\n<div class=\"wp-block-button is-style-link\"><a class=\"wp-block-button__link wp-element-button\" href=\"https:\/\/www.berti.net\/fr\/demander-un-devis-2\/\">POSEZ VOTRE CANDIDATURE D\u00c8S MAINTENANT<\/a><\/div>\n<\/div>\n<\/div>\n<\/div><\/div>\n","protected":false},"excerpt":{"rendered":"<p>CrystalCare est la finition sp\u00e9ciale antibact\u00e9rienne des sols Berti : gr\u00e2ce \u00e0 l&rsquo;action certifi\u00e9e des ions d&rsquo;argent, il r\u00e9duit la charge bact\u00e9rienne jusqu&rsquo;\u00e0 99,9% en 24 heures seulement, en cr\u00e9ant une barri\u00e8re invisible qui n&rsquo;alt\u00e8re pas la beaut\u00e9 naturelle du bois. Une garantie d&rsquo;hygi\u00e8ne, de s\u00e9curit\u00e9 et de bien-\u00eatre quotidien, con\u00e7ue pour ceux qui souhaitent un environnement \u00e9l\u00e9gant et en [&hellip;]<\/p>\n","protected":false},"author":13,"featured_media":0,"parent":26287,"menu_order":0,"comment_status":"closed","ping_status":"closed","template":"page-with-overlying-header","meta":{"footnotes":""},"class_list":["post-27076","page","type-page","status-publish","hentry"],"_links":{"self":[{"href":"https:\/\/www.berti.net\/fr\/wp-json\/wp\/v2\/pages\/27076","targetHints":{"allow":["GET"]}}],"collection":[{"href":"https:\/\/www.berti.net\/fr\/wp-json\/wp\/v2\/pages"}],"about":[{"href":"https:\/\/www.berti.net\/fr\/wp-json\/wp\/v2\/types\/page"}],"author":[{"embeddable":true,"href":"https:\/\/www.berti.net\/fr\/wp-json\/wp\/v2\/users\/13"}],"replies":[{"embeddable":true,"href":"https:\/\/www.berti.net\/fr\/wp-json\/wp\/v2\/comments?post=27076"}],"version-history":[{"count":5,"href":"https:\/\/www.berti.net\/fr\/wp-json\/wp\/v2\/pages\/27076\/revisions"}],"predecessor-version":[{"id":27154,"href":"https:\/\/www.berti.net\/fr\/wp-json\/wp\/v2\/pages\/27076\/revisions\/27154"}],"up":[{"embeddable":true,"href":"https:\/\/www.berti.net\/fr\/wp-json\/wp\/v2\/pages\/26287"}],"wp:attachment":[{"href":"https:\/\/www.berti.net\/fr\/wp-json\/wp\/v2\/media?parent=27076"}],"curies":[{"name":"wp","href":"https:\/\/api.w.org\/{rel}","templated":true}]}}