{"id":26832,"date":"2025-09-25T13:12:31","date_gmt":"2025-09-25T13:12:31","guid":{"rendered":"https:\/\/www.berti.net\/?page_id=26832"},"modified":"2025-09-25T13:12:46","modified_gmt":"2025-09-25T13:12:46","slug":"certification-fsc-2","status":"publish","type":"page","link":"https:\/\/www.berti.net\/fr\/certifications\/certification-fsc-2\/","title":{"rendered":"Certification &#8211; R\u00e9action au feu"},"content":{"rendered":"\n<div class=\"wp-block-group alignfull has-global-padding is-layout-constrained wp-block-group-is-layout-constrained\">\n<div class=\"wp-block-cover alignfull banner-hero has-aspect-ratio wp-duotone-unset-1\" style=\"padding-top:0px;padding-right:0;padding-bottom:0px;padding-left:0;min-height:516px;aspect-ratio:auto;min-height:unset;\"><img loading=\"lazy\" decoding=\"async\" width=\"1600\" height=\"1221\" class=\"wp-block-cover__image-background wp-image-26837 size-full\" alt=\"\" src=\"https:\/\/www.berti.net\/wp-content\/uploads\/berti-certificazione-reazione-fuoco-legno-pavimenti.jpg\" style=\"object-position:49% 5%\" data-object-fit=\"cover\" data-object-position=\"49% 5%\" srcset=\"https:\/\/www.berti.net\/wp-content\/uploads\/berti-certificazione-reazione-fuoco-legno-pavimenti.jpg 1600w, https:\/\/www.berti.net\/wp-content\/uploads\/berti-certificazione-reazione-fuoco-legno-pavimenti-812x620.jpg 812w, https:\/\/www.berti.net\/wp-content\/uploads\/berti-certificazione-reazione-fuoco-legno-pavimenti-768x586.jpg 768w, https:\/\/www.berti.net\/wp-content\/uploads\/berti-certificazione-reazione-fuoco-legno-pavimenti-1536x1172.jpg 1536w\" sizes=\"auto, (max-width: 1600px) 100vw, 1600px\" \/><span aria-hidden=\"true\" class=\"wp-block-cover__background has-background-dim wp-block-cover__gradient-background has-background-gradient\" style=\"background:linear-gradient(0deg,rgba(25,25,25,0) 0%,rgb(25,25,25) 63%)\"><\/span><div class=\"wp-block-cover__inner-container is-layout-flow wp-block-cover-is-layout-flow\">\n<div class=\"wp-block-group banner-hero-content has-global-padding is-layout-constrained wp-container-core-group-is-layout-8f34a46e wp-block-group-is-layout-constrained\" style=\"padding-bottom:var(--wp--preset--spacing--70)\">\n<div class=\"wp-block-group has-global-padding is-layout-constrained wp-container-core-group-is-layout-b831be90 wp-block-group-is-layout-constrained\">\n<h1 class=\"wp-block-heading has-text-align-center has-white-color has-text-color has-xxxl-font-size\" style=\"letter-spacing:0px;line-height:1;text-transform:uppercase\">R\u00e9action au feu<\/h1>\n<\/div>\n\n\n\n<div class=\"wp-block-group has-global-padding is-layout-constrained wp-container-core-group-is-layout-11258054 wp-block-group-is-layout-constrained\" style=\"margin-top:25px;margin-bottom:20px\">\n<div class=\"wp-block-group has-global-padding is-layout-constrained wp-container-core-group-is-layout-c00d8324 wp-block-group-is-layout-constrained\">\n<p class=\"has-text-align-center has-m-font-size\"><\/p>\n<\/div>\n<\/div>\n<\/div>\n<\/div><\/div>\n<\/div>\n\n<div class=\"wp-block-group is-style-default has-global-padding is-layout-constrained wp-container-core-group-is-layout-f0f2e811 wp-block-group-is-layout-constrained\" style=\"padding-top:var(--wp--preset--spacing--70);padding-bottom:var(--wp--preset--spacing--130)\">\n<div class=\"wp-block-columns are-vertically-aligned-center is-layout-flex wp-container-core-columns-is-layout-168dfbb2 wp-block-columns-is-layout-flex\" style=\"padding-right:6%;padding-left:6%\">\n<div class=\"wp-block-column is-vertically-aligned-center is-layout-flow wp-block-column-is-layout-flow\" style=\"flex-basis:33.33%\">\n<div class=\"wp-block-group has-global-padding is-content-justification-center is-layout-constrained wp-container-core-group-is-layout-2d1ef6f6 wp-block-group-is-layout-constrained\">\n<figure class=\"wp-block-image size-full\"><img loading=\"lazy\" decoding=\"async\" width=\"597\" height=\"608\" src=\"https:\/\/www.berti.net\/wp-content\/uploads\/pavimenti-legno_berti-parquet-certificati-reazione-al-fuoco.png\" alt=\"\" class=\"wp-image-26966\" style=\"object-fit:cover\"\/><\/figure>\n<\/div>\n<\/div>\n\n\n\n<div class=\"wp-block-column is-vertically-aligned-center is-layout-flow wp-block-column-is-layout-flow\" style=\"flex-basis:66.66%\">\n<div class=\"wp-block-group has-global-padding is-layout-constrained wp-container-core-group-is-layout-f00c8009 wp-block-group-is-layout-constrained\" style=\"padding-right:5%;padding-left:5%\">\n<p>Avec nos parquets certifi\u00e9s pour la r\u00e9action au feu, vous b\u00e9n\u00e9ficiez non seulement de la beaut\u00e9 et de l&rsquo;\u00e9l\u00e9gance du bois, mais aussi d&rsquo;une r\u00e9sistance et d&rsquo;une s\u00e9curit\u00e9 garanties par des tests officiels conformes aux normes internationales. Un choix qui vous assure qualit\u00e9, conformit\u00e9 r\u00e9glementaire et tranquillit\u00e9 d&rsquo;esprit dans tous les environnements, de la maison aux espaces publics. <\/p>\n\n\n\n<div class=\"wp-block-buttons is-layout-flex wp-block-buttons-is-layout-flex\">\n<div class=\"wp-block-button\"><a class=\"wp-block-button__link has-contrast-2-color has-base-background-color has-text-color has-background has-link-color wp-element-button\" href=\"https:\/\/www.berti.net\/wp-content\/uploads\/certificazione-reazione-al-fuoco-berti-pavimenti-legno.pdf\"><strong>T\u00c9L\u00c9CHARGER LE<\/strong>CERTIFICAT<\/a><\/div>\n<\/div>\n<\/div>\n<\/div>\n<\/div>\n\n\n\n<div class=\"wp-block-group alignwide title-text-indented-pattern has-base-color has-text-color has-link-color wp-elements-74b009b5fb1c3f0a21e59786233f1262 has-global-padding is-layout-constrained wp-container-core-group-is-layout-e7f6fb82 wp-block-group-is-layout-constrained\" style=\"padding-top:0;padding-bottom:var(--wp--preset--spacing--90)\">\n<h3 class=\"wp-block-heading has-text-color has-m-32-font-size\" style=\"color:#000000\">Ce que CrystalCare signifie<\/h3>\n\n\n\n<div class=\"wp-block-group has-global-padding is-layout-constrained wp-block-group-is-layout-constrained\">\n<p>La <strong>r\u00e9action au feu<\/strong> mesure le comportement d&rsquo;un mat\u00e9riau lorsqu&rsquo;il est expos\u00e9 \u00e0 une flamme ou \u00e0 un incendie.<br\/>Pour les planchers en bois, cela signifie qu&rsquo;il faut \u00e9valuer la <strong>facilit\u00e9 avec laquelle le mat\u00e9riau s&rsquo;enflamme, la fa\u00e7on dont il contribue \u00e0 la propagation des flammes, la quantit\u00e9 de fum\u00e9e et de gouttelettes br\u00fblantes qu&rsquo;il produit.<\/strong><\/p>\n\n\n\n<p>En Europe, la classification suit la norme <strong>UNI EN 13501-1<\/strong>, qui d\u00e9finit les <strong>Euroclasses<\/strong>:<\/p>\n\n\n\n<ul class=\"wp-block-list\">\n<li>de <strong>A1<\/strong> (incombustible) \u00e0 <strong>F<\/strong> (pas de comportement certifi\u00e9),<\/li>\n\n\n\n<li>avec des indicateurs suppl\u00e9mentaires sur la fum\u00e9e (s1, s2, s3) et les gouttes br\u00fblantes (d0, d1, d2).<\/li>\n<\/ul>\n\n\n\n<p>Par exemple, la classe <strong>B-s1, d0<\/strong> indique un mat\u00e9riau dont la combustion est tr\u00e8s limit\u00e9e, la fum\u00e9e r\u00e9duite et les gouttelettes br\u00fblantes inexistantes.<\/p>\n\n\n\n<p>Par exemple, une classe <strong>B<\/strong><\/p>\n\n\n\n<div style=\"height:64px\" aria-hidden=\"true\" class=\"wp-block-spacer\"><\/div>\n\n\n\n<h3 class=\"wp-block-heading has-text-color has-m-32-font-size\" style=\"color:#000000\">Pourquoi il est important de choisir un sol Berti<br\/><a href=\"https:\/\/www.pavimentibraga.it\/blog\/conoscere-il-parquet\/crystalcare-una-garanzia-di-benessere\/?utm_source=chatgpt.com\" target=\"_blank\" rel=\"noreferrer noopener\"><\/a><\/h3>\n\n\n\n<ul class=\"wp-block-list\">\n<li><strong>S\u00e9curit\u00e9 des locaux<\/strong>: un plancher certifi\u00e9 pour la r\u00e9action au feu r\u00e9duit le risque de propagation rapide des flammes, ce qui donne plus de temps en cas d&rsquo;urgence.<\/li>\n\n\n\n<li><strong>Conformit\u00e9 r\u00e9glementaire<\/strong>: dans de nombreux \u00e9tablissements (h\u00f4tels, bureaux, \u00e9coles, espaces publics), les classes de r\u00e9action au feu sont une obligation l\u00e9gale. Avec Berti, vous \u00eates s\u00fbr de respecter les param\u00e8tres requis. <\/li>\n\n\n\n<li><strong>Garantie de tests ind\u00e9pendants<\/strong>: nos sols sont certifi\u00e9s par des laboratoires accr\u00e9dit\u00e9s selon les normes europ\u00e9ennes en vigueur, et les rapports officiels sont mis \u00e0 la disposition des clients.<\/li>\n\n\n\n<li>Tranquillit\u00e9 d&rsquo;esprit <strong>\u00e0 long terme<\/strong>: le fait de savoir que le sol est conforme aux normes de s\u00e9curit\u00e9 incendie procure une certaine tranquillit\u00e9 d&rsquo;esprit, tant dans le cadre domestique que professionnel.<a href=\"https:\/\/www.pavimentibraga.it\/blog\/conoscere-il-parquet\/crystalcare-una-garanzia-di-benessere\/?utm_source=chatgpt.com\" target=\"_blank\" rel=\"noreferrer noopener\"><\/a><\/li>\n<\/ul>\n\n\n\n<div class=\"wp-block-buttons is-vertical is-layout-flex wp-container-core-buttons-is-layout-3210c5b8 wp-block-buttons-is-layout-flex\" style=\"margin-top:var(--wp--preset--spacing--40)\">\n<div class=\"wp-block-button is-style-icon\"><a class=\"wp-block-button__link wp-element-button\" href=\"https:\/\/www.berti.net\/fr\/produits-berti\/\">D\u00e9couvrez les produits<\/a><\/div>\n\n\n\n<div class=\"wp-block-button is-style-icon\"><a class=\"wp-block-button__link wp-element-button\" href=\"https:\/\/www.berti.net\/fr\/certifications\/\">Retour aux certifications<\/a><\/div>\n<\/div>\n<\/div>\n<\/div>\n<\/div>\n\n<div class=\"wp-block-cover alignfull is-light estimate-request-content animated fadeIn\" style=\"margin-top:0\"><img decoding=\"async\" class=\"wp-block-cover__image-background\" alt=\"\" src=\"https:\/\/www.berti.net\/wp-content\/themes\/thombase\/public\/images\/estimateBanner.webp\" data-object-fit=\"cover\"\/><span aria-hidden=\"true\" class=\"wp-block-cover__background has-background-dim-0 has-background-dim\"><\/span><div class=\"wp-block-cover__inner-container has-global-padding is-layout-constrained wp-block-cover-is-layout-constrained\">\n<div id=\"estimate\" class=\"wp-block-group alignleft estimate-request-content-inner has-global-padding is-content-justification-left is-layout-constrained wp-container-core-group-is-layout-94054b8f wp-block-group-is-layout-constrained\">\n<h5 class=\"wp-block-heading\">Demandez un <strong>devis<\/strong>,<br\/>entrez dans le monde Berti<\/h5>\n\n\n\n<p>\n  Remplissez le formulaire pour demander un devis. Vous recevrez une r\u00e9ponse de notre \u00e9quipe dans les plus brefs d\u00e9lais. \n            <\/p>\n\n\n\n<div class=\"wp-block-buttons is-layout-flex wp-block-buttons-is-layout-flex\">\n<div class=\"wp-block-button is-style-link\"><a class=\"wp-block-button__link wp-element-button\" href=\"https:\/\/www.berti.net\/fr\/demander-un-devis-2\/\">POSEZ VOTRE CANDIDATURE D\u00c8S MAINTENANT<\/a><\/div>\n<\/div>\n<\/div>\n<\/div><\/div>\n","protected":false},"excerpt":{"rendered":"<p>Avec nos parquets certifi\u00e9s pour la r\u00e9action au feu, vous b\u00e9n\u00e9ficiez non seulement de la beaut\u00e9 et de l&rsquo;\u00e9l\u00e9gance du bois, mais aussi d&rsquo;une r\u00e9sistance et d&rsquo;une s\u00e9curit\u00e9 garanties par des tests officiels conformes aux normes internationales. Un choix qui vous assure qualit\u00e9, conformit\u00e9 r\u00e9glementaire et tranquillit\u00e9 d&rsquo;esprit dans tous les environnements, de la maison aux espaces publics. Ce que [&hellip;]<\/p>\n","protected":false},"author":13,"featured_media":0,"parent":26287,"menu_order":0,"comment_status":"closed","ping_status":"closed","template":"page-with-overlying-header","meta":{"footnotes":""},"class_list":["post-26832","page","type-page","status-publish","hentry"],"_links":{"self":[{"href":"https:\/\/www.berti.net\/fr\/wp-json\/wp\/v2\/pages\/26832","targetHints":{"allow":["GET"]}}],"collection":[{"href":"https:\/\/www.berti.net\/fr\/wp-json\/wp\/v2\/pages"}],"about":[{"href":"https:\/\/www.berti.net\/fr\/wp-json\/wp\/v2\/types\/page"}],"author":[{"embeddable":true,"href":"https:\/\/www.berti.net\/fr\/wp-json\/wp\/v2\/users\/13"}],"replies":[{"embeddable":true,"href":"https:\/\/www.berti.net\/fr\/wp-json\/wp\/v2\/comments?post=26832"}],"version-history":[{"count":3,"href":"https:\/\/www.berti.net\/fr\/wp-json\/wp\/v2\/pages\/26832\/revisions"}],"predecessor-version":[{"id":27106,"href":"https:\/\/www.berti.net\/fr\/wp-json\/wp\/v2\/pages\/26832\/revisions\/27106"}],"up":[{"embeddable":true,"href":"https:\/\/www.berti.net\/fr\/wp-json\/wp\/v2\/pages\/26287"}],"wp:attachment":[{"href":"https:\/\/www.berti.net\/fr\/wp-json\/wp\/v2\/media?parent=26832"}],"curies":[{"name":"wp","href":"https:\/\/api.w.org\/{rel}","templated":true}]}}