{"id":26275,"date":"2025-06-26T10:53:22","date_gmt":"2025-06-26T10:53:22","guid":{"rendered":"https:\/\/www.berti.net\/certification-fsc\/"},"modified":"2026-04-29T12:19:42","modified_gmt":"2026-04-29T10:19:42","slug":"certification-fsc","status":"publish","type":"page","link":"https:\/\/www.berti.net\/fr\/certifications\/certification-fsc\/","title":{"rendered":"Certification &#8211; FSC"},"content":{"rendered":"\n<div class=\"wp-block-group alignfull has-global-padding is-layout-constrained wp-block-group-is-layout-constrained\">\n<div class=\"wp-block-cover alignfull banner-hero has-aspect-ratio wp-duotone-unset-1\" style=\"padding-top:0px;padding-right:0;padding-bottom:0px;padding-left:0;min-height:516px;aspect-ratio:auto;min-height:unset;\"><img loading=\"lazy\" decoding=\"async\" width=\"1600\" height=\"1040\" class=\"wp-block-cover__image-background wp-image-25414 size-full\" alt=\"\" src=\"https:\/\/www.berti.net\/wp-content\/uploads\/bellissimi-alberi-e-un-lago-nella-piantagione-di-gomma-kerala-india-1.jpg\" data-object-fit=\"cover\" srcset=\"https:\/\/www.berti.net\/wp-content\/uploads\/bellissimi-alberi-e-un-lago-nella-piantagione-di-gomma-kerala-india-1.jpg 1600w, https:\/\/www.berti.net\/wp-content\/uploads\/bellissimi-alberi-e-un-lago-nella-piantagione-di-gomma-kerala-india-1-812x528.jpg 812w, https:\/\/www.berti.net\/wp-content\/uploads\/bellissimi-alberi-e-un-lago-nella-piantagione-di-gomma-kerala-india-1-768x499.jpg 768w, https:\/\/www.berti.net\/wp-content\/uploads\/bellissimi-alberi-e-un-lago-nella-piantagione-di-gomma-kerala-india-1-1536x998.jpg 1536w\" sizes=\"auto, (max-width: 1600px) 100vw, 1600px\" \/><span aria-hidden=\"true\" class=\"wp-block-cover__background has-background-dim wp-block-cover__gradient-background has-background-gradient\" style=\"background:linear-gradient(0deg,rgba(25,25,25,0) 0%,rgb(25,25,25) 63%)\"><\/span><div class=\"wp-block-cover__inner-container is-layout-flow wp-block-cover-is-layout-flow\">\n<div class=\"wp-block-group banner-hero-content has-global-padding is-layout-constrained wp-container-core-group-is-layout-8f34a46e wp-block-group-is-layout-constrained\" style=\"padding-bottom:var(--wp--preset--spacing--70)\">\n<div class=\"wp-block-group has-global-padding is-layout-constrained wp-container-core-group-is-layout-b831be90 wp-block-group-is-layout-constrained\">\n<h1 class=\"wp-block-heading has-text-align-center has-white-color has-text-color has-xxxl-font-size\" style=\"letter-spacing:0px;line-height:1;text-transform:uppercase\">FSC<\/h1>\n<\/div>\n\n\n\n<div class=\"wp-block-group has-global-padding is-layout-constrained wp-container-core-group-is-layout-11258054 wp-block-group-is-layout-constrained\" style=\"margin-top:25px;margin-bottom:20px\">\n<div class=\"wp-block-group has-global-padding is-layout-constrained wp-container-core-group-is-layout-c00d8324 wp-block-group-is-layout-constrained\">\n<p class=\"has-text-align-center has-m-font-size\"><\/p>\n<\/div>\n<\/div>\n<\/div>\n<\/div><\/div>\n<\/div>\n\n<div class=\"wp-block-group is-style-default has-global-padding is-layout-constrained wp-container-core-group-is-layout-f0f2e811 wp-block-group-is-layout-constrained\" style=\"padding-top:var(--wp--preset--spacing--70);padding-bottom:var(--wp--preset--spacing--130)\">\n<div class=\"wp-block-columns are-vertically-aligned-center is-layout-flex wp-container-core-columns-is-layout-168dfbb2 wp-block-columns-is-layout-flex\" style=\"padding-right:6%;padding-left:6%\">\n<div class=\"wp-block-column is-vertically-aligned-center is-layout-flow wp-block-column-is-layout-flow\" style=\"flex-basis:33.33%\">\n<div class=\"wp-block-group has-global-padding is-content-justification-center is-layout-constrained wp-container-core-group-is-layout-2d1ef6f6 wp-block-group-is-layout-constrained\">\n<figure class=\"wp-block-image size-full\"><img loading=\"lazy\" decoding=\"async\" width=\"664\" height=\"803\" src=\"https:\/\/www.berti.net\/wp-content\/uploads\/pavimenti-legno_berti-parquet-certificati-FSC.png\" alt=\"\" class=\"wp-image-26866\" style=\"object-fit:cover\"\/><\/figure>\n<\/div>\n<\/div>\n\n\n\n<div class=\"wp-block-column is-vertically-aligned-center is-layout-flow wp-block-column-is-layout-flow\" style=\"flex-basis:66.66%\">\n<div class=\"wp-block-group has-global-padding is-layout-constrained wp-container-core-group-is-layout-f00c8009 wp-block-group-is-layout-constrained\" style=\"padding-right:5%;padding-left:5%\">\n<p>Demandez un parquet <strong>certifi\u00e9 FSC\u00ae<\/strong>. <br\/>La <strong>certification du Forest Steward Council\u00ae<\/strong> prouve que la mati\u00e8re premi\u00e8re provient de for\u00eats g\u00e9r\u00e9es de mani\u00e8re correcte, transparente et contr\u00f4l\u00e9e selon les normes <strong>FSC\u00ae<\/strong>.<\/p>\n\n\n\n<div class=\"wp-block-buttons is-layout-flex wp-block-buttons-is-layout-flex\">\n<div class=\"wp-block-button\"><a class=\"wp-block-button__link has-contrast-2-color has-base-background-color has-text-color has-background has-link-color wp-element-button\" href=\"https:\/\/www.berti.net\/wp-content\/uploads\/CSI-COC-002959.pdf\"><strong>T<\/strong>\u00c9L\u00c9CHARGER LE CERTIFICAT<\/a><\/div>\n<\/div>\n<\/div>\n<\/div>\n<\/div>\n<\/div>\n\n<div class=\"wp-block-group alignwide title-text-indented-pattern has-base-color has-text-color has-link-color wp-elements-b8e5bab30b963b82c78c1966c6fc0a96 has-global-padding is-layout-constrained wp-container-core-group-is-layout-e7f6fb82 wp-block-group-is-layout-constrained\" style=\"padding-top:0;padding-bottom:var(--wp--preset--spacing--90)\">\n<div class=\"wp-block-group has-global-padding is-layout-constrained wp-block-group-is-layout-constrained\">\n<h3 class=\"wp-block-heading has-text-color has-m-32-font-size\" style=\"color:#000000\">Ce que le choix d&rsquo;un sol FSC\u00ae signifie pour vous<\/h3>\n\n\n\n<p style=\"line-height:1.4\">Choisir un parquet <strong>certifi\u00e9 FSC\u00ae (Forest Stewardship Council\u00ae)<\/strong>, c&rsquo;est faire un choix responsable pour votre maison et l&rsquo;environnement.<br\/>Le label FSC est une garantie internationale que le bois utilis\u00e9 dans nos parquets provient de <strong>for\u00eats g\u00e9r\u00e9es durablement<\/strong>, o\u00f9 des crit\u00e8res environnementaux, sociaux et \u00e9conomiques stricts sont respect\u00e9s.<\/p>\n\n\n\n<p style=\"line-height:1.4\">Avec un sol Berti certifi\u00e9 FSC, vous faites entrer la beaut\u00e9 naturelle du bois dans votre maison en sachant que votre choix contribue \u00e0 la protection des for\u00eats et \u00e0 la pr\u00e9servation de la biodiversit\u00e9.<\/p>\n\n\n\n<div style=\"height:64px\" aria-hidden=\"true\" class=\"wp-block-spacer\"><\/div>\n\n\n\n<h3 class=\"wp-block-heading has-text-color has-m-32-font-size\" style=\"color:#000000\">Pourquoi choisir les rev\u00eatements de sol en bois certifi\u00e9s FSC de Berti ?<\/h3>\n\n\n\n<ul class=\"wp-block-list\">\n<li><strong>Respect de la nature :<\/strong> le bois FSC ne provient pas d&rsquo;une d\u00e9forestation incontr\u00f4l\u00e9e, mais de for\u00eats r\u00e9g\u00e9n\u00e9r\u00e9es et entretenues.<\/li>\n\n\n\n<li><strong>S\u00e9curit\u00e9 \u00e9thique :<\/strong> le FSC prot\u00e8ge les droits des travailleurs et des communaut\u00e9s locales vivant de la for\u00eat.<\/li>\n\n\n\n<li><strong>Tra\u00e7abilit\u00e9 garantie :<\/strong> de la for\u00eat \u00e0 votre sol, chaque \u00e9tape est contr\u00f4l\u00e9e.<\/li>\n\n\n\n<li><strong>Valeur ajout\u00e9e :<\/strong> un sol FSC n&rsquo;est pas seulement un produit design, mais aussi un signe concret de responsabilit\u00e9.<\/li>\n<\/ul>\n\n\n\n<div class=\"wp-block-buttons is-vertical is-layout-flex wp-container-core-buttons-is-layout-3210c5b8 wp-block-buttons-is-layout-flex\" style=\"margin-top:var(--wp--preset--spacing--40)\">\n<div class=\"wp-block-button is-style-icon\"><a class=\"wp-block-button__link wp-element-button\" href=\"https:\/\/www.berti.net\/fr\/produits-berti\/\">D\u00e9couvrez les produits<\/a><\/div>\n\n\n\n<div class=\"wp-block-button is-style-icon\"><a class=\"wp-block-button__link wp-element-button\" href=\"https:\/\/www.berti.net\/fr\/certifications\/\">Retour aux certifications<\/a><\/div>\n<\/div>\n<\/div>\n<\/div>\n\n<div class=\"wp-block-cover alignfull is-light estimate-request-content animated fadeIn\" style=\"margin-top:0\"><img decoding=\"async\" class=\"wp-block-cover__image-background\" alt=\"\" src=\"https:\/\/www.berti.net\/wp-content\/themes\/thombase\/public\/images\/estimateBanner.webp\" data-object-fit=\"cover\"\/><span aria-hidden=\"true\" class=\"wp-block-cover__background has-background-dim-0 has-background-dim\"><\/span><div class=\"wp-block-cover__inner-container has-global-padding is-layout-constrained wp-block-cover-is-layout-constrained\">\n<div id=\"estimate\" class=\"wp-block-group alignleft estimate-request-content-inner has-global-padding is-content-justification-left is-layout-constrained wp-container-core-group-is-layout-94054b8f wp-block-group-is-layout-constrained\">\n<h5 class=\"wp-block-heading\">Demandez un <strong>devis<\/strong>,<br\/>entrez dans l&rsquo;univers Berti<\/h5>\n\n\n\n<p>\n  Remplissez le formulaire pour demander un devis. Vous recevrez rapidement une r\u00e9ponse de notre \u00e9quipe. \n            <\/p>\n\n\n\n<div class=\"wp-block-buttons is-layout-flex wp-block-buttons-is-layout-flex\">\n<div class=\"wp-block-button is-style-link\"><a class=\"wp-block-button__link wp-element-button\" href=\"https:\/\/www.berti.net\/fr\/demander-un-devis-2\/\">DEMANDEZ-LE MAINTENANT<\/a><\/div>\n<\/div>\n<\/div>\n<\/div><\/div>\n","protected":false},"excerpt":{"rendered":"<p>Demandez un parquet certifi\u00e9 FSC\u00ae. La certification du Forest Steward Council\u00ae prouve que la mati\u00e8re premi\u00e8re provient de for\u00eats g\u00e9r\u00e9es de mani\u00e8re correcte, transparente et contr\u00f4l\u00e9e selon les normes FSC\u00ae. Ce que le choix d&rsquo;un sol FSC\u00ae signifie pour vous Choisir un parquet certifi\u00e9 FSC\u00ae (Forest Stewardship Council\u00ae), c&rsquo;est faire un choix responsable pour votre maison et l&rsquo;environnement.Le label FSC [&hellip;]<\/p>\n","protected":false},"author":2,"featured_media":0,"parent":26287,"menu_order":0,"comment_status":"closed","ping_status":"closed","template":"page-with-overlying-header","meta":{"footnotes":""},"class_list":["post-26275","page","type-page","status-publish","hentry"],"_links":{"self":[{"href":"https:\/\/www.berti.net\/fr\/wp-json\/wp\/v2\/pages\/26275","targetHints":{"allow":["GET"]}}],"collection":[{"href":"https:\/\/www.berti.net\/fr\/wp-json\/wp\/v2\/pages"}],"about":[{"href":"https:\/\/www.berti.net\/fr\/wp-json\/wp\/v2\/types\/page"}],"author":[{"embeddable":true,"href":"https:\/\/www.berti.net\/fr\/wp-json\/wp\/v2\/users\/2"}],"replies":[{"embeddable":true,"href":"https:\/\/www.berti.net\/fr\/wp-json\/wp\/v2\/comments?post=26275"}],"version-history":[{"count":5,"href":"https:\/\/www.berti.net\/fr\/wp-json\/wp\/v2\/pages\/26275\/revisions"}],"predecessor-version":[{"id":29891,"href":"https:\/\/www.berti.net\/fr\/wp-json\/wp\/v2\/pages\/26275\/revisions\/29891"}],"up":[{"embeddable":true,"href":"https:\/\/www.berti.net\/fr\/wp-json\/wp\/v2\/pages\/26287"}],"wp:attachment":[{"href":"https:\/\/www.berti.net\/fr\/wp-json\/wp\/v2\/media?parent=26275"}],"curies":[{"name":"wp","href":"https:\/\/api.w.org\/{rel}","templated":true}]}}