{"id":26266,"date":"2025-06-26T12:46:27","date_gmt":"2025-06-26T12:46:27","guid":{"rendered":"https:\/\/www.berti.net\/certification-ce\/"},"modified":"2025-09-24T12:18:37","modified_gmt":"2025-09-24T12:18:37","slug":"certification-ce","status":"publish","type":"page","link":"https:\/\/www.berti.net\/fr\/certifications\/certification-ce\/","title":{"rendered":"Certification &#8211; CE"},"content":{"rendered":"\n<div class=\"wp-block-group alignfull has-global-padding is-layout-constrained wp-block-group-is-layout-constrained\">\n<div class=\"wp-block-cover alignfull banner-hero has-aspect-ratio wp-duotone-unset-1\" style=\"padding-top:0px;padding-right:0;padding-bottom:0px;padding-left:0;min-height:516px;aspect-ratio:auto;min-height:unset;\"><img loading=\"lazy\" decoding=\"async\" width=\"1600\" height=\"1067\" class=\"wp-block-cover__image-background wp-image-25443 size-full\" alt=\"\" src=\"https:\/\/www.berti.net\/wp-content\/uploads\/berti-certificazione-ce-legno-pavimenti.jpg\" style=\"object-position:53% 100%\" data-object-fit=\"cover\" data-object-position=\"53% 100%\" srcset=\"https:\/\/www.berti.net\/wp-content\/uploads\/berti-certificazione-ce-legno-pavimenti.jpg 1600w, https:\/\/www.berti.net\/wp-content\/uploads\/berti-certificazione-ce-legno-pavimenti-812x542.jpg 812w, https:\/\/www.berti.net\/wp-content\/uploads\/berti-certificazione-ce-legno-pavimenti-768x512.jpg 768w, https:\/\/www.berti.net\/wp-content\/uploads\/berti-certificazione-ce-legno-pavimenti-1536x1024.jpg 1536w\" sizes=\"auto, (max-width: 1600px) 100vw, 1600px\" \/><span aria-hidden=\"true\" class=\"wp-block-cover__background has-background-dim-40 has-background-dim wp-block-cover__gradient-background has-background-gradient\" style=\"background:linear-gradient(0deg,rgba(25,25,25,0) 0%,rgb(25,25,25) 31%)\"><\/span><div class=\"wp-block-cover__inner-container is-layout-flow wp-block-cover-is-layout-flow\">\n<div class=\"wp-block-group banner-hero-content has-global-padding is-layout-constrained wp-container-core-group-is-layout-8f34a46e wp-block-group-is-layout-constrained\" style=\"padding-bottom:var(--wp--preset--spacing--70)\">\n<div class=\"wp-block-group has-global-padding is-layout-constrained wp-container-core-group-is-layout-b831be90 wp-block-group-is-layout-constrained\">\n<h1 class=\"wp-block-heading has-text-align-center has-white-color has-text-color has-xxxl-font-size\" style=\"letter-spacing:0px;line-height:1;text-transform:uppercase\">CE<\/h1>\n<\/div>\n\n\n\n<div class=\"wp-block-group has-global-padding is-layout-constrained wp-container-core-group-is-layout-11258054 wp-block-group-is-layout-constrained\" style=\"margin-top:25px;margin-bottom:20px\">\n<div class=\"wp-block-group has-global-padding is-layout-constrained wp-container-core-group-is-layout-c00d8324 wp-block-group-is-layout-constrained\">\n<p class=\"has-text-align-center has-m-font-size\"><\/p>\n<\/div>\n<\/div>\n<\/div>\n<\/div><\/div>\n<\/div>\n\n<div class=\"wp-block-group is-style-default has-global-padding is-layout-constrained wp-container-core-group-is-layout-f0f2e811 wp-block-group-is-layout-constrained\" style=\"padding-top:var(--wp--preset--spacing--70);padding-bottom:var(--wp--preset--spacing--130)\">\n<div class=\"wp-block-columns are-vertically-aligned-center is-layout-flex wp-container-core-columns-is-layout-168dfbb2 wp-block-columns-is-layout-flex\" style=\"padding-right:6%;padding-left:6%\">\n<div class=\"wp-block-column is-vertically-aligned-center is-layout-flow wp-block-column-is-layout-flow\" style=\"flex-basis:33.33%\">\n<div class=\"wp-block-group has-global-padding is-content-justification-center is-layout-constrained wp-container-core-group-is-layout-2d1ef6f6 wp-block-group-is-layout-constrained\">\n<figure class=\"wp-block-image size-full\"><img loading=\"lazy\" decoding=\"async\" width=\"300\" height=\"214\" src=\"https:\/\/www.berti.net\/wp-content\/uploads\/berti-pavimenti-legno_parquet-certificati-CE.png\" alt=\"Certificats CE\" class=\"wp-image-25388\" style=\"object-fit:cover\"\/><\/figure>\n<\/div>\n<\/div>\n\n\n\n<div class=\"wp-block-column is-vertically-aligned-center is-layout-flow wp-block-column-is-layout-flow\" style=\"flex-basis:66.66%\">\n<div class=\"wp-block-group has-global-padding is-layout-constrained wp-container-core-group-is-layout-f00c8009 wp-block-group-is-layout-constrained\" style=\"padding-right:5%;padding-left:5%\">\n<p>Les produits Berti portent le <strong>marquage CE.<\/strong> <\/p>\n\n\n\n<p>Elle garantit leur conformit\u00e9 aux exigences essentielles des directives pertinentes en mati\u00e8re de s\u00e9curit\u00e9, de sant\u00e9 publique et de protection des consommateurs.<\/p>\n\n\n\n<div class=\"wp-block-buttons is-layout-flex wp-block-buttons-is-layout-flex\">\n<div class=\"wp-block-button\"><a class=\"wp-block-button__link has-contrast-2-color has-base-background-color has-text-color has-background has-link-color wp-element-button\" href=\"https:\/\/www.berti.net\/wp-content\/uploads\/2024\/09\/berti_pavimenti-legno_dop.pdf\"><strong>T\u00c9L\u00c9CHARGER LE<\/strong>CERTIFICAT<\/a><\/div>\n<\/div>\n<\/div>\n<\/div>\n<\/div>\n<\/div>\n\n<div class=\"wp-block-group alignwide title-text-indented-pattern has-base-color has-text-color has-link-color wp-elements-a25eb6d78919c51356c5b0116a71d35e has-global-padding is-layout-constrained wp-container-core-group-is-layout-e7f6fb82 wp-block-group-is-layout-constrained\" style=\"padding-top:0;padding-bottom:var(--wp--preset--spacing--90)\">\n<div class=\"wp-block-group has-global-padding is-layout-constrained wp-block-group-is-layout-constrained\">\n<h3 class=\"wp-block-heading has-text-color has-m-32-font-size\" style=\"color:#000000\">Ce que le marquage CE garantit pour vos sols<\/h3>\n\n\n\n<p style=\"line-height:1.4\">Le <strong>marquage CE<\/strong> appos\u00e9 sur nos parquets est une garantie de qualit\u00e9 et de s\u00e9curit\u00e9.<br\/>Il signifie que le produit est conforme aux <strong>normes strictes de l&rsquo;Union europ\u00e9enne en<\/strong> mati\u00e8re de sant\u00e9, de s\u00e9curit\u00e9 et d&rsquo;environnement.<\/p>\n\n\n\n<p style=\"line-height:1.4\">Lorsque vous voyez le marquage CE, vous pouvez \u00eatre s\u00fbr que le rev\u00eatement de sol a \u00e9t\u00e9 v\u00e9rifi\u00e9, test\u00e9 et qu&rsquo;il peut \u00eatre install\u00e9 en toute confiance dans votre maison, votre bureau ou un espace public.<\/p>\n\n\n\n<div style=\"height:64px\" aria-hidden=\"true\" class=\"wp-block-spacer\"><\/div>\n\n\n\n<h3 class=\"wp-block-heading has-text-color has-m-32-font-size\" style=\"color:#000000\">Pourquoi choisir un parquet Berti avec marquage CE ?<\/h3>\n\n\n\n<ul class=\"wp-block-list\">\n<li><strong>S\u00e9curit\u00e9 garantie :<\/strong> un sol marqu\u00e9 CE est conforme aux normes europ\u00e9ennes relatives aux mat\u00e9riaux de construction.<\/li>\n\n\n\n<li><strong>Qualit\u00e9 certifi\u00e9e :<\/strong> vous avez la certitude que chaque produit est conforme \u00e0 des r\u00e9glementations techniques et \u00e0 des contr\u00f4les stricts.<\/li>\n\n\n\n<li><strong>Fiabilit\u00e9 dans le temps :<\/strong> la conformit\u00e9 CE n&rsquo;expire pas, elle est maintenue \u00e0 jour par des mises \u00e0 jour et des audits constants.<\/li>\n\n\n\n<li><strong>Achat en toute s\u00e9r\u00e9nit\u00e9 :<\/strong> vous pouvez installer nos sols partout en Europe, avec la garantie de produits autoris\u00e9s pour le march\u00e9 de l&rsquo;UE.<\/li>\n<\/ul>\n\n\n\n<div class=\"wp-block-buttons is-vertical is-layout-flex wp-container-core-buttons-is-layout-3210c5b8 wp-block-buttons-is-layout-flex\" style=\"margin-top:var(--wp--preset--spacing--40)\">\n<div class=\"wp-block-button is-style-icon\"><a class=\"wp-block-button__link wp-element-button\" href=\"https:\/\/www.berti.net\/fr\/produits-berti\/\">D\u00e9couvrez les produits<\/a><\/div>\n\n\n\n<div class=\"wp-block-button is-style-icon\"><a class=\"wp-block-button__link wp-element-button\" href=\"https:\/\/www.berti.net\/fr\/certifications\/\">Retour aux certifications<\/a><\/div>\n<\/div>\n<\/div>\n<\/div>\n\n<div class=\"wp-block-cover alignfull is-light estimate-request-content animated fadeIn\" style=\"margin-top:0\"><img decoding=\"async\" class=\"wp-block-cover__image-background\" alt=\"\" src=\"https:\/\/www.berti.net\/wp-content\/themes\/thombase\/public\/images\/estimateBanner.webp\" data-object-fit=\"cover\"\/><span aria-hidden=\"true\" class=\"wp-block-cover__background has-background-dim-0 has-background-dim\"><\/span><div class=\"wp-block-cover__inner-container has-global-padding is-layout-constrained wp-block-cover-is-layout-constrained\">\n<div id=\"estimate\" class=\"wp-block-group alignleft estimate-request-content-inner has-global-padding is-content-justification-left is-layout-constrained wp-container-core-group-is-layout-94054b8f wp-block-group-is-layout-constrained\">\n<h5 class=\"wp-block-heading\">Demandez un <strong>devis<\/strong>,<br\/>entrez dans le monde Berti<\/h5>\n\n\n\n<p>\n  Remplissez le formulaire pour demander un devis. Vous recevrez une r\u00e9ponse de notre \u00e9quipe dans les plus brefs d\u00e9lais. \n            <\/p>\n\n\n\n<div class=\"wp-block-buttons is-layout-flex wp-block-buttons-is-layout-flex\">\n<div class=\"wp-block-button is-style-link\"><a class=\"wp-block-button__link wp-element-button\" href=\"https:\/\/www.berti.net\/fr\/demander-un-devis-2\/\">POSEZ VOTRE CANDIDATURE D\u00c8S MAINTENANT<\/a><\/div>\n<\/div>\n<\/div>\n<\/div><\/div>\n","protected":false},"excerpt":{"rendered":"<p>Les produits Berti portent le marquage CE. Elle garantit leur conformit\u00e9 aux exigences essentielles des directives pertinentes en mati\u00e8re de s\u00e9curit\u00e9, de sant\u00e9 publique et de protection des consommateurs. Ce que le marquage CE garantit pour vos sols Le marquage CE appos\u00e9 sur nos parquets est une garantie de qualit\u00e9 et de s\u00e9curit\u00e9.Il signifie que le produit est conforme aux [&hellip;]<\/p>\n","protected":false},"author":2,"featured_media":0,"parent":26287,"menu_order":0,"comment_status":"closed","ping_status":"closed","template":"page-with-overlying-header","meta":{"footnotes":""},"class_list":["post-26266","page","type-page","status-publish","hentry"],"_links":{"self":[{"href":"https:\/\/www.berti.net\/fr\/wp-json\/wp\/v2\/pages\/26266","targetHints":{"allow":["GET"]}}],"collection":[{"href":"https:\/\/www.berti.net\/fr\/wp-json\/wp\/v2\/pages"}],"about":[{"href":"https:\/\/www.berti.net\/fr\/wp-json\/wp\/v2\/types\/page"}],"author":[{"embeddable":true,"href":"https:\/\/www.berti.net\/fr\/wp-json\/wp\/v2\/users\/2"}],"replies":[{"embeddable":true,"href":"https:\/\/www.berti.net\/fr\/wp-json\/wp\/v2\/comments?post=26266"}],"version-history":[{"count":3,"href":"https:\/\/www.berti.net\/fr\/wp-json\/wp\/v2\/pages\/26266\/revisions"}],"predecessor-version":[{"id":26998,"href":"https:\/\/www.berti.net\/fr\/wp-json\/wp\/v2\/pages\/26266\/revisions\/26998"}],"up":[{"embeddable":true,"href":"https:\/\/www.berti.net\/fr\/wp-json\/wp\/v2\/pages\/26287"}],"wp:attachment":[{"href":"https:\/\/www.berti.net\/fr\/wp-json\/wp\/v2\/media?parent=26266"}],"curies":[{"name":"wp","href":"https:\/\/api.w.org\/{rel}","templated":true}]}}