{"id":26253,"date":"2025-06-26T12:52:27","date_gmt":"2025-06-26T12:52:27","guid":{"rendered":"https:\/\/www.berti.net\/certification-dolomiti-energy\/"},"modified":"2026-04-29T12:19:48","modified_gmt":"2026-04-29T10:19:48","slug":"certification-dolomiti-energy","status":"publish","type":"page","link":"https:\/\/www.berti.net\/fr\/certifications\/certification-dolomiti-energy\/","title":{"rendered":"Certification &#8211; DOLOMITI ENERGY"},"content":{"rendered":"\n<div class=\"wp-block-group alignfull has-global-padding is-layout-constrained wp-block-group-is-layout-constrained\">\n<div class=\"wp-block-cover alignfull banner-hero has-aspect-ratio wp-duotone-unset-1\" style=\"padding-top:0px;padding-right:0;padding-bottom:0px;padding-left:0;min-height:516px;aspect-ratio:auto;min-height:unset;\"><img loading=\"lazy\" decoding=\"async\" width=\"1600\" height=\"1066\" class=\"wp-block-cover__image-background wp-image-25428 size-full\" alt=\"\" src=\"https:\/\/www.berti.net\/wp-content\/uploads\/berti-certificazione-dolomiti-energia-legno-pavimenti.jpg\" style=\"object-position:50% 60%\" data-object-fit=\"cover\" data-object-position=\"50% 60%\" srcset=\"https:\/\/www.berti.net\/wp-content\/uploads\/berti-certificazione-dolomiti-energia-legno-pavimenti.jpg 1600w, https:\/\/www.berti.net\/wp-content\/uploads\/berti-certificazione-dolomiti-energia-legno-pavimenti-812x541.jpg 812w, https:\/\/www.berti.net\/wp-content\/uploads\/berti-certificazione-dolomiti-energia-legno-pavimenti-768x512.jpg 768w, https:\/\/www.berti.net\/wp-content\/uploads\/berti-certificazione-dolomiti-energia-legno-pavimenti-1536x1023.jpg 1536w\" sizes=\"auto, (max-width: 1600px) 100vw, 1600px\" \/><span aria-hidden=\"true\" class=\"wp-block-cover__background has-background-dim-70 has-background-dim wp-block-cover__gradient-background has-background-gradient\" style=\"background:linear-gradient(0deg,#19191900 0%,#191919 100%)\"><\/span><div class=\"wp-block-cover__inner-container is-layout-flow wp-block-cover-is-layout-flow\">\n<div class=\"wp-block-group banner-hero-content has-global-padding is-layout-constrained wp-container-core-group-is-layout-8f34a46e wp-block-group-is-layout-constrained\" style=\"padding-bottom:var(--wp--preset--spacing--70)\">\n<div class=\"wp-block-group has-global-padding is-layout-constrained wp-container-core-group-is-layout-b831be90 wp-block-group-is-layout-constrained\">\n<h1 class=\"wp-block-heading has-text-align-center has-white-color has-text-color has-xxxl-font-size\" style=\"letter-spacing:0px;line-height:1;text-transform:uppercase\">DOLOMITES \u00c9NERGIE<\/h1>\n<\/div>\n\n\n\n<div class=\"wp-block-group has-global-padding is-layout-constrained wp-container-core-group-is-layout-11258054 wp-block-group-is-layout-constrained\" style=\"margin-top:25px;margin-bottom:20px\">\n<div class=\"wp-block-group has-global-padding is-layout-constrained wp-container-core-group-is-layout-c00d8324 wp-block-group-is-layout-constrained\">\n<p class=\"has-text-align-center has-m-font-size\"><\/p>\n<\/div>\n<\/div>\n<\/div>\n<\/div><\/div>\n<\/div>\n\n<div class=\"wp-block-group is-style-default has-global-padding is-layout-constrained wp-container-core-group-is-layout-f0f2e811 wp-block-group-is-layout-constrained\" style=\"padding-top:var(--wp--preset--spacing--70);padding-bottom:var(--wp--preset--spacing--130)\">\n<div class=\"wp-block-columns are-vertically-aligned-center is-layout-flex wp-container-core-columns-is-layout-168dfbb2 wp-block-columns-is-layout-flex\" style=\"padding-right:6%;padding-left:6%\">\n<div class=\"wp-block-column is-vertically-aligned-center is-layout-flow wp-block-column-is-layout-flow\" style=\"flex-basis:33.33%\">\n<div class=\"wp-block-group has-global-padding is-content-justification-center is-layout-constrained wp-container-core-group-is-layout-2d1ef6f6 wp-block-group-is-layout-constrained\">\n<figure class=\"wp-block-image size-full\"><img loading=\"lazy\" decoding=\"async\" width=\"1270\" height=\"1270\" src=\"https:\/\/www.berti.net\/wp-content\/uploads\/berti-pavimenti-legno_parquet-certificati-DOLOMITI-ENERGIA.png\" alt=\"\" class=\"wp-image-26944\" style=\"object-fit:cover\" srcset=\"https:\/\/www.berti.net\/wp-content\/uploads\/berti-pavimenti-legno_parquet-certificati-DOLOMITI-ENERGIA.png 1270w, https:\/\/www.berti.net\/wp-content\/uploads\/berti-pavimenti-legno_parquet-certificati-DOLOMITI-ENERGIA-812x812.png 812w, https:\/\/www.berti.net\/wp-content\/uploads\/berti-pavimenti-legno_parquet-certificati-DOLOMITI-ENERGIA-406x406.png 406w, https:\/\/www.berti.net\/wp-content\/uploads\/berti-pavimenti-legno_parquet-certificati-DOLOMITI-ENERGIA-768x768.png 768w\" sizes=\"auto, (max-width: 1270px) 100vw, 1270px\" \/><\/figure>\n<\/div>\n<\/div>\n\n\n\n<div class=\"wp-block-column is-vertically-aligned-center is-layout-flow wp-block-column-is-layout-flow\" style=\"flex-basis:66.66%\">\n<div class=\"wp-block-group has-global-padding is-layout-constrained wp-container-core-group-is-layout-f00c8009 wp-block-group-is-layout-constrained\" style=\"padding-right:5%;padding-left:5%\">\n<p>La marque<strong>\u00a0\u00bb100% clean energy Dolomiti Energia<\/strong>\u00a0\u00bb identifie l&rsquo;origine de l&rsquo;\u00e9lectricit\u00e9 provenant d&rsquo;une source renouvelable et repr\u00e9sente un nouveau concept de consommation d&rsquo;\u00e9nergie.<\/p>\n\n\n\n<div class=\"wp-block-buttons is-layout-flex wp-block-buttons-is-layout-flex\">\n<div class=\"wp-block-button\"><a class=\"wp-block-button__link has-contrast-2-color has-base-background-color has-text-color has-background has-link-color wp-element-button\" href=\"https:\/\/www.berti.net\/wp-content\/uploads\/2024\/09\/Report_CO2_FREE_EE_EE_B_2022_2410053.pdf\"><strong>T<\/strong>\u00c9L\u00c9CHARGER LE CERTIFICAT<\/a><\/div>\n<\/div>\n<\/div>\n<\/div>\n<\/div>\n\n\n\n<div class=\"wp-block-group alignwide title-text-indented-pattern has-base-color has-text-color has-link-color wp-elements-d14f19c3e8dcf4aa50c434ddc7193785 has-global-padding is-layout-constrained wp-container-core-group-is-layout-e7f6fb82 wp-block-group-is-layout-constrained\" style=\"padding-top:0;padding-bottom:var(--wp--preset--spacing--90)\">\n<h3 class=\"wp-block-heading has-text-color has-m-32-font-size\" style=\"color:#000000\">Pourquoi c&rsquo;est un avantage pour ceux qui choisissent Berti Pavimenti Legno<\/h3>\n\n\n\n<div class=\"wp-block-group has-global-padding is-layout-constrained wp-block-group-is-layout-constrained\">\n<ul class=\"wp-block-list\">\n<li><strong>R\u00e9duire votre impact sur l&rsquo;environnement :<\/strong> choisir une entreprise qui utilise 100 % d&rsquo;\u00e9nergie renouvelable, c&rsquo;est contribuer \u00e0 r\u00e9duire les \u00e9missions de CO\u2082 et l&rsquo;utilisation de combustibles fossiles.<\/li>\n\n\n\n<li><strong>Transparence et cr\u00e9dibilit\u00e9 :<\/strong> vous pouvez demander \u00e0 voir les certifications\/certificats de Dolomiti Energia, qui montrent que l&rsquo;\u00e9nergie est suivie et v\u00e9rifi\u00e9e par les syst\u00e8mes de garantie d&rsquo;origine.<\/li>\n\n\n\n<li><strong>Coh\u00e9rence avec les valeurs de durabilit\u00e9 :<\/strong> le fait que les sols soient produits par une entreprise qui utilise de l&rsquo;\u00e9nergie \u00a0\u00bbcertifi\u00e9e propre\u00a0\u00bb renforce la perception de la responsabilit\u00e9 environnementale.<\/li>\n\n\n\n<li><strong>Diff\u00e9renciation du march\u00e9 :<\/strong> toutes les entreprises ne peuvent pas se vanter que l&rsquo;\u00e9nergie utilis\u00e9e est certifi\u00e9e renouvelable ; il s&rsquo;agit d&rsquo;une valeur ajout\u00e9e qui attire les clients soucieux de l&rsquo;environnement.<\/li>\n<\/ul>\n\n\n\n<div class=\"wp-block-buttons is-vertical is-layout-flex wp-container-core-buttons-is-layout-3210c5b8 wp-block-buttons-is-layout-flex\" style=\"margin-top:var(--wp--preset--spacing--40)\">\n<div class=\"wp-block-button is-style-icon\"><a class=\"wp-block-button__link wp-element-button\" href=\"https:\/\/www.berti.net\/fr\/produits-berti\/\">D\u00e9couvrez les produits<\/a><\/div>\n\n\n\n<div class=\"wp-block-button is-style-icon\"><a class=\"wp-block-button__link wp-element-button\" href=\"https:\/\/www.berti.net\/fr\/certifications\/\">Retour aux certifications<\/a><\/div>\n<\/div>\n<\/div>\n<\/div>\n<\/div>\n\n<div class=\"wp-block-cover alignfull is-light estimate-request-content animated fadeIn\" style=\"margin-top:0\"><img decoding=\"async\" class=\"wp-block-cover__image-background\" alt=\"\" src=\"https:\/\/www.berti.net\/wp-content\/themes\/thombase\/public\/images\/estimateBanner.webp\" data-object-fit=\"cover\"\/><span aria-hidden=\"true\" class=\"wp-block-cover__background has-background-dim-0 has-background-dim\"><\/span><div class=\"wp-block-cover__inner-container has-global-padding is-layout-constrained wp-block-cover-is-layout-constrained\">\n<div id=\"estimate\" class=\"wp-block-group alignleft estimate-request-content-inner has-global-padding is-content-justification-left is-layout-constrained wp-container-core-group-is-layout-94054b8f wp-block-group-is-layout-constrained\">\n<h5 class=\"wp-block-heading\">Demandez un <strong>devis<\/strong>,<br\/>entrez dans l&rsquo;univers Berti<\/h5>\n\n\n\n<p>\n  Remplissez le formulaire pour demander un devis. Vous recevrez rapidement une r\u00e9ponse de notre \u00e9quipe. \n            <\/p>\n\n\n\n<div class=\"wp-block-buttons is-layout-flex wp-block-buttons-is-layout-flex\">\n<div class=\"wp-block-button is-style-link\"><a class=\"wp-block-button__link wp-element-button\" href=\"https:\/\/www.berti.net\/fr\/demander-un-devis-2\/\">DEMANDEZ-LE MAINTENANT<\/a><\/div>\n<\/div>\n<\/div>\n<\/div><\/div>\n","protected":false},"excerpt":{"rendered":"<p>La marque\u00a0\u00bb100% clean energy Dolomiti Energia\u00a0\u00bb identifie l&rsquo;origine de l&rsquo;\u00e9lectricit\u00e9 provenant d&rsquo;une source renouvelable et repr\u00e9sente un nouveau concept de consommation d&rsquo;\u00e9nergie. Pourquoi c&rsquo;est un avantage pour ceux qui choisissent Berti Pavimenti Legno<\/p>\n","protected":false},"author":2,"featured_media":0,"parent":26287,"menu_order":0,"comment_status":"closed","ping_status":"closed","template":"page-with-overlying-header","meta":{"footnotes":""},"class_list":["post-26253","page","type-page","status-publish","hentry"],"_links":{"self":[{"href":"https:\/\/www.berti.net\/fr\/wp-json\/wp\/v2\/pages\/26253","targetHints":{"allow":["GET"]}}],"collection":[{"href":"https:\/\/www.berti.net\/fr\/wp-json\/wp\/v2\/pages"}],"about":[{"href":"https:\/\/www.berti.net\/fr\/wp-json\/wp\/v2\/types\/page"}],"author":[{"embeddable":true,"href":"https:\/\/www.berti.net\/fr\/wp-json\/wp\/v2\/users\/2"}],"replies":[{"embeddable":true,"href":"https:\/\/www.berti.net\/fr\/wp-json\/wp\/v2\/comments?post=26253"}],"version-history":[{"count":3,"href":"https:\/\/www.berti.net\/fr\/wp-json\/wp\/v2\/pages\/26253\/revisions"}],"predecessor-version":[{"id":29895,"href":"https:\/\/www.berti.net\/fr\/wp-json\/wp\/v2\/pages\/26253\/revisions\/29895"}],"up":[{"embeddable":true,"href":"https:\/\/www.berti.net\/fr\/wp-json\/wp\/v2\/pages\/26287"}],"wp:attachment":[{"href":"https:\/\/www.berti.net\/fr\/wp-json\/wp\/v2\/media?parent=26253"}],"curies":[{"name":"wp","href":"https:\/\/api.w.org\/{rel}","templated":true}]}}