{"id":26239,"date":"2025-06-26T12:53:55","date_gmt":"2025-06-26T12:53:55","guid":{"rendered":"https:\/\/www.berti.net\/certification-egalite-des-sexes\/"},"modified":"2025-09-24T12:21:52","modified_gmt":"2025-09-24T12:21:52","slug":"certification-egalite-des-sexes","status":"publish","type":"page","link":"https:\/\/www.berti.net\/fr\/certifications\/certification-egalite-des-sexes\/","title":{"rendered":"Certification &#8211; \u00c9GALIT\u00c9 DES SEXES"},"content":{"rendered":"\n<div class=\"wp-block-group alignfull has-global-padding is-layout-constrained wp-block-group-is-layout-constrained\">\n<div class=\"wp-block-cover alignfull banner-hero has-aspect-ratio wp-duotone-unset-1\" style=\"padding-top:0px;padding-right:0;padding-bottom:0px;padding-left:0;min-height:516px;aspect-ratio:auto;min-height:unset;\"><img loading=\"lazy\" decoding=\"async\" width=\"1600\" height=\"1067\" class=\"wp-block-cover__image-background wp-image-25433 size-full\" alt=\"\" src=\"https:\/\/www.berti.net\/wp-content\/uploads\/berti-certificazione-parita-di-genere-legno-pavimenti.jpg\" data-object-fit=\"cover\" srcset=\"https:\/\/www.berti.net\/wp-content\/uploads\/berti-certificazione-parita-di-genere-legno-pavimenti.jpg 1600w, https:\/\/www.berti.net\/wp-content\/uploads\/berti-certificazione-parita-di-genere-legno-pavimenti-812x542.jpg 812w, https:\/\/www.berti.net\/wp-content\/uploads\/berti-certificazione-parita-di-genere-legno-pavimenti-768x512.jpg 768w, https:\/\/www.berti.net\/wp-content\/uploads\/berti-certificazione-parita-di-genere-legno-pavimenti-1536x1024.jpg 1536w\" sizes=\"auto, (max-width: 1600px) 100vw, 1600px\" \/><span aria-hidden=\"true\" class=\"wp-block-cover__background has-background-dim-60 has-background-dim wp-block-cover__gradient-background has-background-gradient\" style=\"background:linear-gradient(0deg,rgba(25,25,25,0) 0%,rgb(25,25,25) 44%)\"><\/span><div class=\"wp-block-cover__inner-container is-layout-flow wp-block-cover-is-layout-flow\">\n<div class=\"wp-block-group banner-hero-content has-global-padding is-layout-constrained wp-container-core-group-is-layout-8f34a46e wp-block-group-is-layout-constrained\" style=\"padding-bottom:var(--wp--preset--spacing--70)\">\n<div class=\"wp-block-group has-global-padding is-layout-constrained wp-container-core-group-is-layout-b831be90 wp-block-group-is-layout-constrained\">\n<h1 class=\"wp-block-heading has-text-align-center has-white-color has-text-color has-xxxl-font-size\" style=\"letter-spacing:0px;line-height:1;text-transform:uppercase\">L&rsquo;\u00c9GALIT\u00c9 ENTRE LES HOMMES ET LES FEMMES<\/h1>\n<\/div>\n\n\n\n<div class=\"wp-block-group has-global-padding is-layout-constrained wp-container-core-group-is-layout-11258054 wp-block-group-is-layout-constrained\" style=\"margin-top:25px;margin-bottom:20px\">\n<div class=\"wp-block-group has-global-padding is-layout-constrained wp-container-core-group-is-layout-c00d8324 wp-block-group-is-layout-constrained\">\n<p class=\"has-text-align-center has-m-font-size\"><\/p>\n<\/div>\n<\/div>\n<\/div>\n<\/div><\/div>\n<\/div>\n\n<div class=\"wp-block-group is-style-default has-global-padding is-layout-constrained wp-container-core-group-is-layout-f0f2e811 wp-block-group-is-layout-constrained\" style=\"padding-top:var(--wp--preset--spacing--70);padding-bottom:var(--wp--preset--spacing--130)\">\n<div class=\"wp-block-columns are-vertically-aligned-center is-layout-flex wp-container-core-columns-is-layout-168dfbb2 wp-block-columns-is-layout-flex\" style=\"padding-right:6%;padding-left:6%\">\n<div class=\"wp-block-column is-vertically-aligned-center is-layout-flow wp-block-column-is-layout-flow\" style=\"flex-basis:33.33%\">\n<div class=\"wp-block-group has-global-padding is-content-justification-center is-layout-constrained wp-container-core-group-is-layout-2d1ef6f6 wp-block-group-is-layout-constrained\">\n<figure class=\"wp-block-image size-full\"><img loading=\"lazy\" decoding=\"async\" width=\"2560\" height=\"2555\" src=\"https:\/\/www.berti.net\/wp-content\/uploads\/berti-pavimenti-legno-parquet-certificati-parita_di_genere-scaled.png\" alt=\"\" class=\"wp-image-27006\" style=\"object-fit:cover\" srcset=\"https:\/\/www.berti.net\/wp-content\/uploads\/berti-pavimenti-legno-parquet-certificati-parita_di_genere-scaled.png 2560w, https:\/\/www.berti.net\/wp-content\/uploads\/berti-pavimenti-legno-parquet-certificati-parita_di_genere-1920x1916.png 1920w, https:\/\/www.berti.net\/wp-content\/uploads\/berti-pavimenti-legno-parquet-certificati-parita_di_genere-406x406.png 406w, https:\/\/www.berti.net\/wp-content\/uploads\/berti-pavimenti-legno-parquet-certificati-parita_di_genere-768x767.png 768w, https:\/\/www.berti.net\/wp-content\/uploads\/berti-pavimenti-legno-parquet-certificati-parita_di_genere-1536x1533.png 1536w, https:\/\/www.berti.net\/wp-content\/uploads\/berti-pavimenti-legno-parquet-certificati-parita_di_genere-2048x2044.png 2048w\" sizes=\"auto, (max-width: 2560px) 100vw, 2560px\" \/><\/figure>\n<\/div>\n<\/div>\n\n\n\n<div class=\"wp-block-column is-vertically-aligned-center is-layout-flow wp-block-column-is-layout-flow\" style=\"flex-basis:66.66%\">\n<div class=\"wp-block-group has-global-padding is-layout-constrained wp-container-core-group-is-layout-f00c8009 wp-block-group-is-layout-constrained\" style=\"padding-right:5%;padding-left:5%\">\n<p>Chez Berti Pavimenti Legno, nous pensons que la qualit\u00e9 et la beaut\u00e9 de nos produits d\u00e9coulent \u00e9galement d&rsquo;un environnement de travail \u00e9quitable, inclusif et respectueux.  <\/p>\n\n\n\n<p>Nous reconnaissons donc la valeur fondamentale de l&rsquo;\u00e9galit\u00e9 des sexes et nous nous engageons \u00e0 promouvoir une culture d&rsquo;entreprise fond\u00e9e sur l&rsquo;\u00e9galit\u00e9 des chances, le respect mutuel et la valorisation de la diversit\u00e9.<\/p>\n\n\n\n<div class=\"wp-block-buttons is-layout-flex wp-block-buttons-is-layout-flex\">\n<div class=\"wp-block-button\"><a class=\"wp-block-button__link has-contrast-2-color has-base-background-color has-text-color has-background has-link-color wp-element-button\" href=\"https:\/\/www.berti.net\/wp-content\/uploads\/POL_SGPG_rev.0_BERTI.signed.pdf\"><strong>T\u00c9L\u00c9CHARGER LE<\/strong>CERTIFICAT<\/a><\/div>\n<\/div>\n<\/div>\n<\/div>\n<\/div>\n\n\n\n<div class=\"wp-block-group alignwide title-text-indented-pattern has-base-color has-text-color has-link-color wp-elements-92c80bdbc3fd531e17d02969d8c6eef9 has-global-padding is-layout-constrained wp-container-core-group-is-layout-e7f6fb82 wp-block-group-is-layout-constrained\" style=\"padding-top:0;padding-bottom:var(--wp--preset--spacing--90)\">\n<h3 class=\"wp-block-heading has-text-color has-m-32-font-size\" style=\"color:#000000\">Ce que cette certification garantit<\/h3>\n\n\n\n<div class=\"wp-block-group has-global-padding is-layout-constrained wp-block-group-is-layout-constrained\">\n<p style=\"line-height:1.4\">La certification de l&rsquo;\u00e9galit\u00e9 entre les hommes et les femmes est un certificat d\u00e9livr\u00e9 par une tierce partie reconnue et implique un contr\u00f4le constant. Elle signifie que notre entreprise <\/p>\n\n\n\n<ul class=\"wp-block-list\">\n<li><strong>Elle valorise les comp\u00e9tences et le m\u00e9rite<\/strong>, sans discrimination de genre.<\/li>\n\n\n\n<li><strong>Il garantit l&rsquo;\u00e9quit\u00e9 salariale<\/strong>, les salaires \u00e9tant exclusivement li\u00e9s au r\u00f4le, \u00e0 l&rsquo;exp\u00e9rience et aux objectifs atteints.<\/li>\n\n\n\n<li>Il <strong>soutient la parentalit\u00e9<\/strong> par des programmes sp\u00e9cifiques, la protection de l&#8217;emploi et la promotion de l&rsquo;utilisation du cong\u00e9 parental, y compris pour les p\u00e8res.<\/li>\n\n\n\n<li><strong>Elle favorise l&rsquo;\u00e9quilibre entre vie professionnelle et vie priv\u00e9e<\/strong> gr\u00e2ce \u00e0 des horaires de travail flexibles et au travail intelligent dans la mesure du possible.<\/li>\n\n\n\n<li>Elle <strong>pr\u00e9vient et combat le harc\u00e8lement et la discrimination<\/strong> par la formation, la sensibilisation et des canaux de signalement sp\u00e9cifiques.<\/li>\n<\/ul>\n\n\n\n<div style=\"height:64px\" aria-hidden=\"true\" class=\"wp-block-spacer\"><\/div>\n\n\n\n<h3 class=\"wp-block-heading has-text-color has-m-32-font-size\" style=\"color:#000000\">Pourquoi est-il important pour vous de choisir Berti Pavimenti Legno ?<\/h3>\n\n\n\n<ul class=\"wp-block-list\">\n<li><strong>Elle place les personnes au centre<\/strong>, en tant que ressource strat\u00e9gique et atout \u00e0 exploiter.<\/li>\n\n\n\n<li><strong>Elle promeut un environnement de travail sain et respectueux<\/strong>, o\u00f9 le dialogue et la motivation favorisent la qualit\u00e9 et la fiabilit\u00e9 des produits.<\/li>\n\n\n\n<li>Elle <strong>r\u00e9pond aux normes nationales et internationales<\/strong>, garantissant la transparence et la responsabilit\u00e9 sociale.<\/li>\n<\/ul>\n\n\n\n<div class=\"wp-block-buttons is-vertical is-layout-flex wp-container-core-buttons-is-layout-3210c5b8 wp-block-buttons-is-layout-flex\" style=\"margin-top:var(--wp--preset--spacing--40)\">\n<div class=\"wp-block-button is-style-icon\"><a class=\"wp-block-button__link wp-element-button\" href=\"https:\/\/www.berti.net\/fr\/produits-berti\/\">D\u00e9couvrez les produits<\/a><\/div>\n\n\n\n<div class=\"wp-block-button is-style-icon\"><a class=\"wp-block-button__link wp-element-button\" href=\"https:\/\/www.berti.net\/fr\/certifications\/\">Retour aux certifications<\/a><\/div>\n<\/div>\n<\/div>\n<\/div>\n<\/div>\n\n<div class=\"wp-block-cover alignfull is-light estimate-request-content animated fadeIn\" style=\"margin-top:0\"><img decoding=\"async\" class=\"wp-block-cover__image-background\" alt=\"\" src=\"https:\/\/www.berti.net\/wp-content\/themes\/thombase\/public\/images\/estimateBanner.webp\" data-object-fit=\"cover\"\/><span aria-hidden=\"true\" class=\"wp-block-cover__background has-background-dim-0 has-background-dim\"><\/span><div class=\"wp-block-cover__inner-container has-global-padding is-layout-constrained wp-block-cover-is-layout-constrained\">\n<div id=\"estimate\" class=\"wp-block-group alignleft estimate-request-content-inner has-global-padding is-content-justification-left is-layout-constrained wp-container-core-group-is-layout-94054b8f wp-block-group-is-layout-constrained\">\n<h5 class=\"wp-block-heading\">Demandez un <strong>devis<\/strong>,<br\/>entrez dans le monde Berti<\/h5>\n\n\n\n<p>\n  Remplissez le formulaire pour demander un devis. Vous recevrez une r\u00e9ponse de notre \u00e9quipe dans les plus brefs d\u00e9lais. \n            <\/p>\n\n\n\n<div class=\"wp-block-buttons is-layout-flex wp-block-buttons-is-layout-flex\">\n<div class=\"wp-block-button is-style-link\"><a class=\"wp-block-button__link wp-element-button\" href=\"https:\/\/www.berti.net\/fr\/demander-un-devis-2\/\">POSEZ VOTRE CANDIDATURE D\u00c8S MAINTENANT<\/a><\/div>\n<\/div>\n<\/div>\n<\/div><\/div>\n","protected":false},"excerpt":{"rendered":"<p>Chez Berti Pavimenti Legno, nous pensons que la qualit\u00e9 et la beaut\u00e9 de nos produits d\u00e9coulent \u00e9galement d&rsquo;un environnement de travail \u00e9quitable, inclusif et respectueux. Nous reconnaissons donc la valeur fondamentale de l&rsquo;\u00e9galit\u00e9 des sexes et nous nous engageons \u00e0 promouvoir une culture d&rsquo;entreprise fond\u00e9e sur l&rsquo;\u00e9galit\u00e9 des chances, le respect mutuel et la valorisation de la diversit\u00e9. Ce que [&hellip;]<\/p>\n","protected":false},"author":2,"featured_media":0,"parent":26287,"menu_order":0,"comment_status":"closed","ping_status":"closed","template":"page-with-overlying-header","meta":{"footnotes":""},"class_list":["post-26239","page","type-page","status-publish","hentry"],"_links":{"self":[{"href":"https:\/\/www.berti.net\/fr\/wp-json\/wp\/v2\/pages\/26239","targetHints":{"allow":["GET"]}}],"collection":[{"href":"https:\/\/www.berti.net\/fr\/wp-json\/wp\/v2\/pages"}],"about":[{"href":"https:\/\/www.berti.net\/fr\/wp-json\/wp\/v2\/types\/page"}],"author":[{"embeddable":true,"href":"https:\/\/www.berti.net\/fr\/wp-json\/wp\/v2\/users\/2"}],"replies":[{"embeddable":true,"href":"https:\/\/www.berti.net\/fr\/wp-json\/wp\/v2\/comments?post=26239"}],"version-history":[{"count":3,"href":"https:\/\/www.berti.net\/fr\/wp-json\/wp\/v2\/pages\/26239\/revisions"}],"predecessor-version":[{"id":27021,"href":"https:\/\/www.berti.net\/fr\/wp-json\/wp\/v2\/pages\/26239\/revisions\/27021"}],"up":[{"embeddable":true,"href":"https:\/\/www.berti.net\/fr\/wp-json\/wp\/v2\/pages\/26287"}],"wp:attachment":[{"href":"https:\/\/www.berti.net\/fr\/wp-json\/wp\/v2\/media?parent=26239"}],"curies":[{"name":"wp","href":"https:\/\/api.w.org\/{rel}","templated":true}]}}