{"id":26228,"date":"2025-06-26T12:57:23","date_gmt":"2025-06-26T12:57:23","guid":{"rendered":"https:\/\/www.berti.net\/certification-carb\/"},"modified":"2025-09-24T15:26:40","modified_gmt":"2025-09-24T15:26:40","slug":"certification-carb","status":"publish","type":"page","link":"https:\/\/www.berti.net\/fr\/certifications\/certification-carb\/","title":{"rendered":"Certification &#8211; CARB"},"content":{"rendered":"\n<div class=\"wp-block-group alignfull has-global-padding is-layout-constrained wp-block-group-is-layout-constrained\">\n<div class=\"wp-block-cover alignfull banner-hero has-aspect-ratio wp-duotone-unset-1\" style=\"padding-top:0px;padding-right:0;padding-bottom:0px;padding-left:0;min-height:516px;aspect-ratio:auto;min-height:unset;\"><img loading=\"lazy\" decoding=\"async\" width=\"1400\" height=\"1068\" class=\"wp-block-cover__image-background wp-image-25473 size-full\" alt=\"\" src=\"https:\/\/www.berti.net\/wp-content\/uploads\/berti-certificazione-carb-legno-pavimenti.jpg\" data-object-fit=\"cover\" srcset=\"https:\/\/www.berti.net\/wp-content\/uploads\/berti-certificazione-carb-legno-pavimenti.jpg 1400w, https:\/\/www.berti.net\/wp-content\/uploads\/berti-certificazione-carb-legno-pavimenti-812x619.jpg 812w, https:\/\/www.berti.net\/wp-content\/uploads\/berti-certificazione-carb-legno-pavimenti-768x586.jpg 768w\" sizes=\"auto, (max-width: 1400px) 100vw, 1400px\" \/><span aria-hidden=\"true\" class=\"wp-block-cover__background has-background-dim wp-block-cover__gradient-background has-background-gradient\" style=\"background:linear-gradient(0deg,rgba(25,25,25,0) 0%,rgb(25,25,25) 57%)\"><\/span><div class=\"wp-block-cover__inner-container is-layout-flow wp-block-cover-is-layout-flow\">\n<div class=\"wp-block-group banner-hero-content has-global-padding is-layout-constrained wp-container-core-group-is-layout-8f34a46e wp-block-group-is-layout-constrained\" style=\"padding-bottom:var(--wp--preset--spacing--70)\">\n<div class=\"wp-block-group has-global-padding is-layout-constrained wp-container-core-group-is-layout-b831be90 wp-block-group-is-layout-constrained\">\n<h1 class=\"wp-block-heading has-text-align-center has-white-color has-text-color has-xxxl-font-size\" style=\"letter-spacing:0px;line-height:1;text-transform:uppercase\">CARB<\/h1>\n<\/div>\n\n\n\n<div class=\"wp-block-group has-global-padding is-layout-constrained wp-container-core-group-is-layout-11258054 wp-block-group-is-layout-constrained\" style=\"margin-top:25px;margin-bottom:20px\">\n<div class=\"wp-block-group has-global-padding is-layout-constrained wp-container-core-group-is-layout-c00d8324 wp-block-group-is-layout-constrained\">\n<p class=\"has-text-align-center has-m-font-size\"><\/p>\n<\/div>\n<\/div>\n<\/div>\n<\/div><\/div>\n<\/div>\n\n<div class=\"wp-block-group is-style-default has-global-padding is-layout-constrained wp-container-core-group-is-layout-f0f2e811 wp-block-group-is-layout-constrained\" style=\"padding-top:var(--wp--preset--spacing--70);padding-bottom:var(--wp--preset--spacing--130)\">\n<div class=\"wp-block-columns are-vertically-aligned-center is-layout-flex wp-container-core-columns-is-layout-168dfbb2 wp-block-columns-is-layout-flex\" style=\"padding-right:6%;padding-left:6%\">\n<div class=\"wp-block-column is-vertically-aligned-center is-layout-flow wp-block-column-is-layout-flow\" style=\"flex-basis:33.33%\">\n<div class=\"wp-block-group has-global-padding is-content-justification-center is-layout-constrained wp-container-core-group-is-layout-2d1ef6f6 wp-block-group-is-layout-constrained\">\n<figure class=\"wp-block-image size-full\"><img loading=\"lazy\" decoding=\"async\" width=\"2236\" height=\"922\" src=\"https:\/\/www.berti.net\/wp-content\/uploads\/berti-pavimenti-legno_parquet-certificati-CARB-certificazione-scaled-e1758727569235.png\" alt=\"\" class=\"wp-image-27030\" style=\"object-fit:cover\" srcset=\"https:\/\/www.berti.net\/wp-content\/uploads\/berti-pavimenti-legno_parquet-certificati-CARB-certificazione-scaled-e1758727569235.png 2236w, https:\/\/www.berti.net\/wp-content\/uploads\/berti-pavimenti-legno_parquet-certificati-CARB-certificazione-scaled-e1758727569235-812x335.png 812w, https:\/\/www.berti.net\/wp-content\/uploads\/berti-pavimenti-legno_parquet-certificati-CARB-certificazione-scaled-e1758727569235-1920x792.png 1920w, https:\/\/www.berti.net\/wp-content\/uploads\/berti-pavimenti-legno_parquet-certificati-CARB-certificazione-scaled-e1758727569235-768x317.png 768w, https:\/\/www.berti.net\/wp-content\/uploads\/berti-pavimenti-legno_parquet-certificati-CARB-certificazione-scaled-e1758727569235-1536x633.png 1536w, https:\/\/www.berti.net\/wp-content\/uploads\/berti-pavimenti-legno_parquet-certificati-CARB-certificazione-scaled-e1758727569235-2048x844.png 2048w\" sizes=\"auto, (max-width: 2236px) 100vw, 2236px\" \/><\/figure>\n<\/div>\n<\/div>\n\n\n\n<div class=\"wp-block-column is-vertically-aligned-center is-layout-flow wp-block-column-is-layout-flow\" style=\"flex-basis:66.66%\">\n<div class=\"wp-block-group has-global-padding is-layout-constrained wp-container-core-group-is-layout-f00c8009 wp-block-group-is-layout-constrained\" style=\"padding-right:5%;padding-left:5%\">\n<p>La certification <strong>CARB<\/strong>, bien qu&rsquo;elle ne soit obligatoire qu&rsquo;en Californie, a \u00e9t\u00e9 reprise comme norme am\u00e9ricaine, ce qui a incit\u00e9 de nombreux fabricants europ\u00e9ens de produits semi-finis ou finis \u00e0 contr\u00f4ler les \u00e9missions de formald\u00e9hyde.<\/p>\n\n\n\n<div class=\"wp-block-buttons is-layout-flex wp-block-buttons-is-layout-flex\">\n<div class=\"wp-block-button\"><a class=\"wp-block-button__link has-contrast-2-color has-base-background-color has-text-color has-background has-link-color wp-element-button\" href=\"https:\/\/www.berti.net\/wp-content\/uploads\/2024\/09\/berti-pavimenti-legno_parquet_certificato_CARB-TSCA.pdf\"><strong>T\u00c9L\u00c9CHARGER LE<\/strong>CERTIFICAT<\/a><\/div>\n<\/div>\n<\/div>\n<\/div>\n<\/div>\n\n\n\n<div class=\"wp-block-group alignwide title-text-indented-pattern has-base-color has-text-color has-link-color wp-elements-631a8e8fa3ed361029903002905de99a has-global-padding is-layout-constrained wp-container-core-group-is-layout-e7f6fb82 wp-block-group-is-layout-constrained\" style=\"padding-top:0;padding-bottom:var(--wp--preset--spacing--90)\">\n<h3 class=\"wp-block-heading has-text-color has-m-32-font-size\" style=\"color:#000000\">Ce qu&rsquo;il garantit \u00e0 l&rsquo;acheteur<\/h3>\n\n\n\n<div class=\"wp-block-group has-global-padding is-layout-constrained wp-block-group-is-layout-constrained\">\n<ul class=\"wp-block-list\">\n<li><strong>Un air plus sain dans la maison<\/strong>: des niveaux r\u00e9duits de formald\u00e9hyde contribuent \u00e0 am\u00e9liorer la qualit\u00e9 de l&rsquo;air int\u00e9rieur, r\u00e9duisant ainsi les risques d&rsquo;irritation des voies respiratoires, des yeux et de la peau.<\/li>\n\n\n\n<li><strong>Une qualit\u00e9 sup\u00e9rieure<\/strong>: m\u00eame si la r\u00e9glementation europ\u00e9enne impose des limites d&rsquo;\u00e9missions (ex : classe E1 selon la r\u00e9glementation europ\u00e9enne), le CARB offre une garantie suppl\u00e9mentaire avec des seuils plus stricts.<\/li>\n\n\n\n<li><strong>Diff\u00e9renciation du march\u00e9<\/strong>: un produit certifi\u00e9 CARB indique que l&rsquo;entreprise a choisi d&rsquo;adopter des normes suppl\u00e9mentaires pour la sant\u00e9 du client et l&rsquo;environnement.<\/li>\n\n\n\n<li><strong>Tra\u00e7abilit\u00e9 et transparence<\/strong>: vous pouvez demander le certificat de conformit\u00e9 CARB pour v\u00e9rifier les param\u00e8tres test\u00e9s par un laboratoire accr\u00e9dit\u00e9.<\/li>\n<\/ul>\n\n\n\n<div style=\"height:64px\" aria-hidden=\"true\" class=\"wp-block-spacer\"><\/div>\n\n\n\n<h3 class=\"wp-block-heading has-text-color has-m-32-font-size\" style=\"color:#000000\">Le chemin de Berti Pavimenti Legno vers le CARB<\/h3>\n\n\n\n<ul class=\"wp-block-list\">\n<li><strong>S\u00e9lection de mati\u00e8res premi\u00e8res et de panneaux<\/strong> avec des liants et des r\u00e9sines r\u00e9duisant les \u00e9missions.<\/li>\n\n\n\n<li><strong>Test en laboratoire accr\u00e9dit\u00e9<\/strong> pour mesurer la quantit\u00e9 de formald\u00e9hyde \u00e9mise, conform\u00e9ment aux normes CARB\/ATCM.<\/li>\n\n\n\n<li><strong>D\u00e9livrance du certificat<\/strong> attestant le respect des limites prescrites (phase 2).<\/li>\n\n\n\n<li><strong>Mise \u00e0 jour constante<\/strong>: nous surveillons les modifications apport\u00e9es aux normes CARB ou aux r\u00e9glementations europ\u00e9ennes afin de maintenir la validit\u00e9 de la certification.<\/li>\n<\/ul>\n\n\n\n<div class=\"wp-block-buttons is-vertical is-layout-flex wp-container-core-buttons-is-layout-3210c5b8 wp-block-buttons-is-layout-flex\" style=\"margin-top:var(--wp--preset--spacing--40)\">\n<div class=\"wp-block-button is-style-icon\"><a class=\"wp-block-button__link wp-element-button\" href=\"https:\/\/www.berti.net\/fr\/produits-berti\/\">D\u00e9couvrez les produits<\/a><\/div>\n\n\n\n<div class=\"wp-block-button is-style-icon\"><a class=\"wp-block-button__link wp-element-button\" href=\"https:\/\/www.berti.net\/fr\/certifications\/\">Retour aux certifications<\/a><\/div>\n<\/div>\n<\/div>\n<\/div>\n<\/div>\n\n<div class=\"wp-block-cover alignfull is-light estimate-request-content animated fadeIn\" style=\"margin-top:0\"><img decoding=\"async\" class=\"wp-block-cover__image-background\" alt=\"\" src=\"https:\/\/www.berti.net\/wp-content\/themes\/thombase\/public\/images\/estimateBanner.webp\" data-object-fit=\"cover\"\/><span aria-hidden=\"true\" class=\"wp-block-cover__background has-background-dim-0 has-background-dim\"><\/span><div class=\"wp-block-cover__inner-container has-global-padding is-layout-constrained wp-block-cover-is-layout-constrained\">\n<div id=\"estimate\" class=\"wp-block-group alignleft estimate-request-content-inner has-global-padding is-content-justification-left is-layout-constrained wp-container-core-group-is-layout-94054b8f wp-block-group-is-layout-constrained\">\n<h5 class=\"wp-block-heading\">Demandez un <strong>devis<\/strong>,<br\/>entrez dans le monde Berti<\/h5>\n\n\n\n<p>\n  Remplissez le formulaire pour demander un devis. Vous recevrez une r\u00e9ponse de notre \u00e9quipe dans les plus brefs d\u00e9lais. \n            <\/p>\n\n\n\n<div class=\"wp-block-buttons is-layout-flex wp-block-buttons-is-layout-flex\">\n<div class=\"wp-block-button is-style-link\"><a class=\"wp-block-button__link wp-element-button\" href=\"https:\/\/www.berti.net\/fr\/demander-un-devis-2\/\">POSEZ VOTRE CANDIDATURE D\u00c8S MAINTENANT<\/a><\/div>\n<\/div>\n<\/div>\n<\/div><\/div>\n","protected":false},"excerpt":{"rendered":"<p>La certification CARB, bien qu&rsquo;elle ne soit obligatoire qu&rsquo;en Californie, a \u00e9t\u00e9 reprise comme norme am\u00e9ricaine, ce qui a incit\u00e9 de nombreux fabricants europ\u00e9ens de produits semi-finis ou finis \u00e0 contr\u00f4ler les \u00e9missions de formald\u00e9hyde. Ce qu&rsquo;il garantit \u00e0 l&rsquo;acheteur Le chemin de Berti Pavimenti Legno vers le CARB<\/p>\n","protected":false},"author":2,"featured_media":0,"parent":26287,"menu_order":0,"comment_status":"closed","ping_status":"closed","template":"page-with-overlying-header","meta":{"footnotes":""},"class_list":["post-26228","page","type-page","status-publish","hentry"],"_links":{"self":[{"href":"https:\/\/www.berti.net\/fr\/wp-json\/wp\/v2\/pages\/26228","targetHints":{"allow":["GET"]}}],"collection":[{"href":"https:\/\/www.berti.net\/fr\/wp-json\/wp\/v2\/pages"}],"about":[{"href":"https:\/\/www.berti.net\/fr\/wp-json\/wp\/v2\/types\/page"}],"author":[{"embeddable":true,"href":"https:\/\/www.berti.net\/fr\/wp-json\/wp\/v2\/users\/2"}],"replies":[{"embeddable":true,"href":"https:\/\/www.berti.net\/fr\/wp-json\/wp\/v2\/comments?post=26228"}],"version-history":[{"count":7,"href":"https:\/\/www.berti.net\/fr\/wp-json\/wp\/v2\/pages\/26228\/revisions"}],"predecessor-version":[{"id":27062,"href":"https:\/\/www.berti.net\/fr\/wp-json\/wp\/v2\/pages\/26228\/revisions\/27062"}],"up":[{"embeddable":true,"href":"https:\/\/www.berti.net\/fr\/wp-json\/wp\/v2\/pages\/26287"}],"wp:attachment":[{"href":"https:\/\/www.berti.net\/fr\/wp-json\/wp\/v2\/media?parent=26228"}],"curies":[{"name":"wp","href":"https:\/\/api.w.org\/{rel}","templated":true}]}}