{"id":26222,"date":"2025-06-26T12:50:30","date_gmt":"2025-06-26T12:50:30","guid":{"rendered":"https:\/\/www.berti.net\/certification-sans-cov\/"},"modified":"2026-04-29T12:20:02","modified_gmt":"2026-04-29T10:20:02","slug":"certification-sans-cov","status":"publish","type":"page","link":"https:\/\/www.berti.net\/fr\/certifications\/certification-sans-cov\/","title":{"rendered":"Certification &#8211; SANS COV"},"content":{"rendered":"\n<div class=\"wp-block-group alignfull has-global-padding is-layout-constrained wp-block-group-is-layout-constrained\">\n<div class=\"wp-block-cover alignfull banner-hero has-aspect-ratio wp-duotone-unset-1\" style=\"padding-top:0px;padding-right:0;padding-bottom:0px;padding-left:0;min-height:516px;aspect-ratio:auto;min-height:unset;\"><img loading=\"lazy\" decoding=\"async\" width=\"1600\" height=\"1200\" class=\"wp-block-cover__image-background wp-image-25438 size-full\" alt=\"\" src=\"https:\/\/www.berti.net\/wp-content\/uploads\/berti-certificazione-voc-free-legno-pavimenti.jpg\" data-object-fit=\"cover\" srcset=\"https:\/\/www.berti.net\/wp-content\/uploads\/berti-certificazione-voc-free-legno-pavimenti.jpg 1600w, https:\/\/www.berti.net\/wp-content\/uploads\/berti-certificazione-voc-free-legno-pavimenti-812x609.jpg 812w, https:\/\/www.berti.net\/wp-content\/uploads\/berti-certificazione-voc-free-legno-pavimenti-768x576.jpg 768w, https:\/\/www.berti.net\/wp-content\/uploads\/berti-certificazione-voc-free-legno-pavimenti-1536x1152.jpg 1536w\" sizes=\"auto, (max-width: 1600px) 100vw, 1600px\" \/><span aria-hidden=\"true\" class=\"wp-block-cover__background has-background-dim-40 has-background-dim wp-block-cover__gradient-background has-background-gradient\" style=\"background:linear-gradient(0deg,rgba(25,25,25,0) 0%,rgb(25,25,25) 28%)\"><\/span><div class=\"wp-block-cover__inner-container is-layout-flow wp-block-cover-is-layout-flow\">\n<div class=\"wp-block-group banner-hero-content has-global-padding is-layout-constrained wp-container-core-group-is-layout-8f34a46e wp-block-group-is-layout-constrained\" style=\"padding-bottom:var(--wp--preset--spacing--70)\">\n<div class=\"wp-block-group has-global-padding is-layout-constrained wp-container-core-group-is-layout-b831be90 wp-block-group-is-layout-constrained\">\n<h1 class=\"wp-block-heading has-text-align-center has-white-color has-text-color has-xxxl-font-size\" style=\"letter-spacing:0px;line-height:1;text-transform:uppercase\">SANS COV<\/h1>\n<\/div>\n\n\n\n<div class=\"wp-block-group has-global-padding is-layout-constrained wp-container-core-group-is-layout-11258054 wp-block-group-is-layout-constrained\" style=\"margin-top:25px;margin-bottom:20px\">\n<div class=\"wp-block-group has-global-padding is-layout-constrained wp-container-core-group-is-layout-c00d8324 wp-block-group-is-layout-constrained\">\n<p class=\"has-text-align-center has-m-font-size\"><\/p>\n<\/div>\n<\/div>\n<\/div>\n<\/div><\/div>\n<\/div>\n\n<div class=\"wp-block-group is-style-default has-global-padding is-layout-constrained wp-container-core-group-is-layout-57cd8f3a wp-block-group-is-layout-constrained\" style=\"padding-top:var(--wp--preset--spacing--70);padding-bottom:var(--wp--preset--spacing--70)\">\n<div class=\"wp-block-columns are-vertically-aligned-center is-layout-flex wp-container-core-columns-is-layout-168dfbb2 wp-block-columns-is-layout-flex\" style=\"padding-right:6%;padding-left:6%\">\n<div class=\"wp-block-column is-vertically-aligned-center is-layout-flow wp-block-column-is-layout-flow\" style=\"flex-basis:33.33%\">\n<div class=\"wp-block-group has-global-padding is-content-justification-center is-layout-constrained wp-container-core-group-is-layout-2d1ef6f6 wp-block-group-is-layout-constrained\">\n<figure class=\"wp-block-image size-full\"><img loading=\"lazy\" decoding=\"async\" width=\"621\" height=\"300\" src=\"https:\/\/www.berti.net\/wp-content\/uploads\/berti-pavimenti-legno_parquet-certificati-VOCFREE_color.png\" alt=\"\" class=\"wp-image-26930\" style=\"object-fit:cover\"\/><\/figure>\n<\/div>\n<\/div>\n\n\n\n<div class=\"wp-block-column is-vertically-aligned-center is-layout-flow wp-block-column-is-layout-flow\" style=\"flex-basis:66.66%\">\n<div class=\"wp-block-group has-global-padding is-layout-constrained wp-container-core-group-is-layout-f00c8009 wp-block-group-is-layout-constrained\" style=\"padding-right:5%;padding-left:5%\">\n<p>La qualit\u00e9 de l\u2019air int\u00e9rieur est un facteur fondamental pour le bien-\u00eatre et la salubrit\u00e9 des espaces de vie et de travail. Les parquets Berti sont soumis \u00e0 des contr\u00f4les sp\u00e9cifiques sur les <strong>\u00e9missions de COV (Compos\u00e9s Organiques Volatils)<\/strong>, des substances qui peuvent \u00eatre lib\u00e9r\u00e9es par les mat\u00e9riaux de construction dans les environnements clos. <\/p>\n<\/div>\n<\/div>\n<\/div>\n\n\n\n<p>Afin de garantir la fiabilit\u00e9 maximale des r\u00e9sultats, les \u00e9missions sont mesur\u00e9es par des <strong>essais en laboratoire en chambre climatique selon les normes internationales ISO 16000<\/strong>, le standard de r\u00e9f\u00e9rence pour l\u2019\u00e9valuation des \u00e9missions de compos\u00e9s organiques volatils dans les produits de construction. <\/p>\n<\/div>\n\n<div class=\"wp-block-group alignwide title-text-indented-pattern has-base-color has-text-color has-link-color wp-elements-90aff2d9924b2e152a3b77a916703470 has-global-padding is-layout-constrained wp-container-core-group-is-layout-e7f6fb82 wp-block-group-is-layout-constrained\" style=\"padding-top:0;padding-bottom:var(--wp--preset--spacing--90)\">\n<h3 class=\"wp-block-heading has-text-color has-m-32-font-size\" style=\"color:#000000\">Test COV selon ISO 16000 \u2013 Laboratoire CATAS<\/h3>\n\n\n\n<p>Les \u00e9missions de COV des parquets ont \u00e9t\u00e9 analys\u00e9es par le laboratoire ind\u00e9pendant <strong>CATAS<\/strong>, l\u2019un des principaux centres europ\u00e9ens sp\u00e9cialis\u00e9s dans les essais pour le secteur du bois et de l\u2019ameublement.<\/p>\n\n\n\n<p>Le test est r\u00e9alis\u00e9 selon la norme <strong>UNI EN ISO 16000<\/strong>, qui d\u00e9finit avec pr\u00e9cision :<\/p>\n\n\n\n<ul class=\"wp-block-list\">\n<li>les conditions d\u2019essai en <strong>chambre climatique<\/strong><\/li>\n\n\n\n<li>la temp\u00e9rature et l\u2019humidit\u00e9 contr\u00f4l\u00e9es<\/li>\n\n\n\n<li>le renouvellement d\u2019air<\/li>\n\n\n\n<li>les m\u00e9thodes analytiques pour la d\u00e9tection des COV<\/li>\n<\/ul>\n\n\n\n<p>Cette m\u00e9thodologie permet de mesurer de mani\u00e8re scientifique et r\u00e9p\u00e9table les \u00e9missions lib\u00e9r\u00e9es par le produit apr\u00e8s des intervalles de temps sp\u00e9cifiques, fournissant des donn\u00e9es objectives et comparables au niveau international.<\/p>\n\n\n\n<div style=\"height:64px\" aria-hidden=\"true\" class=\"wp-block-spacer\"><\/div>\n\n\n\n<div class=\"wp-block-columns is-layout-flex wp-container-core-columns-is-layout-28f84493 wp-block-columns-is-layout-flex\">\n<div class=\"wp-block-column is-layout-flow wp-block-column-is-layout-flow\">\n<h2 class=\"wp-block-heading\">CERTIFICAT CATAS<\/h2>\n<\/div>\n\n\n\n<div class=\"wp-block-column is-vertically-aligned-center is-layout-flow wp-block-column-is-layout-flow\">\n<div class=\"wp-block-buttons is-layout-flex wp-block-buttons-is-layout-flex\">\n<div class=\"wp-block-button\"><a class=\"wp-block-button__link has-contrast-2-color has-base-background-color has-text-color has-background has-link-color wp-element-button\" href=\"https:\/\/www.berti.net\/wp-content\/uploads\/2024\/09\/berti-pavimenti-legno_parquet_certificato_voc.pdf\"><strong>T<\/strong>\u00c9L\u00c9CHARGER LE CERTIFICAT<\/a><\/div>\n<\/div>\n<\/div>\n<\/div>\n<\/div>\n\n<div class=\"wp-block-group alignwide title-text-indented-pattern has-base-color has-text-color has-link-color wp-elements-8e150595cbc7192fd95b41f7ff4f19f9 has-global-padding is-layout-constrained wp-container-core-group-is-layout-e7f6fb82 wp-block-group-is-layout-constrained\" style=\"padding-top:0;padding-bottom:var(--wp--preset--spacing--90)\">\n<h3 class=\"wp-block-heading has-text-color has-m-32-font-size\" style=\"color:#000000\">Certification Indoor Air Comfort \u2013 Eurofins<\/h3>\n\n\n\n<p>Les r\u00e9sultats des essais ont \u00e9galement \u00e9t\u00e9 v\u00e9rifi\u00e9s par le laboratoire international <strong>Eurofins<\/strong>, organisme leader en Europe pour la certification de la qualit\u00e9 de l\u2019air int\u00e9rieur.<\/p>\n\n\n\n<p>Le produit r\u00e9pond aux exigences du label <strong>Indoor Air Comfort<\/strong>, une certification reconnue au niveau europ\u00e9en qui atteste la conformit\u00e9 aux principales limites d\u2019\u00e9mission de COV requises par les r\u00e9glementations et les protocoles internationaux pour la construction durable. <\/p>\n\n\n\n<p>Ce sch\u00e9ma de certification int\u00e8gre les crit\u00e8res requis par diff\u00e9rents standards environnementaux utilis\u00e9s dans les projets d\u2019architecture et de construction durable.<\/p>\n\n\n\n<p>La combinaison entre <strong>essais en laboratoire accr\u00e9dit\u00e9s et certification ind\u00e9pendante COV<\/strong> repr\u00e9sente une garantie concr\u00e8te de qualit\u00e9 du produit.<\/p>\n\n\n\n<p>Les parquets Berti contribuent ainsi \u00e0 maintenir de <strong>faibles \u00e9missions de substances volatiles dans les environnements int\u00e9rieurs<\/strong>, favorisant des espaces de vie plus sains et confortables, et r\u00e9pondant aux exigences des concepteurs, architectes et utilisateurs finaux attentifs \u00e0 la qualit\u00e9 de l\u2019air int\u00e9rieur.<\/p>\n\n\n\n<div style=\"height:64px\" aria-hidden=\"true\" class=\"wp-block-spacer\"><\/div>\n\n\n\n<div class=\"wp-block-columns is-layout-flex wp-container-core-columns-is-layout-123a282d wp-block-columns-is-layout-flex\" style=\"padding-bottom:var(--wp--preset--spacing--40)\">\n<div class=\"wp-block-column is-layout-flow wp-block-column-is-layout-flow\">\n<h2 class=\"wp-block-heading\">CERTIFICAT EUROFINS<\/h2>\n<\/div>\n\n\n\n<div class=\"wp-block-column is-vertically-aligned-center is-layout-flow wp-block-column-is-layout-flow\">\n<div class=\"wp-block-buttons is-content-justification-center is-layout-flex wp-container-core-buttons-is-layout-a89b3969 wp-block-buttons-is-layout-flex\">\n<div class=\"wp-block-button\"><a class=\"wp-block-button__link has-contrast-2-color has-base-background-color has-text-color has-background has-link-color wp-element-button\" href=\"https:\/\/www.berti.net\/wp-content\/uploads\/CERTIFICATO-VOC-RENNER2025.pdf\"><strong>T<\/strong>\u00c9L\u00c9CHARGER LE CERTIFICAT<\/a><\/div>\n<\/div>\n<\/div>\n<\/div>\n\n\n\n<h3 class=\"wp-block-heading has-text-color has-m-32-font-size\" style=\"color:#000000\">Un parquet qui contribue au bien-\u00eatre des environnements<\/h3>\n\n\n\n<div class=\"wp-block-buttons is-vertical is-layout-flex wp-container-core-buttons-is-layout-3210c5b8 wp-block-buttons-is-layout-flex\" style=\"margin-top:var(--wp--preset--spacing--40)\">\n<div class=\"wp-block-button is-style-icon\"><a class=\"wp-block-button__link wp-element-button\" href=\"https:\/\/www.berti.net\/fr\/produits-berti\/\">D\u00e9couvrez les produits<\/a><\/div>\n\n\n\n<div class=\"wp-block-button is-style-icon\"><a class=\"wp-block-button__link wp-element-button\" href=\"https:\/\/www.berti.net\/fr\/certifications\/\">Retour aux certifications<\/a><\/div>\n<\/div>\n<\/div>\n\n<div class=\"wp-block-cover alignfull is-light estimate-request-content animated fadeIn\" style=\"margin-top:0\"><img decoding=\"async\" class=\"wp-block-cover__image-background\" alt=\"\" src=\"https:\/\/www.berti.net\/wp-content\/themes\/thombase\/public\/images\/estimateBanner.webp\" data-object-fit=\"cover\"\/><span aria-hidden=\"true\" class=\"wp-block-cover__background has-background-dim-0 has-background-dim\"><\/span><div class=\"wp-block-cover__inner-container has-global-padding is-layout-constrained wp-block-cover-is-layout-constrained\">\n<div id=\"estimate\" class=\"wp-block-group alignleft estimate-request-content-inner has-global-padding is-content-justification-left is-layout-constrained wp-container-core-group-is-layout-94054b8f wp-block-group-is-layout-constrained\">\n<h5 class=\"wp-block-heading\">Demandez un <strong>devis<\/strong>,<br\/>entrez dans l&rsquo;univers Berti<\/h5>\n\n\n\n<p>\n  Remplissez le formulaire pour demander un devis. Vous recevrez rapidement une r\u00e9ponse de notre \u00e9quipe. \n            <\/p>\n\n\n\n<div class=\"wp-block-buttons is-layout-flex wp-block-buttons-is-layout-flex\">\n<div class=\"wp-block-button is-style-link\"><a class=\"wp-block-button__link wp-element-button\" href=\"https:\/\/www.berti.net\/fr\/demander-un-devis-2\/\">DEMANDEZ-LE MAINTENANT<\/a><\/div>\n<\/div>\n<\/div>\n<\/div><\/div>\n","protected":false},"excerpt":{"rendered":"<p>La qualit\u00e9 de l\u2019air int\u00e9rieur est un facteur fondamental pour le bien-\u00eatre et la salubrit\u00e9 des espaces de vie et de travail. Les parquets Berti sont soumis \u00e0 des contr\u00f4les sp\u00e9cifiques sur les \u00e9missions de COV (Compos\u00e9s Organiques Volatils), des substances qui peuvent \u00eatre lib\u00e9r\u00e9es par les mat\u00e9riaux de construction dans les environnements clos. Afin de garantir la fiabilit\u00e9 maximale [&hellip;]<\/p>\n","protected":false},"author":2,"featured_media":0,"parent":26287,"menu_order":0,"comment_status":"closed","ping_status":"closed","template":"page-with-overlying-header","meta":{"footnotes":""},"class_list":["post-26222","page","type-page","status-publish","hentry"],"_links":{"self":[{"href":"https:\/\/www.berti.net\/fr\/wp-json\/wp\/v2\/pages\/26222","targetHints":{"allow":["GET"]}}],"collection":[{"href":"https:\/\/www.berti.net\/fr\/wp-json\/wp\/v2\/pages"}],"about":[{"href":"https:\/\/www.berti.net\/fr\/wp-json\/wp\/v2\/types\/page"}],"author":[{"embeddable":true,"href":"https:\/\/www.berti.net\/fr\/wp-json\/wp\/v2\/users\/2"}],"replies":[{"embeddable":true,"href":"https:\/\/www.berti.net\/fr\/wp-json\/wp\/v2\/comments?post=26222"}],"version-history":[{"count":3,"href":"https:\/\/www.berti.net\/fr\/wp-json\/wp\/v2\/pages\/26222\/revisions"}],"predecessor-version":[{"id":29900,"href":"https:\/\/www.berti.net\/fr\/wp-json\/wp\/v2\/pages\/26222\/revisions\/29900"}],"up":[{"embeddable":true,"href":"https:\/\/www.berti.net\/fr\/wp-json\/wp\/v2\/pages\/26287"}],"wp:attachment":[{"href":"https:\/\/www.berti.net\/fr\/wp-json\/wp\/v2\/media?parent=26222"}],"curies":[{"name":"wp","href":"https:\/\/api.w.org\/{rel}","templated":true}]}}