{"id":20099,"date":"2024-09-16T13:45:14","date_gmt":"2024-09-16T13:45:14","guid":{"rendered":"https:\/\/www.berti.net\/product\/i-plank-antiguo\/"},"modified":"2025-10-24T10:04:10","modified_gmt":"2025-10-24T10:04:10","slug":"i-plank-antiguo","status":"publish","type":"product","link":"https:\/\/www.berti.net\/es\/i-wood\/i-plank-antiguo\/","title":{"rendered":"I-Plank Antiguo"},"content":{"rendered":"\n<div class=\"wp-block-group is-style-container has-global-padding is-content-justification-center is-layout-constrained wp-block-group-is-layout-constrained\">\n<div class=\"wp-block-group is-style-default has-global-padding is-content-justification-left is-layout-constrained wp-container-core-group-is-layout-a6931cc7 wp-block-group-is-layout-constrained\" style=\"margin-top:var(--wp--preset--spacing--130);margin-bottom:var(--wp--preset--spacing--130)\">\n<p class=\"is-style-indent animated fadeIn has-m-22-font-size\">Las tablas de madera tienen una estructura de 3 capas de s\u00f3lo 10,2 mm, donde el potencial del roble se combina perfectamente con la funcionalidad del contrachapado de abedul.<\/p>\n\n\n\n<p class=\"is-style-indent animated fadeIn has-m-22-font-size\">Las capas de pintura <strong>Xstremestrong<\/strong> son un potente revestimiento que convierte a<strong> I-Plank<\/strong> en un producto de &#8221;alto tr\u00e1nsito&#8221; con clasificaci\u00f3n ign\u00edfuga de Clase 1, ideal para entornos privados y p\u00fablicos muy concurridos.<\/p>\n<\/div>\n\n\n\n<div class=\"wp-block-group alignfull has-global-padding is-layout-constrained wp-block-group-is-layout-constrained\" style=\"margin-top:0;margin-bottom:0\">\n<figure class=\"wp-block-image aligncenter size-full is-style-default\"><img loading=\"lazy\" decoding=\"async\" width=\"653\" height=\"871\" src=\"https:\/\/www.berti.net\/wp-content\/uploads\/2024\/09\/rivestimento-in-legno-iplank-antico-gipsy-iwood-berti-2.jpg\" alt=\"\" class=\"wp-image-7139\" srcset=\"https:\/\/www.berti.net\/wp-content\/uploads\/2024\/09\/rivestimento-in-legno-iplank-antico-gipsy-iwood-berti-2.jpg 653w, https:\/\/www.berti.net\/wp-content\/uploads\/2024\/09\/rivestimento-in-legno-iplank-antico-gipsy-iwood-berti-2-225x300.jpg 225w\" sizes=\"auto, (max-width: 653px) 100vw, 653px\" \/><\/figure>\n<\/div>\n\n\n\n<div style=\"height:100px\" aria-hidden=\"true\" class=\"wp-block-spacer\"><\/div>\n<\/div>\n","protected":false},"excerpt":{"rendered":"<p>Las tablas de madera tienen una estructura de 3 capas de s\u00f3lo 10,2 mm, donde el potencial del roble se combina perfectamente con la funcionalidad del contrachapado de abedul. Las capas de pintura Xstremestrong son un potente revestimiento que convierte a I-Plank en un producto de &#8221;alto tr\u00e1nsito&#8221; con clasificaci\u00f3n ign\u00edfuga de Clase 1, ideal para entornos privados y p\u00fablicos [&hellip;]<\/p>\n","protected":false},"author":2,"featured_media":20104,"template":"","product_collection":[121],"product_type":[],"product_color":[],"class_list":["post-20099","product","type-product","status-publish","has-post-thumbnail","hentry","product_collection-i-wood"],"_links":{"self":[{"href":"https:\/\/www.berti.net\/es\/wp-json\/wp\/v2\/product\/20099","targetHints":{"allow":["GET"]}}],"collection":[{"href":"https:\/\/www.berti.net\/es\/wp-json\/wp\/v2\/product"}],"about":[{"href":"https:\/\/www.berti.net\/es\/wp-json\/wp\/v2\/types\/product"}],"author":[{"embeddable":true,"href":"https:\/\/www.berti.net\/es\/wp-json\/wp\/v2\/users\/2"}],"wp:featuredmedia":[{"embeddable":true,"href":"https:\/\/www.berti.net\/es\/wp-json\/wp\/v2\/media\/20104"}],"wp:attachment":[{"href":"https:\/\/www.berti.net\/es\/wp-json\/wp\/v2\/media?parent=20099"}],"wp:term":[{"taxonomy":"product_collection","embeddable":true,"href":"https:\/\/www.berti.net\/es\/wp-json\/wp\/v2\/product_collection?post=20099"},{"taxonomy":"product_type","embeddable":true,"href":"https:\/\/www.berti.net\/es\/wp-json\/wp\/v2\/product_type?post=20099"},{"taxonomy":"product_color","embeddable":true,"href":"https:\/\/www.berti.net\/es\/wp-json\/wp\/v2\/product_color?post=20099"}],"curies":[{"name":"wp","href":"https:\/\/api.w.org\/{rel}","templated":true}]}}