{"id":19496,"date":"2024-10-15T14:43:57","date_gmt":"2024-10-15T14:43:57","guid":{"rendered":"https:\/\/www.berti.net\/product\/roble-natural-shadow\/"},"modified":"2025-12-16T08:09:24","modified_gmt":"2025-12-16T08:09:24","slug":"roble-natural-shadow","status":"publish","type":"product","link":"https:\/\/www.berti.net\/es\/parquet\/parquet-diesel-living-with-berti\/roble-natural-shadow\/","title":{"rendered":"Roble Natural Shadow"},"content":{"rendered":"\n<div class=\"wp-block-group is-style-container has-global-padding is-content-justification-center is-layout-constrained wp-block-group-is-layout-constrained\">\n<div class=\"wp-block-group is-style-default has-global-padding is-content-justification-left is-layout-constrained wp-container-core-group-is-layout-a6931cc7 wp-block-group-is-layout-constrained\" style=\"margin-top:var(--wp--preset--spacing--130);margin-bottom:var(--wp--preset--spacing--130)\">\n<p class=\"is-style-indent animated fadeIn has-m-22-font-size\"><br\/><strong>Su particularidad es la soluci\u00f3n d\u00e9grad\u00e9 del tono de color<\/strong>, que se difumina con efecto visual inmediato en la superficie de cada tabl\u00f3n de madera, del marr\u00f3n oscuro al arena, en un juego de claroscuros de exclusiva calidad decorativa.<\/p>\n\n\n\n<p class=\"is-style-indent animated fadeIn has-m-22-font-size\">Un parquet de roble cepillado que se define como patr\u00f3n en la extensi\u00f3n del suelo, haciendo que la superficie sea distintiva y protagonista. La elecci\u00f3n compositiva de instalar <strong>Natural Shadow<\/strong> en la versi\u00f3n de Parquet en espiga italiano es ideal para expresar al m\u00e1ximo la originalidad de su car\u00e1cter.   <\/p>\n\n\n\n<p class=\"is-style-indent animated fadeIn has-m-22-font-size\">Un acabado para ambientes ecl\u00e9cticos y esc\u00e9nicos, capaz de tomar una inspiraci\u00f3n vintage y convertirla poderosamente en una nueva y sorprendente declinaci\u00f3n del humor contempor\u00e1neo.<\/p>\n<\/div>\n\n\n\n<div class=\"wp-block-group alignfull has-global-padding is-layout-constrained wp-block-group-is-layout-constrained\" style=\"margin-top:0;margin-bottom:0\">\n<div class=\"wp-block-columns alignwide is-layout-flex wp-container-core-columns-is-layout-8fbed60e wp-block-columns-is-layout-flex\" style=\"margin-top:0;margin-bottom:0\">\n<div class=\"wp-block-column is-layout-flow wp-container-core-column-is-layout-8a368f38 wp-block-column-is-layout-flow\" style=\"flex-basis:60%\">\n<figure data-wp-context=\"{&quot;imageId&quot;:&quot;69e1e083a59cc&quot;}\" data-wp-interactive=\"core\/image\" class=\"wp-block-image size-full is-resized is-style-default wp-lightbox-container\"><img loading=\"lazy\" decoding=\"async\" width=\"653\" height=\"871\" data-wp-class--hide=\"state.isContentHidden\" data-wp-class--show=\"state.isContentVisible\" data-wp-init=\"callbacks.setButtonStyles\" data-wp-on-async--click=\"actions.showLightbox\" data-wp-on-async--load=\"callbacks.setButtonStyles\" data-wp-on-async-window--resize=\"callbacks.setButtonStyles\" src=\"https:\/\/www.berti.net\/wp-content\/uploads\/2024\/10\/parquet-berti-legno-bagno-natural-shadow-diesel.jpg\" alt=\"\" class=\"wp-image-7031\" style=\"width:660px;height:auto\" srcset=\"https:\/\/www.berti.net\/wp-content\/uploads\/2024\/10\/parquet-berti-legno-bagno-natural-shadow-diesel.jpg 653w, https:\/\/www.berti.net\/wp-content\/uploads\/2024\/10\/parquet-berti-legno-bagno-natural-shadow-diesel-225x300.jpg 225w\" sizes=\"auto, (max-width: 653px) 100vw, 653px\" \/><button\n\t\t\tclass=\"lightbox-trigger\"\n\t\t\ttype=\"button\"\n\t\t\taria-haspopup=\"dialog\"\n\t\t\taria-label=\"Enlarge\"\n\t\t\tdata-wp-init=\"callbacks.initTriggerButton\"\n\t\t\tdata-wp-on-async--click=\"actions.showLightbox\"\n\t\t\tdata-wp-style--right=\"state.imageButtonRight\"\n\t\t\tdata-wp-style--top=\"state.imageButtonTop\"\n\t\t>\n\t\t\t<svg xmlns=\"http:\/\/www.w3.org\/2000\/svg\" width=\"12\" height=\"12\" fill=\"none\" viewBox=\"0 0 12 12\">\n\t\t\t\t<path fill=\"#fff\" d=\"M2 0a2 2 0 0 0-2 2v2h1.5V2a.5.5 0 0 1 .5-.5h2V0H2Zm2 10.5H2a.5.5 0 0 1-.5-.5V8H0v2a2 2 0 0 0 2 2h2v-1.5ZM8 12v-1.5h2a.5.5 0 0 0 .5-.5V8H12v2a2 2 0 0 1-2 2H8Zm2-12a2 2 0 0 1 2 2v2h-1.5V2a.5.5 0 0 0-.5-.5H8V0h2Z\" \/>\n\t\t\t<\/svg>\n\t\t<\/button><\/figure>\n\n\n\n<div style=\"height:var(--wp--preset--spacing--60)\" aria-hidden=\"true\" class=\"wp-block-spacer\"><\/div>\n\n\n\n<figure data-wp-context=\"{&quot;imageId&quot;:&quot;69e1e083a621c&quot;}\" data-wp-interactive=\"core\/image\" class=\"wp-block-image size-full is-resized is-style-default wp-lightbox-container\"><img loading=\"lazy\" decoding=\"async\" width=\"2132\" height=\"1200\" data-wp-class--hide=\"state.isContentHidden\" data-wp-class--show=\"state.isContentVisible\" data-wp-init=\"callbacks.setButtonStyles\" data-wp-on-async--click=\"actions.showLightbox\" data-wp-on-async--load=\"callbacks.setButtonStyles\" data-wp-on-async-window--resize=\"callbacks.setButtonStyles\" src=\"https:\/\/www.berti.net\/wp-content\/uploads\/natural_shadow-rovere-Diesel_Specials_ambientata-Berti.jpg\" alt=\"\" class=\"wp-image-29287\" style=\"width:660px;height:auto\" srcset=\"https:\/\/www.berti.net\/wp-content\/uploads\/natural_shadow-rovere-Diesel_Specials_ambientata-Berti.jpg 2132w, https:\/\/www.berti.net\/wp-content\/uploads\/natural_shadow-rovere-Diesel_Specials_ambientata-Berti-812x457.jpg 812w, https:\/\/www.berti.net\/wp-content\/uploads\/natural_shadow-rovere-Diesel_Specials_ambientata-Berti-1920x1081.jpg 1920w, https:\/\/www.berti.net\/wp-content\/uploads\/natural_shadow-rovere-Diesel_Specials_ambientata-Berti-768x432.jpg 768w, https:\/\/www.berti.net\/wp-content\/uploads\/natural_shadow-rovere-Diesel_Specials_ambientata-Berti-1536x865.jpg 1536w, https:\/\/www.berti.net\/wp-content\/uploads\/natural_shadow-rovere-Diesel_Specials_ambientata-Berti-2048x1153.jpg 2048w\" sizes=\"auto, (max-width: 2132px) 100vw, 2132px\" \/><button\n\t\t\tclass=\"lightbox-trigger\"\n\t\t\ttype=\"button\"\n\t\t\taria-haspopup=\"dialog\"\n\t\t\taria-label=\"Enlarge\"\n\t\t\tdata-wp-init=\"callbacks.initTriggerButton\"\n\t\t\tdata-wp-on-async--click=\"actions.showLightbox\"\n\t\t\tdata-wp-style--right=\"state.imageButtonRight\"\n\t\t\tdata-wp-style--top=\"state.imageButtonTop\"\n\t\t>\n\t\t\t<svg xmlns=\"http:\/\/www.w3.org\/2000\/svg\" width=\"12\" height=\"12\" fill=\"none\" viewBox=\"0 0 12 12\">\n\t\t\t\t<path fill=\"#fff\" d=\"M2 0a2 2 0 0 0-2 2v2h1.5V2a.5.5 0 0 1 .5-.5h2V0H2Zm2 10.5H2a.5.5 0 0 1-.5-.5V8H0v2a2 2 0 0 0 2 2h2v-1.5ZM8 12v-1.5h2a.5.5 0 0 0 .5-.5V8H12v2a2 2 0 0 1-2 2H8Zm2-12a2 2 0 0 1 2 2v2h-1.5V2a.5.5 0 0 0-.5-.5H8V0h2Z\" \/>\n\t\t\t<\/svg>\n\t\t<\/button><\/figure>\n<\/div>\n\n\n\n<div class=\"wp-block-column is-layout-flow wp-container-core-column-is-layout-8a368f38 wp-block-column-is-layout-flow\" style=\"flex-basis:40%\">\n<figure data-wp-context=\"{&quot;imageId&quot;:&quot;69e1e083a6af0&quot;}\" data-wp-interactive=\"core\/image\" class=\"wp-block-image size-full is-style-default wp-lightbox-container\"><img loading=\"lazy\" decoding=\"async\" width=\"653\" height=\"871\" data-wp-class--hide=\"state.isContentHidden\" data-wp-class--show=\"state.isContentVisible\" data-wp-init=\"callbacks.setButtonStyles\" data-wp-on-async--click=\"actions.showLightbox\" data-wp-on-async--load=\"callbacks.setButtonStyles\" data-wp-on-async-window--resize=\"callbacks.setButtonStyles\" src=\"https:\/\/www.berti.net\/wp-content\/uploads\/2024\/10\/parquet-spina-italiana-berti-natural-shadow-diesel.jpg\" alt=\"\" class=\"wp-image-7034\" srcset=\"https:\/\/www.berti.net\/wp-content\/uploads\/2024\/10\/parquet-spina-italiana-berti-natural-shadow-diesel.jpg 653w, https:\/\/www.berti.net\/wp-content\/uploads\/2024\/10\/parquet-spina-italiana-berti-natural-shadow-diesel-225x300.jpg 225w\" sizes=\"auto, (max-width: 653px) 100vw, 653px\" \/><button\n\t\t\tclass=\"lightbox-trigger\"\n\t\t\ttype=\"button\"\n\t\t\taria-haspopup=\"dialog\"\n\t\t\taria-label=\"Enlarge\"\n\t\t\tdata-wp-init=\"callbacks.initTriggerButton\"\n\t\t\tdata-wp-on-async--click=\"actions.showLightbox\"\n\t\t\tdata-wp-style--right=\"state.imageButtonRight\"\n\t\t\tdata-wp-style--top=\"state.imageButtonTop\"\n\t\t>\n\t\t\t<svg xmlns=\"http:\/\/www.w3.org\/2000\/svg\" width=\"12\" height=\"12\" fill=\"none\" viewBox=\"0 0 12 12\">\n\t\t\t\t<path fill=\"#fff\" d=\"M2 0a2 2 0 0 0-2 2v2h1.5V2a.5.5 0 0 1 .5-.5h2V0H2Zm2 10.5H2a.5.5 0 0 1-.5-.5V8H0v2a2 2 0 0 0 2 2h2v-1.5ZM8 12v-1.5h2a.5.5 0 0 0 .5-.5V8H12v2a2 2 0 0 1-2 2H8Zm2-12a2 2 0 0 1 2 2v2h-1.5V2a.5.5 0 0 0-.5-.5H8V0h2Z\" \/>\n\t\t\t<\/svg>\n\t\t<\/button><\/figure>\n\n\n\n<div style=\"height:var(--wp--preset--spacing--60)\" aria-hidden=\"true\" class=\"wp-block-spacer\"><\/div>\n\n\n\n<figure data-wp-context=\"{&quot;imageId&quot;:&quot;69e1e083a72f8&quot;}\" data-wp-interactive=\"core\/image\" class=\"wp-block-image size-full is-style-default wp-lightbox-container\"><img loading=\"lazy\" decoding=\"async\" width=\"1200\" height=\"1714\" data-wp-class--hide=\"state.isContentHidden\" data-wp-class--show=\"state.isContentVisible\" data-wp-init=\"callbacks.setButtonStyles\" data-wp-on-async--click=\"actions.showLightbox\" data-wp-on-async--load=\"callbacks.setButtonStyles\" data-wp-on-async-window--resize=\"callbacks.setButtonStyles\" src=\"https:\/\/www.berti.net\/wp-content\/uploads\/natural_shadow-rovere-Diesel_Specials-Berti.jpg\" alt=\"\" class=\"wp-image-29282\" srcset=\"https:\/\/www.berti.net\/wp-content\/uploads\/natural_shadow-rovere-Diesel_Specials-Berti.jpg 1200w, https:\/\/www.berti.net\/wp-content\/uploads\/natural_shadow-rovere-Diesel_Specials-Berti-568x812.jpg 568w, https:\/\/www.berti.net\/wp-content\/uploads\/natural_shadow-rovere-Diesel_Specials-Berti-768x1097.jpg 768w, https:\/\/www.berti.net\/wp-content\/uploads\/natural_shadow-rovere-Diesel_Specials-Berti-1075x1536.jpg 1075w\" sizes=\"auto, (max-width: 1200px) 100vw, 1200px\" \/><button\n\t\t\tclass=\"lightbox-trigger\"\n\t\t\ttype=\"button\"\n\t\t\taria-haspopup=\"dialog\"\n\t\t\taria-label=\"Enlarge\"\n\t\t\tdata-wp-init=\"callbacks.initTriggerButton\"\n\t\t\tdata-wp-on-async--click=\"actions.showLightbox\"\n\t\t\tdata-wp-style--right=\"state.imageButtonRight\"\n\t\t\tdata-wp-style--top=\"state.imageButtonTop\"\n\t\t>\n\t\t\t<svg xmlns=\"http:\/\/www.w3.org\/2000\/svg\" width=\"12\" height=\"12\" fill=\"none\" viewBox=\"0 0 12 12\">\n\t\t\t\t<path fill=\"#fff\" d=\"M2 0a2 2 0 0 0-2 2v2h1.5V2a.5.5 0 0 1 .5-.5h2V0H2Zm2 10.5H2a.5.5 0 0 1-.5-.5V8H0v2a2 2 0 0 0 2 2h2v-1.5ZM8 12v-1.5h2a.5.5 0 0 0 .5-.5V8H12v2a2 2 0 0 1-2 2H8Zm2-12a2 2 0 0 1 2 2v2h-1.5V2a.5.5 0 0 0-.5-.5H8V0h2Z\" \/>\n\t\t\t<\/svg>\n\t\t<\/button><\/figure>\n<\/div>\n<\/div>\n<\/div>\n<\/div>\n","protected":false},"excerpt":{"rendered":"<p>Su particularidad es la soluci\u00f3n d\u00e9grad\u00e9 del tono de color, que se difumina con efecto visual inmediato en la superficie de cada tabl\u00f3n de madera, del marr\u00f3n oscuro al arena, en un juego de claroscuros de exclusiva calidad decorativa. Un parquet de roble cepillado que se define como patr\u00f3n en la extensi\u00f3n del suelo, haciendo que la superficie sea distintiva [&hellip;]<\/p>\n","protected":false},"author":2,"featured_media":19499,"template":"","product_collection":[126],"product_type":[],"product_color":[76],"class_list":["post-19496","product","type-product","status-publish","has-post-thumbnail","hentry","product_collection-parquet-diesel-living-with-berti","product_color-scuro"],"_links":{"self":[{"href":"https:\/\/www.berti.net\/es\/wp-json\/wp\/v2\/product\/19496","targetHints":{"allow":["GET"]}}],"collection":[{"href":"https:\/\/www.berti.net\/es\/wp-json\/wp\/v2\/product"}],"about":[{"href":"https:\/\/www.berti.net\/es\/wp-json\/wp\/v2\/types\/product"}],"author":[{"embeddable":true,"href":"https:\/\/www.berti.net\/es\/wp-json\/wp\/v2\/users\/2"}],"wp:featuredmedia":[{"embeddable":true,"href":"https:\/\/www.berti.net\/es\/wp-json\/wp\/v2\/media\/19499"}],"wp:attachment":[{"href":"https:\/\/www.berti.net\/es\/wp-json\/wp\/v2\/media?parent=19496"}],"wp:term":[{"taxonomy":"product_collection","embeddable":true,"href":"https:\/\/www.berti.net\/es\/wp-json\/wp\/v2\/product_collection?post=19496"},{"taxonomy":"product_type","embeddable":true,"href":"https:\/\/www.berti.net\/es\/wp-json\/wp\/v2\/product_type?post=19496"},{"taxonomy":"product_color","embeddable":true,"href":"https:\/\/www.berti.net\/es\/wp-json\/wp\/v2\/product_color?post=19496"}],"curies":[{"name":"wp","href":"https:\/\/api.w.org\/{rel}","templated":true}]}}