{"id":27075,"date":"2025-09-25T12:54:43","date_gmt":"2025-09-25T12:54:43","guid":{"rendered":"https:\/\/www.berti.net\/?page_id=27075"},"modified":"2025-09-25T15:58:45","modified_gmt":"2025-09-25T15:58:45","slug":"certificacion-carb-2","status":"publish","type":"page","link":"https:\/\/www.berti.net\/es\/certificaciones\/certificacion-carb-2\/","title":{"rendered":"Certificaci\u00f3n &#8211; CRYSTALCARE"},"content":{"rendered":"\n<div class=\"wp-block-group alignfull has-global-padding is-layout-constrained wp-block-group-is-layout-constrained\">\n<div class=\"wp-block-cover alignfull banner-hero has-aspect-ratio wp-duotone-unset-1\" style=\"padding-top:0px;padding-right:0;padding-bottom:0px;padding-left:0;min-height:516px;aspect-ratio:auto;min-height:unset;\"><img loading=\"lazy\" decoding=\"async\" width=\"1600\" height=\"1067\" class=\"wp-block-cover__image-background wp-image-25448 size-full\" alt=\"\" src=\"https:\/\/www.berti.net\/wp-content\/uploads\/berti-certificazione-crystalcare-legno-pavimenti.jpg\" style=\"object-position:53% 78%\" data-object-fit=\"cover\" data-object-position=\"53% 78%\" srcset=\"https:\/\/www.berti.net\/wp-content\/uploads\/berti-certificazione-crystalcare-legno-pavimenti.jpg 1600w, https:\/\/www.berti.net\/wp-content\/uploads\/berti-certificazione-crystalcare-legno-pavimenti-812x542.jpg 812w, https:\/\/www.berti.net\/wp-content\/uploads\/berti-certificazione-crystalcare-legno-pavimenti-768x512.jpg 768w, https:\/\/www.berti.net\/wp-content\/uploads\/berti-certificazione-crystalcare-legno-pavimenti-1536x1024.jpg 1536w\" sizes=\"auto, (max-width: 1600px) 100vw, 1600px\" \/><span aria-hidden=\"true\" class=\"wp-block-cover__background has-background-dim wp-block-cover__gradient-background has-background-gradient\" style=\"background:linear-gradient(0deg,rgba(25,25,25,0) 0%,rgb(25,25,25) 57%)\"><\/span><div class=\"wp-block-cover__inner-container is-layout-flow wp-block-cover-is-layout-flow\">\n<div class=\"wp-block-group banner-hero-content has-global-padding is-layout-constrained wp-container-core-group-is-layout-8f34a46e wp-block-group-is-layout-constrained\" style=\"padding-bottom:var(--wp--preset--spacing--70)\">\n<div class=\"wp-block-group has-global-padding is-layout-constrained wp-container-core-group-is-layout-b831be90 wp-block-group-is-layout-constrained\">\n<h1 class=\"wp-block-heading has-text-align-center has-white-color has-text-color has-xxxl-font-size\" style=\"letter-spacing:0px;line-height:1;text-transform:uppercase\">CRYSTALCARE<\/h1>\n<\/div>\n\n\n\n<div class=\"wp-block-group has-global-padding is-layout-constrained wp-container-core-group-is-layout-11258054 wp-block-group-is-layout-constrained\" style=\"margin-top:25px;margin-bottom:20px\">\n<div class=\"wp-block-group has-global-padding is-layout-constrained wp-container-core-group-is-layout-c00d8324 wp-block-group-is-layout-constrained\">\n<p class=\"has-text-align-center has-m-font-size\"><\/p>\n<\/div>\n<\/div>\n<\/div>\n<\/div><\/div>\n<\/div>\n\n<div class=\"wp-block-group is-style-default has-global-padding is-layout-constrained wp-container-core-group-is-layout-f0f2e811 wp-block-group-is-layout-constrained\" style=\"padding-top:var(--wp--preset--spacing--70);padding-bottom:var(--wp--preset--spacing--130)\">\n<div class=\"wp-block-columns are-vertically-aligned-center is-layout-flex wp-container-core-columns-is-layout-168dfbb2 wp-block-columns-is-layout-flex\" style=\"padding-right:6%;padding-left:6%\">\n<div class=\"wp-block-column is-vertically-aligned-center is-layout-flow wp-block-column-is-layout-flow\" style=\"flex-basis:33.33%\">\n<div class=\"wp-block-group has-global-padding is-content-justification-center is-layout-constrained wp-container-core-group-is-layout-2d1ef6f6 wp-block-group-is-layout-constrained\">\n<figure class=\"wp-block-image size-full\"><img loading=\"lazy\" decoding=\"async\" width=\"342\" height=\"228\" src=\"https:\/\/www.berti.net\/wp-content\/uploads\/pavimenti-legno_berti-parquet-certificati-CRYSTALCARE.png\" alt=\"\" class=\"wp-image-26971\" style=\"object-fit:cover\"\/><\/figure>\n<\/div>\n<\/div>\n\n\n\n<div class=\"wp-block-column is-vertically-aligned-center is-layout-flow wp-block-column-is-layout-flow\" style=\"flex-basis:66.66%\">\n<div class=\"wp-block-group has-global-padding is-layout-constrained wp-container-core-group-is-layout-f00c8009 wp-block-group-is-layout-constrained\" style=\"padding-right:5%;padding-left:5%\">\n<p>CrystalCare es el acabado antibacteriano especial de los suelos Berti: gracias a la acci\u00f3n certificada de los iones de plata, reduce la carga bacteriana hasta un 99,9% en s\u00f3lo 24 horas, creando una barrera invisible que no altera la belleza natural de la madera. Una garant\u00eda de higiene, seguridad y bienestar diario, pensada para quienes desean un entorno elegante y al mismo tiempo protegido. Puedes encontrar el certificado oficial descargable aqu\u00ed.  <\/p>\n\n\n\n<div class=\"wp-block-buttons is-layout-flex wp-block-buttons-is-layout-flex\">\n<div class=\"wp-block-button\"><a class=\"wp-block-button__link has-contrast-2-color has-base-background-color has-text-color has-background has-link-color wp-element-button\" href=\"https:\/\/www.berti.net\/wp-content\/uploads\/certificazione-attestato-catas-antibatterica-crystalcare-berti-pavimenti.pdf\"><strong>DESCARGAR<\/strong>CERTIFICADO<\/a><\/div>\n<\/div>\n<\/div>\n<\/div>\n<\/div>\n\n\n\n<div class=\"wp-block-group alignwide title-text-indented-pattern has-base-color has-text-color has-link-color wp-elements-b38c4d44c2dbf4be3cd665d9d0103c8c has-global-padding is-layout-constrained wp-container-core-group-is-layout-e7f6fb82 wp-block-group-is-layout-constrained\" style=\"padding-top:0;padding-bottom:var(--wp--preset--spacing--90)\">\n<h3 class=\"wp-block-heading has-text-color has-m-32-font-size\" style=\"color:#000000\">Qu\u00e9 significa CrystalCare<\/h3>\n\n\n\n<div class=\"wp-block-group has-global-padding is-layout-constrained wp-block-group-is-layout-constrained\">\n<p>El acabado <strong>CrystalCare<\/strong> es un tratamiento antibacteriano avanzado que integra <strong>iones de plata<\/strong> directamente en los revestimientos protectores del parquet.<br\/>Gracias a esta tecnolog\u00eda, el suelo no s\u00f3lo es bonito y duradero, sino que tambi\u00e9n se convierte en una <strong>superficie m\u00e1s segura e higi\u00e9nica<\/strong>, reduciendo dr\u00e1sticamente la proliferaci\u00f3n de bacterias.<\/p>\n\n\n\n<h4 class=\"wp-block-heading has-text-color has-m-32-font-size\" style=\"color:#000000\">C\u00f3mo funciona la protecci\u00f3n con iones de plata<\/h4>\n\n\n\n<p><strong>Los iones de plata<\/strong> act\u00faan de tres formas:<br\/><a href=\"https:\/\/www.pavimentibraga.it\/blog\/conoscere-il-parquet\/crystalcare-una-garanzia-di-benessere\/?utm_source=chatgpt.com\" target=\"_blank\" rel=\"noreferrer noopener\"><\/a><\/p>\n\n\n\n<ul class=\"wp-block-list\">\n<li><strong>Penetran en la membrana del microbio<\/strong>, debilit\u00e1ndola.<\/li>\n\n\n\n<li><strong>Ahogan la respiraci\u00f3n celular<\/strong>, impidiendo la supervivencia.<\/li>\n\n\n\n<li><strong>Atacan el ADN de la bacteria<\/strong>, bloqueando su reproducci\u00f3n<a href=\"https:\/\/www.pavimentibraga.it\/blog\/conoscere-il-parquet\/crystalcare-una-garanzia-di-benessere\/?utm_source=chatgpt.com\" target=\"_blank\" rel=\"noreferrer noopener\"><\/a><\/li>\n<\/ul>\n\n\n\n<p>El resultado es una barrera <strong>invisible<\/strong> que no altera el color, el tacto ni la est\u00e9tica natural de la madera, pero que la hace m\u00e1s higi\u00e9nica y adecuada incluso para los entornos m\u00e1s delicados.<br\/><a href=\"https:\/\/www.pavimentibraga.it\/blog\/conoscere-il-parquet\/crystalcare-una-garanzia-di-benessere\/?utm_source=chatgpt.com\" target=\"_blank\" rel=\"noreferrer noopener\"><\/a><\/p>\n\n\n\n<div style=\"height:64px\" aria-hidden=\"true\" class=\"wp-block-spacer\"><\/div>\n\n\n\n<h3 class=\"wp-block-heading has-text-color has-m-32-font-size\" style=\"color:#000000\">Ventajas para los que eligen Suelos de Madera Berti con CrystalCare<\/h3>\n\n\n\n<ul class=\"wp-block-list\">\n<li><strong>Higiene certificada<\/strong>: pruebas independientes (CATAS) garantizan una reducci\u00f3n del 99,9% de la carga bacteriana en s\u00f3lo 24 horas.<\/li>\n\n\n\n<li><strong>Protecci\u00f3n invisible<\/strong>: el acabado es transparente, no altera la est\u00e9tica del suelo y preserva la belleza natural de la madera.<\/li>\n\n\n\n<li><strong>Seguridad diaria<\/strong>: ideal para familias con ni\u00f1os, mascotas o personas al\u00e9rgicas.<\/li>\n\n\n\n<li><strong>Valor a\u00f1adido al producto<\/strong>: un parquet que combina dise\u00f1o, durabilidad y un nivel extra de protecci\u00f3n antibacteriana.<\/li>\n<\/ul>\n\n\n\n<div class=\"wp-block-buttons is-vertical is-layout-flex wp-container-core-buttons-is-layout-3210c5b8 wp-block-buttons-is-layout-flex\" style=\"margin-top:var(--wp--preset--spacing--40)\">\n<div class=\"wp-block-button is-style-icon\"><a class=\"wp-block-button__link wp-element-button\" href=\"https:\/\/www.berti.net\/es\/productos-berti\/\">Descubre los productos<\/a><\/div>\n\n\n\n<div class=\"wp-block-button is-style-icon\"><a class=\"wp-block-button__link wp-element-button\" href=\"https:\/\/www.berti.net\/es\/certificaciones\/\">Volver a Certificaciones<\/a><\/div>\n<\/div>\n<\/div>\n<\/div>\n<\/div>\n\n<div class=\"wp-block-cover alignfull is-light estimate-request-content animated fadeIn\" style=\"margin-top:0\"><img decoding=\"async\" class=\"wp-block-cover__image-background\" alt=\"\" src=\"https:\/\/www.berti.net\/wp-content\/themes\/thombase\/public\/images\/estimateBanner.webp\" data-object-fit=\"cover\"\/><span aria-hidden=\"true\" class=\"wp-block-cover__background has-background-dim-0 has-background-dim\"><\/span><div class=\"wp-block-cover__inner-container has-global-padding is-layout-constrained wp-block-cover-is-layout-constrained\">\n<div id=\"estimate\" class=\"wp-block-group alignleft estimate-request-content-inner has-global-padding is-content-justification-left is-layout-constrained wp-container-core-group-is-layout-94054b8f wp-block-group-is-layout-constrained\">\n<h5 class=\"wp-block-heading\">Pide <strong>presupuesto<\/strong>,<br\/>entra en el mundo Berti<\/h5>\n\n\n\n<p>\n  Rellena el formulario para solicitar un presupuesto. Recibir\u00e1s una respuesta de nuestro personal en breve. \n            <\/p>\n\n\n\n<div class=\"wp-block-buttons is-layout-flex wp-block-buttons-is-layout-flex\">\n<div class=\"wp-block-button is-style-link\"><a class=\"wp-block-button__link wp-element-button\" href=\"https:\/\/www.berti.net\/es\/solicita-preventivo\/\">SOLICITA AHORA<\/a><\/div>\n<\/div>\n<\/div>\n<\/div><\/div>\n","protected":false},"excerpt":{"rendered":"<p>CrystalCare es el acabado antibacteriano especial de los suelos Berti: gracias a la acci\u00f3n certificada de los iones de plata, reduce la carga bacteriana hasta un 99,9% en s\u00f3lo 24 horas, creando una barrera invisible que no altera la belleza natural de la madera. Una garant\u00eda de higiene, seguridad y bienestar diario, pensada para quienes desean un entorno elegante y [&hellip;]<\/p>\n","protected":false},"author":13,"featured_media":0,"parent":26274,"menu_order":0,"comment_status":"closed","ping_status":"closed","template":"page-with-overlying-header","meta":{"footnotes":""},"class_list":["post-27075","page","type-page","status-publish","hentry"],"_links":{"self":[{"href":"https:\/\/www.berti.net\/es\/wp-json\/wp\/v2\/pages\/27075","targetHints":{"allow":["GET"]}}],"collection":[{"href":"https:\/\/www.berti.net\/es\/wp-json\/wp\/v2\/pages"}],"about":[{"href":"https:\/\/www.berti.net\/es\/wp-json\/wp\/v2\/types\/page"}],"author":[{"embeddable":true,"href":"https:\/\/www.berti.net\/es\/wp-json\/wp\/v2\/users\/13"}],"replies":[{"embeddable":true,"href":"https:\/\/www.berti.net\/es\/wp-json\/wp\/v2\/comments?post=27075"}],"version-history":[{"count":5,"href":"https:\/\/www.berti.net\/es\/wp-json\/wp\/v2\/pages\/27075\/revisions"}],"predecessor-version":[{"id":27152,"href":"https:\/\/www.berti.net\/es\/wp-json\/wp\/v2\/pages\/27075\/revisions\/27152"}],"up":[{"embeddable":true,"href":"https:\/\/www.berti.net\/es\/wp-json\/wp\/v2\/pages\/26274"}],"wp:attachment":[{"href":"https:\/\/www.berti.net\/es\/wp-json\/wp\/v2\/media?parent=27075"}],"curies":[{"name":"wp","href":"https:\/\/api.w.org\/{rel}","templated":true}]}}