{"id":26831,"date":"2025-09-25T13:12:31","date_gmt":"2025-09-25T13:12:31","guid":{"rendered":"https:\/\/www.berti.net\/?page_id=26831"},"modified":"2025-09-25T13:12:54","modified_gmt":"2025-09-25T13:12:54","slug":"certificacion-fsc-2","status":"publish","type":"page","link":"https:\/\/www.berti.net\/es\/certificaciones\/certificacion-fsc-2\/","title":{"rendered":"Certificaci\u00f3n &#8211; Reacci\u00f3n al fuego"},"content":{"rendered":"\n<div class=\"wp-block-group alignfull has-global-padding is-layout-constrained wp-block-group-is-layout-constrained\">\n<div class=\"wp-block-cover alignfull banner-hero has-aspect-ratio wp-duotone-unset-1\" style=\"padding-top:0px;padding-right:0;padding-bottom:0px;padding-left:0;min-height:516px;aspect-ratio:auto;min-height:unset;\"><img loading=\"lazy\" decoding=\"async\" width=\"1600\" height=\"1221\" class=\"wp-block-cover__image-background wp-image-26837 size-full\" alt=\"\" src=\"https:\/\/www.berti.net\/wp-content\/uploads\/berti-certificazione-reazione-fuoco-legno-pavimenti.jpg\" style=\"object-position:49% 5%\" data-object-fit=\"cover\" data-object-position=\"49% 5%\" srcset=\"https:\/\/www.berti.net\/wp-content\/uploads\/berti-certificazione-reazione-fuoco-legno-pavimenti.jpg 1600w, https:\/\/www.berti.net\/wp-content\/uploads\/berti-certificazione-reazione-fuoco-legno-pavimenti-812x620.jpg 812w, https:\/\/www.berti.net\/wp-content\/uploads\/berti-certificazione-reazione-fuoco-legno-pavimenti-768x586.jpg 768w, https:\/\/www.berti.net\/wp-content\/uploads\/berti-certificazione-reazione-fuoco-legno-pavimenti-1536x1172.jpg 1536w\" sizes=\"auto, (max-width: 1600px) 100vw, 1600px\" \/><span aria-hidden=\"true\" class=\"wp-block-cover__background has-background-dim wp-block-cover__gradient-background has-background-gradient\" style=\"background:linear-gradient(0deg,rgba(25,25,25,0) 0%,rgb(25,25,25) 63%)\"><\/span><div class=\"wp-block-cover__inner-container is-layout-flow wp-block-cover-is-layout-flow\">\n<div class=\"wp-block-group banner-hero-content has-global-padding is-layout-constrained wp-container-core-group-is-layout-8f34a46e wp-block-group-is-layout-constrained\" style=\"padding-bottom:var(--wp--preset--spacing--70)\">\n<div class=\"wp-block-group has-global-padding is-layout-constrained wp-container-core-group-is-layout-b831be90 wp-block-group-is-layout-constrained\">\n<h1 class=\"wp-block-heading has-text-align-center has-white-color has-text-color has-xxxl-font-size\" style=\"letter-spacing:0px;line-height:1;text-transform:uppercase\">Reacci\u00f3n al fuego<\/h1>\n<\/div>\n\n\n\n<div class=\"wp-block-group has-global-padding is-layout-constrained wp-container-core-group-is-layout-11258054 wp-block-group-is-layout-constrained\" style=\"margin-top:25px;margin-bottom:20px\">\n<div class=\"wp-block-group has-global-padding is-layout-constrained wp-container-core-group-is-layout-c00d8324 wp-block-group-is-layout-constrained\">\n<p class=\"has-text-align-center has-m-font-size\"><\/p>\n<\/div>\n<\/div>\n<\/div>\n<\/div><\/div>\n<\/div>\n\n<div class=\"wp-block-group is-style-default has-global-padding is-layout-constrained wp-container-core-group-is-layout-f0f2e811 wp-block-group-is-layout-constrained\" style=\"padding-top:var(--wp--preset--spacing--70);padding-bottom:var(--wp--preset--spacing--130)\">\n<div class=\"wp-block-columns are-vertically-aligned-center is-layout-flex wp-container-core-columns-is-layout-168dfbb2 wp-block-columns-is-layout-flex\" style=\"padding-right:6%;padding-left:6%\">\n<div class=\"wp-block-column is-vertically-aligned-center is-layout-flow wp-block-column-is-layout-flow\" style=\"flex-basis:33.33%\">\n<div class=\"wp-block-group has-global-padding is-content-justification-center is-layout-constrained wp-container-core-group-is-layout-2d1ef6f6 wp-block-group-is-layout-constrained\">\n<figure class=\"wp-block-image size-full\"><img loading=\"lazy\" decoding=\"async\" width=\"597\" height=\"608\" src=\"https:\/\/www.berti.net\/wp-content\/uploads\/pavimenti-legno_berti-parquet-certificati-reazione-al-fuoco.png\" alt=\"\" class=\"wp-image-26966\" style=\"object-fit:cover\"\/><\/figure>\n<\/div>\n<\/div>\n\n\n\n<div class=\"wp-block-column is-vertically-aligned-center is-layout-flow wp-block-column-is-layout-flow\" style=\"flex-basis:66.66%\">\n<div class=\"wp-block-group has-global-padding is-layout-constrained wp-container-core-group-is-layout-f00c8009 wp-block-group-is-layout-constrained\" style=\"padding-right:5%;padding-left:5%\">\n<p>Con nuestros suelos de parquet certificados de reacci\u00f3n al fuego, no s\u00f3lo obtienes la belleza y la elegancia de la madera, sino tambi\u00e9n la resistencia y la seguridad garantizadas por pruebas oficiales seg\u00fan normas internacionales. Una elecci\u00f3n que te garantiza calidad, cumplimiento de la normativa y tranquilidad en todos los entornos, desde tu hogar hasta los espacios p\u00fablicos. <\/p>\n\n\n\n<div class=\"wp-block-buttons is-layout-flex wp-block-buttons-is-layout-flex\">\n<div class=\"wp-block-button\"><a class=\"wp-block-button__link has-contrast-2-color has-base-background-color has-text-color has-background has-link-color wp-element-button\" href=\"https:\/\/www.berti.net\/wp-content\/uploads\/certificazione-reazione-al-fuoco-berti-pavimenti-legno.pdf\"><strong>DESCARGAR<\/strong>CERTIFICADO<\/a><\/div>\n<\/div>\n<\/div>\n<\/div>\n<\/div>\n\n\n\n<div class=\"wp-block-group alignwide title-text-indented-pattern has-base-color has-text-color has-link-color wp-elements-9e45c0b5e4e27c0ac2cdfe77da95ae59 has-global-padding is-layout-constrained wp-container-core-group-is-layout-e7f6fb82 wp-block-group-is-layout-constrained\" style=\"padding-top:0;padding-bottom:var(--wp--preset--spacing--90)\">\n<h3 class=\"wp-block-heading has-text-color has-m-32-font-size\" style=\"color:#000000\">Qu\u00e9 significa CrystalCare<\/h3>\n\n\n\n<div class=\"wp-block-group has-global-padding is-layout-constrained wp-block-group-is-layout-constrained\">\n<p>La <strong>reacci\u00f3n al fuego<\/strong> mide el comportamiento de un material cuando se expone a una llama o al fuego.<br\/>En el caso de los suelos de madera, esto significa evaluar <strong>la facilidad con que el material se incendia, c\u00f3mo contribuye a la propagaci\u00f3n de las llamas, cu\u00e1nto humo y gotas ardientes produce.<\/strong><\/p>\n\n\n\n<p>En Europa, la clasificaci\u00f3n sigue la norma <strong>UNI EN 13501-1<\/strong>, que define <strong>las euroclases<\/strong>:<\/p>\n\n\n\n<ul class=\"wp-block-list\">\n<li>de <strong>A1<\/strong> (incombustible) a <strong>F<\/strong> (sin comportamiento certificado),<\/li>\n\n\n\n<li>con indicadores adicionales sobre el humo (s1, s2, s3) y las gotas ardientes (d0, d1, d2).<\/li>\n<\/ul>\n\n\n\n<p>Por ejemplo, una clase <strong>B-s1, d0<\/strong> indica un material con combusti\u00f3n muy limitada, humo reducido y sin gotas ardientes.<\/p>\n\n\n\n<p>Por ejemplo, una clase <strong>B<\/strong><\/p>\n\n\n\n<div style=\"height:64px\" aria-hidden=\"true\" class=\"wp-block-spacer\"><\/div>\n\n\n\n<h3 class=\"wp-block-heading has-text-color has-m-32-font-size\" style=\"color:#000000\">Por qu\u00e9 es importante que elijas un suelo Berti<br\/><a href=\"https:\/\/www.pavimentibraga.it\/blog\/conoscere-il-parquet\/crystalcare-una-garanzia-di-benessere\/?utm_source=chatgpt.com\" target=\"_blank\" rel=\"noreferrer noopener\"><\/a><\/h3>\n\n\n\n<ul class=\"wp-block-list\">\n<li><strong>Seguridad de las habitaciones<\/strong>: un suelo certificado para la reacci\u00f3n al fuego reduce el riesgo de propagaci\u00f3n r\u00e1pida de las llamas, dando m\u00e1s tiempo en caso de emergencia.<\/li>\n\n\n\n<li><strong>Cumplimiento de la normativa<\/strong>: en muchas instalaciones (hoteles, oficinas, escuelas, espacios p\u00fablicos) las clases de reacci\u00f3n al fuego son un requisito legal. Con Berti te aseguras de cumplir los par\u00e1metros exigidos. <\/li>\n\n\n\n<li><strong>Garant\u00eda de pruebas independientes<\/strong>: nuestros suelos est\u00e1n certificados por laboratorios acreditados seg\u00fan las normas europeas vigentes, con informes oficiales a disposici\u00f3n de los clientes.<\/li>\n\n\n\n<li><strong>Tranquilidad a largo plazo<\/strong>: saber que el suelo cumple las normas de seguridad contra incendios proporciona tranquilidad tanto en entornos dom\u00e9sticos como profesionales.<a href=\"https:\/\/www.pavimentibraga.it\/blog\/conoscere-il-parquet\/crystalcare-una-garanzia-di-benessere\/?utm_source=chatgpt.com\" target=\"_blank\" rel=\"noreferrer noopener\"><\/a><\/li>\n<\/ul>\n\n\n\n<div class=\"wp-block-buttons is-vertical is-layout-flex wp-container-core-buttons-is-layout-3210c5b8 wp-block-buttons-is-layout-flex\" style=\"margin-top:var(--wp--preset--spacing--40)\">\n<div class=\"wp-block-button is-style-icon\"><a class=\"wp-block-button__link wp-element-button\" href=\"https:\/\/www.berti.net\/es\/productos-berti\/\">Descubre los productos<\/a><\/div>\n\n\n\n<div class=\"wp-block-button is-style-icon\"><a class=\"wp-block-button__link wp-element-button\" href=\"https:\/\/www.berti.net\/es\/certificaciones\/\">Volver a Certificaciones<\/a><\/div>\n<\/div>\n<\/div>\n<\/div>\n<\/div>\n\n<div class=\"wp-block-cover alignfull is-light estimate-request-content animated fadeIn\" style=\"margin-top:0\"><img decoding=\"async\" class=\"wp-block-cover__image-background\" alt=\"\" src=\"https:\/\/www.berti.net\/wp-content\/themes\/thombase\/public\/images\/estimateBanner.webp\" data-object-fit=\"cover\"\/><span aria-hidden=\"true\" class=\"wp-block-cover__background has-background-dim-0 has-background-dim\"><\/span><div class=\"wp-block-cover__inner-container has-global-padding is-layout-constrained wp-block-cover-is-layout-constrained\">\n<div id=\"estimate\" class=\"wp-block-group alignleft estimate-request-content-inner has-global-padding is-content-justification-left is-layout-constrained wp-container-core-group-is-layout-94054b8f wp-block-group-is-layout-constrained\">\n<h5 class=\"wp-block-heading\">Pide <strong>presupuesto<\/strong>,<br\/>entra en el mundo Berti<\/h5>\n\n\n\n<p>\n  Rellena el formulario para solicitar un presupuesto. Recibir\u00e1s una respuesta de nuestro personal en breve. \n            <\/p>\n\n\n\n<div class=\"wp-block-buttons is-layout-flex wp-block-buttons-is-layout-flex\">\n<div class=\"wp-block-button is-style-link\"><a class=\"wp-block-button__link wp-element-button\" href=\"https:\/\/www.berti.net\/es\/solicita-preventivo\/\">SOLICITA AHORA<\/a><\/div>\n<\/div>\n<\/div>\n<\/div><\/div>\n","protected":false},"excerpt":{"rendered":"<p>Con nuestros suelos de parquet certificados de reacci\u00f3n al fuego, no s\u00f3lo obtienes la belleza y la elegancia de la madera, sino tambi\u00e9n la resistencia y la seguridad garantizadas por pruebas oficiales seg\u00fan normas internacionales. Una elecci\u00f3n que te garantiza calidad, cumplimiento de la normativa y tranquilidad en todos los entornos, desde tu hogar hasta los espacios p\u00fablicos. Qu\u00e9 significa [&hellip;]<\/p>\n","protected":false},"author":13,"featured_media":0,"parent":26274,"menu_order":0,"comment_status":"closed","ping_status":"closed","template":"page-with-overlying-header","meta":{"footnotes":""},"class_list":["post-26831","page","type-page","status-publish","hentry"],"_links":{"self":[{"href":"https:\/\/www.berti.net\/es\/wp-json\/wp\/v2\/pages\/26831","targetHints":{"allow":["GET"]}}],"collection":[{"href":"https:\/\/www.berti.net\/es\/wp-json\/wp\/v2\/pages"}],"about":[{"href":"https:\/\/www.berti.net\/es\/wp-json\/wp\/v2\/types\/page"}],"author":[{"embeddable":true,"href":"https:\/\/www.berti.net\/es\/wp-json\/wp\/v2\/users\/13"}],"replies":[{"embeddable":true,"href":"https:\/\/www.berti.net\/es\/wp-json\/wp\/v2\/comments?post=26831"}],"version-history":[{"count":3,"href":"https:\/\/www.berti.net\/es\/wp-json\/wp\/v2\/pages\/26831\/revisions"}],"predecessor-version":[{"id":27112,"href":"https:\/\/www.berti.net\/es\/wp-json\/wp\/v2\/pages\/26831\/revisions\/27112"}],"up":[{"embeddable":true,"href":"https:\/\/www.berti.net\/es\/wp-json\/wp\/v2\/pages\/26274"}],"wp:attachment":[{"href":"https:\/\/www.berti.net\/es\/wp-json\/wp\/v2\/media?parent=26831"}],"curies":[{"name":"wp","href":"https:\/\/api.w.org\/{rel}","templated":true}]}}