{"id":26278,"date":"2025-06-26T10:53:22","date_gmt":"2025-06-26T10:53:22","guid":{"rendered":"https:\/\/www.berti.net\/certificaciones\/certificacion-fsc\/"},"modified":"2026-04-29T12:19:42","modified_gmt":"2026-04-29T10:19:42","slug":"certificacion-fsc","status":"publish","type":"page","link":"https:\/\/www.berti.net\/es\/certificaciones\/certificacion-fsc\/","title":{"rendered":"Certificaci\u00f3n &#8211; FSC"},"content":{"rendered":"\n<div class=\"wp-block-group alignfull has-global-padding is-layout-constrained wp-block-group-is-layout-constrained\">\n<div class=\"wp-block-cover alignfull banner-hero has-aspect-ratio wp-duotone-unset-1\" style=\"padding-top:0px;padding-right:0;padding-bottom:0px;padding-left:0;min-height:516px;aspect-ratio:auto;min-height:unset;\"><img loading=\"lazy\" decoding=\"async\" width=\"1600\" height=\"1040\" class=\"wp-block-cover__image-background wp-image-25414 size-full\" alt=\"\" src=\"https:\/\/www.berti.net\/wp-content\/uploads\/bellissimi-alberi-e-un-lago-nella-piantagione-di-gomma-kerala-india-1.jpg\" data-object-fit=\"cover\" srcset=\"https:\/\/www.berti.net\/wp-content\/uploads\/bellissimi-alberi-e-un-lago-nella-piantagione-di-gomma-kerala-india-1.jpg 1600w, https:\/\/www.berti.net\/wp-content\/uploads\/bellissimi-alberi-e-un-lago-nella-piantagione-di-gomma-kerala-india-1-812x528.jpg 812w, https:\/\/www.berti.net\/wp-content\/uploads\/bellissimi-alberi-e-un-lago-nella-piantagione-di-gomma-kerala-india-1-768x499.jpg 768w, https:\/\/www.berti.net\/wp-content\/uploads\/bellissimi-alberi-e-un-lago-nella-piantagione-di-gomma-kerala-india-1-1536x998.jpg 1536w\" sizes=\"auto, (max-width: 1600px) 100vw, 1600px\" \/><span aria-hidden=\"true\" class=\"wp-block-cover__background has-background-dim wp-block-cover__gradient-background has-background-gradient\" style=\"background:linear-gradient(0deg,rgba(25,25,25,0) 0%,rgb(25,25,25) 63%)\"><\/span><div class=\"wp-block-cover__inner-container is-layout-flow wp-block-cover-is-layout-flow\">\n<div class=\"wp-block-group banner-hero-content has-global-padding is-layout-constrained wp-container-core-group-is-layout-8f34a46e wp-block-group-is-layout-constrained\" style=\"padding-bottom:var(--wp--preset--spacing--70)\">\n<div class=\"wp-block-group has-global-padding is-layout-constrained wp-container-core-group-is-layout-b831be90 wp-block-group-is-layout-constrained\">\n<h1 class=\"wp-block-heading has-text-align-center has-white-color has-text-color has-xxxl-font-size\" style=\"letter-spacing:0px;line-height:1;text-transform:uppercase\">FSC<\/h1>\n<\/div>\n\n\n\n<div class=\"wp-block-group has-global-padding is-layout-constrained wp-container-core-group-is-layout-11258054 wp-block-group-is-layout-constrained\" style=\"margin-top:25px;margin-bottom:20px\">\n<div class=\"wp-block-group has-global-padding is-layout-constrained wp-container-core-group-is-layout-c00d8324 wp-block-group-is-layout-constrained\">\n<p class=\"has-text-align-center has-m-font-size\"><\/p>\n<\/div>\n<\/div>\n<\/div>\n<\/div><\/div>\n<\/div>\n\n<div class=\"wp-block-group is-style-default has-global-padding is-layout-constrained wp-container-core-group-is-layout-f0f2e811 wp-block-group-is-layout-constrained\" style=\"padding-top:var(--wp--preset--spacing--70);padding-bottom:var(--wp--preset--spacing--130)\">\n<div class=\"wp-block-columns are-vertically-aligned-center is-layout-flex wp-container-core-columns-is-layout-168dfbb2 wp-block-columns-is-layout-flex\" style=\"padding-right:6%;padding-left:6%\">\n<div class=\"wp-block-column is-vertically-aligned-center is-layout-flow wp-block-column-is-layout-flow\" style=\"flex-basis:33.33%\">\n<div class=\"wp-block-group has-global-padding is-content-justification-center is-layout-constrained wp-container-core-group-is-layout-2d1ef6f6 wp-block-group-is-layout-constrained\">\n<figure class=\"wp-block-image size-full\"><img loading=\"lazy\" decoding=\"async\" width=\"664\" height=\"803\" src=\"https:\/\/www.berti.net\/wp-content\/uploads\/pavimenti-legno_berti-parquet-certificati-FSC.png\" alt=\"\" class=\"wp-image-26866\" style=\"object-fit:cover\"\/><\/figure>\n<\/div>\n<\/div>\n\n\n\n<div class=\"wp-block-column is-vertically-aligned-center is-layout-flow wp-block-column-is-layout-flow\" style=\"flex-basis:66.66%\">\n<div class=\"wp-block-group has-global-padding is-layout-constrained wp-container-core-group-is-layout-f00c8009 wp-block-group-is-layout-constrained\" style=\"padding-right:5%;padding-left:5%\">\n<p>Pide suelos de madera <strong>con certificaci\u00f3n FSC\u00ae<\/strong>. <br\/>La <strong>certificaci\u00f3n Forest Steward Council\u00ae<\/strong> demuestra que la materia prima procede de bosques gestionados de forma correcta, transparente y controlada seg\u00fan las normas <strong>FSC\u00ae<\/strong>.<\/p>\n\n\n\n<div class=\"wp-block-buttons is-layout-flex wp-block-buttons-is-layout-flex\">\n<div class=\"wp-block-button\"><a class=\"wp-block-button__link has-contrast-2-color has-base-background-color has-text-color has-background has-link-color wp-element-button\" href=\"https:\/\/www.berti.net\/wp-content\/uploads\/CSI-COC-002959.pdf\"><strong>D<\/strong>ESCARGAR CERTIFICADO<\/a><\/div>\n<\/div>\n<\/div>\n<\/div>\n<\/div>\n<\/div>\n\n<div class=\"wp-block-group alignwide title-text-indented-pattern has-base-color has-text-color has-link-color wp-elements-da7a9b81a7d90dceebb0bab43fde61ef has-global-padding is-layout-constrained wp-container-core-group-is-layout-e7f6fb82 wp-block-group-is-layout-constrained\" style=\"padding-top:0;padding-bottom:var(--wp--preset--spacing--90)\">\n<div class=\"wp-block-group has-global-padding is-layout-constrained wp-block-group-is-layout-constrained\">\n<h3 class=\"wp-block-heading has-text-color has-m-32-font-size\" style=\"color:#000000\">Qu\u00e9 significa para ti elegir un suelo FSC<\/h3>\n\n\n\n<p style=\"line-height:1.4\">Elegir un suelo de madera <strong>con certificaci\u00f3n FSC\u00ae (Forest Stewardship Council\u00ae<\/strong> ) significa hacer una elecci\u00f3n responsable para tu hogar y el medio ambiente.<br\/>La etiqueta FSC es una garant\u00eda internacional de que la madera utilizada en nuestros suelos procede de <strong>bosques gestionados de forma sostenible<\/strong>, donde se cumplen estrictos criterios medioambientales, sociales y econ\u00f3micos.<\/p>\n\n\n\n<p style=\"line-height:1.4\">Con un suelo Berti con certificaci\u00f3n FSC, llevas la belleza natural de la madera a tu casa sabiendo que tu elecci\u00f3n contribuye a la protecci\u00f3n de los bosques y a la conservaci\u00f3n de la biodiversidad.<\/p>\n\n\n\n<div style=\"height:64px\" aria-hidden=\"true\" class=\"wp-block-spacer\"><\/div>\n\n\n\n<h3 class=\"wp-block-heading has-text-color has-m-32-font-size\" style=\"color:#000000\">Por qu\u00e9 elegir los suelos de madera con certificaci\u00f3n FSC de Berti<\/h3>\n\n\n\n<ul class=\"wp-block-list\">\n<li><strong>Respeto por la naturaleza:<\/strong> la madera FSC no procede de la deforestaci\u00f3n incontrolada, sino de bosques regenerados y cuidados.<\/li>\n\n\n\n<li><strong>Seguridad \u00e9tica:<\/strong> El FSC protege los derechos de los trabajadores y las comunidades locales que viven de los bosques.<\/li>\n\n\n\n<li><strong>Trazabilidad garantizada:<\/strong> del bosque a tu suelo, cada paso est\u00e1 controlado.<\/li>\n\n\n\n<li><strong>Valor a\u00f1adido:<\/strong> un suelo FSC no es s\u00f3lo un producto de dise\u00f1o, sino tambi\u00e9n un signo concreto de responsabilidad.<\/li>\n<\/ul>\n\n\n\n<div class=\"wp-block-buttons is-vertical is-layout-flex wp-container-core-buttons-is-layout-3210c5b8 wp-block-buttons-is-layout-flex\" style=\"margin-top:var(--wp--preset--spacing--40)\">\n<div class=\"wp-block-button is-style-icon\"><a class=\"wp-block-button__link wp-element-button\" href=\"https:\/\/www.berti.net\/es\/productos-berti\/\">Descubre los productos<\/a><\/div>\n\n\n\n<div class=\"wp-block-button is-style-icon\"><a class=\"wp-block-button__link wp-element-button\" href=\"https:\/\/www.berti.net\/es\/certificaciones\/\">Volver a Certificaciones<\/a><\/div>\n<\/div>\n<\/div>\n<\/div>\n\n<div class=\"wp-block-cover alignfull is-light estimate-request-content animated fadeIn\" style=\"margin-top:0\"><img decoding=\"async\" class=\"wp-block-cover__image-background\" alt=\"\" src=\"https:\/\/www.berti.net\/wp-content\/themes\/thombase\/public\/images\/estimateBanner.webp\" data-object-fit=\"cover\"\/><span aria-hidden=\"true\" class=\"wp-block-cover__background has-background-dim-0 has-background-dim\"><\/span><div class=\"wp-block-cover__inner-container has-global-padding is-layout-constrained wp-block-cover-is-layout-constrained\">\n<div id=\"estimate\" class=\"wp-block-group alignleft estimate-request-content-inner has-global-padding is-content-justification-left is-layout-constrained wp-container-core-group-is-layout-94054b8f wp-block-group-is-layout-constrained\">\n<h5 class=\"wp-block-heading\">Pide un <strong>presupuesto<\/strong>,<br\/>entra en el mundo Berti<\/h5>\n\n\n\n<p>\n  Rellena el formulario para solicitar un presupuesto. Recibir\u00e1s en poco tiempo una respuesta de nuestro equipo. \n            <\/p>\n\n\n\n<div class=\"wp-block-buttons is-layout-flex wp-block-buttons-is-layout-flex\">\n<div class=\"wp-block-button is-style-link\"><a class=\"wp-block-button__link wp-element-button\" href=\"https:\/\/www.berti.net\/es\/solicita-preventivo\/\">SOLIC\u00cdTALO AHORA<\/a><\/div>\n<\/div>\n<\/div>\n<\/div><\/div>\n","protected":false},"excerpt":{"rendered":"<p>Pide suelos de madera con certificaci\u00f3n FSC\u00ae. La certificaci\u00f3n Forest Steward Council\u00ae demuestra que la materia prima procede de bosques gestionados de forma correcta, transparente y controlada seg\u00fan las normas FSC\u00ae. Qu\u00e9 significa para ti elegir un suelo FSC Elegir un suelo de madera con certificaci\u00f3n FSC\u00ae (Forest Stewardship Council\u00ae ) significa hacer una elecci\u00f3n responsable para tu hogar y [&hellip;]<\/p>\n","protected":false},"author":2,"featured_media":0,"parent":26274,"menu_order":0,"comment_status":"closed","ping_status":"closed","template":"page-with-overlying-header","meta":{"footnotes":""},"class_list":["post-26278","page","type-page","status-publish","hentry"],"_links":{"self":[{"href":"https:\/\/www.berti.net\/es\/wp-json\/wp\/v2\/pages\/26278","targetHints":{"allow":["GET"]}}],"collection":[{"href":"https:\/\/www.berti.net\/es\/wp-json\/wp\/v2\/pages"}],"about":[{"href":"https:\/\/www.berti.net\/es\/wp-json\/wp\/v2\/types\/page"}],"author":[{"embeddable":true,"href":"https:\/\/www.berti.net\/es\/wp-json\/wp\/v2\/users\/2"}],"replies":[{"embeddable":true,"href":"https:\/\/www.berti.net\/es\/wp-json\/wp\/v2\/comments?post=26278"}],"version-history":[{"count":7,"href":"https:\/\/www.berti.net\/es\/wp-json\/wp\/v2\/pages\/26278\/revisions"}],"predecessor-version":[{"id":29887,"href":"https:\/\/www.berti.net\/es\/wp-json\/wp\/v2\/pages\/26278\/revisions\/29887"}],"up":[{"embeddable":true,"href":"https:\/\/www.berti.net\/es\/wp-json\/wp\/v2\/pages\/26274"}],"wp:attachment":[{"href":"https:\/\/www.berti.net\/es\/wp-json\/wp\/v2\/media?parent=26278"}],"curies":[{"name":"wp","href":"https:\/\/api.w.org\/{rel}","templated":true}]}}