{"id":26268,"date":"2025-06-26T12:46:27","date_gmt":"2025-06-26T12:46:27","guid":{"rendered":"https:\/\/www.berti.net\/certificacion-ce\/"},"modified":"2025-09-24T12:18:36","modified_gmt":"2025-09-24T12:18:36","slug":"certificacion-ce","status":"publish","type":"page","link":"https:\/\/www.berti.net\/es\/certificaciones\/certificacion-ce\/","title":{"rendered":"Certificaci\u00f3n &#8211; CE"},"content":{"rendered":"\n<div class=\"wp-block-group alignfull has-global-padding is-layout-constrained wp-block-group-is-layout-constrained\">\n<div class=\"wp-block-cover alignfull banner-hero has-aspect-ratio wp-duotone-unset-1\" style=\"padding-top:0px;padding-right:0;padding-bottom:0px;padding-left:0;min-height:516px;aspect-ratio:auto;min-height:unset;\"><img loading=\"lazy\" decoding=\"async\" width=\"1600\" height=\"1067\" class=\"wp-block-cover__image-background wp-image-25443 size-full\" alt=\"\" src=\"https:\/\/www.berti.net\/wp-content\/uploads\/berti-certificazione-ce-legno-pavimenti.jpg\" style=\"object-position:53% 100%\" data-object-fit=\"cover\" data-object-position=\"53% 100%\" srcset=\"https:\/\/www.berti.net\/wp-content\/uploads\/berti-certificazione-ce-legno-pavimenti.jpg 1600w, https:\/\/www.berti.net\/wp-content\/uploads\/berti-certificazione-ce-legno-pavimenti-812x542.jpg 812w, https:\/\/www.berti.net\/wp-content\/uploads\/berti-certificazione-ce-legno-pavimenti-768x512.jpg 768w, https:\/\/www.berti.net\/wp-content\/uploads\/berti-certificazione-ce-legno-pavimenti-1536x1024.jpg 1536w\" sizes=\"auto, (max-width: 1600px) 100vw, 1600px\" \/><span aria-hidden=\"true\" class=\"wp-block-cover__background has-background-dim-40 has-background-dim wp-block-cover__gradient-background has-background-gradient\" style=\"background:linear-gradient(0deg,rgba(25,25,25,0) 0%,rgb(25,25,25) 31%)\"><\/span><div class=\"wp-block-cover__inner-container is-layout-flow wp-block-cover-is-layout-flow\">\n<div class=\"wp-block-group banner-hero-content has-global-padding is-layout-constrained wp-container-core-group-is-layout-8f34a46e wp-block-group-is-layout-constrained\" style=\"padding-bottom:var(--wp--preset--spacing--70)\">\n<div class=\"wp-block-group has-global-padding is-layout-constrained wp-container-core-group-is-layout-b831be90 wp-block-group-is-layout-constrained\">\n<h1 class=\"wp-block-heading has-text-align-center has-white-color has-text-color has-xxxl-font-size\" style=\"letter-spacing:0px;line-height:1;text-transform:uppercase\">CE<\/h1>\n<\/div>\n\n\n\n<div class=\"wp-block-group has-global-padding is-layout-constrained wp-container-core-group-is-layout-11258054 wp-block-group-is-layout-constrained\" style=\"margin-top:25px;margin-bottom:20px\">\n<div class=\"wp-block-group has-global-padding is-layout-constrained wp-container-core-group-is-layout-c00d8324 wp-block-group-is-layout-constrained\">\n<p class=\"has-text-align-center has-m-font-size\"><\/p>\n<\/div>\n<\/div>\n<\/div>\n<\/div><\/div>\n<\/div>\n\n<div class=\"wp-block-group is-style-default has-global-padding is-layout-constrained wp-container-core-group-is-layout-f0f2e811 wp-block-group-is-layout-constrained\" style=\"padding-top:var(--wp--preset--spacing--70);padding-bottom:var(--wp--preset--spacing--130)\">\n<div class=\"wp-block-columns are-vertically-aligned-center is-layout-flex wp-container-core-columns-is-layout-168dfbb2 wp-block-columns-is-layout-flex\" style=\"padding-right:6%;padding-left:6%\">\n<div class=\"wp-block-column is-vertically-aligned-center is-layout-flow wp-block-column-is-layout-flow\" style=\"flex-basis:33.33%\">\n<div class=\"wp-block-group has-global-padding is-content-justification-center is-layout-constrained wp-container-core-group-is-layout-2d1ef6f6 wp-block-group-is-layout-constrained\">\n<figure class=\"wp-block-image size-full\"><img loading=\"lazy\" decoding=\"async\" width=\"300\" height=\"214\" src=\"https:\/\/www.berti.net\/wp-content\/uploads\/berti-pavimenti-legno_parquet-certificati-CE.png\" alt=\"Certificados CE\" class=\"wp-image-25388\" style=\"object-fit:cover\"\/><\/figure>\n<\/div>\n<\/div>\n\n\n\n<div class=\"wp-block-column is-vertically-aligned-center is-layout-flow wp-block-column-is-layout-flow\" style=\"flex-basis:66.66%\">\n<div class=\"wp-block-group has-global-padding is-layout-constrained wp-container-core-group-is-layout-f00c8009 wp-block-group-is-layout-constrained\" style=\"padding-right:5%;padding-left:5%\">\n<p>Los productos Berti llevan la <strong>marca CE<\/strong>.  <\/p>\n\n\n\n<p>Garantiza su conformidad con los requisitos esenciales de las directivas pertinentes sobre seguridad, salud p\u00fablica y protecci\u00f3n de los consumidores.<\/p>\n\n\n\n<div class=\"wp-block-buttons is-layout-flex wp-block-buttons-is-layout-flex\">\n<div class=\"wp-block-button\"><a class=\"wp-block-button__link has-contrast-2-color has-base-background-color has-text-color has-background has-link-color wp-element-button\" href=\"https:\/\/www.berti.net\/wp-content\/uploads\/2024\/09\/berti_pavimenti-legno_dop.pdf\"><strong>DESCARGAR<\/strong>CERTIFICADO<\/a><\/div>\n<\/div>\n<\/div>\n<\/div>\n<\/div>\n<\/div>\n\n<div class=\"wp-block-group alignwide title-text-indented-pattern has-base-color has-text-color has-link-color wp-elements-e63cb10d6f638878032ef3984b46f1dc has-global-padding is-layout-constrained wp-container-core-group-is-layout-e7f6fb82 wp-block-group-is-layout-constrained\" style=\"padding-top:0;padding-bottom:var(--wp--preset--spacing--90)\">\n<div class=\"wp-block-group has-global-padding is-layout-constrained wp-block-group-is-layout-constrained\">\n<h3 class=\"wp-block-heading has-text-color has-m-32-font-size\" style=\"color:#000000\">Qu\u00e9 garantiza el marcado CE para tus suelos<\/h3>\n\n\n\n<p style=\"line-height:1.4\">El <strong>marcado CE<\/strong> de nuestros suelos de madera es tu garant\u00eda de calidad y seguridad.<br\/>Significa que el producto cumple <strong>las estrictas normas de la Uni\u00f3n Europea<\/strong> en materia de salud, seguridad y medio ambiente.<\/p>\n\n\n\n<p style=\"line-height:1.4\">Cuando veas el marcado CE, puedes estar seguro de que el revestimiento de suelo ha sido comprobado, probado y puede instalarse con confianza en tu casa, oficina o espacio p\u00fablico.<\/p>\n\n\n\n<div style=\"height:64px\" aria-hidden=\"true\" class=\"wp-block-spacer\"><\/div>\n\n\n\n<h3 class=\"wp-block-heading has-text-color has-m-32-font-size\" style=\"color:#000000\">Por qu\u00e9 elegir los Suelos de Madera Berti con marcado CE<\/h3>\n\n\n\n<ul class=\"wp-block-list\">\n<li><strong>Seguridad garantizada:<\/strong> un suelo con marcado CE cumple las normas europeas sobre materiales de construcci\u00f3n.<\/li>\n\n\n\n<li><strong>Calidad certificada:<\/strong> tienes la certeza de que cada producto cumple la normativa t\u00e9cnica y los estrictos controles.<\/li>\n\n\n\n<li><strong>Fiabilidad a lo largo del tiempo:<\/strong> la conformidad CE no caduca, sino que se mantiene al d\u00eda mediante actualizaciones y auditor\u00edas constantes.<\/li>\n\n\n\n<li><strong>Compra sin preocupaciones:<\/strong> puedes instalar nuestros suelos en cualquier lugar de Europa, con la garant\u00eda de productos autorizados para el mercado de la UE.<\/li>\n<\/ul>\n\n\n\n<div class=\"wp-block-buttons is-vertical is-layout-flex wp-container-core-buttons-is-layout-3210c5b8 wp-block-buttons-is-layout-flex\" style=\"margin-top:var(--wp--preset--spacing--40)\">\n<div class=\"wp-block-button is-style-icon\"><a class=\"wp-block-button__link wp-element-button\" href=\"https:\/\/www.berti.net\/es\/productos-berti\/\">Descubre los productos<\/a><\/div>\n\n\n\n<div class=\"wp-block-button is-style-icon\"><a class=\"wp-block-button__link wp-element-button\" href=\"https:\/\/www.berti.net\/es\/certificaciones\/\">Volver a Certificaciones<\/a><\/div>\n<\/div>\n<\/div>\n<\/div>\n\n<div class=\"wp-block-cover alignfull is-light estimate-request-content animated fadeIn\" style=\"margin-top:0\"><img decoding=\"async\" class=\"wp-block-cover__image-background\" alt=\"\" src=\"https:\/\/www.berti.net\/wp-content\/themes\/thombase\/public\/images\/estimateBanner.webp\" data-object-fit=\"cover\"\/><span aria-hidden=\"true\" class=\"wp-block-cover__background has-background-dim-0 has-background-dim\"><\/span><div class=\"wp-block-cover__inner-container has-global-padding is-layout-constrained wp-block-cover-is-layout-constrained\">\n<div id=\"estimate\" class=\"wp-block-group alignleft estimate-request-content-inner has-global-padding is-content-justification-left is-layout-constrained wp-container-core-group-is-layout-94054b8f wp-block-group-is-layout-constrained\">\n<h5 class=\"wp-block-heading\">Pide <strong>presupuesto<\/strong>,<br\/>entra en el mundo Berti<\/h5>\n\n\n\n<p>\n  Rellena el formulario para solicitar un presupuesto. Recibir\u00e1s una respuesta de nuestro personal en breve. \n            <\/p>\n\n\n\n<div class=\"wp-block-buttons is-layout-flex wp-block-buttons-is-layout-flex\">\n<div class=\"wp-block-button is-style-link\"><a class=\"wp-block-button__link wp-element-button\" href=\"https:\/\/www.berti.net\/es\/solicita-preventivo\/\">SOLICITA AHORA<\/a><\/div>\n<\/div>\n<\/div>\n<\/div><\/div>\n","protected":false},"excerpt":{"rendered":"<p>Los productos Berti llevan la marca CE. Garantiza su conformidad con los requisitos esenciales de las directivas pertinentes sobre seguridad, salud p\u00fablica y protecci\u00f3n de los consumidores. Qu\u00e9 garantiza el marcado CE para tus suelos El marcado CE de nuestros suelos de madera es tu garant\u00eda de calidad y seguridad.Significa que el producto cumple las estrictas normas de la Uni\u00f3n [&hellip;]<\/p>\n","protected":false},"author":2,"featured_media":0,"parent":26274,"menu_order":0,"comment_status":"closed","ping_status":"closed","template":"page-with-overlying-header","meta":{"footnotes":""},"class_list":["post-26268","page","type-page","status-publish","hentry"],"_links":{"self":[{"href":"https:\/\/www.berti.net\/es\/wp-json\/wp\/v2\/pages\/26268","targetHints":{"allow":["GET"]}}],"collection":[{"href":"https:\/\/www.berti.net\/es\/wp-json\/wp\/v2\/pages"}],"about":[{"href":"https:\/\/www.berti.net\/es\/wp-json\/wp\/v2\/types\/page"}],"author":[{"embeddable":true,"href":"https:\/\/www.berti.net\/es\/wp-json\/wp\/v2\/users\/2"}],"replies":[{"embeddable":true,"href":"https:\/\/www.berti.net\/es\/wp-json\/wp\/v2\/comments?post=26268"}],"version-history":[{"count":3,"href":"https:\/\/www.berti.net\/es\/wp-json\/wp\/v2\/pages\/26268\/revisions"}],"predecessor-version":[{"id":26996,"href":"https:\/\/www.berti.net\/es\/wp-json\/wp\/v2\/pages\/26268\/revisions\/26996"}],"up":[{"embeddable":true,"href":"https:\/\/www.berti.net\/es\/wp-json\/wp\/v2\/pages\/26274"}],"wp:attachment":[{"href":"https:\/\/www.berti.net\/es\/wp-json\/wp\/v2\/media?parent=26268"}],"curies":[{"name":"wp","href":"https:\/\/api.w.org\/{rel}","templated":true}]}}