{"id":26234,"date":"2025-06-26T12:57:23","date_gmt":"2025-06-26T12:57:23","guid":{"rendered":"https:\/\/www.berti.net\/certificacion-carb\/"},"modified":"2025-09-24T15:26:40","modified_gmt":"2025-09-24T15:26:40","slug":"certificacion-carb","status":"publish","type":"page","link":"https:\/\/www.berti.net\/es\/certificaciones\/certificacion-carb\/","title":{"rendered":"Certificaci\u00f3n &#8211; CARB"},"content":{"rendered":"\n<div class=\"wp-block-group alignfull has-global-padding is-layout-constrained wp-block-group-is-layout-constrained\">\n<div class=\"wp-block-cover alignfull banner-hero has-aspect-ratio wp-duotone-unset-1\" style=\"padding-top:0px;padding-right:0;padding-bottom:0px;padding-left:0;min-height:516px;aspect-ratio:auto;min-height:unset;\"><img loading=\"lazy\" decoding=\"async\" width=\"1400\" height=\"1068\" class=\"wp-block-cover__image-background wp-image-25473 size-full\" alt=\"\" src=\"https:\/\/www.berti.net\/wp-content\/uploads\/berti-certificazione-carb-legno-pavimenti.jpg\" data-object-fit=\"cover\" srcset=\"https:\/\/www.berti.net\/wp-content\/uploads\/berti-certificazione-carb-legno-pavimenti.jpg 1400w, https:\/\/www.berti.net\/wp-content\/uploads\/berti-certificazione-carb-legno-pavimenti-812x619.jpg 812w, https:\/\/www.berti.net\/wp-content\/uploads\/berti-certificazione-carb-legno-pavimenti-768x586.jpg 768w\" sizes=\"auto, (max-width: 1400px) 100vw, 1400px\" \/><span aria-hidden=\"true\" class=\"wp-block-cover__background has-background-dim wp-block-cover__gradient-background has-background-gradient\" style=\"background:linear-gradient(0deg,rgba(25,25,25,0) 0%,rgb(25,25,25) 57%)\"><\/span><div class=\"wp-block-cover__inner-container is-layout-flow wp-block-cover-is-layout-flow\">\n<div class=\"wp-block-group banner-hero-content has-global-padding is-layout-constrained wp-container-core-group-is-layout-8f34a46e wp-block-group-is-layout-constrained\" style=\"padding-bottom:var(--wp--preset--spacing--70)\">\n<div class=\"wp-block-group has-global-padding is-layout-constrained wp-container-core-group-is-layout-b831be90 wp-block-group-is-layout-constrained\">\n<h1 class=\"wp-block-heading has-text-align-center has-white-color has-text-color has-xxxl-font-size\" style=\"letter-spacing:0px;line-height:1;text-transform:uppercase\">CARB<\/h1>\n<\/div>\n\n\n\n<div class=\"wp-block-group has-global-padding is-layout-constrained wp-container-core-group-is-layout-11258054 wp-block-group-is-layout-constrained\" style=\"margin-top:25px;margin-bottom:20px\">\n<div class=\"wp-block-group has-global-padding is-layout-constrained wp-container-core-group-is-layout-c00d8324 wp-block-group-is-layout-constrained\">\n<p class=\"has-text-align-center has-m-font-size\"><\/p>\n<\/div>\n<\/div>\n<\/div>\n<\/div><\/div>\n<\/div>\n\n<div class=\"wp-block-group is-style-default has-global-padding is-layout-constrained wp-container-core-group-is-layout-f0f2e811 wp-block-group-is-layout-constrained\" style=\"padding-top:var(--wp--preset--spacing--70);padding-bottom:var(--wp--preset--spacing--130)\">\n<div class=\"wp-block-columns are-vertically-aligned-center is-layout-flex wp-container-core-columns-is-layout-168dfbb2 wp-block-columns-is-layout-flex\" style=\"padding-right:6%;padding-left:6%\">\n<div class=\"wp-block-column is-vertically-aligned-center is-layout-flow wp-block-column-is-layout-flow\" style=\"flex-basis:33.33%\">\n<div class=\"wp-block-group has-global-padding is-content-justification-center is-layout-constrained wp-container-core-group-is-layout-2d1ef6f6 wp-block-group-is-layout-constrained\">\n<figure class=\"wp-block-image size-full\"><img loading=\"lazy\" decoding=\"async\" width=\"2236\" height=\"922\" src=\"https:\/\/www.berti.net\/wp-content\/uploads\/berti-pavimenti-legno_parquet-certificati-CARB-certificazione-scaled-e1758727569235.png\" alt=\"\" class=\"wp-image-27030\" style=\"object-fit:cover\" srcset=\"https:\/\/www.berti.net\/wp-content\/uploads\/berti-pavimenti-legno_parquet-certificati-CARB-certificazione-scaled-e1758727569235.png 2236w, https:\/\/www.berti.net\/wp-content\/uploads\/berti-pavimenti-legno_parquet-certificati-CARB-certificazione-scaled-e1758727569235-812x335.png 812w, https:\/\/www.berti.net\/wp-content\/uploads\/berti-pavimenti-legno_parquet-certificati-CARB-certificazione-scaled-e1758727569235-1920x792.png 1920w, https:\/\/www.berti.net\/wp-content\/uploads\/berti-pavimenti-legno_parquet-certificati-CARB-certificazione-scaled-e1758727569235-768x317.png 768w, https:\/\/www.berti.net\/wp-content\/uploads\/berti-pavimenti-legno_parquet-certificati-CARB-certificazione-scaled-e1758727569235-1536x633.png 1536w, https:\/\/www.berti.net\/wp-content\/uploads\/berti-pavimenti-legno_parquet-certificati-CARB-certificazione-scaled-e1758727569235-2048x844.png 2048w\" sizes=\"auto, (max-width: 2236px) 100vw, 2236px\" \/><\/figure>\n<\/div>\n<\/div>\n\n\n\n<div class=\"wp-block-column is-vertically-aligned-center is-layout-flow wp-block-column-is-layout-flow\" style=\"flex-basis:66.66%\">\n<div class=\"wp-block-group has-global-padding is-layout-constrained wp-container-core-group-is-layout-f00c8009 wp-block-group-is-layout-constrained\" style=\"padding-right:5%;padding-left:5%\">\n<p>La certificaci\u00f3n <strong>CARB<\/strong>, aunque s\u00f3lo es obligatoria en California, ha sido asumida como norma estadounidense, lo que ha influido en muchos fabricantes europeos de productos semiacabados o acabados para controlar las emisiones de formaldeh\u00eddo.<\/p>\n\n\n\n<div class=\"wp-block-buttons is-layout-flex wp-block-buttons-is-layout-flex\">\n<div class=\"wp-block-button\"><a class=\"wp-block-button__link has-contrast-2-color has-base-background-color has-text-color has-background has-link-color wp-element-button\" href=\"https:\/\/www.berti.net\/wp-content\/uploads\/2024\/09\/berti-pavimenti-legno_parquet_certificato_CARB-TSCA.pdf\"><strong>DESCARGAR<\/strong>CERTIFICADO<\/a><\/div>\n<\/div>\n<\/div>\n<\/div>\n<\/div>\n\n\n\n<div class=\"wp-block-group alignwide title-text-indented-pattern has-base-color has-text-color has-link-color wp-elements-50dac8bffdac8e1ac7e947abbbbe1898 has-global-padding is-layout-constrained wp-container-core-group-is-layout-e7f6fb82 wp-block-group-is-layout-constrained\" style=\"padding-top:0;padding-bottom:var(--wp--preset--spacing--90)\">\n<h3 class=\"wp-block-heading has-text-color has-m-32-font-size\" style=\"color:#000000\">Lo que garantiza al comprador<\/h3>\n\n\n\n<div class=\"wp-block-group has-global-padding is-layout-constrained wp-block-group-is-layout-constrained\">\n<ul class=\"wp-block-list\">\n<li><strong>Aire m\u00e1s sano en el hogar<\/strong>: los niveles reducidos de formaldeh\u00eddo ayudan a mejorar la calidad del aire interior, reduciendo la posible irritaci\u00f3n de las v\u00edas respiratorias, los ojos y la piel.<\/li>\n\n\n\n<li><strong>Calidad superior a la norma<\/strong>: aunque la normativa europea imponga l\u00edmites a las emisiones (por ejemplo, clase E1 seg\u00fan la normativa europea), el CARB ofrece una garant\u00eda adicional con umbrales m\u00e1s estrictos.<\/li>\n\n\n\n<li><strong>Diferenciaci\u00f3n en el mercado<\/strong>: un producto con certificaci\u00f3n CARB comunica que la empresa ha decidido adoptar normas adicionales para la salud del cliente y el medio ambiente.<\/li>\n\n\n\n<li><strong>Trazabilidad y transparencia<\/strong>: puedes solicitar el certificado de conformidad CARB para verificar los par\u00e1metros probados por un laboratorio acreditado.<\/li>\n<\/ul>\n\n\n\n<div style=\"height:64px\" aria-hidden=\"true\" class=\"wp-block-spacer\"><\/div>\n\n\n\n<h3 class=\"wp-block-heading has-text-color has-m-32-font-size\" style=\"color:#000000\">El camino de Berti Pavimenti Legno hacia CARB<\/h3>\n\n\n\n<ul class=\"wp-block-list\">\n<li><strong>Selecci\u00f3n de materias primas y paneles<\/strong> con aglutinantes y resinas que reducen las emisiones.<\/li>\n\n\n\n<li><strong>Prueba de laboratorio acreditada<\/strong> para medir la cantidad de formaldeh\u00eddo emitido, de acuerdo con las normas CARB\/ATCM.<\/li>\n\n\n\n<li><strong>Expedici\u00f3n del certificado<\/strong> que acredite el cumplimiento de los l\u00edmites prescritos (Fase 2).<\/li>\n\n\n\n<li><strong>Actualizaci\u00f3n constante<\/strong>: controlamos cualquier cambio en las normas CARB o en la normativa europea para mantener la validez de la certificaci\u00f3n.<\/li>\n<\/ul>\n\n\n\n<div class=\"wp-block-buttons is-vertical is-layout-flex wp-container-core-buttons-is-layout-3210c5b8 wp-block-buttons-is-layout-flex\" style=\"margin-top:var(--wp--preset--spacing--40)\">\n<div class=\"wp-block-button is-style-icon\"><a class=\"wp-block-button__link wp-element-button\" href=\"https:\/\/www.berti.net\/es\/productos-berti\/\">Descubre los productos<\/a><\/div>\n\n\n\n<div class=\"wp-block-button is-style-icon\"><a class=\"wp-block-button__link wp-element-button\" href=\"https:\/\/www.berti.net\/es\/certificaciones\/\">Volver a Certificaciones<\/a><\/div>\n<\/div>\n<\/div>\n<\/div>\n<\/div>\n\n<div class=\"wp-block-cover alignfull is-light estimate-request-content animated fadeIn\" style=\"margin-top:0\"><img decoding=\"async\" class=\"wp-block-cover__image-background\" alt=\"\" src=\"https:\/\/www.berti.net\/wp-content\/themes\/thombase\/public\/images\/estimateBanner.webp\" data-object-fit=\"cover\"\/><span aria-hidden=\"true\" class=\"wp-block-cover__background has-background-dim-0 has-background-dim\"><\/span><div class=\"wp-block-cover__inner-container has-global-padding is-layout-constrained wp-block-cover-is-layout-constrained\">\n<div id=\"estimate\" class=\"wp-block-group alignleft estimate-request-content-inner has-global-padding is-content-justification-left is-layout-constrained wp-container-core-group-is-layout-94054b8f wp-block-group-is-layout-constrained\">\n<h5 class=\"wp-block-heading\">Pide <strong>presupuesto<\/strong>,<br\/>entra en el mundo Berti<\/h5>\n\n\n\n<p>\n  Rellena el formulario para solicitar un presupuesto. Recibir\u00e1s una respuesta de nuestro personal en breve. \n            <\/p>\n\n\n\n<div class=\"wp-block-buttons is-layout-flex wp-block-buttons-is-layout-flex\">\n<div class=\"wp-block-button is-style-link\"><a class=\"wp-block-button__link wp-element-button\" href=\"https:\/\/www.berti.net\/es\/solicita-preventivo\/\">SOLICITA AHORA<\/a><\/div>\n<\/div>\n<\/div>\n<\/div><\/div>\n","protected":false},"excerpt":{"rendered":"<p>La certificaci\u00f3n CARB, aunque s\u00f3lo es obligatoria en California, ha sido asumida como norma estadounidense, lo que ha influido en muchos fabricantes europeos de productos semiacabados o acabados para controlar las emisiones de formaldeh\u00eddo. Lo que garantiza al comprador El camino de Berti Pavimenti Legno hacia CARB<\/p>\n","protected":false},"author":2,"featured_media":0,"parent":26274,"menu_order":0,"comment_status":"closed","ping_status":"closed","template":"page-with-overlying-header","meta":{"footnotes":""},"class_list":["post-26234","page","type-page","status-publish","hentry"],"_links":{"self":[{"href":"https:\/\/www.berti.net\/es\/wp-json\/wp\/v2\/pages\/26234","targetHints":{"allow":["GET"]}}],"collection":[{"href":"https:\/\/www.berti.net\/es\/wp-json\/wp\/v2\/pages"}],"about":[{"href":"https:\/\/www.berti.net\/es\/wp-json\/wp\/v2\/types\/page"}],"author":[{"embeddable":true,"href":"https:\/\/www.berti.net\/es\/wp-json\/wp\/v2\/users\/2"}],"replies":[{"embeddable":true,"href":"https:\/\/www.berti.net\/es\/wp-json\/wp\/v2\/comments?post=26234"}],"version-history":[{"count":6,"href":"https:\/\/www.berti.net\/es\/wp-json\/wp\/v2\/pages\/26234\/revisions"}],"predecessor-version":[{"id":27061,"href":"https:\/\/www.berti.net\/es\/wp-json\/wp\/v2\/pages\/26234\/revisions\/27061"}],"up":[{"embeddable":true,"href":"https:\/\/www.berti.net\/es\/wp-json\/wp\/v2\/pages\/26274"}],"wp:attachment":[{"href":"https:\/\/www.berti.net\/es\/wp-json\/wp\/v2\/media?parent=26234"}],"curies":[{"name":"wp","href":"https:\/\/api.w.org\/{rel}","templated":true}]}}