{"id":24644,"date":"2024-09-20T10:10:02","date_gmt":"2024-09-20T10:10:02","guid":{"rendered":"https:\/\/www.berti.net\/product\/eiche-milk\/"},"modified":"2025-10-31T13:55:21","modified_gmt":"2025-10-31T13:55:21","slug":"eiche-milk","status":"publish","type":"product","link":"https:\/\/www.berti.net\/de\/parkett\/parkett-essential\/eiche-milk\/","title":{"rendered":"Eiche Milk"},"content":{"rendered":"\n<div class=\"wp-block-group is-style-container has-global-padding is-content-justification-center is-layout-constrained wp-block-group-is-layout-constrained\">\n<div class=\"wp-block-group is-style-default has-global-padding is-content-justification-left is-layout-constrained wp-container-core-group-is-layout-a6931cc7 wp-block-group-is-layout-constrained\" style=\"margin-top:var(--wp--preset--spacing--130);margin-bottom:var(--wp--preset--spacing--130)\">\n<p class=\"is-style-indent animated fadeIn has-m-22-font-size\">Diese Eichendielen, die ein wenig an <strong>gebleichtes Holz<\/strong> erinnern, sind leicht geb\u00fcrstet, um die Maserung des Holzes hervorzuheben und einen edlen Effekt zu erzielen.  <\/p>\n\n\n\n<p class=\"is-style-indent animated fadeIn has-m-22-font-size\"><strong>Eiche Milk <\/strong>ist in verschiedenen Formaten f\u00fcr die laufende oder Fischgr\u00e4tmuster-Verlegung erh\u00e4ltlich, geeignet f\u00fcr die schwimmende oder verleimte Verlegung und auf Heiz-\/K\u00fchlsystemen.<\/p>\n<\/div>\n<\/div>\n","protected":false},"excerpt":{"rendered":"<p>Diese Eichendielen, die ein wenig an gebleichtes Holz erinnern, sind leicht geb\u00fcrstet, um die Maserung des Holzes hervorzuheben und einen edlen Effekt zu erzielen. Eiche Milk ist in verschiedenen Formaten f\u00fcr die laufende oder Fischgr\u00e4tmuster-Verlegung erh\u00e4ltlich, geeignet f\u00fcr die schwimmende oder verleimte Verlegung und auf Heiz-\/K\u00fchlsystemen.<\/p>\n","protected":false},"author":4,"featured_media":22292,"template":"","product_collection":[194],"product_type":[],"product_color":[77],"class_list":["post-24644","product","type-product","status-publish","has-post-thumbnail","hentry","product_collection-parkett-essential","product_color-grigio"],"_links":{"self":[{"href":"https:\/\/www.berti.net\/de\/wp-json\/wp\/v2\/product\/24644","targetHints":{"allow":["GET"]}}],"collection":[{"href":"https:\/\/www.berti.net\/de\/wp-json\/wp\/v2\/product"}],"about":[{"href":"https:\/\/www.berti.net\/de\/wp-json\/wp\/v2\/types\/product"}],"author":[{"embeddable":true,"href":"https:\/\/www.berti.net\/de\/wp-json\/wp\/v2\/users\/4"}],"wp:featuredmedia":[{"embeddable":true,"href":"https:\/\/www.berti.net\/de\/wp-json\/wp\/v2\/media\/22292"}],"wp:attachment":[{"href":"https:\/\/www.berti.net\/de\/wp-json\/wp\/v2\/media?parent=24644"}],"wp:term":[{"taxonomy":"product_collection","embeddable":true,"href":"https:\/\/www.berti.net\/de\/wp-json\/wp\/v2\/product_collection?post=24644"},{"taxonomy":"product_type","embeddable":true,"href":"https:\/\/www.berti.net\/de\/wp-json\/wp\/v2\/product_type?post=24644"},{"taxonomy":"product_color","embeddable":true,"href":"https:\/\/www.berti.net\/de\/wp-json\/wp\/v2\/product_color?post=24644"}],"curies":[{"name":"wp","href":"https:\/\/api.w.org\/{rel}","templated":true}]}}