{"id":24635,"date":"2024-09-20T10:12:02","date_gmt":"2024-09-20T10:12:02","guid":{"rendered":"https:\/\/www.berti.net\/product\/eiche-cream\/"},"modified":"2026-02-25T14:53:31","modified_gmt":"2026-02-25T14:53:31","slug":"eiche-cream","status":"publish","type":"product","link":"https:\/\/www.berti.net\/de\/parkett\/parkett-essential\/eiche-cream\/","title":{"rendered":"Eiche Cream"},"content":{"rendered":"\n<div class=\"wp-block-group is-style-container has-global-padding is-content-justification-center is-layout-constrained wp-block-group-is-layout-constrained\">\n<div class=\"wp-block-group is-style-default has-global-padding is-content-justification-left is-layout-constrained wp-container-core-group-is-layout-a6931cc7 wp-block-group-is-layout-constrained\" style=\"margin-top:var(--wp--preset--spacing--130);margin-bottom:var(--wp--preset--spacing--130)\">\n<p class=\"is-style-indent animated fadeIn has-m-22-font-size\"><strong>Heller Holzboden<\/strong> mit einem grauen Farbton, ideal f\u00fcr einen nordischen, minimalen, zeitgen\u00f6ssischen Einrichtungsstil.  <\/p>\n\n\n\n<p class=\"is-style-indent animated fadeIn has-m-22-font-size\">Die Ad-hoc-Parkettbeschichtung bewahrt \u00e4sthetisch die Nat\u00fcrlichkeit des Holzes und sorgt f\u00fcr einen hellen Parkettboden mit au\u00dfergew\u00f6hnlicher H\u00e4rte, Stabilit\u00e4t und Langlebigkeit dank der verwendeten Verarbeitungstechniken und der sorgf\u00e4ltigen Auswahl der Rohstoffe.<\/p>\n<\/div>\n\n\n\n<div class=\"wp-block-group alignfull has-global-padding is-layout-constrained wp-block-group-is-layout-constrained\" style=\"margin-top:0;margin-bottom:0\">\n<div class=\"wp-block-columns is-layout-flex wp-container-core-columns-is-layout-28f84493 wp-block-columns-is-layout-flex\">\n<div class=\"wp-block-column is-layout-flow wp-block-column-is-layout-flow\" style=\"flex-basis:40%\">\n<figure data-wp-context=\"{&quot;imageId&quot;:&quot;69dbed3c49ca1&quot;}\" data-wp-interactive=\"core\/image\" class=\"wp-block-image aligncenter size-full is-style-default wp-lightbox-container\"><img loading=\"lazy\" decoding=\"async\" width=\"653\" height=\"871\" data-wp-class--hide=\"state.isContentHidden\" data-wp-class--show=\"state.isContentVisible\" data-wp-init=\"callbacks.setButtonStyles\" data-wp-on-async--click=\"actions.showLightbox\" data-wp-on-async--load=\"callbacks.setButtonStyles\" data-wp-on-async-window--resize=\"callbacks.setButtonStyles\" src=\"https:\/\/www.berti.net\/wp-content\/uploads\/2024\/09\/parquet-rovere-chiaro-spazzolato-cream.jpg\" alt=\"\" class=\"wp-image-6596\" srcset=\"https:\/\/www.berti.net\/wp-content\/uploads\/2024\/09\/parquet-rovere-chiaro-spazzolato-cream.jpg 653w, https:\/\/www.berti.net\/wp-content\/uploads\/2024\/09\/parquet-rovere-chiaro-spazzolato-cream-225x300.jpg 225w\" sizes=\"auto, (max-width: 653px) 100vw, 653px\" \/><button\n\t\t\tclass=\"lightbox-trigger\"\n\t\t\ttype=\"button\"\n\t\t\taria-haspopup=\"dialog\"\n\t\t\taria-label=\"Enlarge\"\n\t\t\tdata-wp-init=\"callbacks.initTriggerButton\"\n\t\t\tdata-wp-on-async--click=\"actions.showLightbox\"\n\t\t\tdata-wp-style--right=\"state.imageButtonRight\"\n\t\t\tdata-wp-style--top=\"state.imageButtonTop\"\n\t\t>\n\t\t\t<svg xmlns=\"http:\/\/www.w3.org\/2000\/svg\" width=\"12\" height=\"12\" fill=\"none\" viewBox=\"0 0 12 12\">\n\t\t\t\t<path fill=\"#fff\" d=\"M2 0a2 2 0 0 0-2 2v2h1.5V2a.5.5 0 0 1 .5-.5h2V0H2Zm2 10.5H2a.5.5 0 0 1-.5-.5V8H0v2a2 2 0 0 0 2 2h2v-1.5ZM8 12v-1.5h2a.5.5 0 0 0 .5-.5V8H12v2a2 2 0 0 1-2 2H8Zm2-12a2 2 0 0 1 2 2v2h-1.5V2a.5.5 0 0 0-.5-.5H8V0h2Z\" \/>\n\t\t\t<\/svg>\n\t\t<\/button><\/figure>\n<\/div>\n\n\n\n<div class=\"wp-block-column is-layout-flow wp-block-column-is-layout-flow\">\n<figure class=\"wp-block-image size-full\"><img loading=\"lazy\" decoding=\"async\" width=\"1473\" height=\"1200\" src=\"https:\/\/www.berti.net\/wp-content\/uploads\/berti_pavimenti_legno_rovere_cream_2026.3.jpg\" alt=\"\" class=\"wp-image-29519\" srcset=\"https:\/\/www.berti.net\/wp-content\/uploads\/berti_pavimenti_legno_rovere_cream_2026.3.jpg 1473w, https:\/\/www.berti.net\/wp-content\/uploads\/berti_pavimenti_legno_rovere_cream_2026.3-812x662.jpg 812w, https:\/\/www.berti.net\/wp-content\/uploads\/berti_pavimenti_legno_rovere_cream_2026.3-768x626.jpg 768w\" sizes=\"auto, (max-width: 1473px) 100vw, 1473px\" \/><\/figure>\n\n\n\n<figure class=\"wp-block-image size-full\"><img loading=\"lazy\" decoding=\"async\" width=\"1473\" height=\"1200\" src=\"https:\/\/www.berti.net\/wp-content\/uploads\/berti_pavimenti_legno_rovere_cream_2026.4.jpg\" alt=\"\" class=\"wp-image-29525\" srcset=\"https:\/\/www.berti.net\/wp-content\/uploads\/berti_pavimenti_legno_rovere_cream_2026.4.jpg 1473w, https:\/\/www.berti.net\/wp-content\/uploads\/berti_pavimenti_legno_rovere_cream_2026.4-812x662.jpg 812w, https:\/\/www.berti.net\/wp-content\/uploads\/berti_pavimenti_legno_rovere_cream_2026.4-768x626.jpg 768w\" sizes=\"auto, (max-width: 1473px) 100vw, 1473px\" \/><\/figure>\n<\/div>\n<\/div>\n\n\n\n<div style=\"height:100px\" aria-hidden=\"true\" class=\"wp-block-spacer\"><\/div>\n<\/div>\n<\/div>\n","protected":false},"excerpt":{"rendered":"<p>Heller Holzboden mit einem grauen Farbton, ideal f\u00fcr einen nordischen, minimalen, zeitgen\u00f6ssischen Einrichtungsstil. Die Ad-hoc-Parkettbeschichtung bewahrt \u00e4sthetisch die Nat\u00fcrlichkeit des Holzes und sorgt f\u00fcr einen hellen Parkettboden mit au\u00dfergew\u00f6hnlicher H\u00e4rte, Stabilit\u00e4t und Langlebigkeit dank der verwendeten Verarbeitungstechniken und der sorgf\u00e4ltigen Auswahl der Rohstoffe.<\/p>\n","protected":false},"author":2,"featured_media":24936,"template":"","product_collection":[194],"product_type":[],"product_color":[75],"class_list":["post-24635","product","type-product","status-publish","has-post-thumbnail","hentry","product_collection-parkett-essential","product_color-chiaro"],"_links":{"self":[{"href":"https:\/\/www.berti.net\/de\/wp-json\/wp\/v2\/product\/24635","targetHints":{"allow":["GET"]}}],"collection":[{"href":"https:\/\/www.berti.net\/de\/wp-json\/wp\/v2\/product"}],"about":[{"href":"https:\/\/www.berti.net\/de\/wp-json\/wp\/v2\/types\/product"}],"author":[{"embeddable":true,"href":"https:\/\/www.berti.net\/de\/wp-json\/wp\/v2\/users\/2"}],"wp:featuredmedia":[{"embeddable":true,"href":"https:\/\/www.berti.net\/de\/wp-json\/wp\/v2\/media\/24936"}],"wp:attachment":[{"href":"https:\/\/www.berti.net\/de\/wp-json\/wp\/v2\/media?parent=24635"}],"wp:term":[{"taxonomy":"product_collection","embeddable":true,"href":"https:\/\/www.berti.net\/de\/wp-json\/wp\/v2\/product_collection?post=24635"},{"taxonomy":"product_type","embeddable":true,"href":"https:\/\/www.berti.net\/de\/wp-json\/wp\/v2\/product_type?post=24635"},{"taxonomy":"product_color","embeddable":true,"href":"https:\/\/www.berti.net\/de\/wp-json\/wp\/v2\/product_color?post=24635"}],"curies":[{"name":"wp","href":"https:\/\/api.w.org\/{rel}","templated":true}]}}