{"id":24634,"date":"2024-09-20T10:30:11","date_gmt":"2024-09-20T10:30:11","guid":{"rendered":"https:\/\/www.berti.net\/product\/amerikanische-walnuss-neutral\/"},"modified":"2025-11-18T14:02:39","modified_gmt":"2025-11-18T14:02:39","slug":"amerikanische-walnuss-neutral","status":"publish","type":"product","link":"https:\/\/www.berti.net\/de\/parkett\/parkett-essential\/amerikanische-walnuss-neutral\/","title":{"rendered":"Amerikanische Walnuss Neutral"},"content":{"rendered":"\n<div class=\"wp-block-group is-style-container has-global-padding is-content-justification-center is-layout-constrained wp-block-group-is-layout-constrained\">\n<div class=\"wp-block-group is-style-default has-global-padding is-content-justification-left is-layout-constrained wp-container-core-group-is-layout-a6931cc7 wp-block-group-is-layout-constrained\" style=\"margin-top:var(--wp--preset--spacing--130);margin-bottom:var(--wp--preset--spacing--130)\">\n<p class=\"is-style-indent animated fadeIn has-m-22-font-size\">Im Gegensatz zur nationalen Nussbaumfarbe ist die Farbe des amerikanischen Nussbaums, der ein <strong>dunkles Holz<\/strong> ist, intensiver mit Schattierungen, die zwischen dunkelbraun und violett-schwarz variieren k\u00f6nnen.  <\/p>\n\n\n\n<p class=\"is-style-indent animated fadeIn has-m-22-font-size\">Das Parkett Neutro aus amerikanischem Nussbaum eignet sich aufgrund der Sch\u00f6nheit seiner Struktur und Maserung perfekt f\u00fcr klassische und moderne Innenr\u00e4ume. Es ist widerstandsf\u00e4hig <strong>und stabil<\/strong> und zeichnet sich durch eine gute Haltbarkeit aus.<\/p>\n<\/div>\n<\/div>\n","protected":false},"excerpt":{"rendered":"<p>Im Gegensatz zur nationalen Nussbaumfarbe ist die Farbe des amerikanischen Nussbaums, der ein dunkles Holz ist, intensiver mit Schattierungen, die zwischen dunkelbraun und violett-schwarz variieren k\u00f6nnen. Das Parkett Neutro aus amerikanischem Nussbaum eignet sich aufgrund der Sch\u00f6nheit seiner Struktur und Maserung perfekt f\u00fcr klassische und moderne Innenr\u00e4ume. Es ist widerstandsf\u00e4hig und stabil und zeichnet sich durch eine gute Haltbarkeit aus.<\/p>\n","protected":false},"author":4,"featured_media":25982,"template":"","product_collection":[194],"product_type":[],"product_color":[],"class_list":["post-24634","product","type-product","status-publish","has-post-thumbnail","hentry","product_collection-parkett-essential"],"_links":{"self":[{"href":"https:\/\/www.berti.net\/de\/wp-json\/wp\/v2\/product\/24634","targetHints":{"allow":["GET"]}}],"collection":[{"href":"https:\/\/www.berti.net\/de\/wp-json\/wp\/v2\/product"}],"about":[{"href":"https:\/\/www.berti.net\/de\/wp-json\/wp\/v2\/types\/product"}],"author":[{"embeddable":true,"href":"https:\/\/www.berti.net\/de\/wp-json\/wp\/v2\/users\/4"}],"wp:featuredmedia":[{"embeddable":true,"href":"https:\/\/www.berti.net\/de\/wp-json\/wp\/v2\/media\/25982"}],"wp:attachment":[{"href":"https:\/\/www.berti.net\/de\/wp-json\/wp\/v2\/media?parent=24634"}],"wp:term":[{"taxonomy":"product_collection","embeddable":true,"href":"https:\/\/www.berti.net\/de\/wp-json\/wp\/v2\/product_collection?post=24634"},{"taxonomy":"product_type","embeddable":true,"href":"https:\/\/www.berti.net\/de\/wp-json\/wp\/v2\/product_type?post=24634"},{"taxonomy":"product_color","embeddable":true,"href":"https:\/\/www.berti.net\/de\/wp-json\/wp\/v2\/product_color?post=24634"}],"curies":[{"name":"wp","href":"https:\/\/api.w.org\/{rel}","templated":true}]}}