{"id":24617,"date":"2024-09-20T10:17:03","date_gmt":"2024-09-20T10:17:03","guid":{"rendered":"https:\/\/www.berti.net\/product\/eiche-mokka\/"},"modified":"2025-11-04T14:49:36","modified_gmt":"2025-11-04T14:49:36","slug":"eiche-mokka","status":"publish","type":"product","link":"https:\/\/www.berti.net\/de\/parkett\/parkett-essential\/eiche-mokka\/","title":{"rendered":"Eiche Mokka"},"content":{"rendered":"\n<div class=\"wp-block-group is-style-container has-global-padding is-content-justification-center is-layout-constrained wp-block-group-is-layout-constrained\">\n<div class=\"wp-block-group is-style-default has-global-padding is-content-justification-left is-layout-constrained wp-container-core-group-is-layout-a6931cc7 wp-block-group-is-layout-constrained\" style=\"margin-top:var(--wp--preset--spacing--130);margin-bottom:var(--wp--preset--spacing--130)\">\n<p class=\"is-style-indent animated fadeIn has-m-22-font-size\"><strong>Prefinished Moka<\/strong> ist auf 2-Schicht-Dielen, auf klein-, mittel- und gro\u00dfformatigen Dielen erh\u00e4ltlich, die f\u00fcr die schwimmende oder geklebte Parkettverlegung und f\u00fcr <strong>Fu\u00dfbodenheizungen<\/strong> geeignet sind.<\/p>\n<\/div>\n<\/div>\n","protected":false},"excerpt":{"rendered":"<p>Prefinished Moka ist auf 2-Schicht-Dielen, auf klein-, mittel- und gro\u00dfformatigen Dielen erh\u00e4ltlich, die f\u00fcr die schwimmende oder geklebte Parkettverlegung und f\u00fcr Fu\u00dfbodenheizungen geeignet sind.<\/p>\n","protected":false},"author":4,"featured_media":24963,"template":"","product_collection":[194],"product_type":[],"product_color":[76],"class_list":["post-24617","product","type-product","status-publish","has-post-thumbnail","hentry","product_collection-parkett-essential","product_color-scuro"],"_links":{"self":[{"href":"https:\/\/www.berti.net\/de\/wp-json\/wp\/v2\/product\/24617","targetHints":{"allow":["GET"]}}],"collection":[{"href":"https:\/\/www.berti.net\/de\/wp-json\/wp\/v2\/product"}],"about":[{"href":"https:\/\/www.berti.net\/de\/wp-json\/wp\/v2\/types\/product"}],"author":[{"embeddable":true,"href":"https:\/\/www.berti.net\/de\/wp-json\/wp\/v2\/users\/4"}],"wp:featuredmedia":[{"embeddable":true,"href":"https:\/\/www.berti.net\/de\/wp-json\/wp\/v2\/media\/24963"}],"wp:attachment":[{"href":"https:\/\/www.berti.net\/de\/wp-json\/wp\/v2\/media?parent=24617"}],"wp:term":[{"taxonomy":"product_collection","embeddable":true,"href":"https:\/\/www.berti.net\/de\/wp-json\/wp\/v2\/product_collection?post=24617"},{"taxonomy":"product_type","embeddable":true,"href":"https:\/\/www.berti.net\/de\/wp-json\/wp\/v2\/product_type?post=24617"},{"taxonomy":"product_color","embeddable":true,"href":"https:\/\/www.berti.net\/de\/wp-json\/wp\/v2\/product_color?post=24617"}],"curies":[{"name":"wp","href":"https:\/\/api.w.org\/{rel}","templated":true}]}}