{"id":24585,"date":"2024-09-20T14:41:41","date_gmt":"2024-09-20T14:41:41","guid":{"rendered":"https:\/\/www.berti.net\/product\/neutral-doussie\/"},"modified":"2025-11-06T15:25:18","modified_gmt":"2025-11-06T15:25:18","slug":"neutral-doussie","status":"publish","type":"product","link":"https:\/\/www.berti.net\/de\/parkett\/parkett-essential\/neutral-doussie\/","title":{"rendered":"Neutral Doussi\u00e8"},"content":{"rendered":"\n<div class=\"wp-block-group is-style-container has-global-padding is-content-justification-center is-layout-constrained wp-block-group-is-layout-constrained\">\n<div class=\"wp-block-group is-style-default has-global-padding is-content-justification-left is-layout-constrained wp-container-core-group-is-layout-a6931cc7 wp-block-group-is-layout-constrained\" style=\"margin-top:var(--wp--preset--spacing--130);margin-bottom:var(--wp--preset--spacing--130)\">\n<p class=\"is-style-indent animated fadeIn has-m-22-font-size\">Als <strong>exotisches Holz ist es besonders hart und kompakt<\/strong> und eignet sich gut f\u00fcr die Verlegung in feuchten (Parkett im Bad oder in der K\u00fcche) und stark beanspruchten Bereichen. Die Holzart Doussi\u00e8 eignet sich sowohl f\u00fcr klassische als auch f\u00fcr moderne Parketteinrichtungen. <\/p>\n<\/div>\n<\/div>\n","protected":false},"excerpt":{"rendered":"<p>Als exotisches Holz ist es besonders hart und kompakt und eignet sich gut f\u00fcr die Verlegung in feuchten (Parkett im Bad oder in der K\u00fcche) und stark beanspruchten Bereichen. Die Holzart Doussi\u00e8 eignet sich sowohl f\u00fcr klassische als auch f\u00fcr moderne Parketteinrichtungen.<\/p>\n","protected":false},"author":4,"featured_media":24589,"template":"","product_collection":[194],"product_type":[],"product_color":[78],"class_list":["post-24585","product","type-product","status-publish","has-post-thumbnail","hentry","product_collection-parkett-essential","product_color-rosso"],"_links":{"self":[{"href":"https:\/\/www.berti.net\/de\/wp-json\/wp\/v2\/product\/24585","targetHints":{"allow":["GET"]}}],"collection":[{"href":"https:\/\/www.berti.net\/de\/wp-json\/wp\/v2\/product"}],"about":[{"href":"https:\/\/www.berti.net\/de\/wp-json\/wp\/v2\/types\/product"}],"author":[{"embeddable":true,"href":"https:\/\/www.berti.net\/de\/wp-json\/wp\/v2\/users\/4"}],"wp:featuredmedia":[{"embeddable":true,"href":"https:\/\/www.berti.net\/de\/wp-json\/wp\/v2\/media\/24589"}],"wp:attachment":[{"href":"https:\/\/www.berti.net\/de\/wp-json\/wp\/v2\/media?parent=24585"}],"wp:term":[{"taxonomy":"product_collection","embeddable":true,"href":"https:\/\/www.berti.net\/de\/wp-json\/wp\/v2\/product_collection?post=24585"},{"taxonomy":"product_type","embeddable":true,"href":"https:\/\/www.berti.net\/de\/wp-json\/wp\/v2\/product_type?post=24585"},{"taxonomy":"product_color","embeddable":true,"href":"https:\/\/www.berti.net\/de\/wp-json\/wp\/v2\/product_color?post=24585"}],"curies":[{"name":"wp","href":"https:\/\/api.w.org\/{rel}","templated":true}]}}