{"id":24568,"date":"2024-09-20T14:43:33","date_gmt":"2024-09-20T14:43:33","guid":{"rendered":"https:\/\/www.berti.net\/product\/doussie-antiquitaet\/"},"modified":"2025-11-06T15:31:26","modified_gmt":"2025-11-06T15:31:26","slug":"doussie-antiquitaet","status":"publish","type":"product","link":"https:\/\/www.berti.net\/de\/parkett\/parkett-essential\/doussie-antiquitaet\/","title":{"rendered":"Doussi\u00e8 Antiquit\u00e4t"},"content":{"rendered":"\n<div class=\"wp-block-group is-style-container has-global-padding is-content-justification-center is-layout-constrained wp-block-group-is-layout-constrained\">\n<div class=\"wp-block-group is-style-default has-global-padding is-content-justification-left is-layout-constrained wp-container-core-group-is-layout-a6931cc7 wp-block-group-is-layout-constrained\" style=\"margin-top:var(--wp--preset--spacing--130);margin-bottom:var(--wp--preset--spacing--130)\">\n<p class=\"is-style-indent animated fadeIn has-m-22-font-size\"><strong>Doussi\u00e9<\/strong>, das zu den h\u00e4rtesten exotischen H\u00f6lzern z\u00e4hlt, ist ein <strong>feuchtigkeits- und trittfestes Parkett<\/strong>, das auch bei Fu\u00dfbodenheizung eine hohe Stabilit\u00e4t aufweist.  <\/p>\n\n\n\n<p class=\"is-style-indent animated fadeIn has-m-22-font-size\">Dank seiner hohen <strong>Widerstandsf\u00e4higkeit gegen Feuchtigkeit<\/strong> eignet er sich f\u00fcr alle R\u00e4ume im Haus, vom Badezimmer bis zur K\u00fcche.  <\/p>\n\n\n\n<p class=\"is-style-indent animated fadeIn has-m-22-font-size\">Erh\u00e4ltlich auf 2-lagigen Holzlatten mit einer Gesamtst\u00e4rke von 13 mm, ideal f\u00fcr die Verlegung im Lauf- oder Fischgr\u00e4tmuster.<\/p>\n<\/div>\n<\/div>\n","protected":false},"excerpt":{"rendered":"<p>Doussi\u00e9, das zu den h\u00e4rtesten exotischen H\u00f6lzern z\u00e4hlt, ist ein feuchtigkeits- und trittfestes Parkett, das auch bei Fu\u00dfbodenheizung eine hohe Stabilit\u00e4t aufweist. Dank seiner hohen Widerstandsf\u00e4higkeit gegen Feuchtigkeit eignet er sich f\u00fcr alle R\u00e4ume im Haus, vom Badezimmer bis zur K\u00fcche. Erh\u00e4ltlich auf 2-lagigen Holzlatten mit einer Gesamtst\u00e4rke von 13 mm, ideal f\u00fcr die Verlegung im Lauf- oder Fischgr\u00e4tmuster.<\/p>\n","protected":false},"author":4,"featured_media":24571,"template":"","product_collection":[194],"product_type":[],"product_color":[],"class_list":["post-24568","product","type-product","status-publish","has-post-thumbnail","hentry","product_collection-parkett-essential"],"_links":{"self":[{"href":"https:\/\/www.berti.net\/de\/wp-json\/wp\/v2\/product\/24568","targetHints":{"allow":["GET"]}}],"collection":[{"href":"https:\/\/www.berti.net\/de\/wp-json\/wp\/v2\/product"}],"about":[{"href":"https:\/\/www.berti.net\/de\/wp-json\/wp\/v2\/types\/product"}],"author":[{"embeddable":true,"href":"https:\/\/www.berti.net\/de\/wp-json\/wp\/v2\/users\/4"}],"wp:featuredmedia":[{"embeddable":true,"href":"https:\/\/www.berti.net\/de\/wp-json\/wp\/v2\/media\/24571"}],"wp:attachment":[{"href":"https:\/\/www.berti.net\/de\/wp-json\/wp\/v2\/media?parent=24568"}],"wp:term":[{"taxonomy":"product_collection","embeddable":true,"href":"https:\/\/www.berti.net\/de\/wp-json\/wp\/v2\/product_collection?post=24568"},{"taxonomy":"product_type","embeddable":true,"href":"https:\/\/www.berti.net\/de\/wp-json\/wp\/v2\/product_type?post=24568"},{"taxonomy":"product_color","embeddable":true,"href":"https:\/\/www.berti.net\/de\/wp-json\/wp\/v2\/product_color?post=24568"}],"curies":[{"name":"wp","href":"https:\/\/api.w.org\/{rel}","templated":true}]}}