{"id":24567,"date":"2024-09-20T14:25:58","date_gmt":"2024-09-20T14:25:58","guid":{"rendered":"https:\/\/www.berti.net\/product\/neutrales-teakholz\/"},"modified":"2025-11-05T08:31:47","modified_gmt":"2025-11-05T08:31:47","slug":"neutrales-teakholz","status":"publish","type":"product","link":"https:\/\/www.berti.net\/de\/parkett\/parkett-essential\/neutrales-teakholz\/","title":{"rendered":"Neutrales Teakholz"},"content":{"rendered":"\n<div class=\"wp-block-group is-style-container has-global-padding is-content-justification-center is-layout-constrained wp-block-group-is-layout-constrained\">\n<div class=\"wp-block-group is-style-default has-global-padding is-content-justification-left is-layout-constrained wp-container-core-group-is-layout-a6931cc7 wp-block-group-is-layout-constrained\" style=\"margin-top:var(--wp--preset--spacing--130);margin-bottom:var(--wp--preset--spacing--130)\">\n<p class=\"is-style-indent animated fadeIn has-m-22-font-size\">Die verf\u00fcgbaren Gr\u00f6\u00dfen und Formate f\u00fcr diese Teakholzdielen variieren in Breite und L\u00e4nge, mit einer 2-Schicht-Struktur und einem Tr\u00e4ger aus Birkenholz.<\/p>\n<\/div>\n<\/div>\n","protected":false},"excerpt":{"rendered":"<p>Die verf\u00fcgbaren Gr\u00f6\u00dfen und Formate f\u00fcr diese Teakholzdielen variieren in Breite und L\u00e4nge, mit einer 2-Schicht-Struktur und einem Tr\u00e4ger aus Birkenholz.<\/p>\n","protected":false},"author":4,"featured_media":24569,"template":"","product_collection":[194],"product_type":[],"product_color":[],"class_list":["post-24567","product","type-product","status-publish","has-post-thumbnail","hentry","product_collection-parkett-essential"],"_links":{"self":[{"href":"https:\/\/www.berti.net\/de\/wp-json\/wp\/v2\/product\/24567","targetHints":{"allow":["GET"]}}],"collection":[{"href":"https:\/\/www.berti.net\/de\/wp-json\/wp\/v2\/product"}],"about":[{"href":"https:\/\/www.berti.net\/de\/wp-json\/wp\/v2\/types\/product"}],"author":[{"embeddable":true,"href":"https:\/\/www.berti.net\/de\/wp-json\/wp\/v2\/users\/4"}],"wp:featuredmedia":[{"embeddable":true,"href":"https:\/\/www.berti.net\/de\/wp-json\/wp\/v2\/media\/24569"}],"wp:attachment":[{"href":"https:\/\/www.berti.net\/de\/wp-json\/wp\/v2\/media?parent=24567"}],"wp:term":[{"taxonomy":"product_collection","embeddable":true,"href":"https:\/\/www.berti.net\/de\/wp-json\/wp\/v2\/product_collection?post=24567"},{"taxonomy":"product_type","embeddable":true,"href":"https:\/\/www.berti.net\/de\/wp-json\/wp\/v2\/product_type?post=24567"},{"taxonomy":"product_color","embeddable":true,"href":"https:\/\/www.berti.net\/de\/wp-json\/wp\/v2\/product_color?post=24567"}],"curies":[{"name":"wp","href":"https:\/\/api.w.org\/{rel}","templated":true}]}}