{"id":24535,"date":"2024-09-20T14:36:34","date_gmt":"2024-09-20T14:36:34","guid":{"rendered":"https:\/\/www.berti.net\/product\/neutral-iroko\/"},"modified":"2025-11-06T13:49:47","modified_gmt":"2025-11-06T13:49:47","slug":"neutral-iroko","status":"publish","type":"product","link":"https:\/\/www.berti.net\/de\/parkett\/parkett-essential\/neutral-iroko\/","title":{"rendered":"Neutral Iroko"},"content":{"rendered":"\n<div class=\"wp-block-group is-style-container has-global-padding is-content-justification-center is-layout-constrained wp-block-group-is-layout-constrained\">\n<div class=\"wp-block-group is-style-default has-global-padding is-content-justification-left is-layout-constrained wp-container-core-group-is-layout-a6931cc7 wp-block-group-is-layout-constrained\" style=\"margin-top:var(--wp--preset--spacing--130);margin-bottom:var(--wp--preset--spacing--130)\">\n<p class=\"is-style-indent animated fadeIn has-m-22-font-size\">Iroko ist ein <strong>gelb-braunes afrikanisches Holz<\/strong>, das sich durch Stabilit\u00e4t, H\u00e4rte und Haltbarkeit auszeichnet. Es hat \u00f6lhaltige Fasern, die es auch ohne spezielle Behandlung wasserdicht <strong>und feuchtigkeitsbest\u00e4ndig<\/strong> machen.   <\/p>\n\n\n\n<p class=\"is-style-indent animated fadeIn has-m-22-font-size\">Aufgrund seiner besonderen Eigenschaften hinsichtlich <strong>Festigkeit und Haltbarkeit<\/strong> wird Iroko f\u00fcr feuchte Umgebungen empfohlen (Parkett im Badezimmer).  <\/p>\n\n\n\n<p class=\"is-style-indent animated fadeIn has-m-22-font-size\"><strong>Iroko-Parkett<\/strong> ist ein sehr eleganter Boden, der fast immer in klassisch eingerichteten R\u00e4umen verlegt wird. Aufgrund seiner ausgezeichneten Trittfestigkeit wird er auch h\u00e4ufig in Verbindung mit einer Fu\u00dfbodenheizung gew\u00e4hlt. <\/p>\n<\/div>\n<\/div>\n","protected":false},"excerpt":{"rendered":"<p>Iroko ist ein gelb-braunes afrikanisches Holz, das sich durch Stabilit\u00e4t, H\u00e4rte und Haltbarkeit auszeichnet. Es hat \u00f6lhaltige Fasern, die es auch ohne spezielle Behandlung wasserdicht und feuchtigkeitsbest\u00e4ndig machen. Aufgrund seiner besonderen Eigenschaften hinsichtlich Festigkeit und Haltbarkeit wird Iroko f\u00fcr feuchte Umgebungen empfohlen (Parkett im Badezimmer). Iroko-Parkett ist ein sehr eleganter Boden, der fast immer in klassisch eingerichteten R\u00e4umen verlegt wird. [&hellip;]<\/p>\n","protected":false},"author":4,"featured_media":24537,"template":"","product_collection":[194],"product_type":[],"product_color":[],"class_list":["post-24535","product","type-product","status-publish","has-post-thumbnail","hentry","product_collection-parkett-essential"],"_links":{"self":[{"href":"https:\/\/www.berti.net\/de\/wp-json\/wp\/v2\/product\/24535","targetHints":{"allow":["GET"]}}],"collection":[{"href":"https:\/\/www.berti.net\/de\/wp-json\/wp\/v2\/product"}],"about":[{"href":"https:\/\/www.berti.net\/de\/wp-json\/wp\/v2\/types\/product"}],"author":[{"embeddable":true,"href":"https:\/\/www.berti.net\/de\/wp-json\/wp\/v2\/users\/4"}],"wp:featuredmedia":[{"embeddable":true,"href":"https:\/\/www.berti.net\/de\/wp-json\/wp\/v2\/media\/24537"}],"wp:attachment":[{"href":"https:\/\/www.berti.net\/de\/wp-json\/wp\/v2\/media?parent=24535"}],"wp:term":[{"taxonomy":"product_collection","embeddable":true,"href":"https:\/\/www.berti.net\/de\/wp-json\/wp\/v2\/product_collection?post=24535"},{"taxonomy":"product_type","embeddable":true,"href":"https:\/\/www.berti.net\/de\/wp-json\/wp\/v2\/product_type?post=24535"},{"taxonomy":"product_color","embeddable":true,"href":"https:\/\/www.berti.net\/de\/wp-json\/wp\/v2\/product_color?post=24535"}],"curies":[{"name":"wp","href":"https:\/\/api.w.org\/{rel}","templated":true}]}}