{"id":24522,"date":"2024-09-20T14:39:26","date_gmt":"2024-09-20T14:39:26","guid":{"rendered":"https:\/\/www.berti.net\/product\/antikes-iroko\/"},"modified":"2025-11-06T15:18:30","modified_gmt":"2025-11-06T15:18:30","slug":"antikes-iroko","status":"publish","type":"product","link":"https:\/\/www.berti.net\/de\/parkett\/parkett-essential\/antikes-iroko\/","title":{"rendered":"Antikes Iroko"},"content":{"rendered":"\n<div class=\"wp-block-group is-style-container has-global-padding is-content-justification-center is-layout-constrained wp-block-group-is-layout-constrained\">\n<div class=\"wp-block-group is-style-default has-global-padding is-content-justification-left is-layout-constrained wp-container-core-group-is-layout-a6931cc7 wp-block-group-is-layout-constrained\" style=\"margin-top:var(--wp--preset--spacing--130);margin-bottom:var(--wp--preset--spacing--130)\">\n<p class=\"is-style-indent animated fadeIn has-m-22-font-size\"><strong>Iroko-Parkett<\/strong> hat hervorragende technische Eigenschaften wie Stabilit\u00e4t und eine hohe Widerstandsf\u00e4higkeit gegen Feuchtigkeit. Au\u00dferdem hat Iroko eine<strong>sehr gute Trittfestigkeit<\/strong>, was es f\u00fcr die Verlegung auf Fu\u00dfbodenheizungen geeignet macht. <\/p>\n<\/div>\n<\/div>\n","protected":false},"excerpt":{"rendered":"<p>Iroko-Parkett hat hervorragende technische Eigenschaften wie Stabilit\u00e4t und eine hohe Widerstandsf\u00e4higkeit gegen Feuchtigkeit. Au\u00dferdem hat Iroko einesehr gute Trittfestigkeit, was es f\u00fcr die Verlegung auf Fu\u00dfbodenheizungen geeignet macht.<\/p>\n","protected":false},"author":4,"featured_media":24524,"template":"","product_collection":[194],"product_type":[],"product_color":[78],"class_list":["post-24522","product","type-product","status-publish","has-post-thumbnail","hentry","product_collection-parkett-essential","product_color-rosso"],"_links":{"self":[{"href":"https:\/\/www.berti.net\/de\/wp-json\/wp\/v2\/product\/24522","targetHints":{"allow":["GET"]}}],"collection":[{"href":"https:\/\/www.berti.net\/de\/wp-json\/wp\/v2\/product"}],"about":[{"href":"https:\/\/www.berti.net\/de\/wp-json\/wp\/v2\/types\/product"}],"author":[{"embeddable":true,"href":"https:\/\/www.berti.net\/de\/wp-json\/wp\/v2\/users\/4"}],"wp:featuredmedia":[{"embeddable":true,"href":"https:\/\/www.berti.net\/de\/wp-json\/wp\/v2\/media\/24524"}],"wp:attachment":[{"href":"https:\/\/www.berti.net\/de\/wp-json\/wp\/v2\/media?parent=24522"}],"wp:term":[{"taxonomy":"product_collection","embeddable":true,"href":"https:\/\/www.berti.net\/de\/wp-json\/wp\/v2\/product_collection?post=24522"},{"taxonomy":"product_type","embeddable":true,"href":"https:\/\/www.berti.net\/de\/wp-json\/wp\/v2\/product_type?post=24522"},{"taxonomy":"product_color","embeddable":true,"href":"https:\/\/www.berti.net\/de\/wp-json\/wp\/v2\/product_color?post=24522"}],"curies":[{"name":"wp","href":"https:\/\/api.w.org\/{rel}","templated":true}]}}