{"id":24518,"date":"2024-09-20T15:08:28","date_gmt":"2024-09-20T15:08:28","guid":{"rendered":"https:\/\/www.berti.net\/product\/scratch-tortora\/"},"modified":"2025-11-07T16:09:27","modified_gmt":"2025-11-07T16:09:27","slug":"scratch-tortora","status":"publish","type":"product","link":"https:\/\/www.berti.net\/de\/parkett\/berti-studio\/eiche-berti-studio\/scratch-tortora\/","title":{"rendered":"Scratch Tortora"},"content":{"rendered":"\n<div class=\"wp-block-group is-style-container has-global-padding is-content-justification-center is-layout-constrained wp-block-group-is-layout-constrained\">\n<div class=\"wp-block-group is-style-default has-global-padding is-content-justification-left is-layout-constrained wp-container-core-group-is-layout-a6931cc7 wp-block-group-is-layout-constrained\" style=\"margin-top:var(--wp--preset--spacing--130);margin-bottom:var(--wp--preset--spacing--130)\">\n<p class=\"is-style-indent animated fadeIn has-m-22-font-size\">Die Formel des <strong>hellen Parketts<\/strong> erh\u00e4lt hier eine h\u00f6here Abstufung f\u00fcr einen Farbton, der die Raffinesse des grauen Parketts und die W\u00e4rme der nat\u00fcrlichen Holzfarbe <strong>in einem Farbton, dem Taubengrau<\/strong>, vereint, der dem Ambiente Sanftheit und Kontinuit\u00e4t verleiht.  <\/p>\n\n\n\n<p class=\"is-style-indent animated fadeIn has-m-22-font-size\">Die <strong>Verarbeitung mit Web-Effekt<\/strong> definiert dann eine Holzoberfl\u00e4che mit einer lebendigen, strukturierten Textur und dem lebendigen Charme eines zerkratzten Parketts, das die Sanftheit der Farbe mit einem starken, unverwechselbaren Charakter kombiniert, der es nicht vers\u00e4umt, jedem Interieur eine l\u00e4ssige Eleganz zu verleihen.<\/p>\n<\/div>\n\n\n\n<div class=\"wp-block-group alignfull animated fadeInUp has-global-padding is-layout-constrained wp-block-group-is-layout-constrained\" style=\"margin-top:0;margin-bottom:0\">\n<figure data-wp-context=\"{&quot;imageId&quot;:&quot;69dbed5bb8f42&quot;}\" data-wp-interactive=\"core\/image\" class=\"wp-block-image alignfull size-full is-style-default wp-lightbox-container\"><img loading=\"lazy\" decoding=\"async\" width=\"1200\" height=\"820\" data-wp-class--hide=\"state.isContentHidden\" data-wp-class--show=\"state.isContentVisible\" data-wp-init=\"callbacks.setButtonStyles\" data-wp-on-async--click=\"actions.showLightbox\" data-wp-on-async--load=\"callbacks.setButtonStyles\" data-wp-on-async-window--resize=\"callbacks.setButtonStyles\" src=\"https:\/\/www.berti.net\/wp-content\/uploads\/BertiStudio_rovere-scratch-tortora_gallery-1.jpg\" alt=\"\" class=\"wp-image-13901\" srcset=\"https:\/\/www.berti.net\/wp-content\/uploads\/BertiStudio_rovere-scratch-tortora_gallery-1.jpg 1200w, https:\/\/www.berti.net\/wp-content\/uploads\/BertiStudio_rovere-scratch-tortora_gallery-1-812x555.jpg 812w, https:\/\/www.berti.net\/wp-content\/uploads\/BertiStudio_rovere-scratch-tortora_gallery-1-768x525.jpg 768w\" sizes=\"auto, (max-width: 1200px) 100vw, 1200px\" \/><button\n\t\t\tclass=\"lightbox-trigger\"\n\t\t\ttype=\"button\"\n\t\t\taria-haspopup=\"dialog\"\n\t\t\taria-label=\"Enlarge\"\n\t\t\tdata-wp-init=\"callbacks.initTriggerButton\"\n\t\t\tdata-wp-on-async--click=\"actions.showLightbox\"\n\t\t\tdata-wp-style--right=\"state.imageButtonRight\"\n\t\t\tdata-wp-style--top=\"state.imageButtonTop\"\n\t\t>\n\t\t\t<svg xmlns=\"http:\/\/www.w3.org\/2000\/svg\" width=\"12\" height=\"12\" fill=\"none\" viewBox=\"0 0 12 12\">\n\t\t\t\t<path fill=\"#fff\" d=\"M2 0a2 2 0 0 0-2 2v2h1.5V2a.5.5 0 0 1 .5-.5h2V0H2Zm2 10.5H2a.5.5 0 0 1-.5-.5V8H0v2a2 2 0 0 0 2 2h2v-1.5ZM8 12v-1.5h2a.5.5 0 0 0 .5-.5V8H12v2a2 2 0 0 1-2 2H8Zm2-12a2 2 0 0 1 2 2v2h-1.5V2a.5.5 0 0 0-.5-.5H8V0h2Z\" \/>\n\t\t\t<\/svg>\n\t\t<\/button><\/figure>\n\n\n\n<div style=\"margin-top:0;margin-bottom:0;height:var(--wp--preset--spacing--60)\" aria-hidden=\"true\" class=\"wp-block-spacer\"><\/div>\n<\/div>\n<\/div>\n","protected":false},"excerpt":{"rendered":"<p>Die Formel des hellen Parketts erh\u00e4lt hier eine h\u00f6here Abstufung f\u00fcr einen Farbton, der die Raffinesse des grauen Parketts und die W\u00e4rme der nat\u00fcrlichen Holzfarbe in einem Farbton, dem Taubengrau, vereint, der dem Ambiente Sanftheit und Kontinuit\u00e4t verleiht. Die Verarbeitung mit Web-Effekt definiert dann eine Holzoberfl\u00e4che mit einer lebendigen, strukturierten Textur und dem lebendigen Charme eines zerkratzten Parketts, das die [&hellip;]<\/p>\n","protected":false},"author":4,"featured_media":24520,"template":"","product_collection":[190],"product_type":[],"product_color":[77],"class_list":["post-24518","product","type-product","status-publish","has-post-thumbnail","hentry","product_collection-eiche-berti-studio","product_color-grigio"],"_links":{"self":[{"href":"https:\/\/www.berti.net\/de\/wp-json\/wp\/v2\/product\/24518","targetHints":{"allow":["GET"]}}],"collection":[{"href":"https:\/\/www.berti.net\/de\/wp-json\/wp\/v2\/product"}],"about":[{"href":"https:\/\/www.berti.net\/de\/wp-json\/wp\/v2\/types\/product"}],"author":[{"embeddable":true,"href":"https:\/\/www.berti.net\/de\/wp-json\/wp\/v2\/users\/4"}],"wp:featuredmedia":[{"embeddable":true,"href":"https:\/\/www.berti.net\/de\/wp-json\/wp\/v2\/media\/24520"}],"wp:attachment":[{"href":"https:\/\/www.berti.net\/de\/wp-json\/wp\/v2\/media?parent=24518"}],"wp:term":[{"taxonomy":"product_collection","embeddable":true,"href":"https:\/\/www.berti.net\/de\/wp-json\/wp\/v2\/product_collection?post=24518"},{"taxonomy":"product_type","embeddable":true,"href":"https:\/\/www.berti.net\/de\/wp-json\/wp\/v2\/product_type?post=24518"},{"taxonomy":"product_color","embeddable":true,"href":"https:\/\/www.berti.net\/de\/wp-json\/wp\/v2\/product_color?post=24518"}],"curies":[{"name":"wp","href":"https:\/\/api.w.org\/{rel}","templated":true}]}}