{"id":24506,"date":"2024-09-20T15:11:50","date_gmt":"2024-09-20T15:11:50","guid":{"rendered":"https:\/\/www.berti.net\/product\/scratch-bianco\/"},"modified":"2025-11-11T10:36:26","modified_gmt":"2025-11-11T10:36:26","slug":"scratch-bianco","status":"publish","type":"product","link":"https:\/\/www.berti.net\/de\/parkett\/berti-studio\/eiche-berti-studio\/scratch-bianco\/","title":{"rendered":"Scratch Bianco"},"content":{"rendered":"\n<div class=\"wp-block-group is-style-container has-global-padding is-content-justification-center is-layout-constrained wp-block-group-is-layout-constrained\">\n<div class=\"wp-block-group is-style-default has-global-padding is-content-justification-left is-layout-constrained wp-container-core-group-is-layout-a6931cc7 wp-block-group-is-layout-constrained\" style=\"margin-top:var(--wp--preset--spacing--130);margin-bottom:var(--wp--preset--spacing--130)\">\n<p class=\"is-style-indent animated fadeIn has-m-22-font-size\">F\u00fcr die Gestaltung der Oberfl\u00e4che dieses <strong>Eichenbodens<\/strong> wurde die Webtechnik verwendet, bei der die Oberfl\u00e4che des Holzes in beiden Richtungen mit Reliefgravuren versehen wird, die wie F\u00e4den in einem Gewebe wirken und so ein einzigartiges Design und eine einzigartige Materialstruktur erzeugen.  <\/p>\n\n\n\n<p class=\"is-style-indent animated fadeIn has-m-22-font-size\">Unverwechselbare Merkmale, die <strong>wei\u00dfes Parkett Scratch<\/strong> zu einem raffinierten und originellen Bodenbelag machen, bei dem jede Oberfl\u00e4che eine wesentliche Rolle bei der Gestaltung eines Raumes <strong>im New-Dandy-Look<\/strong> spielt: raffiniert, modern und eklektisch zugleich.<\/p>\n<\/div>\n\n\n\n<div class=\"wp-block-group alignfull has-global-padding is-layout-constrained wp-block-group-is-layout-constrained\" style=\"margin-top:0;margin-bottom:0\">\n<div class=\"wp-block-columns alignwide is-layout-flex wp-container-core-columns-is-layout-8fbed60e wp-block-columns-is-layout-flex\" style=\"margin-top:0;margin-bottom:0\">\n<div class=\"wp-block-column is-layout-flow wp-container-core-column-is-layout-8a368f38 wp-block-column-is-layout-flow\" style=\"flex-basis:60%\">\n<figure data-wp-context=\"{&quot;imageId&quot;:&quot;69dbed65ace8c&quot;}\" data-wp-interactive=\"core\/image\" class=\"wp-block-image size-full is-resized is-style-default wp-lightbox-container\"><img loading=\"lazy\" decoding=\"async\" width=\"653\" height=\"871\" data-wp-class--hide=\"state.isContentHidden\" data-wp-class--show=\"state.isContentVisible\" data-wp-init=\"callbacks.setButtonStyles\" data-wp-on-async--click=\"actions.showLightbox\" data-wp-on-async--load=\"callbacks.setButtonStyles\" data-wp-on-async-window--resize=\"callbacks.setButtonStyles\" src=\"https:\/\/www.berti.net\/wp-content\/uploads\/2024\/09\/parquet-legno-bertistudio-scratchbianco-scratchtortora-02.jpg\" alt=\"\" class=\"wp-image-6485\" style=\"width:660px;height:auto\" srcset=\"https:\/\/www.berti.net\/wp-content\/uploads\/2024\/09\/parquet-legno-bertistudio-scratchbianco-scratchtortora-02.jpg 653w, https:\/\/www.berti.net\/wp-content\/uploads\/2024\/09\/parquet-legno-bertistudio-scratchbianco-scratchtortora-02-225x300.jpg 225w\" sizes=\"auto, (max-width: 653px) 100vw, 653px\" \/><button\n\t\t\tclass=\"lightbox-trigger\"\n\t\t\ttype=\"button\"\n\t\t\taria-haspopup=\"dialog\"\n\t\t\taria-label=\"Enlarge\"\n\t\t\tdata-wp-init=\"callbacks.initTriggerButton\"\n\t\t\tdata-wp-on-async--click=\"actions.showLightbox\"\n\t\t\tdata-wp-style--right=\"state.imageButtonRight\"\n\t\t\tdata-wp-style--top=\"state.imageButtonTop\"\n\t\t>\n\t\t\t<svg xmlns=\"http:\/\/www.w3.org\/2000\/svg\" width=\"12\" height=\"12\" fill=\"none\" viewBox=\"0 0 12 12\">\n\t\t\t\t<path fill=\"#fff\" d=\"M2 0a2 2 0 0 0-2 2v2h1.5V2a.5.5 0 0 1 .5-.5h2V0H2Zm2 10.5H2a.5.5 0 0 1-.5-.5V8H0v2a2 2 0 0 0 2 2h2v-1.5ZM8 12v-1.5h2a.5.5 0 0 0 .5-.5V8H12v2a2 2 0 0 1-2 2H8Zm2-12a2 2 0 0 1 2 2v2h-1.5V2a.5.5 0 0 0-.5-.5H8V0h2Z\" \/>\n\t\t\t<\/svg>\n\t\t<\/button><\/figure>\n\n\n\n<div style=\"height:var(--wp--preset--spacing--60)\" aria-hidden=\"true\" class=\"wp-block-spacer\"><\/div>\n<\/div>\n\n\n\n<div class=\"wp-block-column is-layout-flow wp-container-core-column-is-layout-8a368f38 wp-block-column-is-layout-flow\" style=\"flex-basis:40%\">\n<figure data-wp-context=\"{&quot;imageId&quot;:&quot;69dbed65ad9c5&quot;}\" data-wp-interactive=\"core\/image\" class=\"wp-block-image size-full is-style-default wp-lightbox-container\"><img loading=\"lazy\" decoding=\"async\" width=\"653\" height=\"871\" data-wp-class--hide=\"state.isContentHidden\" data-wp-class--show=\"state.isContentVisible\" data-wp-init=\"callbacks.setButtonStyles\" data-wp-on-async--click=\"actions.showLightbox\" data-wp-on-async--load=\"callbacks.setButtonStyles\" data-wp-on-async-window--resize=\"callbacks.setButtonStyles\" src=\"https:\/\/www.berti.net\/wp-content\/uploads\/2024\/09\/parquet-legno-bertistudio-scratchbianco-scratchtortora-01.jpg\" alt=\"\" class=\"wp-image-6488\" srcset=\"https:\/\/www.berti.net\/wp-content\/uploads\/2024\/09\/parquet-legno-bertistudio-scratchbianco-scratchtortora-01.jpg 653w, https:\/\/www.berti.net\/wp-content\/uploads\/2024\/09\/parquet-legno-bertistudio-scratchbianco-scratchtortora-01-225x300.jpg 225w\" sizes=\"auto, (max-width: 653px) 100vw, 653px\" \/><button\n\t\t\tclass=\"lightbox-trigger\"\n\t\t\ttype=\"button\"\n\t\t\taria-haspopup=\"dialog\"\n\t\t\taria-label=\"Enlarge\"\n\t\t\tdata-wp-init=\"callbacks.initTriggerButton\"\n\t\t\tdata-wp-on-async--click=\"actions.showLightbox\"\n\t\t\tdata-wp-style--right=\"state.imageButtonRight\"\n\t\t\tdata-wp-style--top=\"state.imageButtonTop\"\n\t\t>\n\t\t\t<svg xmlns=\"http:\/\/www.w3.org\/2000\/svg\" width=\"12\" height=\"12\" fill=\"none\" viewBox=\"0 0 12 12\">\n\t\t\t\t<path fill=\"#fff\" d=\"M2 0a2 2 0 0 0-2 2v2h1.5V2a.5.5 0 0 1 .5-.5h2V0H2Zm2 10.5H2a.5.5 0 0 1-.5-.5V8H0v2a2 2 0 0 0 2 2h2v-1.5ZM8 12v-1.5h2a.5.5 0 0 0 .5-.5V8H12v2a2 2 0 0 1-2 2H8Zm2-12a2 2 0 0 1 2 2v2h-1.5V2a.5.5 0 0 0-.5-.5H8V0h2Z\" \/>\n\t\t\t<\/svg>\n\t\t<\/button><\/figure>\n\n\n\n<div style=\"height:var(--wp--preset--spacing--60)\" aria-hidden=\"true\" class=\"wp-block-spacer\"><\/div>\n\n\n\n<figure data-wp-context=\"{&quot;imageId&quot;:&quot;69dbed65ae525&quot;}\" data-wp-interactive=\"core\/image\" class=\"wp-block-image size-full wp-lightbox-container\"><img loading=\"lazy\" decoding=\"async\" width=\"1200\" height=\"932\" data-wp-class--hide=\"state.isContentHidden\" data-wp-class--show=\"state.isContentVisible\" data-wp-init=\"callbacks.setButtonStyles\" data-wp-on-async--click=\"actions.showLightbox\" data-wp-on-async--load=\"callbacks.setButtonStyles\" data-wp-on-async-window--resize=\"callbacks.setButtonStyles\" src=\"https:\/\/www.berti.net\/wp-content\/uploads\/BertiStudio_rovere-scratch-bianco_gallery-1.jpg\" alt=\"\" class=\"wp-image-13896\" srcset=\"https:\/\/www.berti.net\/wp-content\/uploads\/BertiStudio_rovere-scratch-bianco_gallery-1.jpg 1200w, https:\/\/www.berti.net\/wp-content\/uploads\/BertiStudio_rovere-scratch-bianco_gallery-1-812x631.jpg 812w, https:\/\/www.berti.net\/wp-content\/uploads\/BertiStudio_rovere-scratch-bianco_gallery-1-768x596.jpg 768w\" sizes=\"auto, (max-width: 1200px) 100vw, 1200px\" \/><button\n\t\t\tclass=\"lightbox-trigger\"\n\t\t\ttype=\"button\"\n\t\t\taria-haspopup=\"dialog\"\n\t\t\taria-label=\"Enlarge\"\n\t\t\tdata-wp-init=\"callbacks.initTriggerButton\"\n\t\t\tdata-wp-on-async--click=\"actions.showLightbox\"\n\t\t\tdata-wp-style--right=\"state.imageButtonRight\"\n\t\t\tdata-wp-style--top=\"state.imageButtonTop\"\n\t\t>\n\t\t\t<svg xmlns=\"http:\/\/www.w3.org\/2000\/svg\" width=\"12\" height=\"12\" fill=\"none\" viewBox=\"0 0 12 12\">\n\t\t\t\t<path fill=\"#fff\" d=\"M2 0a2 2 0 0 0-2 2v2h1.5V2a.5.5 0 0 1 .5-.5h2V0H2Zm2 10.5H2a.5.5 0 0 1-.5-.5V8H0v2a2 2 0 0 0 2 2h2v-1.5ZM8 12v-1.5h2a.5.5 0 0 0 .5-.5V8H12v2a2 2 0 0 1-2 2H8Zm2-12a2 2 0 0 1 2 2v2h-1.5V2a.5.5 0 0 0-.5-.5H8V0h2Z\" \/>\n\t\t\t<\/svg>\n\t\t<\/button><\/figure>\n\n\n\n<div style=\"height:var(--wp--preset--spacing--60)\" aria-hidden=\"true\" class=\"wp-block-spacer\"><\/div>\n<\/div>\n<\/div>\n<\/div>\n<\/div>\n","protected":false},"excerpt":{"rendered":"<p>F\u00fcr die Gestaltung der Oberfl\u00e4che dieses Eichenbodens wurde die Webtechnik verwendet, bei der die Oberfl\u00e4che des Holzes in beiden Richtungen mit Reliefgravuren versehen wird, die wie F\u00e4den in einem Gewebe wirken und so ein einzigartiges Design und eine einzigartige Materialstruktur erzeugen. Unverwechselbare Merkmale, die wei\u00dfes Parkett Scratch zu einem raffinierten und originellen Bodenbelag machen, bei dem jede Oberfl\u00e4che eine wesentliche [&hellip;]<\/p>\n","protected":false},"author":4,"featured_media":24516,"template":"","product_collection":[190],"product_type":[],"product_color":[75],"class_list":["post-24506","product","type-product","status-publish","has-post-thumbnail","hentry","product_collection-eiche-berti-studio","product_color-chiaro"],"_links":{"self":[{"href":"https:\/\/www.berti.net\/de\/wp-json\/wp\/v2\/product\/24506","targetHints":{"allow":["GET"]}}],"collection":[{"href":"https:\/\/www.berti.net\/de\/wp-json\/wp\/v2\/product"}],"about":[{"href":"https:\/\/www.berti.net\/de\/wp-json\/wp\/v2\/types\/product"}],"author":[{"embeddable":true,"href":"https:\/\/www.berti.net\/de\/wp-json\/wp\/v2\/users\/4"}],"wp:featuredmedia":[{"embeddable":true,"href":"https:\/\/www.berti.net\/de\/wp-json\/wp\/v2\/media\/24516"}],"wp:attachment":[{"href":"https:\/\/www.berti.net\/de\/wp-json\/wp\/v2\/media?parent=24506"}],"wp:term":[{"taxonomy":"product_collection","embeddable":true,"href":"https:\/\/www.berti.net\/de\/wp-json\/wp\/v2\/product_collection?post=24506"},{"taxonomy":"product_type","embeddable":true,"href":"https:\/\/www.berti.net\/de\/wp-json\/wp\/v2\/product_type?post=24506"},{"taxonomy":"product_color","embeddable":true,"href":"https:\/\/www.berti.net\/de\/wp-json\/wp\/v2\/product_color?post=24506"}],"curies":[{"name":"wp","href":"https:\/\/api.w.org\/{rel}","templated":true}]}}