{"id":24505,"date":"2024-09-20T15:38:18","date_gmt":"2024-09-20T15:38:18","guid":{"rendered":"https:\/\/www.berti.net\/product\/eiche-black-shadow\/"},"modified":"2025-10-24T09:04:27","modified_gmt":"2025-10-24T09:04:27","slug":"eiche-black-shadow","status":"publish","type":"product","link":"https:\/\/www.berti.net\/de\/parkett\/parkett-diesel-wohnen\/eiche-black-shadow\/","title":{"rendered":"Eiche Black Shadow"},"content":{"rendered":"\n<div class=\"wp-block-group is-style-container has-global-padding is-content-justification-center is-layout-constrained wp-block-group-is-layout-constrained\">\n<div class=\"wp-block-group is-style-default has-global-padding is-content-justification-left is-layout-constrained wp-container-core-group-is-layout-a6931cc7 wp-block-group-is-layout-constrained\" style=\"margin-top:var(--wp--preset--spacing--130);margin-bottom:var(--wp--preset--spacing--130)\">\n<p class=\"is-style-indent animated fadeIn has-m-22-font-size\">Seine Physiognomie ist die eines <strong>schwarzen Parketts, das<\/strong> auf der Oberfl\u00e4che jeder einzelnen Diele in <strong>eine hellere Holzfarbe<\/strong> \u00fcbergeht, wodurch seine Form und Konturen hervorgehoben werden. Ein dunkler Holzboden, der mit dem Wechsel von Licht und Schatten spielt und dem optischen Trend folgt, um eine \u00e4sthetische Wirkung <strong>von gro\u00dfem Charakter<\/strong> zu erzeugen, die der Umgebung Einzigartigkeit verleiht. <\/p>\n\n\n\n<p class=\"is-style-indent animated fadeIn has-m-22-font-size\"><br\/>In der Tat erh\u00e4lt die Bodenfl\u00e4che eine ganz besondere Charakterisierung, je nach dem Motiv, das f\u00fcr die Installation von <strong>Black Shadow<\/strong>gew\u00e4hlt wurde, das zu einem herausragenden dekorativen Element innerhalb der Szene wird. Es handelt sich auch um eine Oberfl\u00e4che, die den Ausdruck ihres Materials nicht verleugnet, ganz erkennbar an den typischen Holzmaserungen, die in der Textur des Parketts sichtbar bleiben, selbst dort, wo die dunkle Eiche intensiver ist. <\/p>\n\n\n\n<p class=\"is-style-indent animated fadeIn has-m-22-font-size\"><\/p>\n<\/div>\n\n\n\n<div class=\"wp-block-group alignfull has-global-padding is-layout-constrained wp-block-group-is-layout-constrained\" style=\"margin-top:0;margin-bottom:0\">\n<div class=\"wp-block-columns alignwide is-layout-flex wp-container-core-columns-is-layout-8fbed60e wp-block-columns-is-layout-flex\" style=\"margin-top:0;margin-bottom:0\">\n<div class=\"wp-block-column is-layout-flow wp-container-core-column-is-layout-8a368f38 wp-block-column-is-layout-flow\" style=\"flex-basis:60%\">\n<figure data-wp-context=\"{&quot;imageId&quot;:&quot;69dc072bb1c29&quot;}\" data-wp-interactive=\"core\/image\" class=\"wp-block-image size-full is-resized is-style-default wp-lightbox-container\"><img loading=\"lazy\" decoding=\"async\" width=\"653\" height=\"871\" data-wp-class--hide=\"state.isContentHidden\" data-wp-class--show=\"state.isContentVisible\" data-wp-init=\"callbacks.setButtonStyles\" data-wp-on-async--click=\"actions.showLightbox\" data-wp-on-async--load=\"callbacks.setButtonStyles\" data-wp-on-async-window--resize=\"callbacks.setButtonStyles\" src=\"https:\/\/www.berti.net\/wp-content\/uploads\/2024\/09\/pavimento-in-rovere-berti-black-shadow-diesel.jpg\" alt=\"\" class=\"wp-image-6930\" style=\"width:660px;height:auto\" srcset=\"https:\/\/www.berti.net\/wp-content\/uploads\/2024\/09\/pavimento-in-rovere-berti-black-shadow-diesel.jpg 653w, https:\/\/www.berti.net\/wp-content\/uploads\/2024\/09\/pavimento-in-rovere-berti-black-shadow-diesel-225x300.jpg 225w\" sizes=\"auto, (max-width: 653px) 100vw, 653px\" \/><button\n\t\t\tclass=\"lightbox-trigger\"\n\t\t\ttype=\"button\"\n\t\t\taria-haspopup=\"dialog\"\n\t\t\taria-label=\"Enlarge\"\n\t\t\tdata-wp-init=\"callbacks.initTriggerButton\"\n\t\t\tdata-wp-on-async--click=\"actions.showLightbox\"\n\t\t\tdata-wp-style--right=\"state.imageButtonRight\"\n\t\t\tdata-wp-style--top=\"state.imageButtonTop\"\n\t\t>\n\t\t\t<svg xmlns=\"http:\/\/www.w3.org\/2000\/svg\" width=\"12\" height=\"12\" fill=\"none\" viewBox=\"0 0 12 12\">\n\t\t\t\t<path fill=\"#fff\" d=\"M2 0a2 2 0 0 0-2 2v2h1.5V2a.5.5 0 0 1 .5-.5h2V0H2Zm2 10.5H2a.5.5 0 0 1-.5-.5V8H0v2a2 2 0 0 0 2 2h2v-1.5ZM8 12v-1.5h2a.5.5 0 0 0 .5-.5V8H12v2a2 2 0 0 1-2 2H8Zm2-12a2 2 0 0 1 2 2v2h-1.5V2a.5.5 0 0 0-.5-.5H8V0h2Z\" \/>\n\t\t\t<\/svg>\n\t\t<\/button><\/figure>\n\n\n\n<div style=\"height:var(--wp--preset--spacing--60)\" aria-hidden=\"true\" class=\"wp-block-spacer\"><\/div>\n<\/div>\n\n\n\n<div class=\"wp-block-column is-layout-flow wp-container-core-column-is-layout-8a368f38 wp-block-column-is-layout-flow\" style=\"flex-basis:40%\">\n<figure data-wp-context=\"{&quot;imageId&quot;:&quot;69dc072bb4527&quot;}\" data-wp-interactive=\"core\/image\" class=\"wp-block-image size-full is-style-default wp-lightbox-container\"><img loading=\"lazy\" decoding=\"async\" width=\"653\" height=\"871\" data-wp-class--hide=\"state.isContentHidden\" data-wp-class--show=\"state.isContentVisible\" data-wp-init=\"callbacks.setButtonStyles\" data-wp-on-async--click=\"actions.showLightbox\" data-wp-on-async--load=\"callbacks.setButtonStyles\" data-wp-on-async-window--resize=\"callbacks.setButtonStyles\" src=\"https:\/\/www.berti.net\/wp-content\/uploads\/2024\/09\/pavimento-in-rovere-berti-parquet-nero-black-shadow-diesel.jpg\" alt=\"\" class=\"wp-image-6933\" srcset=\"https:\/\/www.berti.net\/wp-content\/uploads\/2024\/09\/pavimento-in-rovere-berti-parquet-nero-black-shadow-diesel.jpg 653w, https:\/\/www.berti.net\/wp-content\/uploads\/2024\/09\/pavimento-in-rovere-berti-parquet-nero-black-shadow-diesel-225x300.jpg 225w\" sizes=\"auto, (max-width: 653px) 100vw, 653px\" \/><button\n\t\t\tclass=\"lightbox-trigger\"\n\t\t\ttype=\"button\"\n\t\t\taria-haspopup=\"dialog\"\n\t\t\taria-label=\"Enlarge\"\n\t\t\tdata-wp-init=\"callbacks.initTriggerButton\"\n\t\t\tdata-wp-on-async--click=\"actions.showLightbox\"\n\t\t\tdata-wp-style--right=\"state.imageButtonRight\"\n\t\t\tdata-wp-style--top=\"state.imageButtonTop\"\n\t\t>\n\t\t\t<svg xmlns=\"http:\/\/www.w3.org\/2000\/svg\" width=\"12\" height=\"12\" fill=\"none\" viewBox=\"0 0 12 12\">\n\t\t\t\t<path fill=\"#fff\" d=\"M2 0a2 2 0 0 0-2 2v2h1.5V2a.5.5 0 0 1 .5-.5h2V0H2Zm2 10.5H2a.5.5 0 0 1-.5-.5V8H0v2a2 2 0 0 0 2 2h2v-1.5ZM8 12v-1.5h2a.5.5 0 0 0 .5-.5V8H12v2a2 2 0 0 1-2 2H8Zm2-12a2 2 0 0 1 2 2v2h-1.5V2a.5.5 0 0 0-.5-.5H8V0h2Z\" \/>\n\t\t\t<\/svg>\n\t\t<\/button><\/figure>\n\n\n\n<div style=\"height:var(--wp--preset--spacing--60)\" aria-hidden=\"true\" class=\"wp-block-spacer\"><\/div>\n\n\n\n<figure data-wp-context=\"{&quot;imageId&quot;:&quot;69dc072bb75e3&quot;}\" data-wp-interactive=\"core\/image\" class=\"wp-block-image size-full is-style-default wp-lightbox-container\"><img loading=\"lazy\" decoding=\"async\" width=\"653\" height=\"871\" data-wp-class--hide=\"state.isContentHidden\" data-wp-class--show=\"state.isContentVisible\" data-wp-init=\"callbacks.setButtonStyles\" data-wp-on-async--click=\"actions.showLightbox\" data-wp-on-async--load=\"callbacks.setButtonStyles\" data-wp-on-async-window--resize=\"callbacks.setButtonStyles\" src=\"https:\/\/www.berti.net\/wp-content\/uploads\/2024\/09\/parquet-nero-black-shadow-berti-diesel.jpg\" alt=\"\" class=\"wp-image-6936\" srcset=\"https:\/\/www.berti.net\/wp-content\/uploads\/2024\/09\/parquet-nero-black-shadow-berti-diesel.jpg 653w, https:\/\/www.berti.net\/wp-content\/uploads\/2024\/09\/parquet-nero-black-shadow-berti-diesel-225x300.jpg 225w\" sizes=\"auto, (max-width: 653px) 100vw, 653px\" \/><button\n\t\t\tclass=\"lightbox-trigger\"\n\t\t\ttype=\"button\"\n\t\t\taria-haspopup=\"dialog\"\n\t\t\taria-label=\"Enlarge\"\n\t\t\tdata-wp-init=\"callbacks.initTriggerButton\"\n\t\t\tdata-wp-on-async--click=\"actions.showLightbox\"\n\t\t\tdata-wp-style--right=\"state.imageButtonRight\"\n\t\t\tdata-wp-style--top=\"state.imageButtonTop\"\n\t\t>\n\t\t\t<svg xmlns=\"http:\/\/www.w3.org\/2000\/svg\" width=\"12\" height=\"12\" fill=\"none\" viewBox=\"0 0 12 12\">\n\t\t\t\t<path fill=\"#fff\" d=\"M2 0a2 2 0 0 0-2 2v2h1.5V2a.5.5 0 0 1 .5-.5h2V0H2Zm2 10.5H2a.5.5 0 0 1-.5-.5V8H0v2a2 2 0 0 0 2 2h2v-1.5ZM8 12v-1.5h2a.5.5 0 0 0 .5-.5V8H12v2a2 2 0 0 1-2 2H8Zm2-12a2 2 0 0 1 2 2v2h-1.5V2a.5.5 0 0 0-.5-.5H8V0h2Z\" \/>\n\t\t\t<\/svg>\n\t\t<\/button><\/figure>\n\n\n\n<div style=\"height:var(--wp--preset--spacing--60)\" aria-hidden=\"true\" class=\"wp-block-spacer\"><\/div>\n<\/div>\n<\/div>\n<\/div>\n<\/div>\n","protected":false},"excerpt":{"rendered":"<p>Seine Physiognomie ist die eines schwarzen Parketts, das auf der Oberfl\u00e4che jeder einzelnen Diele in eine hellere Holzfarbe \u00fcbergeht, wodurch seine Form und Konturen hervorgehoben werden. Ein dunkler Holzboden, der mit dem Wechsel von Licht und Schatten spielt und dem optischen Trend folgt, um eine \u00e4sthetische Wirkung von gro\u00dfem Charakter zu erzeugen, die der Umgebung Einzigartigkeit verleiht. In der Tat [&hellip;]<\/p>\n","protected":false},"author":2,"featured_media":24508,"template":"","product_collection":[193],"product_type":[],"product_color":[76],"class_list":["post-24505","product","type-product","status-publish","has-post-thumbnail","hentry","product_collection-parkett-diesel-wohnen","product_color-scuro"],"_links":{"self":[{"href":"https:\/\/www.berti.net\/de\/wp-json\/wp\/v2\/product\/24505","targetHints":{"allow":["GET"]}}],"collection":[{"href":"https:\/\/www.berti.net\/de\/wp-json\/wp\/v2\/product"}],"about":[{"href":"https:\/\/www.berti.net\/de\/wp-json\/wp\/v2\/types\/product"}],"author":[{"embeddable":true,"href":"https:\/\/www.berti.net\/de\/wp-json\/wp\/v2\/users\/2"}],"wp:featuredmedia":[{"embeddable":true,"href":"https:\/\/www.berti.net\/de\/wp-json\/wp\/v2\/media\/24508"}],"wp:attachment":[{"href":"https:\/\/www.berti.net\/de\/wp-json\/wp\/v2\/media?parent=24505"}],"wp:term":[{"taxonomy":"product_collection","embeddable":true,"href":"https:\/\/www.berti.net\/de\/wp-json\/wp\/v2\/product_collection?post=24505"},{"taxonomy":"product_type","embeddable":true,"href":"https:\/\/www.berti.net\/de\/wp-json\/wp\/v2\/product_type?post=24505"},{"taxonomy":"product_color","embeddable":true,"href":"https:\/\/www.berti.net\/de\/wp-json\/wp\/v2\/product_color?post=24505"}],"curies":[{"name":"wp","href":"https:\/\/api.w.org\/{rel}","templated":true}]}}