{"id":24490,"date":"2024-09-20T16:06:20","date_gmt":"2024-09-20T16:06:20","guid":{"rendered":"https:\/\/www.berti.net\/product\/eiche-cut-off\/"},"modified":"2025-11-06T11:10:11","modified_gmt":"2025-11-06T11:10:11","slug":"eiche-cut-off","status":"publish","type":"product","link":"https:\/\/www.berti.net\/de\/parkett\/parkett-diesel-wohnen\/eiche-cut-off\/","title":{"rendered":"Eiche Cut Off"},"content":{"rendered":"\n<div class=\"wp-block-group is-style-container has-global-padding is-content-justification-center is-layout-constrained wp-block-group-is-layout-constrained\">\n<div class=\"wp-block-group is-style-default has-global-padding is-content-justification-left is-layout-constrained wp-container-core-group-is-layout-a6931cc7 wp-block-group-is-layout-constrained\" style=\"margin-top:var(--wp--preset--spacing--130);margin-bottom:var(--wp--preset--spacing--130)\">\n<p class=\"is-style-indent animated fadeIn has-m-22-font-size\">Das besondere Merkmal ist die <strong>S\u00e4geeffekt-Behandlung<\/strong>, bei der das Eichenholz quer verlaufende Einschnitte entlang der L\u00e4nge der Bretter aufweist, die ein Gef\u00fchl von Handwerkskunst vermitteln und eine S\u00e4geeffekt- und schwarz gebeizte Parkettstruktur entwickeln.<br\/>Tats\u00e4chlich wird das Holz durch die <strong>Beizeffekt-Behandlung<\/strong> noch mehr betont, bei der die charakteristischen <strong>\u00c4ste und Adern<\/strong> des Holzes visuelle Tiefe und taktile Lebendigkeit erhalten.<\/p>\n\n\n\n<p class=\"is-style-indent animated fadeIn has-m-22-font-size\">Die <strong>Qualit\u00e4ten<\/strong> einer Oberfl\u00e4che, die es versteht, der Umgebung ein Gef\u00fchl von W\u00e4rme zu verleihen und sich mit <strong>Pers\u00f6nlichkeit<\/strong> und <strong>Wertigkeit<\/strong> in Kontexte einf\u00fcgt, die vom reinen <strong>Landhausstil<\/strong> bis hin zu solchen mit einer <strong>industriellen<\/strong> Einstellung reichen.<\/p>\n<\/div>\n\n\n\n<div class=\"wp-block-group alignfull has-global-padding is-layout-constrained wp-block-group-is-layout-constrained\" style=\"margin-top:0;margin-bottom:0\">\n<div class=\"wp-block-columns alignwide is-layout-flex wp-container-core-columns-is-layout-8fbed60e wp-block-columns-is-layout-flex\" style=\"margin-top:0;margin-bottom:0\">\n<div class=\"wp-block-column is-layout-flow wp-container-core-column-is-layout-8a368f38 wp-block-column-is-layout-flow\" style=\"flex-basis:60%\">\n<figure data-wp-context=\"{&quot;imageId&quot;:&quot;69dbf084ac1bc&quot;}\" data-wp-interactive=\"core\/image\" class=\"wp-block-image size-full is-resized is-style-default wp-lightbox-container\"><img loading=\"lazy\" decoding=\"async\" width=\"1772\" height=\"2126\" data-wp-class--hide=\"state.isContentHidden\" data-wp-class--show=\"state.isContentVisible\" data-wp-init=\"callbacks.setButtonStyles\" data-wp-on-async--click=\"actions.showLightbox\" data-wp-on-async--load=\"callbacks.setButtonStyles\" data-wp-on-async-window--resize=\"callbacks.setButtonStyles\" src=\"https:\/\/www.berti.net\/wp-content\/uploads\/2024\/09\/Berti_Diesel_Cut_Off_01.jpg\" alt=\"\" class=\"wp-image-6908\" style=\"width:660px;height:auto\" srcset=\"https:\/\/www.berti.net\/wp-content\/uploads\/2024\/09\/Berti_Diesel_Cut_Off_01.jpg 1772w, https:\/\/www.berti.net\/wp-content\/uploads\/2024\/09\/Berti_Diesel_Cut_Off_01-250x300.jpg 250w, https:\/\/www.berti.net\/wp-content\/uploads\/2024\/09\/Berti_Diesel_Cut_Off_01-853x1024.jpg 853w, https:\/\/www.berti.net\/wp-content\/uploads\/2024\/09\/Berti_Diesel_Cut_Off_01-768x921.jpg 768w, https:\/\/www.berti.net\/wp-content\/uploads\/2024\/09\/Berti_Diesel_Cut_Off_01-1280x1536.jpg 1280w, https:\/\/www.berti.net\/wp-content\/uploads\/2024\/09\/Berti_Diesel_Cut_Off_01-1707x2048.jpg 1707w\" sizes=\"auto, (max-width: 1772px) 100vw, 1772px\" \/><button\n\t\t\tclass=\"lightbox-trigger\"\n\t\t\ttype=\"button\"\n\t\t\taria-haspopup=\"dialog\"\n\t\t\taria-label=\"Enlarge\"\n\t\t\tdata-wp-init=\"callbacks.initTriggerButton\"\n\t\t\tdata-wp-on-async--click=\"actions.showLightbox\"\n\t\t\tdata-wp-style--right=\"state.imageButtonRight\"\n\t\t\tdata-wp-style--top=\"state.imageButtonTop\"\n\t\t>\n\t\t\t<svg xmlns=\"http:\/\/www.w3.org\/2000\/svg\" width=\"12\" height=\"12\" fill=\"none\" viewBox=\"0 0 12 12\">\n\t\t\t\t<path fill=\"#fff\" d=\"M2 0a2 2 0 0 0-2 2v2h1.5V2a.5.5 0 0 1 .5-.5h2V0H2Zm2 10.5H2a.5.5 0 0 1-.5-.5V8H0v2a2 2 0 0 0 2 2h2v-1.5ZM8 12v-1.5h2a.5.5 0 0 0 .5-.5V8H12v2a2 2 0 0 1-2 2H8Zm2-12a2 2 0 0 1 2 2v2h-1.5V2a.5.5 0 0 0-.5-.5H8V0h2Z\" \/>\n\t\t\t<\/svg>\n\t\t<\/button><\/figure>\n\n\n\n<div style=\"height:var(--wp--preset--spacing--60)\" aria-hidden=\"true\" class=\"wp-block-spacer\"><\/div>\n\n\n\n<figure data-wp-context=\"{&quot;imageId&quot;:&quot;69dbf084acc0f&quot;}\" data-wp-interactive=\"core\/image\" class=\"wp-block-image size-full is-resized is-style-default wp-lightbox-container\"><img loading=\"lazy\" decoding=\"async\" width=\"1772\" height=\"2126\" data-wp-class--hide=\"state.isContentHidden\" data-wp-class--show=\"state.isContentVisible\" data-wp-init=\"callbacks.setButtonStyles\" data-wp-on-async--click=\"actions.showLightbox\" data-wp-on-async--load=\"callbacks.setButtonStyles\" data-wp-on-async-window--resize=\"callbacks.setButtonStyles\" src=\"https:\/\/www.berti.net\/wp-content\/uploads\/2024\/09\/Berti_Diesel_Cut_Off_02.jpg\" alt=\"\" class=\"wp-image-6917\" style=\"width:660px;height:auto\" srcset=\"https:\/\/www.berti.net\/wp-content\/uploads\/2024\/09\/Berti_Diesel_Cut_Off_02.jpg 1772w, https:\/\/www.berti.net\/wp-content\/uploads\/2024\/09\/Berti_Diesel_Cut_Off_02-250x300.jpg 250w, https:\/\/www.berti.net\/wp-content\/uploads\/2024\/09\/Berti_Diesel_Cut_Off_02-853x1024.jpg 853w, https:\/\/www.berti.net\/wp-content\/uploads\/2024\/09\/Berti_Diesel_Cut_Off_02-768x921.jpg 768w, https:\/\/www.berti.net\/wp-content\/uploads\/2024\/09\/Berti_Diesel_Cut_Off_02-1280x1536.jpg 1280w, https:\/\/www.berti.net\/wp-content\/uploads\/2024\/09\/Berti_Diesel_Cut_Off_02-1707x2048.jpg 1707w\" sizes=\"auto, (max-width: 1772px) 100vw, 1772px\" \/><button\n\t\t\tclass=\"lightbox-trigger\"\n\t\t\ttype=\"button\"\n\t\t\taria-haspopup=\"dialog\"\n\t\t\taria-label=\"Enlarge\"\n\t\t\tdata-wp-init=\"callbacks.initTriggerButton\"\n\t\t\tdata-wp-on-async--click=\"actions.showLightbox\"\n\t\t\tdata-wp-style--right=\"state.imageButtonRight\"\n\t\t\tdata-wp-style--top=\"state.imageButtonTop\"\n\t\t>\n\t\t\t<svg xmlns=\"http:\/\/www.w3.org\/2000\/svg\" width=\"12\" height=\"12\" fill=\"none\" viewBox=\"0 0 12 12\">\n\t\t\t\t<path fill=\"#fff\" d=\"M2 0a2 2 0 0 0-2 2v2h1.5V2a.5.5 0 0 1 .5-.5h2V0H2Zm2 10.5H2a.5.5 0 0 1-.5-.5V8H0v2a2 2 0 0 0 2 2h2v-1.5ZM8 12v-1.5h2a.5.5 0 0 0 .5-.5V8H12v2a2 2 0 0 1-2 2H8Zm2-12a2 2 0 0 1 2 2v2h-1.5V2a.5.5 0 0 0-.5-.5H8V0h2Z\" \/>\n\t\t\t<\/svg>\n\t\t<\/button><\/figure>\n\n\n\n<div style=\"height:var(--wp--preset--spacing--60)\" aria-hidden=\"true\" class=\"wp-block-spacer\"><\/div>\n<\/div>\n\n\n\n<div class=\"wp-block-column is-layout-flow wp-container-core-column-is-layout-8a368f38 wp-block-column-is-layout-flow\" style=\"flex-basis:40%\">\n<figure class=\"wp-block-video\"><video autoplay=\"\" controls=\"\" muted=\"\" src=\"https:\/\/www.berti.net\/wp-content\/uploads\/Berti_Diesel_Cut_Off_animazione.mp4\"><\/video><\/figure>\n\n\n\n<div style=\"height:var(--wp--preset--spacing--60)\" aria-hidden=\"true\" class=\"wp-block-spacer\"><\/div>\n\n\n\n<figure data-wp-context=\"{&quot;imageId&quot;:&quot;69dbf084ad7cc&quot;}\" data-wp-interactive=\"core\/image\" class=\"wp-block-image size-full is-style-default wp-lightbox-container\"><img loading=\"lazy\" decoding=\"async\" width=\"653\" height=\"871\" data-wp-class--hide=\"state.isContentHidden\" data-wp-class--show=\"state.isContentVisible\" data-wp-init=\"callbacks.setButtonStyles\" data-wp-on-async--click=\"actions.showLightbox\" data-wp-on-async--load=\"callbacks.setButtonStyles\" data-wp-on-async-window--resize=\"callbacks.setButtonStyles\" src=\"https:\/\/www.berti.net\/wp-content\/uploads\/2024\/09\/parquet-rovere-naturale-berti-cut-off-diesel.jpg\" alt=\"\" class=\"wp-image-6914\" srcset=\"https:\/\/www.berti.net\/wp-content\/uploads\/2024\/09\/parquet-rovere-naturale-berti-cut-off-diesel.jpg 653w, https:\/\/www.berti.net\/wp-content\/uploads\/2024\/09\/parquet-rovere-naturale-berti-cut-off-diesel-225x300.jpg 225w\" sizes=\"auto, (max-width: 653px) 100vw, 653px\" \/><button\n\t\t\tclass=\"lightbox-trigger\"\n\t\t\ttype=\"button\"\n\t\t\taria-haspopup=\"dialog\"\n\t\t\taria-label=\"Enlarge\"\n\t\t\tdata-wp-init=\"callbacks.initTriggerButton\"\n\t\t\tdata-wp-on-async--click=\"actions.showLightbox\"\n\t\t\tdata-wp-style--right=\"state.imageButtonRight\"\n\t\t\tdata-wp-style--top=\"state.imageButtonTop\"\n\t\t>\n\t\t\t<svg xmlns=\"http:\/\/www.w3.org\/2000\/svg\" width=\"12\" height=\"12\" fill=\"none\" viewBox=\"0 0 12 12\">\n\t\t\t\t<path fill=\"#fff\" d=\"M2 0a2 2 0 0 0-2 2v2h1.5V2a.5.5 0 0 1 .5-.5h2V0H2Zm2 10.5H2a.5.5 0 0 1-.5-.5V8H0v2a2 2 0 0 0 2 2h2v-1.5ZM8 12v-1.5h2a.5.5 0 0 0 .5-.5V8H12v2a2 2 0 0 1-2 2H8Zm2-12a2 2 0 0 1 2 2v2h-1.5V2a.5.5 0 0 0-.5-.5H8V0h2Z\" \/>\n\t\t\t<\/svg>\n\t\t<\/button><\/figure>\n\n\n\n<div style=\"height:var(--wp--preset--spacing--60)\" aria-hidden=\"true\" class=\"wp-block-spacer\"><\/div>\n\n\n\n<figure data-wp-context=\"{&quot;imageId&quot;:&quot;69dbf084ae150&quot;}\" data-wp-interactive=\"core\/image\" class=\"wp-block-image size-full is-style-default wp-lightbox-container\"><img loading=\"lazy\" decoding=\"async\" width=\"1772\" height=\"2126\" data-wp-class--hide=\"state.isContentHidden\" data-wp-class--show=\"state.isContentVisible\" data-wp-init=\"callbacks.setButtonStyles\" data-wp-on-async--click=\"actions.showLightbox\" data-wp-on-async--load=\"callbacks.setButtonStyles\" data-wp-on-async-window--resize=\"callbacks.setButtonStyles\" src=\"https:\/\/www.berti.net\/wp-content\/uploads\/2024\/09\/Berti_Diesel_Cut_Off_03.jpg\" alt=\"\" class=\"wp-image-6920\" srcset=\"https:\/\/www.berti.net\/wp-content\/uploads\/2024\/09\/Berti_Diesel_Cut_Off_03.jpg 1772w, https:\/\/www.berti.net\/wp-content\/uploads\/2024\/09\/Berti_Diesel_Cut_Off_03-250x300.jpg 250w, https:\/\/www.berti.net\/wp-content\/uploads\/2024\/09\/Berti_Diesel_Cut_Off_03-853x1024.jpg 853w, https:\/\/www.berti.net\/wp-content\/uploads\/2024\/09\/Berti_Diesel_Cut_Off_03-768x921.jpg 768w, https:\/\/www.berti.net\/wp-content\/uploads\/2024\/09\/Berti_Diesel_Cut_Off_03-1280x1536.jpg 1280w, https:\/\/www.berti.net\/wp-content\/uploads\/2024\/09\/Berti_Diesel_Cut_Off_03-1707x2048.jpg 1707w\" sizes=\"auto, (max-width: 1772px) 100vw, 1772px\" \/><button\n\t\t\tclass=\"lightbox-trigger\"\n\t\t\ttype=\"button\"\n\t\t\taria-haspopup=\"dialog\"\n\t\t\taria-label=\"Enlarge\"\n\t\t\tdata-wp-init=\"callbacks.initTriggerButton\"\n\t\t\tdata-wp-on-async--click=\"actions.showLightbox\"\n\t\t\tdata-wp-style--right=\"state.imageButtonRight\"\n\t\t\tdata-wp-style--top=\"state.imageButtonTop\"\n\t\t>\n\t\t\t<svg xmlns=\"http:\/\/www.w3.org\/2000\/svg\" width=\"12\" height=\"12\" fill=\"none\" viewBox=\"0 0 12 12\">\n\t\t\t\t<path fill=\"#fff\" d=\"M2 0a2 2 0 0 0-2 2v2h1.5V2a.5.5 0 0 1 .5-.5h2V0H2Zm2 10.5H2a.5.5 0 0 1-.5-.5V8H0v2a2 2 0 0 0 2 2h2v-1.5ZM8 12v-1.5h2a.5.5 0 0 0 .5-.5V8H12v2a2 2 0 0 1-2 2H8Zm2-12a2 2 0 0 1 2 2v2h-1.5V2a.5.5 0 0 0-.5-.5H8V0h2Z\" \/>\n\t\t\t<\/svg>\n\t\t<\/button><\/figure>\n\n\n\n<div style=\"height:var(--wp--preset--spacing--60)\" aria-hidden=\"true\" class=\"wp-block-spacer\"><\/div>\n<\/div>\n<\/div>\n<\/div>\n<\/div>\n","protected":false},"excerpt":{"rendered":"<p>Das besondere Merkmal ist die S\u00e4geeffekt-Behandlung, bei der das Eichenholz quer verlaufende Einschnitte entlang der L\u00e4nge der Bretter aufweist, die ein Gef\u00fchl von Handwerkskunst vermitteln und eine S\u00e4geeffekt- und schwarz gebeizte Parkettstruktur entwickeln.Tats\u00e4chlich wird das Holz durch die Beizeffekt-Behandlung noch mehr betont, bei der die charakteristischen \u00c4ste und Adern des Holzes visuelle Tiefe und taktile Lebendigkeit erhalten. Die Qualit\u00e4ten einer [&hellip;]<\/p>\n","protected":false},"author":2,"featured_media":24492,"template":"","product_collection":[193],"product_type":[],"product_color":[76],"class_list":["post-24490","product","type-product","status-publish","has-post-thumbnail","hentry","product_collection-parkett-diesel-wohnen","product_color-scuro"],"_links":{"self":[{"href":"https:\/\/www.berti.net\/de\/wp-json\/wp\/v2\/product\/24490","targetHints":{"allow":["GET"]}}],"collection":[{"href":"https:\/\/www.berti.net\/de\/wp-json\/wp\/v2\/product"}],"about":[{"href":"https:\/\/www.berti.net\/de\/wp-json\/wp\/v2\/types\/product"}],"author":[{"embeddable":true,"href":"https:\/\/www.berti.net\/de\/wp-json\/wp\/v2\/users\/2"}],"wp:featuredmedia":[{"embeddable":true,"href":"https:\/\/www.berti.net\/de\/wp-json\/wp\/v2\/media\/24492"}],"wp:attachment":[{"href":"https:\/\/www.berti.net\/de\/wp-json\/wp\/v2\/media?parent=24490"}],"wp:term":[{"taxonomy":"product_collection","embeddable":true,"href":"https:\/\/www.berti.net\/de\/wp-json\/wp\/v2\/product_collection?post=24490"},{"taxonomy":"product_type","embeddable":true,"href":"https:\/\/www.berti.net\/de\/wp-json\/wp\/v2\/product_type?post=24490"},{"taxonomy":"product_color","embeddable":true,"href":"https:\/\/www.berti.net\/de\/wp-json\/wp\/v2\/product_color?post=24490"}],"curies":[{"name":"wp","href":"https:\/\/api.w.org\/{rel}","templated":true}]}}