{"id":24250,"date":"2024-10-15T15:22:35","date_gmt":"2024-10-15T15:22:35","guid":{"rendered":"https:\/\/www.berti.net\/product\/eiche-rrred\/"},"modified":"2025-10-24T09:13:33","modified_gmt":"2025-10-24T09:13:33","slug":"eiche-rrred","status":"publish","type":"product","link":"https:\/\/www.berti.net\/de\/parkett\/parkett-diesel-wohnen\/eiche-rrred\/","title":{"rendered":"Eiche Rrred"},"content":{"rendered":"\n<div class=\"wp-block-group is-style-container has-global-padding is-content-justification-center is-layout-constrained wp-block-group-is-layout-constrained\">\n<div class=\"wp-block-group is-style-default has-global-padding is-content-justification-left is-layout-constrained wp-container-core-group-is-layout-a6931cc7 wp-block-group-is-layout-constrained\" style=\"margin-top:var(--wp--preset--spacing--130);margin-bottom:var(--wp--preset--spacing--130)\">\n<p class=\"is-style-indent animated fadeIn has-m-22-font-size\">Hier wird das <strong>Eichenholz<\/strong> <strong>schwarz gef\u00e4rbt und gebeizt und dann wie Denim mit Rot \u00fcberf\u00e4rbt<\/strong>, so dass der \u00dcbergang von einem warmen braunroten Farbton zu einem kalten Farbton, der ins Graue \u00fcbergeht, auf der Breite jeder einzelnen Holzdiele sichtbar ist.  <\/p>\n\n\n\n<p class=\"is-style-indent animated fadeIn has-m-22-font-size\"><strong>Eine exklusive \u00e4sthetische Behandlung<\/strong>, die einen dreidimensionalen Schattierungseffekt erzeugt und der Oberfl\u00e4che Bewegung verleiht, wodurch der Raum Charakter und Tiefe erh\u00e4lt.<\/p>\n\n\n\n<p class=\"is-style-indent animated fadeIn has-m-22-font-size\">Hinzu kommt ein technisches Verfahren, bei dem <strong>das Parkett vor der Lackierung geschliffen wird<\/strong>, so dass ein perfekt glatter und homogener Holzboden entsteht.<\/p>\n<\/div>\n\n\n\n<div class=\"wp-block-group alignfull has-global-padding is-layout-constrained wp-block-group-is-layout-constrained\" style=\"margin-top:0;margin-bottom:0\">\n<figure data-wp-context=\"{&quot;imageId&quot;:&quot;69dc0704ebfc6&quot;}\" data-wp-interactive=\"core\/image\" class=\"wp-block-image aligncenter size-full is-style-default wp-lightbox-container\"><img loading=\"lazy\" decoding=\"async\" width=\"653\" height=\"871\" data-wp-class--hide=\"state.isContentHidden\" data-wp-class--show=\"state.isContentVisible\" data-wp-init=\"callbacks.setButtonStyles\" data-wp-on-async--click=\"actions.showLightbox\" data-wp-on-async--load=\"callbacks.setButtonStyles\" data-wp-on-async-window--resize=\"callbacks.setButtonStyles\" src=\"https:\/\/www.berti.net\/wp-content\/uploads\/2024\/10\/parquet-scuro-rovere-berti-rrred-diesel.jpg\" alt=\"\" class=\"wp-image-6994\" srcset=\"https:\/\/www.berti.net\/wp-content\/uploads\/2024\/10\/parquet-scuro-rovere-berti-rrred-diesel.jpg 653w, https:\/\/www.berti.net\/wp-content\/uploads\/2024\/10\/parquet-scuro-rovere-berti-rrred-diesel-225x300.jpg 225w\" sizes=\"auto, (max-width: 653px) 100vw, 653px\" \/><button\n\t\t\tclass=\"lightbox-trigger\"\n\t\t\ttype=\"button\"\n\t\t\taria-haspopup=\"dialog\"\n\t\t\taria-label=\"Enlarge\"\n\t\t\tdata-wp-init=\"callbacks.initTriggerButton\"\n\t\t\tdata-wp-on-async--click=\"actions.showLightbox\"\n\t\t\tdata-wp-style--right=\"state.imageButtonRight\"\n\t\t\tdata-wp-style--top=\"state.imageButtonTop\"\n\t\t>\n\t\t\t<svg xmlns=\"http:\/\/www.w3.org\/2000\/svg\" width=\"12\" height=\"12\" fill=\"none\" viewBox=\"0 0 12 12\">\n\t\t\t\t<path fill=\"#fff\" d=\"M2 0a2 2 0 0 0-2 2v2h1.5V2a.5.5 0 0 1 .5-.5h2V0H2Zm2 10.5H2a.5.5 0 0 1-.5-.5V8H0v2a2 2 0 0 0 2 2h2v-1.5ZM8 12v-1.5h2a.5.5 0 0 0 .5-.5V8H12v2a2 2 0 0 1-2 2H8Zm2-12a2 2 0 0 1 2 2v2h-1.5V2a.5.5 0 0 0-.5-.5H8V0h2Z\" \/>\n\t\t\t<\/svg>\n\t\t<\/button><\/figure>\n<\/div>\n\n\n\n<div style=\"height:100px\" aria-hidden=\"true\" class=\"wp-block-spacer\"><\/div>\n<\/div>\n","protected":false},"excerpt":{"rendered":"<p>Hier wird das Eichenholz schwarz gef\u00e4rbt und gebeizt und dann wie Denim mit Rot \u00fcberf\u00e4rbt, so dass der \u00dcbergang von einem warmen braunroten Farbton zu einem kalten Farbton, der ins Graue \u00fcbergeht, auf der Breite jeder einzelnen Holzdiele sichtbar ist. Eine exklusive \u00e4sthetische Behandlung, die einen dreidimensionalen Schattierungseffekt erzeugt und der Oberfl\u00e4che Bewegung verleiht, wodurch der Raum Charakter und Tiefe [&hellip;]<\/p>\n","protected":false},"author":2,"featured_media":24254,"template":"","product_collection":[193],"product_type":[],"product_color":[78],"class_list":["post-24250","product","type-product","status-publish","has-post-thumbnail","hentry","product_collection-parkett-diesel-wohnen","product_color-rosso"],"_links":{"self":[{"href":"https:\/\/www.berti.net\/de\/wp-json\/wp\/v2\/product\/24250","targetHints":{"allow":["GET"]}}],"collection":[{"href":"https:\/\/www.berti.net\/de\/wp-json\/wp\/v2\/product"}],"about":[{"href":"https:\/\/www.berti.net\/de\/wp-json\/wp\/v2\/types\/product"}],"author":[{"embeddable":true,"href":"https:\/\/www.berti.net\/de\/wp-json\/wp\/v2\/users\/2"}],"wp:featuredmedia":[{"embeddable":true,"href":"https:\/\/www.berti.net\/de\/wp-json\/wp\/v2\/media\/24254"}],"wp:attachment":[{"href":"https:\/\/www.berti.net\/de\/wp-json\/wp\/v2\/media?parent=24250"}],"wp:term":[{"taxonomy":"product_collection","embeddable":true,"href":"https:\/\/www.berti.net\/de\/wp-json\/wp\/v2\/product_collection?post=24250"},{"taxonomy":"product_type","embeddable":true,"href":"https:\/\/www.berti.net\/de\/wp-json\/wp\/v2\/product_type?post=24250"},{"taxonomy":"product_color","embeddable":true,"href":"https:\/\/www.berti.net\/de\/wp-json\/wp\/v2\/product_color?post=24250"}],"curies":[{"name":"wp","href":"https:\/\/api.w.org\/{rel}","templated":true}]}}