{"id":24242,"date":"2024-10-15T14:43:57","date_gmt":"2024-10-15T14:43:57","guid":{"rendered":"https:\/\/www.berti.net\/product\/eiche-natural-shadow\/"},"modified":"2025-12-16T08:09:12","modified_gmt":"2025-12-16T08:09:12","slug":"eiche-natural-shadow","status":"publish","type":"product","link":"https:\/\/www.berti.net\/de\/parkett\/parkett-diesel-wohnen\/eiche-natural-shadow\/","title":{"rendered":"Eiche Natural Shadow"},"content":{"rendered":"\n<div class=\"wp-block-group is-style-container has-global-padding is-content-justification-center is-layout-constrained wp-block-group-is-layout-constrained\">\n<div class=\"wp-block-group is-style-default has-global-padding is-content-justification-left is-layout-constrained wp-container-core-group-is-layout-a6931cc7 wp-block-group-is-layout-constrained\" style=\"margin-top:var(--wp--preset--spacing--130);margin-bottom:var(--wp--preset--spacing--130)\">\n<p class=\"is-style-indent animated fadeIn has-m-22-font-size\"><br\/><strong>Seine Besonderheit ist die D\u00e9grad\u00e9-L\u00f6sung des Farbtons<\/strong>, der mit sofortiger optischer Wirkung auf der Oberfl\u00e4che jeder einzelnen Holzdiele von Dunkelbraun zu Sand verblasst, in einem Hell-Dunkel-Spiel von exklusiver dekorativer Qualit\u00e4t.<\/p>\n\n\n\n<p class=\"is-style-indent animated fadeIn has-m-22-font-size\">Ein geb\u00fcrstetes Eichenparkett, das sich als Muster auf der Bodenverl\u00e4ngerung definiert und die Oberfl\u00e4che unverwechselbar und zum Protagonisten macht. Die kompositorische Wahl der Verlegung von <strong>Natural Shadow<\/strong> in der Version mit italienischem Fischgr\u00e4tparkett ist ideal, um die Originalit\u00e4t seines Charakters voll zur Geltung zu bringen.   <\/p>\n\n\n\n<p class=\"is-style-indent animated fadeIn has-m-22-font-size\">Eine Oberfl\u00e4che f\u00fcr eklektische und szenische Umgebungen, die in der Lage ist, eine Vintage-Inspiration kraftvoll in eine neue und \u00fcberraschende Deklination der zeitgen\u00f6ssischen Stimmung zu verwandeln.<\/p>\n<\/div>\n\n\n\n<div class=\"wp-block-group alignfull has-global-padding is-layout-constrained wp-block-group-is-layout-constrained\" style=\"margin-top:0;margin-bottom:0\">\n<div class=\"wp-block-columns alignwide is-layout-flex wp-container-core-columns-is-layout-8fbed60e wp-block-columns-is-layout-flex\" style=\"margin-top:0;margin-bottom:0\">\n<div class=\"wp-block-column is-layout-flow wp-container-core-column-is-layout-8a368f38 wp-block-column-is-layout-flow\" style=\"flex-basis:60%\">\n<figure data-wp-context=\"{&quot;imageId&quot;:&quot;69dbef8324e8e&quot;}\" data-wp-interactive=\"core\/image\" class=\"wp-block-image size-full is-resized is-style-default wp-lightbox-container\"><img loading=\"lazy\" decoding=\"async\" width=\"653\" height=\"871\" data-wp-class--hide=\"state.isContentHidden\" data-wp-class--show=\"state.isContentVisible\" data-wp-init=\"callbacks.setButtonStyles\" data-wp-on-async--click=\"actions.showLightbox\" data-wp-on-async--load=\"callbacks.setButtonStyles\" data-wp-on-async-window--resize=\"callbacks.setButtonStyles\" src=\"https:\/\/www.berti.net\/wp-content\/uploads\/2024\/10\/parquet-berti-legno-bagno-natural-shadow-diesel.jpg\" alt=\"\" class=\"wp-image-7031\" style=\"width:660px;height:auto\" srcset=\"https:\/\/www.berti.net\/wp-content\/uploads\/2024\/10\/parquet-berti-legno-bagno-natural-shadow-diesel.jpg 653w, https:\/\/www.berti.net\/wp-content\/uploads\/2024\/10\/parquet-berti-legno-bagno-natural-shadow-diesel-225x300.jpg 225w\" sizes=\"auto, (max-width: 653px) 100vw, 653px\" \/><button\n\t\t\tclass=\"lightbox-trigger\"\n\t\t\ttype=\"button\"\n\t\t\taria-haspopup=\"dialog\"\n\t\t\taria-label=\"Enlarge\"\n\t\t\tdata-wp-init=\"callbacks.initTriggerButton\"\n\t\t\tdata-wp-on-async--click=\"actions.showLightbox\"\n\t\t\tdata-wp-style--right=\"state.imageButtonRight\"\n\t\t\tdata-wp-style--top=\"state.imageButtonTop\"\n\t\t>\n\t\t\t<svg xmlns=\"http:\/\/www.w3.org\/2000\/svg\" width=\"12\" height=\"12\" fill=\"none\" viewBox=\"0 0 12 12\">\n\t\t\t\t<path fill=\"#fff\" d=\"M2 0a2 2 0 0 0-2 2v2h1.5V2a.5.5 0 0 1 .5-.5h2V0H2Zm2 10.5H2a.5.5 0 0 1-.5-.5V8H0v2a2 2 0 0 0 2 2h2v-1.5ZM8 12v-1.5h2a.5.5 0 0 0 .5-.5V8H12v2a2 2 0 0 1-2 2H8Zm2-12a2 2 0 0 1 2 2v2h-1.5V2a.5.5 0 0 0-.5-.5H8V0h2Z\" \/>\n\t\t\t<\/svg>\n\t\t<\/button><\/figure>\n\n\n\n<div style=\"height:var(--wp--preset--spacing--60)\" aria-hidden=\"true\" class=\"wp-block-spacer\"><\/div>\n\n\n\n<figure data-wp-context=\"{&quot;imageId&quot;:&quot;69dbef8325be2&quot;}\" data-wp-interactive=\"core\/image\" class=\"wp-block-image size-full is-resized is-style-default wp-lightbox-container\"><img loading=\"lazy\" decoding=\"async\" width=\"2132\" height=\"1200\" data-wp-class--hide=\"state.isContentHidden\" data-wp-class--show=\"state.isContentVisible\" data-wp-init=\"callbacks.setButtonStyles\" data-wp-on-async--click=\"actions.showLightbox\" data-wp-on-async--load=\"callbacks.setButtonStyles\" data-wp-on-async-window--resize=\"callbacks.setButtonStyles\" src=\"https:\/\/www.berti.net\/wp-content\/uploads\/natural_shadow-rovere-Diesel_Specials_ambientata-Berti.jpg\" alt=\"\" class=\"wp-image-29287\" style=\"width:660px;height:auto\" srcset=\"https:\/\/www.berti.net\/wp-content\/uploads\/natural_shadow-rovere-Diesel_Specials_ambientata-Berti.jpg 2132w, https:\/\/www.berti.net\/wp-content\/uploads\/natural_shadow-rovere-Diesel_Specials_ambientata-Berti-812x457.jpg 812w, https:\/\/www.berti.net\/wp-content\/uploads\/natural_shadow-rovere-Diesel_Specials_ambientata-Berti-1920x1081.jpg 1920w, https:\/\/www.berti.net\/wp-content\/uploads\/natural_shadow-rovere-Diesel_Specials_ambientata-Berti-768x432.jpg 768w, https:\/\/www.berti.net\/wp-content\/uploads\/natural_shadow-rovere-Diesel_Specials_ambientata-Berti-1536x865.jpg 1536w, https:\/\/www.berti.net\/wp-content\/uploads\/natural_shadow-rovere-Diesel_Specials_ambientata-Berti-2048x1153.jpg 2048w\" sizes=\"auto, (max-width: 2132px) 100vw, 2132px\" \/><button\n\t\t\tclass=\"lightbox-trigger\"\n\t\t\ttype=\"button\"\n\t\t\taria-haspopup=\"dialog\"\n\t\t\taria-label=\"Enlarge\"\n\t\t\tdata-wp-init=\"callbacks.initTriggerButton\"\n\t\t\tdata-wp-on-async--click=\"actions.showLightbox\"\n\t\t\tdata-wp-style--right=\"state.imageButtonRight\"\n\t\t\tdata-wp-style--top=\"state.imageButtonTop\"\n\t\t>\n\t\t\t<svg xmlns=\"http:\/\/www.w3.org\/2000\/svg\" width=\"12\" height=\"12\" fill=\"none\" viewBox=\"0 0 12 12\">\n\t\t\t\t<path fill=\"#fff\" d=\"M2 0a2 2 0 0 0-2 2v2h1.5V2a.5.5 0 0 1 .5-.5h2V0H2Zm2 10.5H2a.5.5 0 0 1-.5-.5V8H0v2a2 2 0 0 0 2 2h2v-1.5ZM8 12v-1.5h2a.5.5 0 0 0 .5-.5V8H12v2a2 2 0 0 1-2 2H8Zm2-12a2 2 0 0 1 2 2v2h-1.5V2a.5.5 0 0 0-.5-.5H8V0h2Z\" \/>\n\t\t\t<\/svg>\n\t\t<\/button><\/figure>\n<\/div>\n\n\n\n<div class=\"wp-block-column is-layout-flow wp-container-core-column-is-layout-8a368f38 wp-block-column-is-layout-flow\" style=\"flex-basis:40%\">\n<figure data-wp-context=\"{&quot;imageId&quot;:&quot;69dbef83278f4&quot;}\" data-wp-interactive=\"core\/image\" class=\"wp-block-image size-full is-style-default wp-lightbox-container\"><img loading=\"lazy\" decoding=\"async\" width=\"653\" height=\"871\" data-wp-class--hide=\"state.isContentHidden\" data-wp-class--show=\"state.isContentVisible\" data-wp-init=\"callbacks.setButtonStyles\" data-wp-on-async--click=\"actions.showLightbox\" data-wp-on-async--load=\"callbacks.setButtonStyles\" data-wp-on-async-window--resize=\"callbacks.setButtonStyles\" src=\"https:\/\/www.berti.net\/wp-content\/uploads\/2024\/10\/parquet-spina-italiana-berti-natural-shadow-diesel.jpg\" alt=\"\" class=\"wp-image-7034\" srcset=\"https:\/\/www.berti.net\/wp-content\/uploads\/2024\/10\/parquet-spina-italiana-berti-natural-shadow-diesel.jpg 653w, https:\/\/www.berti.net\/wp-content\/uploads\/2024\/10\/parquet-spina-italiana-berti-natural-shadow-diesel-225x300.jpg 225w\" sizes=\"auto, (max-width: 653px) 100vw, 653px\" \/><button\n\t\t\tclass=\"lightbox-trigger\"\n\t\t\ttype=\"button\"\n\t\t\taria-haspopup=\"dialog\"\n\t\t\taria-label=\"Enlarge\"\n\t\t\tdata-wp-init=\"callbacks.initTriggerButton\"\n\t\t\tdata-wp-on-async--click=\"actions.showLightbox\"\n\t\t\tdata-wp-style--right=\"state.imageButtonRight\"\n\t\t\tdata-wp-style--top=\"state.imageButtonTop\"\n\t\t>\n\t\t\t<svg xmlns=\"http:\/\/www.w3.org\/2000\/svg\" width=\"12\" height=\"12\" fill=\"none\" viewBox=\"0 0 12 12\">\n\t\t\t\t<path fill=\"#fff\" d=\"M2 0a2 2 0 0 0-2 2v2h1.5V2a.5.5 0 0 1 .5-.5h2V0H2Zm2 10.5H2a.5.5 0 0 1-.5-.5V8H0v2a2 2 0 0 0 2 2h2v-1.5ZM8 12v-1.5h2a.5.5 0 0 0 .5-.5V8H12v2a2 2 0 0 1-2 2H8Zm2-12a2 2 0 0 1 2 2v2h-1.5V2a.5.5 0 0 0-.5-.5H8V0h2Z\" \/>\n\t\t\t<\/svg>\n\t\t<\/button><\/figure>\n\n\n\n<div style=\"height:var(--wp--preset--spacing--60)\" aria-hidden=\"true\" class=\"wp-block-spacer\"><\/div>\n\n\n\n<figure data-wp-context=\"{&quot;imageId&quot;:&quot;69dbef83284fe&quot;}\" data-wp-interactive=\"core\/image\" class=\"wp-block-image size-full is-style-default wp-lightbox-container\"><img loading=\"lazy\" decoding=\"async\" width=\"1200\" height=\"1714\" data-wp-class--hide=\"state.isContentHidden\" data-wp-class--show=\"state.isContentVisible\" data-wp-init=\"callbacks.setButtonStyles\" data-wp-on-async--click=\"actions.showLightbox\" data-wp-on-async--load=\"callbacks.setButtonStyles\" data-wp-on-async-window--resize=\"callbacks.setButtonStyles\" src=\"https:\/\/www.berti.net\/wp-content\/uploads\/natural_shadow-rovere-Diesel_Specials-Berti.jpg\" alt=\"\" class=\"wp-image-29282\" srcset=\"https:\/\/www.berti.net\/wp-content\/uploads\/natural_shadow-rovere-Diesel_Specials-Berti.jpg 1200w, https:\/\/www.berti.net\/wp-content\/uploads\/natural_shadow-rovere-Diesel_Specials-Berti-568x812.jpg 568w, https:\/\/www.berti.net\/wp-content\/uploads\/natural_shadow-rovere-Diesel_Specials-Berti-768x1097.jpg 768w, https:\/\/www.berti.net\/wp-content\/uploads\/natural_shadow-rovere-Diesel_Specials-Berti-1075x1536.jpg 1075w\" sizes=\"auto, (max-width: 1200px) 100vw, 1200px\" \/><button\n\t\t\tclass=\"lightbox-trigger\"\n\t\t\ttype=\"button\"\n\t\t\taria-haspopup=\"dialog\"\n\t\t\taria-label=\"Enlarge\"\n\t\t\tdata-wp-init=\"callbacks.initTriggerButton\"\n\t\t\tdata-wp-on-async--click=\"actions.showLightbox\"\n\t\t\tdata-wp-style--right=\"state.imageButtonRight\"\n\t\t\tdata-wp-style--top=\"state.imageButtonTop\"\n\t\t>\n\t\t\t<svg xmlns=\"http:\/\/www.w3.org\/2000\/svg\" width=\"12\" height=\"12\" fill=\"none\" viewBox=\"0 0 12 12\">\n\t\t\t\t<path fill=\"#fff\" d=\"M2 0a2 2 0 0 0-2 2v2h1.5V2a.5.5 0 0 1 .5-.5h2V0H2Zm2 10.5H2a.5.5 0 0 1-.5-.5V8H0v2a2 2 0 0 0 2 2h2v-1.5ZM8 12v-1.5h2a.5.5 0 0 0 .5-.5V8H12v2a2 2 0 0 1-2 2H8Zm2-12a2 2 0 0 1 2 2v2h-1.5V2a.5.5 0 0 0-.5-.5H8V0h2Z\" \/>\n\t\t\t<\/svg>\n\t\t<\/button><\/figure>\n<\/div>\n<\/div>\n<\/div>\n<\/div>\n","protected":false},"excerpt":{"rendered":"<p>Seine Besonderheit ist die D\u00e9grad\u00e9-L\u00f6sung des Farbtons, der mit sofortiger optischer Wirkung auf der Oberfl\u00e4che jeder einzelnen Holzdiele von Dunkelbraun zu Sand verblasst, in einem Hell-Dunkel-Spiel von exklusiver dekorativer Qualit\u00e4t. Ein geb\u00fcrstetes Eichenparkett, das sich als Muster auf der Bodenverl\u00e4ngerung definiert und die Oberfl\u00e4che unverwechselbar und zum Protagonisten macht. Die kompositorische Wahl der Verlegung von Natural Shadow in der Version [&hellip;]<\/p>\n","protected":false},"author":2,"featured_media":24244,"template":"","product_collection":[193],"product_type":[],"product_color":[76],"class_list":["post-24242","product","type-product","status-publish","has-post-thumbnail","hentry","product_collection-parkett-diesel-wohnen","product_color-scuro"],"_links":{"self":[{"href":"https:\/\/www.berti.net\/de\/wp-json\/wp\/v2\/product\/24242","targetHints":{"allow":["GET"]}}],"collection":[{"href":"https:\/\/www.berti.net\/de\/wp-json\/wp\/v2\/product"}],"about":[{"href":"https:\/\/www.berti.net\/de\/wp-json\/wp\/v2\/types\/product"}],"author":[{"embeddable":true,"href":"https:\/\/www.berti.net\/de\/wp-json\/wp\/v2\/users\/2"}],"wp:featuredmedia":[{"embeddable":true,"href":"https:\/\/www.berti.net\/de\/wp-json\/wp\/v2\/media\/24244"}],"wp:attachment":[{"href":"https:\/\/www.berti.net\/de\/wp-json\/wp\/v2\/media?parent=24242"}],"wp:term":[{"taxonomy":"product_collection","embeddable":true,"href":"https:\/\/www.berti.net\/de\/wp-json\/wp\/v2\/product_collection?post=24242"},{"taxonomy":"product_type","embeddable":true,"href":"https:\/\/www.berti.net\/de\/wp-json\/wp\/v2\/product_type?post=24242"},{"taxonomy":"product_color","embeddable":true,"href":"https:\/\/www.berti.net\/de\/wp-json\/wp\/v2\/product_color?post=24242"}],"curies":[{"name":"wp","href":"https:\/\/api.w.org\/{rel}","templated":true}]}}