{"id":24233,"date":"2024-10-16T09:14:01","date_gmt":"2024-10-16T09:14:01","guid":{"rendered":"https:\/\/www.berti.net\/product\/eiche-contrast-canvas\/"},"modified":"2025-10-24T09:25:23","modified_gmt":"2025-10-24T09:25:23","slug":"eiche-contrast-canvas","status":"publish","type":"product","link":"https:\/\/www.berti.net\/de\/parkett\/parkett-diesel-wohnen\/eiche-contrast-canvas\/","title":{"rendered":"Eiche Contrast Canvas"},"content":{"rendered":"\n<div class=\"wp-block-group is-style-container has-global-padding is-content-justification-center is-layout-constrained wp-block-group-is-layout-constrained\">\n<div class=\"wp-block-group is-style-default has-global-padding is-content-justification-left is-layout-constrained wp-container-core-group-is-layout-a6931cc7 wp-block-group-is-layout-constrained\" style=\"margin-top:var(--wp--preset--spacing--130);margin-bottom:var(--wp--preset--spacing--130)\">\n<p class=\"is-style-indent animated fadeIn has-m-22-font-size\">Dies ist ein Berti-Fertigparkett aus der <strong>Linie Treated Canvas f\u00fcr Diesel Living<\/strong>, das <strong>mit dem Konzept der Begegnung zwischen Material und Garn spielt<\/strong>, bei dem das Holz das Aussehen einer Textilfaser annimmt.<\/p>\n\n\n\n<p class=\"is-style-indent animated fadeIn has-m-22-font-size\">Ein Parkett, das den <strong>nat\u00fcrlichen Farbton<\/strong> des Eichenholzes und die typischen Maserungen und konzentrischen Kreise bewahrt, um sie mit der besonderen Anmutung der <strong>Verarbeitung mit Webeffekt<\/strong> zu kombinieren, mit dichten Einschnitten auf beiden Seiten der Oberfl\u00e4che.  <\/p>\n\n\n\n<p class=\"is-style-indent animated fadeIn has-m-22-font-size\">Eine noch nie dagewesene Ausdruckskraft, die sich in einer Mischung aus Materialien und Texturen ausdr\u00fcckt, beschreibt ein helles Parkett f\u00fcr Innenr\u00e4ume mit unverwechselbarem und ausgew\u00e4hltem Charakter, in denen Mix und Match in einem <strong>zeitgen\u00f6ssischen Geschmack<\/strong> aufgel\u00f6st werden.<\/p>\n<\/div>\n\n\n\n<div class=\"wp-block-group alignfull has-global-padding is-layout-constrained wp-block-group-is-layout-constrained\" style=\"margin-top:0;margin-bottom:0\">\n<figure data-wp-context=\"{&quot;imageId&quot;:&quot;69dbef6ab0578&quot;}\" data-wp-interactive=\"core\/image\" class=\"wp-block-image aligncenter size-full is-style-default wp-lightbox-container\"><img loading=\"lazy\" decoding=\"async\" width=\"653\" height=\"871\" data-wp-class--hide=\"state.isContentHidden\" data-wp-class--show=\"state.isContentVisible\" data-wp-init=\"callbacks.setButtonStyles\" data-wp-on-async--click=\"actions.showLightbox\" data-wp-on-async--load=\"callbacks.setButtonStyles\" data-wp-on-async-window--resize=\"callbacks.setButtonStyles\" src=\"https:\/\/www.berti.net\/wp-content\/uploads\/2024\/10\/parquet-prefinito-spazzolato-contrast-canvas-berti.jpg\" alt=\"\" class=\"wp-image-7203\" srcset=\"https:\/\/www.berti.net\/wp-content\/uploads\/2024\/10\/parquet-prefinito-spazzolato-contrast-canvas-berti.jpg 653w, https:\/\/www.berti.net\/wp-content\/uploads\/2024\/10\/parquet-prefinito-spazzolato-contrast-canvas-berti-225x300.jpg 225w\" sizes=\"auto, (max-width: 653px) 100vw, 653px\" \/><button\n\t\t\tclass=\"lightbox-trigger\"\n\t\t\ttype=\"button\"\n\t\t\taria-haspopup=\"dialog\"\n\t\t\taria-label=\"Enlarge\"\n\t\t\tdata-wp-init=\"callbacks.initTriggerButton\"\n\t\t\tdata-wp-on-async--click=\"actions.showLightbox\"\n\t\t\tdata-wp-style--right=\"state.imageButtonRight\"\n\t\t\tdata-wp-style--top=\"state.imageButtonTop\"\n\t\t>\n\t\t\t<svg xmlns=\"http:\/\/www.w3.org\/2000\/svg\" width=\"12\" height=\"12\" fill=\"none\" viewBox=\"0 0 12 12\">\n\t\t\t\t<path fill=\"#fff\" d=\"M2 0a2 2 0 0 0-2 2v2h1.5V2a.5.5 0 0 1 .5-.5h2V0H2Zm2 10.5H2a.5.5 0 0 1-.5-.5V8H0v2a2 2 0 0 0 2 2h2v-1.5ZM8 12v-1.5h2a.5.5 0 0 0 .5-.5V8H12v2a2 2 0 0 1-2 2H8Zm2-12a2 2 0 0 1 2 2v2h-1.5V2a.5.5 0 0 0-.5-.5H8V0h2Z\" \/>\n\t\t\t<\/svg>\n\t\t<\/button><\/figure>\n<\/div>\n\n\n\n<div style=\"height:100px\" aria-hidden=\"true\" class=\"wp-block-spacer\"><\/div>\n<\/div>\n","protected":false},"excerpt":{"rendered":"<p>Dies ist ein Berti-Fertigparkett aus der Linie Treated Canvas f\u00fcr Diesel Living, das mit dem Konzept der Begegnung zwischen Material und Garn spielt, bei dem das Holz das Aussehen einer Textilfaser annimmt. Ein Parkett, das den nat\u00fcrlichen Farbton des Eichenholzes und die typischen Maserungen und konzentrischen Kreise bewahrt, um sie mit der besonderen Anmutung der Verarbeitung mit Webeffekt zu kombinieren, [&hellip;]<\/p>\n","protected":false},"author":2,"featured_media":24234,"template":"","product_collection":[193],"product_type":[],"product_color":[76],"class_list":["post-24233","product","type-product","status-publish","has-post-thumbnail","hentry","product_collection-parkett-diesel-wohnen","product_color-scuro"],"_links":{"self":[{"href":"https:\/\/www.berti.net\/de\/wp-json\/wp\/v2\/product\/24233","targetHints":{"allow":["GET"]}}],"collection":[{"href":"https:\/\/www.berti.net\/de\/wp-json\/wp\/v2\/product"}],"about":[{"href":"https:\/\/www.berti.net\/de\/wp-json\/wp\/v2\/types\/product"}],"author":[{"embeddable":true,"href":"https:\/\/www.berti.net\/de\/wp-json\/wp\/v2\/users\/2"}],"wp:featuredmedia":[{"embeddable":true,"href":"https:\/\/www.berti.net\/de\/wp-json\/wp\/v2\/media\/24234"}],"wp:attachment":[{"href":"https:\/\/www.berti.net\/de\/wp-json\/wp\/v2\/media?parent=24233"}],"wp:term":[{"taxonomy":"product_collection","embeddable":true,"href":"https:\/\/www.berti.net\/de\/wp-json\/wp\/v2\/product_collection?post=24233"},{"taxonomy":"product_type","embeddable":true,"href":"https:\/\/www.berti.net\/de\/wp-json\/wp\/v2\/product_type?post=24233"},{"taxonomy":"product_color","embeddable":true,"href":"https:\/\/www.berti.net\/de\/wp-json\/wp\/v2\/product_color?post=24233"}],"curies":[{"name":"wp","href":"https:\/\/api.w.org\/{rel}","templated":true}]}}