{"id":24229,"date":"2024-10-15T15:49:54","date_gmt":"2024-10-15T15:49:54","guid":{"rendered":"https:\/\/www.berti.net\/product\/eiche-vein\/"},"modified":"2025-10-24T09:20:42","modified_gmt":"2025-10-24T09:20:42","slug":"eiche-vein","status":"publish","type":"product","link":"https:\/\/www.berti.net\/de\/parkett\/parkett-diesel-wohnen\/eiche-vein\/","title":{"rendered":"Eiche Vein"},"content":{"rendered":"\n<div class=\"wp-block-group is-style-container has-global-padding is-content-justification-center is-layout-constrained wp-block-group-is-layout-constrained\">\n<div class=\"wp-block-group is-style-default has-global-padding is-content-justification-left is-layout-constrained wp-container-core-group-is-layout-a6931cc7 wp-block-group-is-layout-constrained\" style=\"margin-top:var(--wp--preset--spacing--130);margin-bottom:var(--wp--preset--spacing--130)\">\n<p class=\"is-style-indent animated fadeIn has-m-22-font-size\">Ein Finish mit der Textur von <strong>nat\u00fcrlichem Eichenparkett, das das Holz<\/strong> dank der kombinierten Behandlungen von B\u00fcrsten und Beizen <strong>in seinen markantesten und strukturiertesten Merkmalen zur Geltung bringt<\/strong>.<\/p>\n\n\n\n<p class=\"is-style-indent animated fadeIn has-m-22-font-size\">Hier kommt das Eichenholz im Gitterwerk seiner lebhaften Maserung voll zum Ausdruck, um eine abwechslungsreiche und auff\u00e4llige Oberfl\u00e4che zu beschreiben, die eine \u00fcberraschende Note in der Farbe nicht ausschlie\u00dft.  <\/p>\n\n\n\n<p class=\"is-style-indent animated fadeIn has-m-22-font-size\">Der <strong>nat\u00fcrliche Haselnuss-Ton<\/strong> wird <strong>durch graue Punkte verunreinigt<\/strong>, die die Linien des Holzes hervorheben und einen neuen und originellen Farbton f\u00fcr <strong>eine urbane und zeitgen\u00f6ssische Atmosph\u00e4re<\/strong> schaffen. Eine \u00e4sthetische Wahl von nat\u00fcrlichem Eichenparkett mit einem starken Charakter und einer exklusiven Konnotation. <\/p>\n\n\n\n<p class=\"is-style-indent animated fadeIn has-m-22-font-size\"><\/p>\n<\/div>\n\n\n\n<div class=\"wp-block-group alignfull has-global-padding is-layout-constrained wp-block-group-is-layout-constrained\" style=\"margin-top:0;margin-bottom:0\">\n<figure data-wp-context=\"{&quot;imageId&quot;:&quot;69dc070624c44&quot;}\" data-wp-interactive=\"core\/image\" class=\"wp-block-image aligncenter size-full is-style-default wp-lightbox-container\"><img loading=\"lazy\" decoding=\"async\" width=\"653\" height=\"871\" data-wp-class--hide=\"state.isContentHidden\" data-wp-class--show=\"state.isContentVisible\" data-wp-init=\"callbacks.setButtonStyles\" data-wp-on-async--click=\"actions.showLightbox\" data-wp-on-async--load=\"callbacks.setButtonStyles\" data-wp-on-async-window--resize=\"callbacks.setButtonStyles\" src=\"https:\/\/www.berti.net\/wp-content\/uploads\/2024\/10\/pavimento-parquet-rovere-vein-berti-diesel.jpg\" alt=\"\" class=\"wp-image-6983\" srcset=\"https:\/\/www.berti.net\/wp-content\/uploads\/2024\/10\/pavimento-parquet-rovere-vein-berti-diesel.jpg 653w, https:\/\/www.berti.net\/wp-content\/uploads\/2024\/10\/pavimento-parquet-rovere-vein-berti-diesel-225x300.jpg 225w\" sizes=\"auto, (max-width: 653px) 100vw, 653px\" \/><button\n\t\t\tclass=\"lightbox-trigger\"\n\t\t\ttype=\"button\"\n\t\t\taria-haspopup=\"dialog\"\n\t\t\taria-label=\"Enlarge\"\n\t\t\tdata-wp-init=\"callbacks.initTriggerButton\"\n\t\t\tdata-wp-on-async--click=\"actions.showLightbox\"\n\t\t\tdata-wp-style--right=\"state.imageButtonRight\"\n\t\t\tdata-wp-style--top=\"state.imageButtonTop\"\n\t\t>\n\t\t\t<svg xmlns=\"http:\/\/www.w3.org\/2000\/svg\" width=\"12\" height=\"12\" fill=\"none\" viewBox=\"0 0 12 12\">\n\t\t\t\t<path fill=\"#fff\" d=\"M2 0a2 2 0 0 0-2 2v2h1.5V2a.5.5 0 0 1 .5-.5h2V0H2Zm2 10.5H2a.5.5 0 0 1-.5-.5V8H0v2a2 2 0 0 0 2 2h2v-1.5ZM8 12v-1.5h2a.5.5 0 0 0 .5-.5V8H12v2a2 2 0 0 1-2 2H8Zm2-12a2 2 0 0 1 2 2v2h-1.5V2a.5.5 0 0 0-.5-.5H8V0h2Z\" \/>\n\t\t\t<\/svg>\n\t\t<\/button><\/figure>\n<\/div>\n\n\n\n<div style=\"height:100px\" aria-hidden=\"true\" class=\"wp-block-spacer\"><\/div>\n<\/div>\n","protected":false},"excerpt":{"rendered":"<p>Ein Finish mit der Textur von nat\u00fcrlichem Eichenparkett, das das Holz dank der kombinierten Behandlungen von B\u00fcrsten und Beizen in seinen markantesten und strukturiertesten Merkmalen zur Geltung bringt. Hier kommt das Eichenholz im Gitterwerk seiner lebhaften Maserung voll zum Ausdruck, um eine abwechslungsreiche und auff\u00e4llige Oberfl\u00e4che zu beschreiben, die eine \u00fcberraschende Note in der Farbe nicht ausschlie\u00dft. Der nat\u00fcrliche Haselnuss-Ton [&hellip;]<\/p>\n","protected":false},"author":2,"featured_media":24230,"template":"","product_collection":[193],"product_type":[],"product_color":[],"class_list":["post-24229","product","type-product","status-publish","has-post-thumbnail","hentry","product_collection-parkett-diesel-wohnen"],"_links":{"self":[{"href":"https:\/\/www.berti.net\/de\/wp-json\/wp\/v2\/product\/24229","targetHints":{"allow":["GET"]}}],"collection":[{"href":"https:\/\/www.berti.net\/de\/wp-json\/wp\/v2\/product"}],"about":[{"href":"https:\/\/www.berti.net\/de\/wp-json\/wp\/v2\/types\/product"}],"author":[{"embeddable":true,"href":"https:\/\/www.berti.net\/de\/wp-json\/wp\/v2\/users\/2"}],"wp:featuredmedia":[{"embeddable":true,"href":"https:\/\/www.berti.net\/de\/wp-json\/wp\/v2\/media\/24230"}],"wp:attachment":[{"href":"https:\/\/www.berti.net\/de\/wp-json\/wp\/v2\/media?parent=24229"}],"wp:term":[{"taxonomy":"product_collection","embeddable":true,"href":"https:\/\/www.berti.net\/de\/wp-json\/wp\/v2\/product_collection?post=24229"},{"taxonomy":"product_type","embeddable":true,"href":"https:\/\/www.berti.net\/de\/wp-json\/wp\/v2\/product_type?post=24229"},{"taxonomy":"product_color","embeddable":true,"href":"https:\/\/www.berti.net\/de\/wp-json\/wp\/v2\/product_color?post=24229"}],"curies":[{"name":"wp","href":"https:\/\/api.w.org\/{rel}","templated":true}]}}