{"id":24198,"date":"2024-10-16T10:06:09","date_gmt":"2024-10-16T10:06:09","guid":{"rendered":"https:\/\/www.berti.net\/product\/eiche-native\/"},"modified":"2025-10-24T09:31:28","modified_gmt":"2025-10-24T09:31:28","slug":"eiche-native","status":"publish","type":"product","link":"https:\/\/www.berti.net\/de\/parkett\/parkett-diesel-wohnen\/eiche-native\/","title":{"rendered":"Eiche Native"},"content":{"rendered":"\n<div class=\"wp-block-group is-style-container has-global-padding is-content-justification-center is-layout-constrained wp-block-group-is-layout-constrained\">\n<div class=\"wp-block-group is-style-default has-global-padding is-content-justification-left is-layout-constrained wp-container-core-group-is-layout-a6931cc7 wp-block-group-is-layout-constrained\" style=\"margin-top:var(--wp--preset--spacing--130);margin-bottom:var(--wp--preset--spacing--130)\">\n<p class=\"is-style-indent animated fadeIn has-m-22-font-size\">Die Holzmaserungen bilden die Textur der Oberfl\u00e4che, ohne die Intensit\u00e4t der Farbe zu d\u00e4mpfen, die eine <strong>ausdrucksstarke und beeindruckende stilistische Signatur<\/strong> verleiht, die durch die Qualit\u00e4t der lackierten Parkettoberfl\u00e4che noch deutlicher wird.  <\/p>\n\n\n\n<p class=\"is-style-indent animated fadeIn has-m-22-font-size\"><strong>Native<\/strong> ist in der Tat ein dunkles Parkett, das die unverf\u00e4lschte Nat\u00fcrlichkeit der Erde in einer klassisch-zeitgen\u00f6ssischen Eleganz wiederspiegelt, um edle, der Sch\u00f6nheit und Klasse gewidmete Innenr\u00e4ume zu gestalten.<\/p>\n<\/div>\n\n\n\n<div class=\"wp-block-group alignfull has-global-padding is-layout-constrained wp-block-group-is-layout-constrained\" style=\"margin-top:0;margin-bottom:0\">\n<figure data-wp-context=\"{&quot;imageId&quot;:&quot;69dbef83a3df5&quot;}\" data-wp-interactive=\"core\/image\" class=\"wp-block-image aligncenter size-full is-style-default wp-lightbox-container\"><img loading=\"lazy\" decoding=\"async\" width=\"653\" height=\"871\" data-wp-class--hide=\"state.isContentHidden\" data-wp-class--show=\"state.isContentVisible\" data-wp-init=\"callbacks.setButtonStyles\" data-wp-on-async--click=\"actions.showLightbox\" data-wp-on-async--load=\"callbacks.setButtonStyles\" data-wp-on-async-window--resize=\"callbacks.setButtonStyles\" src=\"https:\/\/www.berti.net\/wp-content\/uploads\/2024\/10\/parquet-scuro-prefinito-berti-diesel.jpg\" alt=\"\" class=\"wp-image-7264\" srcset=\"https:\/\/www.berti.net\/wp-content\/uploads\/2024\/10\/parquet-scuro-prefinito-berti-diesel.jpg 653w, https:\/\/www.berti.net\/wp-content\/uploads\/2024\/10\/parquet-scuro-prefinito-berti-diesel-225x300.jpg 225w\" sizes=\"auto, (max-width: 653px) 100vw, 653px\" \/><button\n\t\t\tclass=\"lightbox-trigger\"\n\t\t\ttype=\"button\"\n\t\t\taria-haspopup=\"dialog\"\n\t\t\taria-label=\"Enlarge\"\n\t\t\tdata-wp-init=\"callbacks.initTriggerButton\"\n\t\t\tdata-wp-on-async--click=\"actions.showLightbox\"\n\t\t\tdata-wp-style--right=\"state.imageButtonRight\"\n\t\t\tdata-wp-style--top=\"state.imageButtonTop\"\n\t\t>\n\t\t\t<svg xmlns=\"http:\/\/www.w3.org\/2000\/svg\" width=\"12\" height=\"12\" fill=\"none\" viewBox=\"0 0 12 12\">\n\t\t\t\t<path fill=\"#fff\" d=\"M2 0a2 2 0 0 0-2 2v2h1.5V2a.5.5 0 0 1 .5-.5h2V0H2Zm2 10.5H2a.5.5 0 0 1-.5-.5V8H0v2a2 2 0 0 0 2 2h2v-1.5ZM8 12v-1.5h2a.5.5 0 0 0 .5-.5V8H12v2a2 2 0 0 1-2 2H8Zm2-12a2 2 0 0 1 2 2v2h-1.5V2a.5.5 0 0 0-.5-.5H8V0h2Z\" \/>\n\t\t\t<\/svg>\n\t\t<\/button><\/figure>\n<\/div>\n\n\n\n<div style=\"height:100px\" aria-hidden=\"true\" class=\"wp-block-spacer\"><\/div>\n<\/div>\n","protected":false},"excerpt":{"rendered":"<p>Die Holzmaserungen bilden die Textur der Oberfl\u00e4che, ohne die Intensit\u00e4t der Farbe zu d\u00e4mpfen, die eine ausdrucksstarke und beeindruckende stilistische Signatur verleiht, die durch die Qualit\u00e4t der lackierten Parkettoberfl\u00e4che noch deutlicher wird. Native ist in der Tat ein dunkles Parkett, das die unverf\u00e4lschte Nat\u00fcrlichkeit der Erde in einer klassisch-zeitgen\u00f6ssischen Eleganz wiederspiegelt, um edle, der Sch\u00f6nheit und Klasse gewidmete Innenr\u00e4ume zu [&hellip;]<\/p>\n","protected":false},"author":2,"featured_media":24200,"template":"","product_collection":[193],"product_type":[],"product_color":[76],"class_list":["post-24198","product","type-product","status-publish","has-post-thumbnail","hentry","product_collection-parkett-diesel-wohnen","product_color-scuro"],"_links":{"self":[{"href":"https:\/\/www.berti.net\/de\/wp-json\/wp\/v2\/product\/24198","targetHints":{"allow":["GET"]}}],"collection":[{"href":"https:\/\/www.berti.net\/de\/wp-json\/wp\/v2\/product"}],"about":[{"href":"https:\/\/www.berti.net\/de\/wp-json\/wp\/v2\/types\/product"}],"author":[{"embeddable":true,"href":"https:\/\/www.berti.net\/de\/wp-json\/wp\/v2\/users\/2"}],"wp:featuredmedia":[{"embeddable":true,"href":"https:\/\/www.berti.net\/de\/wp-json\/wp\/v2\/media\/24200"}],"wp:attachment":[{"href":"https:\/\/www.berti.net\/de\/wp-json\/wp\/v2\/media?parent=24198"}],"wp:term":[{"taxonomy":"product_collection","embeddable":true,"href":"https:\/\/www.berti.net\/de\/wp-json\/wp\/v2\/product_collection?post=24198"},{"taxonomy":"product_type","embeddable":true,"href":"https:\/\/www.berti.net\/de\/wp-json\/wp\/v2\/product_type?post=24198"},{"taxonomy":"product_color","embeddable":true,"href":"https:\/\/www.berti.net\/de\/wp-json\/wp\/v2\/product_color?post=24198"}],"curies":[{"name":"wp","href":"https:\/\/api.w.org\/{rel}","templated":true}]}}