{"id":24189,"date":"2024-10-16T10:10:40","date_gmt":"2024-10-16T10:10:40","guid":{"rendered":"https:\/\/www.berti.net\/product\/eiche-total-black\/"},"modified":"2026-02-19T09:45:54","modified_gmt":"2026-02-19T09:45:54","slug":"eiche-total-black","status":"publish","type":"product","link":"https:\/\/www.berti.net\/de\/parkett\/parkett-diesel-wohnen\/eiche-total-black\/","title":{"rendered":"Eiche Total Black"},"content":{"rendered":"\n<div class=\"wp-block-group is-style-container has-global-padding is-content-justification-center is-layout-constrained wp-block-group-is-layout-constrained\">\n<div class=\"wp-block-group is-style-default has-global-padding is-content-justification-left is-layout-constrained wp-container-core-group-is-layout-a6931cc7 wp-block-group-is-layout-constrained\" style=\"margin-top:var(--wp--preset--spacing--130);margin-bottom:var(--wp--preset--spacing--130)\">\n<p class=\"is-style-indent animated fadeIn has-m-22-font-size\">Ein <strong>mit einem Hauch von Blau angereicherter Farbton<\/strong>, lebendig und intensiv, der ins Auge sticht und sich mit Kraft und Charme ausdr\u00fcckt.  <\/p>\n\n\n\n<p class=\"is-style-indent animated fadeIn has-m-22-font-size\">Ein Finish, das die Farbwahl mit der Wirkung eines <strong>gl\u00e4nzenden Parketts<\/strong>, <strong>brillanten<\/strong>, <strong>leuchtenden<\/strong> und Katalysators f\u00fcr suggestive Reflexionen verbindet. <\/p>\n\n\n\n<p class=\"is-style-indent animated fadeIn has-m-22-font-size\">Das ist die Formel f\u00fcr ein modernes Parkett mit einer<strong>Glam-Rock-Seele<\/strong>, die an Total Black Vinyl aus den 1980er Jahren erinnert, ohne die Eigenschaften des nat\u00fcrlichen Holzerlebnisses zu vernachl\u00e4ssigen, das in all seinen wesentlichen Eigenschaften sp\u00fcrbar bleibt.<br\/><\/p>\n<\/div>\n\n\n\n<div class=\"wp-block-group alignfull has-global-padding is-layout-constrained wp-block-group-is-layout-constrained\" style=\"margin-top:0;margin-bottom:0\"><\/div>\n\n\n\n<div style=\"height:100px\" aria-hidden=\"true\" class=\"wp-block-spacer\"><\/div>\n<\/div>\n","protected":false},"excerpt":{"rendered":"<p>Ein mit einem Hauch von Blau angereicherter Farbton, lebendig und intensiv, der ins Auge sticht und sich mit Kraft und Charme ausdr\u00fcckt. Ein Finish, das die Farbwahl mit der Wirkung eines gl\u00e4nzenden Parketts, brillanten, leuchtenden und Katalysators f\u00fcr suggestive Reflexionen verbindet. Das ist die Formel f\u00fcr ein modernes Parkett mit einerGlam-Rock-Seele, die an Total Black Vinyl aus den 1980er Jahren [&hellip;]<\/p>\n","protected":false},"author":4,"featured_media":24190,"template":"","product_collection":[193],"product_type":[],"product_color":[76],"class_list":["post-24189","product","type-product","status-publish","has-post-thumbnail","hentry","product_collection-parkett-diesel-wohnen","product_color-scuro"],"_links":{"self":[{"href":"https:\/\/www.berti.net\/de\/wp-json\/wp\/v2\/product\/24189","targetHints":{"allow":["GET"]}}],"collection":[{"href":"https:\/\/www.berti.net\/de\/wp-json\/wp\/v2\/product"}],"about":[{"href":"https:\/\/www.berti.net\/de\/wp-json\/wp\/v2\/types\/product"}],"author":[{"embeddable":true,"href":"https:\/\/www.berti.net\/de\/wp-json\/wp\/v2\/users\/4"}],"wp:featuredmedia":[{"embeddable":true,"href":"https:\/\/www.berti.net\/de\/wp-json\/wp\/v2\/media\/24190"}],"wp:attachment":[{"href":"https:\/\/www.berti.net\/de\/wp-json\/wp\/v2\/media?parent=24189"}],"wp:term":[{"taxonomy":"product_collection","embeddable":true,"href":"https:\/\/www.berti.net\/de\/wp-json\/wp\/v2\/product_collection?post=24189"},{"taxonomy":"product_type","embeddable":true,"href":"https:\/\/www.berti.net\/de\/wp-json\/wp\/v2\/product_type?post=24189"},{"taxonomy":"product_color","embeddable":true,"href":"https:\/\/www.berti.net\/de\/wp-json\/wp\/v2\/product_color?post=24189"}],"curies":[{"name":"wp","href":"https:\/\/api.w.org\/{rel}","templated":true}]}}