{"id":24002,"date":"2024-09-16T15:48:15","date_gmt":"2024-09-16T15:48:15","guid":{"rendered":"https:\/\/www.berti.net\/product\/dark-shade\/"},"modified":"2025-10-24T08:58:09","modified_gmt":"2025-10-24T08:58:09","slug":"dark-shade","status":"publish","type":"product","link":"https:\/\/www.berti.net\/de\/i-wood-verkleidungen\/dark-shade\/","title":{"rendered":"Dark Shade"},"content":{"rendered":"\n<div class=\"wp-block-group is-style-container has-global-padding is-content-justification-center is-layout-constrained wp-block-group-is-layout-constrained\">\n<div class=\"wp-block-group is-style-default has-global-padding is-content-justification-left is-layout-constrained wp-container-core-group-is-layout-a6931cc7 wp-block-group-is-layout-constrained\" style=\"margin-top:var(--wp--preset--spacing--130);margin-bottom:var(--wp--preset--spacing--130)\">\n<p class=\"is-style-indent animated fadeIn has-m-22-font-size\">Ein Design, das zusammen mit dem Kreativteam von <strong>Diesel<\/strong> f\u00fcr die Home Collection entworfen und mit modernstem Digitaldruck realisiert wurde. Dabei handelt es sich um eine moderne Technologie, bei der ungiftige, nicht brennbare, geruchlose und wasserbasierte Farben verwendet werden, die die Holzmaserung nicht \u00fcberdecken. <\/p>\n\n\n\n<p class=\"is-style-indent animated fadeIn has-m-22-font-size\">Schichten von <strong>Xstremestrong-Lack<\/strong> sch\u00fctzen das Eichenholz auf der Oberfl\u00e4che und machen dieses Produkt widerstandsf\u00e4hig gegen starke Beanspruchung.<\/p>\n<\/div>\n\n\n\n<div class=\"wp-block-group products-group is-style-container has-global-padding is-content-justification-center is-layout-constrained wp-container-core-group-is-layout-81aff78e wp-block-group-is-layout-constrained\" style=\"margin-top:var(--wp--preset--spacing--30);margin-bottom:var(--wp--preset--spacing--130)\">\n<h2 class=\"wp-block-heading has-text-align-center products-group-title animated fadeIn has-ml-font-size\" style=\"margin-bottom:var(--wp--preset--spacing--40)\">Lassen Sie sich inspirieren<\/h2>\n\n\n\n<div class=\"wp-block-group items-list has-3-columns has-base-color has-text-color has-link-color wp-elements-65c8229a8575b53afb7151cc9f9fb2a8 is-layout-grid wp-container-core-group-is-layout-8763a382 wp-block-group-is-layout-grid\">\n<div class=\"wp-block-group item is-vertical is-content-justification-center is-layout-flex wp-container-core-group-is-layout-ce155fab wp-block-group-is-layout-flex\">\n<figure class=\"wp-block-image size-full is-style-default animated fadeIn\"><a href=\"https:\/\/berti.threedesk.it\/player.html?model=-860352530&amp;bg=f1ede8&amp;dy=44&amp;dist=-40\" target=\"_blank\" rel=\"noreferrer noopener\"><img loading=\"lazy\" decoding=\"async\" width=\"736\" height=\"736\" src=\"https:\/\/www.berti.net\/wp-content\/uploads\/2024\/09\/darkshade_a.jpg\" alt=\"\" class=\"wp-image-9701\" srcset=\"https:\/\/www.berti.net\/wp-content\/uploads\/2024\/09\/darkshade_a.jpg 736w, https:\/\/www.berti.net\/wp-content\/uploads\/2024\/09\/darkshade_a-300x300.jpg 300w, https:\/\/www.berti.net\/wp-content\/uploads\/2024\/09\/darkshade_a-150x150.jpg 150w\" sizes=\"auto, (max-width: 736px) 100vw, 736px\" \/><\/a><\/figure>\n\n\n\n<div class=\"wp-block-group is-vertical is-content-justification-center is-layout-flex wp-container-core-group-is-layout-980b417d wp-block-group-is-layout-flex\">\n<h4 class=\"wp-block-heading has-text-align-center\" style=\"font-size:clamp(15.747px, 0.984rem + ((1vw - 3.2px) * 0.645), 24px);font-style:normal;font-weight:700\"><a href=\"https:\/\/berti.threedesk.it\/player.html?model=-860352530&amp;bg=f1ede8&amp;dy=44&amp;dist=-40\" target=\"_blank\" rel=\"noreferrer noopener nofollow\">Konfiguration A<\/a><\/h4>\n\n\n\n<p class=\"has-text-align-center\" style=\"font-size:clamp(14px, 0.875rem + ((1vw - 3.2px) * 0.313), 18px);\"><a href=\"https:\/\/berti.threedesk.it\/player.html?model=-860352530&amp;bg=f1ede8&amp;dy=44&amp;dist=-40\" target=\"_blank\" rel=\"noreferrer noopener nofollow\">Dark Shade in Eiche mit Digitaldruck<\/a><\/p>\n<\/div>\n<\/div>\n\n\n\n<div class=\"wp-block-group item is-vertical is-content-justification-center is-layout-flex wp-container-core-group-is-layout-ce155fab wp-block-group-is-layout-flex\">\n<figure class=\"wp-block-image size-full is-style-default animated fadeIn\"><a href=\"https:\/\/berti.threedesk.it\/player.html?model=-1949097242&amp;bg=f1ede8&amp;dy=44&amp;dist=-40\" target=\"_blank\" rel=\"noreferrer noopener\"><img loading=\"lazy\" decoding=\"async\" width=\"977\" height=\"977\" src=\"https:\/\/www.berti.net\/wp-content\/uploads\/2024\/09\/darkshade_b.jpg\" alt=\"\" class=\"wp-image-9698\" srcset=\"https:\/\/www.berti.net\/wp-content\/uploads\/2024\/09\/darkshade_b.jpg 977w, https:\/\/www.berti.net\/wp-content\/uploads\/2024\/09\/darkshade_b-300x300.jpg 300w, https:\/\/www.berti.net\/wp-content\/uploads\/2024\/09\/darkshade_b-150x150.jpg 150w, https:\/\/www.berti.net\/wp-content\/uploads\/2024\/09\/darkshade_b-768x768.jpg 768w\" sizes=\"auto, (max-width: 977px) 100vw, 977px\" \/><\/a><\/figure>\n\n\n\n<div class=\"wp-block-group is-vertical is-content-justification-center is-layout-flex wp-container-core-group-is-layout-980b417d wp-block-group-is-layout-flex\">\n<h4 class=\"wp-block-heading has-text-align-center\" style=\"font-size:clamp(15.747px, 0.984rem + ((1vw - 3.2px) * 0.645), 24px);font-style:normal;font-weight:700\"><a href=\"https:\/\/berti.threedesk.it\/player.html?model=-1949097242&amp;bg=f1ede8&amp;dy=44&amp;dist=-40\" target=\"_blank\" rel=\"noreferrer noopener nofollow\">Konfiguration B<\/a><\/h4>\n\n\n\n<p class=\"has-text-align-center\" style=\"font-size:clamp(14px, 0.875rem + ((1vw - 3.2px) * 0.313), 18px);\"><a href=\"https:\/\/berti.threedesk.it\/player.html?model=-1949097242&amp;bg=f1ede8&amp;dy=44&amp;dist=-40\" target=\"_blank\" rel=\"noreferrer noopener nofollow\">Dark Shade in Eiche mit Digitaldruck<\/a><\/p>\n<\/div>\n<\/div>\n\n\n\n<div class=\"wp-block-group item is-vertical is-content-justification-center is-layout-flex wp-container-core-group-is-layout-ce155fab wp-block-group-is-layout-flex\">\n<figure class=\"wp-block-image size-full is-style-default animated fadeIn\"><a href=\"https:\/\/berti.threedesk.it\/player.html?model=825643544&amp;bg=f1ede8&amp;dy=44&amp;dist=-40\" target=\"_blank\" rel=\"noreferrer noopener\"><img loading=\"lazy\" decoding=\"async\" width=\"890\" height=\"890\" src=\"https:\/\/www.berti.net\/wp-content\/uploads\/2024\/09\/darkshade_c.jpg\" alt=\"\" class=\"wp-image-9695\" srcset=\"https:\/\/www.berti.net\/wp-content\/uploads\/2024\/09\/darkshade_c.jpg 890w, https:\/\/www.berti.net\/wp-content\/uploads\/2024\/09\/darkshade_c-300x300.jpg 300w, https:\/\/www.berti.net\/wp-content\/uploads\/2024\/09\/darkshade_c-150x150.jpg 150w, https:\/\/www.berti.net\/wp-content\/uploads\/2024\/09\/darkshade_c-768x768.jpg 768w\" sizes=\"auto, (max-width: 890px) 100vw, 890px\" \/><\/a><\/figure>\n\n\n\n<div class=\"wp-block-group is-vertical is-content-justification-center is-layout-flex wp-container-core-group-is-layout-980b417d wp-block-group-is-layout-flex\">\n<h4 class=\"wp-block-heading has-text-align-center\" style=\"font-size:clamp(15.747px, 0.984rem + ((1vw - 3.2px) * 0.645), 24px);font-style:normal;font-weight:700\"><a href=\"https:\/\/berti.threedesk.it\/player.html?model=825643544&amp;bg=f1ede8&amp;dy=44&amp;dist=-40\" target=\"_blank\" rel=\"noreferrer noopener nofollow\">Konfiguration C<\/a><\/h4>\n\n\n\n<p class=\"has-text-align-center\" style=\"font-size:clamp(14px, 0.875rem + ((1vw - 3.2px) * 0.313), 18px);\"><a href=\"https:\/\/berti.threedesk.it\/player.html?model=825643544&amp;bg=f1ede8&amp;dy=44&amp;dist=-40\" target=\"_blank\" rel=\"noreferrer noopener nofollow\">Dark Shade in Eiche mit Digitaldruck<\/a><\/p>\n<\/div>\n<\/div>\n<\/div>\n<\/div>\n\n\n\n<div class=\"wp-block-group alignfull has-global-padding is-layout-constrained wp-block-group-is-layout-constrained\" style=\"margin-top:0;margin-bottom:0\">\n<div class=\"wp-block-columns alignwide is-layout-flex wp-container-core-columns-is-layout-8fbed60e wp-block-columns-is-layout-flex\" style=\"margin-top:0;margin-bottom:0\">\n<div class=\"wp-block-column is-layout-flow wp-container-core-column-is-layout-8a368f38 wp-block-column-is-layout-flow\" style=\"flex-basis:60%\">\n<figure data-wp-context=\"{&quot;imageId&quot;:&quot;69dbed5c0eb0e&quot;}\" data-wp-interactive=\"core\/image\" class=\"wp-block-image size-full is-resized is-style-default wp-lightbox-container\"><img loading=\"lazy\" decoding=\"async\" width=\"653\" height=\"871\" data-wp-class--hide=\"state.isContentHidden\" data-wp-class--show=\"state.isContentVisible\" data-wp-init=\"callbacks.setButtonStyles\" data-wp-on-async--click=\"actions.showLightbox\" data-wp-on-async--load=\"callbacks.setButtonStyles\" data-wp-on-async-window--resize=\"callbacks.setButtonStyles\" src=\"https:\/\/www.berti.net\/wp-content\/uploads\/2024\/09\/berti-rivestimenti-in-legno-diesel-darkshade-iwood-living.jpg\" alt=\"\" class=\"wp-image-6968\" style=\"width:660px;height:auto\" srcset=\"https:\/\/www.berti.net\/wp-content\/uploads\/2024\/09\/berti-rivestimenti-in-legno-diesel-darkshade-iwood-living.jpg 653w, https:\/\/www.berti.net\/wp-content\/uploads\/2024\/09\/berti-rivestimenti-in-legno-diesel-darkshade-iwood-living-225x300.jpg 225w\" sizes=\"auto, (max-width: 653px) 100vw, 653px\" \/><button\n\t\t\tclass=\"lightbox-trigger\"\n\t\t\ttype=\"button\"\n\t\t\taria-haspopup=\"dialog\"\n\t\t\taria-label=\"Enlarge\"\n\t\t\tdata-wp-init=\"callbacks.initTriggerButton\"\n\t\t\tdata-wp-on-async--click=\"actions.showLightbox\"\n\t\t\tdata-wp-style--right=\"state.imageButtonRight\"\n\t\t\tdata-wp-style--top=\"state.imageButtonTop\"\n\t\t>\n\t\t\t<svg xmlns=\"http:\/\/www.w3.org\/2000\/svg\" width=\"12\" height=\"12\" fill=\"none\" viewBox=\"0 0 12 12\">\n\t\t\t\t<path fill=\"#fff\" d=\"M2 0a2 2 0 0 0-2 2v2h1.5V2a.5.5 0 0 1 .5-.5h2V0H2Zm2 10.5H2a.5.5 0 0 1-.5-.5V8H0v2a2 2 0 0 0 2 2h2v-1.5ZM8 12v-1.5h2a.5.5 0 0 0 .5-.5V8H12v2a2 2 0 0 1-2 2H8Zm2-12a2 2 0 0 1 2 2v2h-1.5V2a.5.5 0 0 0-.5-.5H8V0h2Z\" \/>\n\t\t\t<\/svg>\n\t\t<\/button><\/figure>\n\n\n\n<div style=\"height:var(--wp--preset--spacing--60)\" aria-hidden=\"true\" class=\"wp-block-spacer\"><\/div>\n<\/div>\n\n\n\n<div class=\"wp-block-column is-layout-flow wp-container-core-column-is-layout-8a368f38 wp-block-column-is-layout-flow\" style=\"flex-basis:40%\">\n<figure data-wp-context=\"{&quot;imageId&quot;:&quot;69dbed5c0f75b&quot;}\" data-wp-interactive=\"core\/image\" class=\"wp-block-image size-full is-style-default wp-lightbox-container\"><img loading=\"lazy\" decoding=\"async\" width=\"873\" height=\"651\" data-wp-class--hide=\"state.isContentHidden\" data-wp-class--show=\"state.isContentVisible\" data-wp-init=\"callbacks.setButtonStyles\" data-wp-on-async--click=\"actions.showLightbox\" data-wp-on-async--load=\"callbacks.setButtonStyles\" data-wp-on-async-window--resize=\"callbacks.setButtonStyles\" src=\"https:\/\/www.berti.net\/wp-content\/uploads\/2024\/09\/rivestimento-in-legno-darkshade-iwood-diesel-berti-01-2.jpg\" alt=\"\" class=\"wp-image-6971\" srcset=\"https:\/\/www.berti.net\/wp-content\/uploads\/2024\/09\/rivestimento-in-legno-darkshade-iwood-diesel-berti-01-2.jpg 873w, https:\/\/www.berti.net\/wp-content\/uploads\/2024\/09\/rivestimento-in-legno-darkshade-iwood-diesel-berti-01-2-300x224.jpg 300w, https:\/\/www.berti.net\/wp-content\/uploads\/2024\/09\/rivestimento-in-legno-darkshade-iwood-diesel-berti-01-2-768x573.jpg 768w\" sizes=\"auto, (max-width: 873px) 100vw, 873px\" \/><button\n\t\t\tclass=\"lightbox-trigger\"\n\t\t\ttype=\"button\"\n\t\t\taria-haspopup=\"dialog\"\n\t\t\taria-label=\"Enlarge\"\n\t\t\tdata-wp-init=\"callbacks.initTriggerButton\"\n\t\t\tdata-wp-on-async--click=\"actions.showLightbox\"\n\t\t\tdata-wp-style--right=\"state.imageButtonRight\"\n\t\t\tdata-wp-style--top=\"state.imageButtonTop\"\n\t\t>\n\t\t\t<svg xmlns=\"http:\/\/www.w3.org\/2000\/svg\" width=\"12\" height=\"12\" fill=\"none\" viewBox=\"0 0 12 12\">\n\t\t\t\t<path fill=\"#fff\" d=\"M2 0a2 2 0 0 0-2 2v2h1.5V2a.5.5 0 0 1 .5-.5h2V0H2Zm2 10.5H2a.5.5 0 0 1-.5-.5V8H0v2a2 2 0 0 0 2 2h2v-1.5ZM8 12v-1.5h2a.5.5 0 0 0 .5-.5V8H12v2a2 2 0 0 1-2 2H8Zm2-12a2 2 0 0 1 2 2v2h-1.5V2a.5.5 0 0 0-.5-.5H8V0h2Z\" \/>\n\t\t\t<\/svg>\n\t\t<\/button><\/figure>\n\n\n\n<div style=\"height:var(--wp--preset--spacing--60)\" aria-hidden=\"true\" class=\"wp-block-spacer\"><\/div>\n\n\n\n<figure data-wp-context=\"{&quot;imageId&quot;:&quot;69dbed5c1057b&quot;}\" data-wp-interactive=\"core\/image\" class=\"wp-block-image size-full is-style-default wp-lightbox-container\"><img loading=\"lazy\" decoding=\"async\" width=\"653\" height=\"871\" data-wp-class--hide=\"state.isContentHidden\" data-wp-class--show=\"state.isContentVisible\" data-wp-init=\"callbacks.setButtonStyles\" data-wp-on-async--click=\"actions.showLightbox\" data-wp-on-async--load=\"callbacks.setButtonStyles\" data-wp-on-async-window--resize=\"callbacks.setButtonStyles\" src=\"https:\/\/www.berti.net\/wp-content\/uploads\/2024\/09\/rivestimento-in-legno-darkshade-iwood-diesel-berti-2.jpg\" alt=\"\" class=\"wp-image-6974\" srcset=\"https:\/\/www.berti.net\/wp-content\/uploads\/2024\/09\/rivestimento-in-legno-darkshade-iwood-diesel-berti-2.jpg 653w, https:\/\/www.berti.net\/wp-content\/uploads\/2024\/09\/rivestimento-in-legno-darkshade-iwood-diesel-berti-2-225x300.jpg 225w\" sizes=\"auto, (max-width: 653px) 100vw, 653px\" \/><button\n\t\t\tclass=\"lightbox-trigger\"\n\t\t\ttype=\"button\"\n\t\t\taria-haspopup=\"dialog\"\n\t\t\taria-label=\"Enlarge\"\n\t\t\tdata-wp-init=\"callbacks.initTriggerButton\"\n\t\t\tdata-wp-on-async--click=\"actions.showLightbox\"\n\t\t\tdata-wp-style--right=\"state.imageButtonRight\"\n\t\t\tdata-wp-style--top=\"state.imageButtonTop\"\n\t\t>\n\t\t\t<svg xmlns=\"http:\/\/www.w3.org\/2000\/svg\" width=\"12\" height=\"12\" fill=\"none\" viewBox=\"0 0 12 12\">\n\t\t\t\t<path fill=\"#fff\" d=\"M2 0a2 2 0 0 0-2 2v2h1.5V2a.5.5 0 0 1 .5-.5h2V0H2Zm2 10.5H2a.5.5 0 0 1-.5-.5V8H0v2a2 2 0 0 0 2 2h2v-1.5ZM8 12v-1.5h2a.5.5 0 0 0 .5-.5V8H12v2a2 2 0 0 1-2 2H8Zm2-12a2 2 0 0 1 2 2v2h-1.5V2a.5.5 0 0 0-.5-.5H8V0h2Z\" \/>\n\t\t\t<\/svg>\n\t\t<\/button><\/figure>\n<\/div>\n<\/div>\n<\/div>\n\n\n\n<div style=\"height:100px\" aria-hidden=\"true\" class=\"wp-block-spacer\"><\/div>\n<\/div>\n","protected":false},"excerpt":{"rendered":"<p>Ein Design, das zusammen mit dem Kreativteam von Diesel f\u00fcr die Home Collection entworfen und mit modernstem Digitaldruck realisiert wurde. Dabei handelt es sich um eine moderne Technologie, bei der ungiftige, nicht brennbare, geruchlose und wasserbasierte Farben verwendet werden, die die Holzmaserung nicht \u00fcberdecken. Schichten von Xstremestrong-Lack sch\u00fctzen das Eichenholz auf der Oberfl\u00e4che und machen dieses Produkt widerstandsf\u00e4hig gegen starke [&hellip;]<\/p>\n","protected":false},"author":2,"featured_media":24006,"template":"","product_collection":[186,193],"product_type":[],"product_color":[],"class_list":["post-24002","product","type-product","status-publish","has-post-thumbnail","hentry","product_collection-i-wood-verkleidungen","product_collection-parkett-diesel-wohnen"],"_links":{"self":[{"href":"https:\/\/www.berti.net\/de\/wp-json\/wp\/v2\/product\/24002","targetHints":{"allow":["GET"]}}],"collection":[{"href":"https:\/\/www.berti.net\/de\/wp-json\/wp\/v2\/product"}],"about":[{"href":"https:\/\/www.berti.net\/de\/wp-json\/wp\/v2\/types\/product"}],"author":[{"embeddable":true,"href":"https:\/\/www.berti.net\/de\/wp-json\/wp\/v2\/users\/2"}],"wp:featuredmedia":[{"embeddable":true,"href":"https:\/\/www.berti.net\/de\/wp-json\/wp\/v2\/media\/24006"}],"wp:attachment":[{"href":"https:\/\/www.berti.net\/de\/wp-json\/wp\/v2\/media?parent=24002"}],"wp:term":[{"taxonomy":"product_collection","embeddable":true,"href":"https:\/\/www.berti.net\/de\/wp-json\/wp\/v2\/product_collection?post=24002"},{"taxonomy":"product_type","embeddable":true,"href":"https:\/\/www.berti.net\/de\/wp-json\/wp\/v2\/product_type?post=24002"},{"taxonomy":"product_color","embeddable":true,"href":"https:\/\/www.berti.net\/de\/wp-json\/wp\/v2\/product_color?post=24002"}],"curies":[{"name":"wp","href":"https:\/\/api.w.org\/{rel}","templated":true}]}}