{"id":23837,"date":"2024-09-16T14:01:58","date_gmt":"2024-09-16T14:01:58","guid":{"rendered":"https:\/\/www.berti.net\/product\/i-plank-gispy\/"},"modified":"2025-10-24T09:57:51","modified_gmt":"2025-10-24T09:57:51","slug":"i-plank-gispy","status":"publish","type":"product","link":"https:\/\/www.berti.net\/de\/i-wood-verkleidungen\/i-plank-gispy\/","title":{"rendered":"I-Plank Gispy"},"content":{"rendered":"\n<div class=\"wp-block-group is-style-container has-global-padding is-content-justification-center is-layout-constrained wp-block-group-is-layout-constrained\">\n<div class=\"wp-block-group is-style-default has-global-padding is-content-justification-left is-layout-constrained wp-container-core-group-is-layout-a6931cc7 wp-block-group-is-layout-constrained\" style=\"margin-top:var(--wp--preset--spacing--130);margin-bottom:var(--wp--preset--spacing--130)\">\n<p class=\"is-style-indent animated fadeIn has-m-22-font-size\"><strong>I-Plank<\/strong> nutzt das Potenzial von Eiche in einer 0,6 mm dicken Platte und die Stabilit\u00e4t von Birkensperrholz.<br\/><br\/>Die abschlie\u00dfenden <strong>Xstremestrong-Lackschichten<\/strong> sind eine leistungsstarke Beschichtung, die<strong> I-Plank<\/strong> zu einem <strong>feuerfesten<\/strong> Produkt <strong>der Klasse 1 f\u00fcr<\/strong> hohe Beanspruchung macht, ideal f\u00fcr belebte \u00f6ffentliche und private Umgebungen.<\/p>\n<\/div>\n\n\n\n<div class=\"wp-block-group alignfull has-global-padding is-layout-constrained wp-block-group-is-layout-constrained\" style=\"margin-top:0;margin-bottom:0\">\n<figure class=\"wp-block-image aligncenter size-full is-style-default\"><img loading=\"lazy\" decoding=\"async\" width=\"653\" height=\"871\" src=\"https:\/\/www.berti.net\/wp-content\/uploads\/2024\/09\/rivestimento-in-legno-iplank-gipsy-iwood-berti-2-1.jpg-2-1.jpg\" alt=\"\" class=\"wp-image-7130\" srcset=\"https:\/\/www.berti.net\/wp-content\/uploads\/2024\/09\/rivestimento-in-legno-iplank-gipsy-iwood-berti-2-1.jpg-2-1.jpg 653w, https:\/\/www.berti.net\/wp-content\/uploads\/2024\/09\/rivestimento-in-legno-iplank-gipsy-iwood-berti-2-1.jpg-2-1-225x300.jpg 225w\" sizes=\"auto, (max-width: 653px) 100vw, 653px\" \/><\/figure>\n<\/div>\n\n\n\n<div style=\"height:100px\" aria-hidden=\"true\" class=\"wp-block-spacer\"><\/div>\n<\/div>\n","protected":false},"excerpt":{"rendered":"<p>I-Plank nutzt das Potenzial von Eiche in einer 0,6 mm dicken Platte und die Stabilit\u00e4t von Birkensperrholz. Die abschlie\u00dfenden Xstremestrong-Lackschichten sind eine leistungsstarke Beschichtung, die I-Plank zu einem feuerfesten Produkt der Klasse 1 f\u00fcr hohe Beanspruchung macht, ideal f\u00fcr belebte \u00f6ffentliche und private Umgebungen.<\/p>\n","protected":false},"author":2,"featured_media":23839,"template":"","product_collection":[186],"product_type":[],"product_color":[],"class_list":["post-23837","product","type-product","status-publish","has-post-thumbnail","hentry","product_collection-i-wood-verkleidungen"],"_links":{"self":[{"href":"https:\/\/www.berti.net\/de\/wp-json\/wp\/v2\/product\/23837","targetHints":{"allow":["GET"]}}],"collection":[{"href":"https:\/\/www.berti.net\/de\/wp-json\/wp\/v2\/product"}],"about":[{"href":"https:\/\/www.berti.net\/de\/wp-json\/wp\/v2\/types\/product"}],"author":[{"embeddable":true,"href":"https:\/\/www.berti.net\/de\/wp-json\/wp\/v2\/users\/2"}],"wp:featuredmedia":[{"embeddable":true,"href":"https:\/\/www.berti.net\/de\/wp-json\/wp\/v2\/media\/23839"}],"wp:attachment":[{"href":"https:\/\/www.berti.net\/de\/wp-json\/wp\/v2\/media?parent=23837"}],"wp:term":[{"taxonomy":"product_collection","embeddable":true,"href":"https:\/\/www.berti.net\/de\/wp-json\/wp\/v2\/product_collection?post=23837"},{"taxonomy":"product_type","embeddable":true,"href":"https:\/\/www.berti.net\/de\/wp-json\/wp\/v2\/product_type?post=23837"},{"taxonomy":"product_color","embeddable":true,"href":"https:\/\/www.berti.net\/de\/wp-json\/wp\/v2\/product_color?post=23837"}],"curies":[{"name":"wp","href":"https:\/\/api.w.org\/{rel}","templated":true}]}}