{"id":23783,"date":"2024-09-16T14:14:02","date_gmt":"2024-09-16T14:14:02","guid":{"rendered":"https:\/\/www.berti.net\/product\/i-puzzle-cream\/"},"modified":"2025-10-24T09:53:06","modified_gmt":"2025-10-24T09:53:06","slug":"i-puzzle-cream","status":"publish","type":"product","link":"https:\/\/www.berti.net\/de\/i-wood-verkleidungen\/i-puzzle-cream\/","title":{"rendered":"I-Puzzle Cream"},"content":{"rendered":"\n<div class=\"wp-block-group is-style-container has-global-padding is-content-justification-center is-layout-constrained wp-block-group-is-layout-constrained\">\n<div class=\"wp-block-group is-style-default has-global-padding is-content-justification-left is-layout-constrained wp-container-core-group-is-layout-a6931cc7 wp-block-group-is-layout-constrained\" style=\"margin-top:var(--wp--preset--spacing--130);margin-bottom:var(--wp--preset--spacing--130)\">\n<p class=\"is-style-indent animated fadeIn has-m-22-font-size\">Dank der Vielseitigkeit der 3 Module, aus denen dieser Lichtboden besteht, k\u00f6nnen Sie die Konfiguration erstellen, die am besten zu Ihrer Umgebung passt.<\/p>\n\n\n\n<p class=\"is-style-indent animated fadeIn has-m-22-font-size\">Die abschlie\u00dfenden <strong>Xstremestrong-Beschichtungsschichten<\/strong> verleihen der Oberfl\u00e4che eine \u00fcberdurchschnittliche H\u00e4rte und Haltbarkeit.<\/p>\n<\/div>\n\n\n\n<div class=\"wp-block-group alignfull has-global-padding is-layout-constrained wp-block-group-is-layout-constrained\" style=\"margin-top:0;margin-bottom:0\">\n<div class=\"wp-block-columns alignwide is-layout-flex wp-container-core-columns-is-layout-8fbed60e wp-block-columns-is-layout-flex\" style=\"margin-top:0;margin-bottom:0\">\n<div class=\"wp-block-column is-layout-flow wp-container-core-column-is-layout-8a368f38 wp-block-column-is-layout-flow\" style=\"flex-basis:60%\">\n<figure class=\"wp-block-image size-full is-resized is-style-default\"><img loading=\"lazy\" decoding=\"async\" width=\"653\" height=\"871\" src=\"https:\/\/www.berti.net\/wp-content\/uploads\/2024\/09\/berti-rivestimenti-legno-iwood-rovere-cream-ipuzzle.jpg\" alt=\"\" class=\"wp-image-7120\" style=\"width:660px;height:auto\" srcset=\"https:\/\/www.berti.net\/wp-content\/uploads\/2024\/09\/berti-rivestimenti-legno-iwood-rovere-cream-ipuzzle.jpg 653w, https:\/\/www.berti.net\/wp-content\/uploads\/2024\/09\/berti-rivestimenti-legno-iwood-rovere-cream-ipuzzle-225x300.jpg 225w\" sizes=\"auto, (max-width: 653px) 100vw, 653px\" \/><\/figure>\n\n\n\n<div style=\"height:var(--wp--preset--spacing--60)\" aria-hidden=\"true\" class=\"wp-block-spacer\"><\/div>\n<\/div>\n\n\n\n<div class=\"wp-block-column is-layout-flow wp-container-core-column-is-layout-8a368f38 wp-block-column-is-layout-flow\" style=\"flex-basis:40%\">\n<figure class=\"wp-block-image size-full is-style-default\"><img loading=\"lazy\" decoding=\"async\" width=\"653\" height=\"871\" src=\"https:\/\/www.berti.net\/wp-content\/uploads\/2024\/09\/rivestimento-in-legno-ipuzzle-cream-iwood-berti-2.jpg\" alt=\"\" class=\"wp-image-7123\" srcset=\"https:\/\/www.berti.net\/wp-content\/uploads\/2024\/09\/rivestimento-in-legno-ipuzzle-cream-iwood-berti-2.jpg 653w, https:\/\/www.berti.net\/wp-content\/uploads\/2024\/09\/rivestimento-in-legno-ipuzzle-cream-iwood-berti-2-225x300.jpg 225w\" sizes=\"auto, (max-width: 653px) 100vw, 653px\" \/><\/figure>\n\n\n\n<div style=\"height:var(--wp--preset--spacing--60)\" aria-hidden=\"true\" class=\"wp-block-spacer\"><\/div>\n<\/div>\n<\/div>\n<\/div>\n\n\n\n<div style=\"height:100px\" aria-hidden=\"true\" class=\"wp-block-spacer\"><\/div>\n<\/div>\n","protected":false},"excerpt":{"rendered":"<p>Dank der Vielseitigkeit der 3 Module, aus denen dieser Lichtboden besteht, k\u00f6nnen Sie die Konfiguration erstellen, die am besten zu Ihrer Umgebung passt. Die abschlie\u00dfenden Xstremestrong-Beschichtungsschichten verleihen der Oberfl\u00e4che eine \u00fcberdurchschnittliche H\u00e4rte und Haltbarkeit.<\/p>\n","protected":false},"author":2,"featured_media":23794,"template":"","product_collection":[186],"product_type":[],"product_color":[],"class_list":["post-23783","product","type-product","status-publish","has-post-thumbnail","hentry","product_collection-i-wood-verkleidungen"],"_links":{"self":[{"href":"https:\/\/www.berti.net\/de\/wp-json\/wp\/v2\/product\/23783","targetHints":{"allow":["GET"]}}],"collection":[{"href":"https:\/\/www.berti.net\/de\/wp-json\/wp\/v2\/product"}],"about":[{"href":"https:\/\/www.berti.net\/de\/wp-json\/wp\/v2\/types\/product"}],"author":[{"embeddable":true,"href":"https:\/\/www.berti.net\/de\/wp-json\/wp\/v2\/users\/2"}],"wp:featuredmedia":[{"embeddable":true,"href":"https:\/\/www.berti.net\/de\/wp-json\/wp\/v2\/media\/23794"}],"wp:attachment":[{"href":"https:\/\/www.berti.net\/de\/wp-json\/wp\/v2\/media?parent=23783"}],"wp:term":[{"taxonomy":"product_collection","embeddable":true,"href":"https:\/\/www.berti.net\/de\/wp-json\/wp\/v2\/product_collection?post=23783"},{"taxonomy":"product_type","embeddable":true,"href":"https:\/\/www.berti.net\/de\/wp-json\/wp\/v2\/product_type?post=23783"},{"taxonomy":"product_color","embeddable":true,"href":"https:\/\/www.berti.net\/de\/wp-json\/wp\/v2\/product_color?post=23783"}],"curies":[{"name":"wp","href":"https:\/\/api.w.org\/{rel}","templated":true}]}}