{"id":27119,"date":"2025-09-25T13:43:52","date_gmt":"2025-09-25T13:43:52","guid":{"rendered":"https:\/\/www.berti.net\/?page_id=27119"},"modified":"2025-11-24T11:00:19","modified_gmt":"2025-11-24T11:00:19","slug":"zertifizierung-reaktion-auf-feuer","status":"publish","type":"page","link":"https:\/\/www.berti.net\/de\/zertifizierungen\/zertifizierung-reaktion-auf-feuer\/","title":{"rendered":"Zertifizierung &#8211; Spielzeug"},"content":{"rendered":"\n<div class=\"wp-block-group alignfull has-global-padding is-layout-constrained wp-block-group-is-layout-constrained\">\n<div class=\"wp-block-cover alignfull banner-hero has-aspect-ratio wp-duotone-unset-1\" style=\"padding-top:0px;padding-right:0;padding-bottom:0px;padding-left:0;min-height:516px;aspect-ratio:auto;min-height:unset;\"><img loading=\"lazy\" decoding=\"async\" width=\"1600\" height=\"1067\" class=\"wp-block-cover__image-background wp-image-26822 size-full\" alt=\"\" src=\"https:\/\/www.berti.net\/wp-content\/uploads\/berti-certificazione-giocattoli-legno-pavimenti.jpg\" style=\"object-position:41% 35%\" data-object-fit=\"cover\" data-object-position=\"41% 35%\" srcset=\"https:\/\/www.berti.net\/wp-content\/uploads\/berti-certificazione-giocattoli-legno-pavimenti.jpg 1600w, https:\/\/www.berti.net\/wp-content\/uploads\/berti-certificazione-giocattoli-legno-pavimenti-812x542.jpg 812w, https:\/\/www.berti.net\/wp-content\/uploads\/berti-certificazione-giocattoli-legno-pavimenti-768x512.jpg 768w, https:\/\/www.berti.net\/wp-content\/uploads\/berti-certificazione-giocattoli-legno-pavimenti-1536x1024.jpg 1536w\" sizes=\"auto, (max-width: 1600px) 100vw, 1600px\" \/><span aria-hidden=\"true\" class=\"wp-block-cover__background has-background-dim wp-block-cover__gradient-background has-background-gradient\" style=\"background:linear-gradient(0deg,rgba(25,25,25,0) 0%,rgb(25,25,25) 63%)\"><\/span><div class=\"wp-block-cover__inner-container is-layout-flow wp-block-cover-is-layout-flow\">\n<div class=\"wp-block-group banner-hero-content has-global-padding is-layout-constrained wp-container-core-group-is-layout-8f34a46e wp-block-group-is-layout-constrained\" style=\"padding-bottom:var(--wp--preset--spacing--70)\">\n<div class=\"wp-block-group has-global-padding is-layout-constrained wp-container-core-group-is-layout-b831be90 wp-block-group-is-layout-constrained\">\n<h1 class=\"wp-block-heading has-text-align-center has-white-color has-text-color has-xxxl-font-size\" style=\"letter-spacing:0px;line-height:1;text-transform:uppercase\">Spielzeug<\/h1>\n<\/div>\n\n\n\n<div class=\"wp-block-group has-global-padding is-layout-constrained wp-container-core-group-is-layout-11258054 wp-block-group-is-layout-constrained\" style=\"margin-top:25px;margin-bottom:20px\">\n<div class=\"wp-block-group has-global-padding is-layout-constrained wp-container-core-group-is-layout-c00d8324 wp-block-group-is-layout-constrained\">\n<p class=\"has-text-align-center has-m-font-size\"><\/p>\n<\/div>\n<\/div>\n<\/div>\n<\/div><\/div>\n<\/div>\n\n<div class=\"wp-block-group is-style-default has-global-padding is-layout-constrained wp-container-core-group-is-layout-f0f2e811 wp-block-group-is-layout-constrained\" style=\"padding-top:var(--wp--preset--spacing--70);padding-bottom:var(--wp--preset--spacing--130)\">\n<div class=\"wp-block-columns are-vertically-aligned-center is-layout-flex wp-container-core-columns-is-layout-168dfbb2 wp-block-columns-is-layout-flex\" style=\"padding-right:6%;padding-left:6%\">\n<div class=\"wp-block-column is-vertically-aligned-center is-layout-flow wp-block-column-is-layout-flow\" style=\"flex-basis:33.33%\">\n<div class=\"wp-block-group has-global-padding is-content-justification-center is-layout-constrained wp-container-core-group-is-layout-2d1ef6f6 wp-block-group-is-layout-constrained\">\n<figure class=\"wp-block-image size-full\"><img loading=\"lazy\" decoding=\"async\" width=\"551\" height=\"470\" src=\"https:\/\/www.berti.net\/wp-content\/uploads\/pavimenti-legno_berti-parquet-certificati-GIOCATTOLI.png\" alt=\"\" class=\"wp-image-26976\" style=\"object-fit:cover\"\/><\/figure>\n<\/div>\n<\/div>\n\n\n\n<div class=\"wp-block-column is-vertically-aligned-center is-layout-flow wp-block-column-is-layout-flow\" style=\"flex-basis:66.66%\">\n<div class=\"wp-block-group has-global-padding is-layout-constrained wp-container-core-group-is-layout-f00c8009 wp-block-group-is-layout-constrained\" style=\"padding-right:5%;padding-left:5%\">\n<p>Mit unseren Parkettb\u00f6den, die f\u00fcr ihr Brandverhalten zertifiziert sind, erhalten Sie nicht nur die Sch\u00f6nheit und Eleganz von Holz, sondern auch die durch offizielle Tests nach internationalen Standards garantierte Widerstandsf\u00e4higkeit und Sicherheit. Eine Wahl, die Ihnen Qualit\u00e4t, die Einhaltung von Vorschriften und Sicherheit in jeder Umgebung garantiert, von Ihrem Zuhause bis zu \u00f6ffentlichen R\u00e4umen. <\/p>\n\n\n\n<div class=\"wp-block-buttons is-layout-flex wp-block-buttons-is-layout-flex\">\n<div class=\"wp-block-button\"><a class=\"wp-block-button__link has-contrast-2-color has-base-background-color has-text-color has-background has-link-color wp-element-button\" href=\"https:\/\/www.berti.net\/wp-content\/uploads\/GIOCATTOLI-2025-11-11_dichiarazione-EN71-3.pdf\">ZERTIFIKAT <strong>HERUNTERLADEN<\/strong><\/a><\/div>\n<\/div>\n<\/div>\n<\/div>\n<\/div>\n\n\n\n<div class=\"wp-block-group alignwide title-text-indented-pattern has-base-color has-text-color has-link-color wp-elements-89630ac1de025bf23499528c03822869 has-global-padding is-layout-constrained wp-container-core-group-is-layout-e7f6fb82 wp-block-group-is-layout-constrained\" style=\"padding-top:0;padding-bottom:var(--wp--preset--spacing--90)\">\n<h3 class=\"wp-block-heading has-text-color has-m-32-font-size\" style=\"color:#000000\">Sichere B\u00f6den f\u00fcr Menschen, die t\u00e4glich mit ihnen leben, mit Spielzeugzertifizierung<\/h3>\n\n\n\n<div class=\"wp-block-group has-global-padding is-layout-constrained wp-block-group-is-layout-constrained\">\n<p>Berti-B\u00f6den sind nach <strong>EN 71-3<\/strong> zertifiziert, der europ\u00e4ischen Norm, die strenge Grenzwerte f\u00fcr die <strong>Migration von Chemikalien<\/strong> (z. B. Schwermetallen) von Oberfl\u00e4chen festlegt, die mit Menschen in Kontakt kommen.<\/p>\n\n\n\n<p>Das bedeutet, dass unsere Parkettb\u00f6den im Labor getestet werden, um sicherzustellen, dass sie <strong>keine sch\u00e4dlichen Bestandteile freisetzen<\/strong>, selbst bei t\u00e4glichem Gebrauch, l\u00e4ngerem Kontakt oder besonderen Bedingungen.<\/p>\n\n\n\n<div style=\"height:64px\" aria-hidden=\"true\" class=\"wp-block-spacer\"><\/div>\n\n\n\n<h3 class=\"wp-block-heading has-text-color has-m-32-font-size\" style=\"color:#000000\">Warum es f\u00fcr Sie und Ihre Kinder wichtig ist<br\/><a href=\"https:\/\/www.pavimentibraga.it\/blog\/conoscere-il-parquet\/crystalcare-una-garanzia-di-benessere\/?utm_source=chatgpt.com\" target=\"_blank\" rel=\"noreferrer noopener\"><\/a><\/h3>\n\n\n\n<ul class=\"wp-block-list\">\n<li><strong>Zertifizierte Sicherheit:<\/strong> Ein EN 71-3-Boden ist geeignet, um ohne Risiko ber\u00fchrt, betreten und erlebt zu werden, mit Sicherheitsstandards, die denen f\u00fcr Produkte entsprechen, die f\u00fcr Kinder bestimmt sind.<\/li>\n\n\n\n<li><strong>Seelenfrieden, wenn Kinder auf dem Boden spielen:<\/strong> Sie k\u00f6nnen Ihre Kinder krabbeln, spielen und sich auf dem Boden aufhalten lassen, ohne sich Gedanken \u00fcber Schadstoffe zu machen.<\/li>\n\n\n\n<li><strong>Gesundes Wohnumfeld:<\/strong> Die Zertifizierung best\u00e4tigt, dass bei der Auswahl von Farben, Klebstoffen und Oberfl\u00e4chenbehandlungen auf die Luftqualit\u00e4t in Innenr\u00e4umen und das Wohlbefinden der Menschen geachtet wird.<\/li>\n\n\n\n<li><strong>Mehrwert f\u00fcr das Design:<\/strong> Neben der \u00e4sthetischen Sch\u00f6nheit bietet Ihnen Berti-Parkett die Gewissheit einer sicheren und gesunden Umgebung f\u00fcr die ganze Familie.<\/li>\n<\/ul>\n\n\n\n<div class=\"wp-block-buttons is-vertical is-layout-flex wp-container-core-buttons-is-layout-3210c5b8 wp-block-buttons-is-layout-flex\" style=\"margin-top:var(--wp--preset--spacing--40)\">\n<div class=\"wp-block-button is-style-icon\"><a class=\"wp-block-button__link wp-element-button\" href=\"https:\/\/www.berti.net\/de\/berti-produkte\/\">Entdecken Sie die Produkte<\/a><\/div>\n\n\n\n<div class=\"wp-block-button is-style-icon\"><a class=\"wp-block-button__link wp-element-button\" href=\"https:\/\/www.berti.net\/de\/zertifizierungen\/\">Zur\u00fcck zu Zertifizierungen<\/a><\/div>\n<\/div>\n<\/div>\n<\/div>\n<\/div>\n\n<div class=\"wp-block-cover alignfull is-light estimate-request-content animated fadeIn\" style=\"margin-top:0\"><img decoding=\"async\" class=\"wp-block-cover__image-background\" alt=\"\" src=\"https:\/\/www.berti.net\/wp-content\/themes\/thombase\/public\/images\/estimateBanner.webp\" data-object-fit=\"cover\"\/><span aria-hidden=\"true\" class=\"wp-block-cover__background has-background-dim-0 has-background-dim\"><\/span><div class=\"wp-block-cover__inner-container has-global-padding is-layout-constrained wp-block-cover-is-layout-constrained\">\n<div id=\"estimate\" class=\"wp-block-group alignleft estimate-request-content-inner has-global-padding is-content-justification-left is-layout-constrained wp-container-core-group-is-layout-94054b8f wp-block-group-is-layout-constrained\">\n<h5 class=\"wp-block-heading\">Fordern Sie ein <strong>Angebot<\/strong> an,<br\/>betreten Sie die Berti-Welt<\/h5>\n\n\n\n<p>\n  F\u00fcllen Sie das Formular aus, um ein Angebot anzufordern. Sie erhalten in kurzer Zeit eine Antwort von unseren Mitarbeitern. \n            <\/p>\n\n\n\n<div class=\"wp-block-buttons is-layout-flex wp-block-buttons-is-layout-flex\">\n<div class=\"wp-block-button is-style-link\"><a class=\"wp-block-button__link wp-element-button\" href=\"https:\/\/www.berti.net\/de\/anfrage-preventivo\/\">JETZT BEWERBEN<\/a><\/div>\n<\/div>\n<\/div>\n<\/div><\/div>\n","protected":false},"excerpt":{"rendered":"<p>Mit unseren Parkettb\u00f6den, die f\u00fcr ihr Brandverhalten zertifiziert sind, erhalten Sie nicht nur die Sch\u00f6nheit und Eleganz von Holz, sondern auch die durch offizielle Tests nach internationalen Standards garantierte Widerstandsf\u00e4higkeit und Sicherheit. Eine Wahl, die Ihnen Qualit\u00e4t, die Einhaltung von Vorschriften und Sicherheit in jeder Umgebung garantiert, von Ihrem Zuhause bis zu \u00f6ffentlichen R\u00e4umen. Sichere B\u00f6den f\u00fcr Menschen, die t\u00e4glich [&hellip;]<\/p>\n","protected":false},"author":13,"featured_media":0,"parent":26288,"menu_order":0,"comment_status":"closed","ping_status":"closed","template":"page-with-overlying-header","meta":{"footnotes":""},"class_list":["post-27119","page","type-page","status-publish","hentry"],"_links":{"self":[{"href":"https:\/\/www.berti.net\/de\/wp-json\/wp\/v2\/pages\/27119","targetHints":{"allow":["GET"]}}],"collection":[{"href":"https:\/\/www.berti.net\/de\/wp-json\/wp\/v2\/pages"}],"about":[{"href":"https:\/\/www.berti.net\/de\/wp-json\/wp\/v2\/types\/page"}],"author":[{"embeddable":true,"href":"https:\/\/www.berti.net\/de\/wp-json\/wp\/v2\/users\/13"}],"replies":[{"embeddable":true,"href":"https:\/\/www.berti.net\/de\/wp-json\/wp\/v2\/comments?post=27119"}],"version-history":[{"count":4,"href":"https:\/\/www.berti.net\/de\/wp-json\/wp\/v2\/pages\/27119\/revisions"}],"predecessor-version":[{"id":29020,"href":"https:\/\/www.berti.net\/de\/wp-json\/wp\/v2\/pages\/27119\/revisions\/29020"}],"up":[{"embeddable":true,"href":"https:\/\/www.berti.net\/de\/wp-json\/wp\/v2\/pages\/26288"}],"wp:attachment":[{"href":"https:\/\/www.berti.net\/de\/wp-json\/wp\/v2\/media?parent=27119"}],"curies":[{"name":"wp","href":"https:\/\/api.w.org\/{rel}","templated":true}]}}