{"id":27073,"date":"2025-09-25T12:54:43","date_gmt":"2025-09-25T12:54:43","guid":{"rendered":"https:\/\/www.berti.net\/?page_id=27073"},"modified":"2025-09-25T15:58:45","modified_gmt":"2025-09-25T15:58:45","slug":"zertifizierung-carb-2","status":"publish","type":"page","link":"https:\/\/www.berti.net\/de\/zertifizierungen\/zertifizierung-carb-2\/","title":{"rendered":"Zertifizierung &#8211; CRYSTALCARE"},"content":{"rendered":"\n<div class=\"wp-block-group alignfull has-global-padding is-layout-constrained wp-block-group-is-layout-constrained\">\n<div class=\"wp-block-cover alignfull banner-hero has-aspect-ratio wp-duotone-unset-1\" style=\"padding-top:0px;padding-right:0;padding-bottom:0px;padding-left:0;min-height:516px;aspect-ratio:auto;min-height:unset;\"><img loading=\"lazy\" decoding=\"async\" width=\"1600\" height=\"1067\" class=\"wp-block-cover__image-background wp-image-25448 size-full\" alt=\"\" src=\"https:\/\/www.berti.net\/wp-content\/uploads\/berti-certificazione-crystalcare-legno-pavimenti.jpg\" style=\"object-position:53% 78%\" data-object-fit=\"cover\" data-object-position=\"53% 78%\" srcset=\"https:\/\/www.berti.net\/wp-content\/uploads\/berti-certificazione-crystalcare-legno-pavimenti.jpg 1600w, https:\/\/www.berti.net\/wp-content\/uploads\/berti-certificazione-crystalcare-legno-pavimenti-812x542.jpg 812w, https:\/\/www.berti.net\/wp-content\/uploads\/berti-certificazione-crystalcare-legno-pavimenti-768x512.jpg 768w, https:\/\/www.berti.net\/wp-content\/uploads\/berti-certificazione-crystalcare-legno-pavimenti-1536x1024.jpg 1536w\" sizes=\"auto, (max-width: 1600px) 100vw, 1600px\" \/><span aria-hidden=\"true\" class=\"wp-block-cover__background has-background-dim wp-block-cover__gradient-background has-background-gradient\" style=\"background:linear-gradient(0deg,rgba(25,25,25,0) 0%,rgb(25,25,25) 57%)\"><\/span><div class=\"wp-block-cover__inner-container is-layout-flow wp-block-cover-is-layout-flow\">\n<div class=\"wp-block-group banner-hero-content has-global-padding is-layout-constrained wp-container-core-group-is-layout-8f34a46e wp-block-group-is-layout-constrained\" style=\"padding-bottom:var(--wp--preset--spacing--70)\">\n<div class=\"wp-block-group has-global-padding is-layout-constrained wp-container-core-group-is-layout-b831be90 wp-block-group-is-layout-constrained\">\n<h1 class=\"wp-block-heading has-text-align-center has-white-color has-text-color has-xxxl-font-size\" style=\"letter-spacing:0px;line-height:1;text-transform:uppercase\">CRYSTALCARE<\/h1>\n<\/div>\n\n\n\n<div class=\"wp-block-group has-global-padding is-layout-constrained wp-container-core-group-is-layout-11258054 wp-block-group-is-layout-constrained\" style=\"margin-top:25px;margin-bottom:20px\">\n<div class=\"wp-block-group has-global-padding is-layout-constrained wp-container-core-group-is-layout-c00d8324 wp-block-group-is-layout-constrained\">\n<p class=\"has-text-align-center has-m-font-size\"><\/p>\n<\/div>\n<\/div>\n<\/div>\n<\/div><\/div>\n<\/div>\n\n<div class=\"wp-block-group is-style-default has-global-padding is-layout-constrained wp-container-core-group-is-layout-f0f2e811 wp-block-group-is-layout-constrained\" style=\"padding-top:var(--wp--preset--spacing--70);padding-bottom:var(--wp--preset--spacing--130)\">\n<div class=\"wp-block-columns are-vertically-aligned-center is-layout-flex wp-container-core-columns-is-layout-168dfbb2 wp-block-columns-is-layout-flex\" style=\"padding-right:6%;padding-left:6%\">\n<div class=\"wp-block-column is-vertically-aligned-center is-layout-flow wp-block-column-is-layout-flow\" style=\"flex-basis:33.33%\">\n<div class=\"wp-block-group has-global-padding is-content-justification-center is-layout-constrained wp-container-core-group-is-layout-2d1ef6f6 wp-block-group-is-layout-constrained\">\n<figure class=\"wp-block-image size-full\"><img loading=\"lazy\" decoding=\"async\" width=\"342\" height=\"228\" src=\"https:\/\/www.berti.net\/wp-content\/uploads\/pavimenti-legno_berti-parquet-certificati-CRYSTALCARE.png\" alt=\"\" class=\"wp-image-26971\" style=\"object-fit:cover\"\/><\/figure>\n<\/div>\n<\/div>\n\n\n\n<div class=\"wp-block-column is-vertically-aligned-center is-layout-flow wp-block-column-is-layout-flow\" style=\"flex-basis:66.66%\">\n<div class=\"wp-block-group has-global-padding is-layout-constrained wp-container-core-group-is-layout-f00c8009 wp-block-group-is-layout-constrained\" style=\"padding-right:5%;padding-left:5%\">\n<p>CrystalCare ist die spezielle antibakterielle Veredelung von Berti-Fu\u00dfb\u00f6den: Dank der zertifizierten Wirkung von Silberionen reduziert sie die bakterielle Belastung in nur 24 Stunden um bis zu 99,9% und schafft eine unsichtbare Barriere, die die nat\u00fcrliche Sch\u00f6nheit des Holzes nicht ver\u00e4ndert. Eine Garantie f\u00fcr Hygiene, Sicherheit und t\u00e4gliches Wohlbefinden, entwickelt f\u00fcr alle, die eine elegante und gleichzeitig gesch\u00fctzte Umgebung w\u00fcnschen. Das offizielle Zertifikat zum Herunterladen finden Sie hier.  <\/p>\n\n\n\n<div class=\"wp-block-buttons is-layout-flex wp-block-buttons-is-layout-flex\">\n<div class=\"wp-block-button\"><a class=\"wp-block-button__link has-contrast-2-color has-base-background-color has-text-color has-background has-link-color wp-element-button\" href=\"https:\/\/www.berti.net\/wp-content\/uploads\/certificazione-attestato-catas-antibatterica-crystalcare-berti-pavimenti.pdf\">ZERTIFIKAT <strong>HERUNTERLADEN<\/strong><\/a><\/div>\n<\/div>\n<\/div>\n<\/div>\n<\/div>\n\n\n\n<div class=\"wp-block-group alignwide title-text-indented-pattern has-base-color has-text-color has-link-color wp-elements-bb00eceeba4dd249addeb8025304934a has-global-padding is-layout-constrained wp-container-core-group-is-layout-e7f6fb82 wp-block-group-is-layout-constrained\" style=\"padding-top:0;padding-bottom:var(--wp--preset--spacing--90)\">\n<h3 class=\"wp-block-heading has-text-color has-m-32-font-size\" style=\"color:#000000\">Was CrystalCare bedeutet<\/h3>\n\n\n\n<div class=\"wp-block-group has-global-padding is-layout-constrained wp-block-group-is-layout-constrained\">\n<p>Die <strong>CrystalCare-Oberfl\u00e4che<\/strong> ist eine fortschrittliche antibakterielle Behandlung, bei der <strong>Silberionen<\/strong> direkt in die Schutzbeschichtung des Parketts integriert werden.<br\/>Dank dieser Technologie ist der Boden nicht nur sch\u00f6n und langlebig, sondern wird auch zu einer <strong>sichereren und hygienischeren Oberfl\u00e4che<\/strong>, da die Vermehrung von Bakterien drastisch reduziert wird.<\/p>\n\n\n\n<h4 class=\"wp-block-heading has-text-color has-m-32-font-size\" style=\"color:#000000\">Wie der Silberionenschutz funktioniert<\/h4>\n\n\n\n<p><strong>Silberionen<\/strong> wirken auf drei Arten:<br\/><a href=\"https:\/\/www.pavimentibraga.it\/blog\/conoscere-il-parquet\/crystalcare-una-garanzia-di-benessere\/?utm_source=chatgpt.com\" target=\"_blank\" rel=\"noreferrer noopener\"><\/a><\/p>\n\n\n\n<ul class=\"wp-block-list\">\n<li><strong>Sie durchdringen die Membran der Mikrobe<\/strong> und schw\u00e4chen sie.<\/li>\n\n\n\n<li><strong>Sie ersticken die Zellatmung<\/strong> und verhindern das \u00dcberleben.<\/li>\n\n\n\n<li><strong>Sie greifen die DNA des Bakteriums an<\/strong> und blockieren seine Vermehrung<a href=\"https:\/\/www.pavimentibraga.it\/blog\/conoscere-il-parquet\/crystalcare-una-garanzia-di-benessere\/?utm_source=chatgpt.com\" target=\"_blank\" rel=\"noreferrer noopener\"><\/a><\/li>\n<\/ul>\n\n\n\n<p>Das Ergebnis ist eine <strong>unsichtbare<\/strong> Barriere, die die Farbe, die Haptik oder die nat\u00fcrliche \u00c4sthetik des Holzes nicht ver\u00e4ndert, sondern es hygienischer und selbst f\u00fcr die empfindlichsten Umgebungen geeignet macht.<br\/><a href=\"https:\/\/www.pavimentibraga.it\/blog\/conoscere-il-parquet\/crystalcare-una-garanzia-di-benessere\/?utm_source=chatgpt.com\" target=\"_blank\" rel=\"noreferrer noopener\"><\/a><\/p>\n\n\n\n<div style=\"height:64px\" aria-hidden=\"true\" class=\"wp-block-spacer\"><\/div>\n\n\n\n<h3 class=\"wp-block-heading has-text-color has-m-32-font-size\" style=\"color:#000000\">Vorteile f\u00fcr diejenigen, die sich f\u00fcr Berti Flooring Wood mit CrystalCare entscheiden<\/h3>\n\n\n\n<ul class=\"wp-block-list\">\n<li><strong>Zertifizierte Hygiene<\/strong>: Unabh\u00e4ngige Tests (CATAS) garantieren eine 99,9%ige Reduzierung der bakteriellen Belastung in nur 24 Stunden.<\/li>\n\n\n\n<li><strong>Unsichtbarer Schutz<\/strong>: Das Finish ist transparent, ver\u00e4ndert die \u00c4sthetik des Bodens nicht und bewahrt die nat\u00fcrliche Sch\u00f6nheit des Holzes.<\/li>\n\n\n\n<li><strong>Sicherheit im Alltag<\/strong>: ideal f\u00fcr Familien mit Kindern, Haustieren oder Allergikern.<\/li>\n\n\n\n<li><strong>Ein Mehrwert f\u00fcr das Produkt<\/strong>: ein Parkett, das Design, Langlebigkeit und ein zus\u00e4tzliches Ma\u00df an antibakteriellem Schutz vereint.<\/li>\n<\/ul>\n\n\n\n<div class=\"wp-block-buttons is-vertical is-layout-flex wp-container-core-buttons-is-layout-3210c5b8 wp-block-buttons-is-layout-flex\" style=\"margin-top:var(--wp--preset--spacing--40)\">\n<div class=\"wp-block-button is-style-icon\"><a class=\"wp-block-button__link wp-element-button\" href=\"https:\/\/www.berti.net\/de\/berti-produkte\/\">Entdecken Sie die Produkte<\/a><\/div>\n\n\n\n<div class=\"wp-block-button is-style-icon\"><a class=\"wp-block-button__link wp-element-button\" href=\"https:\/\/www.berti.net\/de\/zertifizierungen\/\">Zur\u00fcck zu Zertifizierungen<\/a><\/div>\n<\/div>\n<\/div>\n<\/div>\n<\/div>\n\n<div class=\"wp-block-cover alignfull is-light estimate-request-content animated fadeIn\" style=\"margin-top:0\"><img decoding=\"async\" class=\"wp-block-cover__image-background\" alt=\"\" src=\"https:\/\/www.berti.net\/wp-content\/themes\/thombase\/public\/images\/estimateBanner.webp\" data-object-fit=\"cover\"\/><span aria-hidden=\"true\" class=\"wp-block-cover__background has-background-dim-0 has-background-dim\"><\/span><div class=\"wp-block-cover__inner-container has-global-padding is-layout-constrained wp-block-cover-is-layout-constrained\">\n<div id=\"estimate\" class=\"wp-block-group alignleft estimate-request-content-inner has-global-padding is-content-justification-left is-layout-constrained wp-container-core-group-is-layout-94054b8f wp-block-group-is-layout-constrained\">\n<h5 class=\"wp-block-heading\">Fordern Sie ein <strong>Angebot<\/strong> an,<br\/>betreten Sie die Berti-Welt<\/h5>\n\n\n\n<p>\n  F\u00fcllen Sie das Formular aus, um ein Angebot anzufordern. Sie erhalten in kurzer Zeit eine Antwort von unseren Mitarbeitern. \n            <\/p>\n\n\n\n<div class=\"wp-block-buttons is-layout-flex wp-block-buttons-is-layout-flex\">\n<div class=\"wp-block-button is-style-link\"><a class=\"wp-block-button__link wp-element-button\" href=\"https:\/\/www.berti.net\/de\/anfrage-preventivo\/\">JETZT BEWERBEN<\/a><\/div>\n<\/div>\n<\/div>\n<\/div><\/div>\n","protected":false},"excerpt":{"rendered":"<p>CrystalCare ist die spezielle antibakterielle Veredelung von Berti-Fu\u00dfb\u00f6den: Dank der zertifizierten Wirkung von Silberionen reduziert sie die bakterielle Belastung in nur 24 Stunden um bis zu 99,9% und schafft eine unsichtbare Barriere, die die nat\u00fcrliche Sch\u00f6nheit des Holzes nicht ver\u00e4ndert. Eine Garantie f\u00fcr Hygiene, Sicherheit und t\u00e4gliches Wohlbefinden, entwickelt f\u00fcr alle, die eine elegante und gleichzeitig gesch\u00fctzte Umgebung w\u00fcnschen. Das [&hellip;]<\/p>\n","protected":false},"author":13,"featured_media":0,"parent":26288,"menu_order":0,"comment_status":"closed","ping_status":"closed","template":"page-with-overlying-header","meta":{"footnotes":""},"class_list":["post-27073","page","type-page","status-publish","hentry"],"_links":{"self":[{"href":"https:\/\/www.berti.net\/de\/wp-json\/wp\/v2\/pages\/27073","targetHints":{"allow":["GET"]}}],"collection":[{"href":"https:\/\/www.berti.net\/de\/wp-json\/wp\/v2\/pages"}],"about":[{"href":"https:\/\/www.berti.net\/de\/wp-json\/wp\/v2\/types\/page"}],"author":[{"embeddable":true,"href":"https:\/\/www.berti.net\/de\/wp-json\/wp\/v2\/users\/13"}],"replies":[{"embeddable":true,"href":"https:\/\/www.berti.net\/de\/wp-json\/wp\/v2\/comments?post=27073"}],"version-history":[{"count":7,"href":"https:\/\/www.berti.net\/de\/wp-json\/wp\/v2\/pages\/27073\/revisions"}],"predecessor-version":[{"id":27153,"href":"https:\/\/www.berti.net\/de\/wp-json\/wp\/v2\/pages\/27073\/revisions\/27153"}],"up":[{"embeddable":true,"href":"https:\/\/www.berti.net\/de\/wp-json\/wp\/v2\/pages\/26288"}],"wp:attachment":[{"href":"https:\/\/www.berti.net\/de\/wp-json\/wp\/v2\/media?parent=27073"}],"curies":[{"name":"wp","href":"https:\/\/api.w.org\/{rel}","templated":true}]}}