{"id":26249,"date":"2025-06-26T12:50:30","date_gmt":"2025-06-26T12:50:30","guid":{"rendered":"https:\/\/www.berti.net\/zertifizierung-voc-free\/"},"modified":"2026-04-29T12:20:02","modified_gmt":"2026-04-29T10:20:02","slug":"zertifizierung-voc-free","status":"publish","type":"page","link":"https:\/\/www.berti.net\/de\/zertifizierungen\/zertifizierung-voc-free\/","title":{"rendered":"Zertifizierung &#8211; VOC FREE"},"content":{"rendered":"\n<div class=\"wp-block-group alignfull has-global-padding is-layout-constrained wp-block-group-is-layout-constrained\">\n<div class=\"wp-block-cover alignfull banner-hero has-aspect-ratio wp-duotone-unset-1\" style=\"padding-top:0px;padding-right:0;padding-bottom:0px;padding-left:0;min-height:516px;aspect-ratio:auto;min-height:unset;\"><img loading=\"lazy\" decoding=\"async\" width=\"1600\" height=\"1200\" class=\"wp-block-cover__image-background wp-image-25438 size-full\" alt=\"\" src=\"https:\/\/www.berti.net\/wp-content\/uploads\/berti-certificazione-voc-free-legno-pavimenti.jpg\" data-object-fit=\"cover\" srcset=\"https:\/\/www.berti.net\/wp-content\/uploads\/berti-certificazione-voc-free-legno-pavimenti.jpg 1600w, https:\/\/www.berti.net\/wp-content\/uploads\/berti-certificazione-voc-free-legno-pavimenti-812x609.jpg 812w, https:\/\/www.berti.net\/wp-content\/uploads\/berti-certificazione-voc-free-legno-pavimenti-768x576.jpg 768w, https:\/\/www.berti.net\/wp-content\/uploads\/berti-certificazione-voc-free-legno-pavimenti-1536x1152.jpg 1536w\" sizes=\"auto, (max-width: 1600px) 100vw, 1600px\" \/><span aria-hidden=\"true\" class=\"wp-block-cover__background has-background-dim-40 has-background-dim wp-block-cover__gradient-background has-background-gradient\" style=\"background:linear-gradient(0deg,rgba(25,25,25,0) 0%,rgb(25,25,25) 28%)\"><\/span><div class=\"wp-block-cover__inner-container is-layout-flow wp-block-cover-is-layout-flow\">\n<div class=\"wp-block-group banner-hero-content has-global-padding is-layout-constrained wp-container-core-group-is-layout-8f34a46e wp-block-group-is-layout-constrained\" style=\"padding-bottom:var(--wp--preset--spacing--70)\">\n<div class=\"wp-block-group has-global-padding is-layout-constrained wp-container-core-group-is-layout-b831be90 wp-block-group-is-layout-constrained\">\n<h1 class=\"wp-block-heading has-text-align-center has-white-color has-text-color has-xxxl-font-size\" style=\"letter-spacing:0px;line-height:1;text-transform:uppercase\">VOC-FREI<\/h1>\n<\/div>\n\n\n\n<div class=\"wp-block-group has-global-padding is-layout-constrained wp-container-core-group-is-layout-11258054 wp-block-group-is-layout-constrained\" style=\"margin-top:25px;margin-bottom:20px\">\n<div class=\"wp-block-group has-global-padding is-layout-constrained wp-container-core-group-is-layout-c00d8324 wp-block-group-is-layout-constrained\">\n<p class=\"has-text-align-center has-m-font-size\"><\/p>\n<\/div>\n<\/div>\n<\/div>\n<\/div><\/div>\n<\/div>\n\n<div class=\"wp-block-group is-style-default has-global-padding is-layout-constrained wp-container-core-group-is-layout-57cd8f3a wp-block-group-is-layout-constrained\" style=\"padding-top:var(--wp--preset--spacing--70);padding-bottom:var(--wp--preset--spacing--70)\">\n<div class=\"wp-block-columns are-vertically-aligned-center is-layout-flex wp-container-core-columns-is-layout-168dfbb2 wp-block-columns-is-layout-flex\" style=\"padding-right:6%;padding-left:6%\">\n<div class=\"wp-block-column is-vertically-aligned-center is-layout-flow wp-block-column-is-layout-flow\" style=\"flex-basis:33.33%\">\n<div class=\"wp-block-group has-global-padding is-content-justification-center is-layout-constrained wp-container-core-group-is-layout-2d1ef6f6 wp-block-group-is-layout-constrained\">\n<figure class=\"wp-block-image size-full\"><img loading=\"lazy\" decoding=\"async\" width=\"621\" height=\"300\" src=\"https:\/\/www.berti.net\/wp-content\/uploads\/berti-pavimenti-legno_parquet-certificati-VOCFREE_color.png\" alt=\"\" class=\"wp-image-26930\" style=\"object-fit:cover\"\/><\/figure>\n<\/div>\n<\/div>\n\n\n\n<div class=\"wp-block-column is-vertically-aligned-center is-layout-flow wp-block-column-is-layout-flow\" style=\"flex-basis:66.66%\">\n<div class=\"wp-block-group has-global-padding is-layout-constrained wp-container-core-group-is-layout-f00c8009 wp-block-group-is-layout-constrained\" style=\"padding-right:5%;padding-left:5%\">\n<p>Die Qualit\u00e4t der Innenraumluft ist ein entscheidender Faktor f\u00fcr das Wohlbefinden und die Gesundheit von Wohn- und Arbeitsr\u00e4umen. Die Holzb\u00f6den von Berti werden spezifischen Kontrollen der <strong>VOC-Emissionen (Volatile Organic Compounds)<\/strong> unterzogen, Substanzen, die von Baumaterialien in geschlossenen R\u00e4umen freigesetzt werden k\u00f6nnen. <\/p>\n<\/div>\n<\/div>\n<\/div>\n\n\n\n<p>Um maximale Zuverl\u00e4ssigkeit der Ergebnisse zu gew\u00e4hrleisten, werden die Emissionen durch <strong>Labortests in Klimakammern nach den internationalen Normen ISO 16000<\/strong> gemessen, dem Referenzstandard f\u00fcr die Bewertung von Emissionen fl\u00fcchtiger organischer Verbindungen in Bauprodukten. <\/p>\n<\/div>\n\n<div class=\"wp-block-group alignwide title-text-indented-pattern has-base-color has-text-color has-link-color wp-elements-a909f5679f03bbeb12a62f571757ce52 has-global-padding is-layout-constrained wp-container-core-group-is-layout-e7f6fb82 wp-block-group-is-layout-constrained\" style=\"padding-top:0;padding-bottom:var(--wp--preset--spacing--90)\">\n<h3 class=\"wp-block-heading has-text-color has-m-32-font-size\" style=\"color:#000000\">VOC-Tests nach ISO 16000 \u2013 Labor CATAS<\/h3>\n\n\n\n<p>Die VOC-Emissionen der B\u00f6den wurden vom unabh\u00e4ngigen Labor <strong>CATAS<\/strong> analysiert, einem der f\u00fchrenden europ\u00e4ischen Zentren, das auf Tests f\u00fcr den Holz- und M\u00f6belsektor spezialisiert ist.<\/p>\n\n\n\n<p>Der Test wird nach der Norm <strong>UNI EN ISO 16000<\/strong> durchgef\u00fchrt, die pr\u00e4zise festlegt:<\/p>\n\n\n\n<ul class=\"wp-block-list\">\n<li>die Pr\u00fcfbedingungen in der <strong>Klimakammer<\/strong><\/li>\n\n\n\n<li>kontrollierte Temperatur und Luftfeuchtigkeit<\/li>\n\n\n\n<li>den Luftwechsel<\/li>\n\n\n\n<li>die analytischen Methoden zur Erfassung von VOC<\/li>\n<\/ul>\n\n\n\n<p>Diese Methodik erm\u00f6glicht es, die vom Produkt nach bestimmten Zeitintervallen freigesetzten Emissionen wissenschaftlich und reproduzierbar zu messen und liefert objektive, international vergleichbare Daten.<\/p>\n\n\n\n<div style=\"height:64px\" aria-hidden=\"true\" class=\"wp-block-spacer\"><\/div>\n\n\n\n<div class=\"wp-block-columns is-layout-flex wp-container-core-columns-is-layout-28f84493 wp-block-columns-is-layout-flex\">\n<div class=\"wp-block-column is-layout-flow wp-block-column-is-layout-flow\">\n<h2 class=\"wp-block-heading\">CATAS-ZERTIFIKAT<\/h2>\n<\/div>\n\n\n\n<div class=\"wp-block-column is-vertically-aligned-center is-layout-flow wp-block-column-is-layout-flow\">\n<div class=\"wp-block-buttons is-layout-flex wp-block-buttons-is-layout-flex\">\n<div class=\"wp-block-button\"><a class=\"wp-block-button__link has-contrast-2-color has-base-background-color has-text-color has-background has-link-color wp-element-button\" href=\"https:\/\/www.berti.net\/wp-content\/uploads\/2024\/09\/berti-pavimenti-legno_parquet_certificato_voc.pdf\"><strong>Z<\/strong>ERTIFIKAT HERUNTERLADEN<\/a><\/div>\n<\/div>\n<\/div>\n<\/div>\n<\/div>\n\n<div class=\"wp-block-group alignwide title-text-indented-pattern has-base-color has-text-color has-link-color wp-elements-7b1e9265a3d73d29dd99277861b489bf has-global-padding is-layout-constrained wp-container-core-group-is-layout-e7f6fb82 wp-block-group-is-layout-constrained\" style=\"padding-top:0;padding-bottom:var(--wp--preset--spacing--90)\">\n<h3 class=\"wp-block-heading has-text-color has-m-32-font-size\" style=\"color:#000000\">Zertifizierung Indoor Air Comfort \u2013 Eurofins<\/h3>\n\n\n\n<p>Die Pr\u00fcfergebnisse wurden auch vom internationalen Labor <strong>Eurofins<\/strong> verifiziert, einem f\u00fchrenden europ\u00e4ischen Institut f\u00fcr die Zertifizierung der Innenraumluftqualit\u00e4t.<\/p>\n\n\n\n<p>Das Produkt erf\u00fcllt die Anforderungen des G\u00fctesiegels <strong>Indoor Air Comfort<\/strong>, einer europaweit anerkannten Zertifizierung, die die Konformit\u00e4t mit den wichtigsten VOC-Emissionsgrenzwerten best\u00e4tigt, die von internationalen Normen und Protokollen f\u00fcr nachhaltiges Bauen gefordert werden. <\/p>\n\n\n\n<p>Dieses Zertifizierungsschema integriert die Kriterien verschiedener Umweltstandards, die in Projekten f\u00fcr nachhaltige Architektur und Bauwesen verwendet werden.<\/p>\n\n\n\n<p>Die Kombination aus <strong>akkreditierten Labortests und unabh\u00e4ngiger VOC-Zertifizierung<\/strong> stellt eine konkrete Garantie f\u00fcr die Produktqualit\u00e4t dar.<\/p>\n\n\n\n<p>Die Holzb\u00f6den von Berti tragen somit dazu bei, <strong>niedrige Emissionen fl\u00fcchtiger Substanzen in Innenr\u00e4umen<\/strong> aufrechtzuerhalten, f\u00f6rdern ges\u00fcndere und komfortablere Wohnr\u00e4ume und erf\u00fcllen die Anforderungen von Planern, Architekten und Endnutzern, die Wert auf Innenraumluftqualit\u00e4t legen.<\/p>\n\n\n\n<div style=\"height:64px\" aria-hidden=\"true\" class=\"wp-block-spacer\"><\/div>\n\n\n\n<div class=\"wp-block-columns is-layout-flex wp-container-core-columns-is-layout-123a282d wp-block-columns-is-layout-flex\" style=\"padding-bottom:var(--wp--preset--spacing--40)\">\n<div class=\"wp-block-column is-layout-flow wp-block-column-is-layout-flow\">\n<h2 class=\"wp-block-heading\">EUROFINS-ZERTIFIKAT<\/h2>\n<\/div>\n\n\n\n<div class=\"wp-block-column is-vertically-aligned-center is-layout-flow wp-block-column-is-layout-flow\">\n<div class=\"wp-block-buttons is-content-justification-center is-layout-flex wp-container-core-buttons-is-layout-a89b3969 wp-block-buttons-is-layout-flex\">\n<div class=\"wp-block-button\"><a class=\"wp-block-button__link has-contrast-2-color has-base-background-color has-text-color has-background has-link-color wp-element-button\" href=\"https:\/\/www.berti.net\/wp-content\/uploads\/CERTIFICATO-VOC-RENNER2025.pdf\"><strong>Z<\/strong>ERTIFIKAT HERUNTERLADEN<\/a><\/div>\n<\/div>\n<\/div>\n<\/div>\n\n\n\n<h3 class=\"wp-block-heading has-text-color has-m-32-font-size\" style=\"color:#000000\">Ein Boden, der zum Wohlbefinden der R\u00e4ume beitr\u00e4gt<\/h3>\n\n\n\n<div class=\"wp-block-buttons is-vertical is-layout-flex wp-container-core-buttons-is-layout-3210c5b8 wp-block-buttons-is-layout-flex\" style=\"margin-top:var(--wp--preset--spacing--40)\">\n<div class=\"wp-block-button is-style-icon\"><a class=\"wp-block-button__link wp-element-button\" href=\"https:\/\/www.berti.net\/de\/berti-produkte\/\">Entdecken Sie die Produkte<\/a><\/div>\n\n\n\n<div class=\"wp-block-button is-style-icon\"><a class=\"wp-block-button__link wp-element-button\" href=\"https:\/\/www.berti.net\/de\/zertifizierungen\/\">Zur\u00fcck zu Zertifizierungen<\/a><\/div>\n<\/div>\n<\/div>\n\n<div class=\"wp-block-cover alignfull is-light estimate-request-content animated fadeIn\" style=\"margin-top:0\"><img decoding=\"async\" class=\"wp-block-cover__image-background\" alt=\"\" src=\"https:\/\/www.berti.net\/wp-content\/themes\/thombase\/public\/images\/estimateBanner.webp\" data-object-fit=\"cover\"\/><span aria-hidden=\"true\" class=\"wp-block-cover__background has-background-dim-0 has-background-dim\"><\/span><div class=\"wp-block-cover__inner-container has-global-padding is-layout-constrained wp-block-cover-is-layout-constrained\">\n<div id=\"estimate\" class=\"wp-block-group alignleft estimate-request-content-inner has-global-padding is-content-justification-left is-layout-constrained wp-container-core-group-is-layout-94054b8f wp-block-group-is-layout-constrained\">\n<h5 class=\"wp-block-heading\">Fordern Sie ein <strong>Angebot<\/strong> an,<br\/>treten Sie in die Welt von Berti ein<\/h5>\n\n\n\n<p>\n  F\u00fcllen Sie das Formular aus, um ein Angebot anzufordern. Sie erhalten in K\u00fcrze eine Antwort von unserem Team. \n            <\/p>\n\n\n\n<div class=\"wp-block-buttons is-layout-flex wp-block-buttons-is-layout-flex\">\n<div class=\"wp-block-button is-style-link\"><a class=\"wp-block-button__link wp-element-button\" href=\"https:\/\/www.berti.net\/de\/anfrage-preventivo\/\">JETZT ANFORDERN<\/a><\/div>\n<\/div>\n<\/div>\n<\/div><\/div>\n","protected":false},"excerpt":{"rendered":"<p>Die Qualit\u00e4t der Innenraumluft ist ein entscheidender Faktor f\u00fcr das Wohlbefinden und die Gesundheit von Wohn- und Arbeitsr\u00e4umen. Die Holzb\u00f6den von Berti werden spezifischen Kontrollen der VOC-Emissionen (Volatile Organic Compounds) unterzogen, Substanzen, die von Baumaterialien in geschlossenen R\u00e4umen freigesetzt werden k\u00f6nnen. Um maximale Zuverl\u00e4ssigkeit der Ergebnisse zu gew\u00e4hrleisten, werden die Emissionen durch Labortests in Klimakammern nach den internationalen Normen ISO [&hellip;]<\/p>\n","protected":false},"author":2,"featured_media":0,"parent":26288,"menu_order":0,"comment_status":"closed","ping_status":"closed","template":"page-with-overlying-header","meta":{"footnotes":""},"class_list":["post-26249","page","type-page","status-publish","hentry"],"_links":{"self":[{"href":"https:\/\/www.berti.net\/de\/wp-json\/wp\/v2\/pages\/26249","targetHints":{"allow":["GET"]}}],"collection":[{"href":"https:\/\/www.berti.net\/de\/wp-json\/wp\/v2\/pages"}],"about":[{"href":"https:\/\/www.berti.net\/de\/wp-json\/wp\/v2\/types\/page"}],"author":[{"embeddable":true,"href":"https:\/\/www.berti.net\/de\/wp-json\/wp\/v2\/users\/2"}],"replies":[{"embeddable":true,"href":"https:\/\/www.berti.net\/de\/wp-json\/wp\/v2\/comments?post=26249"}],"version-history":[{"count":3,"href":"https:\/\/www.berti.net\/de\/wp-json\/wp\/v2\/pages\/26249\/revisions"}],"predecessor-version":[{"id":29899,"href":"https:\/\/www.berti.net\/de\/wp-json\/wp\/v2\/pages\/26249\/revisions\/29899"}],"up":[{"embeddable":true,"href":"https:\/\/www.berti.net\/de\/wp-json\/wp\/v2\/pages\/26288"}],"wp:attachment":[{"href":"https:\/\/www.berti.net\/de\/wp-json\/wp\/v2\/media?parent=26249"}],"curies":[{"name":"wp","href":"https:\/\/api.w.org\/{rel}","templated":true}]}}