{"id":26220,"date":"2025-06-26T12:52:27","date_gmt":"2025-06-26T12:52:27","guid":{"rendered":"https:\/\/www.berti.net\/zertifizierung-dolomiti-energy\/"},"modified":"2026-04-29T12:19:48","modified_gmt":"2026-04-29T10:19:48","slug":"zertifizierung-dolomiti-energy","status":"publish","type":"page","link":"https:\/\/www.berti.net\/de\/zertifizierungen\/zertifizierung-dolomiti-energy\/","title":{"rendered":"Zertifizierung &#8211; DOLOMITI ENERGY"},"content":{"rendered":"\n<div class=\"wp-block-group alignfull has-global-padding is-layout-constrained wp-block-group-is-layout-constrained\">\n<div class=\"wp-block-cover alignfull banner-hero has-aspect-ratio wp-duotone-unset-1\" style=\"padding-top:0px;padding-right:0;padding-bottom:0px;padding-left:0;min-height:516px;aspect-ratio:auto;min-height:unset;\"><img loading=\"lazy\" decoding=\"async\" width=\"1600\" height=\"1066\" class=\"wp-block-cover__image-background wp-image-25428 size-full\" alt=\"\" src=\"https:\/\/www.berti.net\/wp-content\/uploads\/berti-certificazione-dolomiti-energia-legno-pavimenti.jpg\" style=\"object-position:50% 60%\" data-object-fit=\"cover\" data-object-position=\"50% 60%\" srcset=\"https:\/\/www.berti.net\/wp-content\/uploads\/berti-certificazione-dolomiti-energia-legno-pavimenti.jpg 1600w, https:\/\/www.berti.net\/wp-content\/uploads\/berti-certificazione-dolomiti-energia-legno-pavimenti-812x541.jpg 812w, https:\/\/www.berti.net\/wp-content\/uploads\/berti-certificazione-dolomiti-energia-legno-pavimenti-768x512.jpg 768w, https:\/\/www.berti.net\/wp-content\/uploads\/berti-certificazione-dolomiti-energia-legno-pavimenti-1536x1023.jpg 1536w\" sizes=\"auto, (max-width: 1600px) 100vw, 1600px\" \/><span aria-hidden=\"true\" class=\"wp-block-cover__background has-background-dim-70 has-background-dim wp-block-cover__gradient-background has-background-gradient\" style=\"background:linear-gradient(0deg,#19191900 0%,#191919 100%)\"><\/span><div class=\"wp-block-cover__inner-container is-layout-flow wp-block-cover-is-layout-flow\">\n<div class=\"wp-block-group banner-hero-content has-global-padding is-layout-constrained wp-container-core-group-is-layout-8f34a46e wp-block-group-is-layout-constrained\" style=\"padding-bottom:var(--wp--preset--spacing--70)\">\n<div class=\"wp-block-group has-global-padding is-layout-constrained wp-container-core-group-is-layout-b831be90 wp-block-group-is-layout-constrained\">\n<h1 class=\"wp-block-heading has-text-align-center has-white-color has-text-color has-xxxl-font-size\" style=\"letter-spacing:0px;line-height:1;text-transform:uppercase\">DOLOMITEN ENERGIE<\/h1>\n<\/div>\n\n\n\n<div class=\"wp-block-group has-global-padding is-layout-constrained wp-container-core-group-is-layout-11258054 wp-block-group-is-layout-constrained\" style=\"margin-top:25px;margin-bottom:20px\">\n<div class=\"wp-block-group has-global-padding is-layout-constrained wp-container-core-group-is-layout-c00d8324 wp-block-group-is-layout-constrained\">\n<p class=\"has-text-align-center has-m-font-size\"><\/p>\n<\/div>\n<\/div>\n<\/div>\n<\/div><\/div>\n<\/div>\n\n<div class=\"wp-block-group is-style-default has-global-padding is-layout-constrained wp-container-core-group-is-layout-f0f2e811 wp-block-group-is-layout-constrained\" style=\"padding-top:var(--wp--preset--spacing--70);padding-bottom:var(--wp--preset--spacing--130)\">\n<div class=\"wp-block-columns are-vertically-aligned-center is-layout-flex wp-container-core-columns-is-layout-168dfbb2 wp-block-columns-is-layout-flex\" style=\"padding-right:6%;padding-left:6%\">\n<div class=\"wp-block-column is-vertically-aligned-center is-layout-flow wp-block-column-is-layout-flow\" style=\"flex-basis:33.33%\">\n<div class=\"wp-block-group has-global-padding is-content-justification-center is-layout-constrained wp-container-core-group-is-layout-2d1ef6f6 wp-block-group-is-layout-constrained\">\n<figure class=\"wp-block-image size-full\"><img loading=\"lazy\" decoding=\"async\" width=\"1270\" height=\"1270\" src=\"https:\/\/www.berti.net\/wp-content\/uploads\/berti-pavimenti-legno_parquet-certificati-DOLOMITI-ENERGIA.png\" alt=\"\" class=\"wp-image-26944\" style=\"object-fit:cover\" srcset=\"https:\/\/www.berti.net\/wp-content\/uploads\/berti-pavimenti-legno_parquet-certificati-DOLOMITI-ENERGIA.png 1270w, https:\/\/www.berti.net\/wp-content\/uploads\/berti-pavimenti-legno_parquet-certificati-DOLOMITI-ENERGIA-812x812.png 812w, https:\/\/www.berti.net\/wp-content\/uploads\/berti-pavimenti-legno_parquet-certificati-DOLOMITI-ENERGIA-406x406.png 406w, https:\/\/www.berti.net\/wp-content\/uploads\/berti-pavimenti-legno_parquet-certificati-DOLOMITI-ENERGIA-768x768.png 768w\" sizes=\"auto, (max-width: 1270px) 100vw, 1270px\" \/><\/figure>\n<\/div>\n<\/div>\n\n\n\n<div class=\"wp-block-column is-vertically-aligned-center is-layout-flow wp-block-column-is-layout-flow\" style=\"flex-basis:66.66%\">\n<div class=\"wp-block-group has-global-padding is-layout-constrained wp-container-core-group-is-layout-f00c8009 wp-block-group-is-layout-constrained\" style=\"padding-right:5%;padding-left:5%\">\n<p>Die Marke<strong>&#8216;100% saubere Energie Dolomiti Energia<\/strong>&#8216; kennzeichnet die Herkunft des Stroms aus einer erneuerbaren Quelle und steht f\u00fcr ein neues Konzept des Energieverbrauchs.<\/p>\n\n\n\n<div class=\"wp-block-buttons is-layout-flex wp-block-buttons-is-layout-flex\">\n<div class=\"wp-block-button\"><a class=\"wp-block-button__link has-contrast-2-color has-base-background-color has-text-color has-background has-link-color wp-element-button\" href=\"https:\/\/www.berti.net\/wp-content\/uploads\/2024\/09\/Report_CO2_FREE_EE_EE_B_2022_2410053.pdf\"><strong>Z<\/strong>ERTIFIKAT HERUNTERLADEN<\/a><\/div>\n<\/div>\n<\/div>\n<\/div>\n<\/div>\n\n\n\n<div class=\"wp-block-group alignwide title-text-indented-pattern has-base-color has-text-color has-link-color wp-elements-4d012e74361d407ea1f6e71e7b6ed61b has-global-padding is-layout-constrained wp-container-core-group-is-layout-e7f6fb82 wp-block-group-is-layout-constrained\" style=\"padding-top:0;padding-bottom:var(--wp--preset--spacing--90)\">\n<h3 class=\"wp-block-heading has-text-color has-m-32-font-size\" style=\"color:#000000\">Warum es ein Vorteil f\u00fcr diejenigen ist, die sich f\u00fcr Berti Pavimenti Legno entscheiden<\/h3>\n\n\n\n<div class=\"wp-block-group has-global-padding is-layout-constrained wp-block-group-is-layout-constrained\">\n<ul class=\"wp-block-list\">\n<li><strong>Verringern Sie Ihre Umweltbelastung:<\/strong> Wenn Sie sich f\u00fcr ein Unternehmen entscheiden, das 100 % erneuerbare Energien nutzt, tragen Sie dazu bei, CO\u2082-Emissionen und den Verbrauch fossiler Brennstoffe zu reduzieren.<\/li>\n\n\n\n<li><strong>Transparenz und Glaubw\u00fcrdigkeit:<\/strong> Sie k\u00f6nnen die Zertifikate von Dolomiti Energia anfordern, aus denen hervorgeht, dass die Energie durch die Herkunftsnachweissysteme verfolgt und \u00fcberpr\u00fcft wird.<\/li>\n\n\n\n<li><strong>\u00dcbereinstimmung mit den Werten der Nachhaltigkeit:<\/strong> B\u00f6den, die von einem Unternehmen hergestellt werden, das &#8221;zertifizierte saubere&#8221; Energie verwendet, verst\u00e4rken die Wahrnehmung der \u00f6kologischen Verantwortung.<\/li>\n\n\n\n<li><strong>Marktdifferenzierung:<\/strong> Nicht alle Unternehmen k\u00f6nnen sich damit r\u00fchmen, dass die verwendete Energie zertifiziert erneuerbar ist; dies ist ein Mehrwert, der umweltbewusste Kunden anzieht.<\/li>\n<\/ul>\n\n\n\n<div class=\"wp-block-buttons is-vertical is-layout-flex wp-container-core-buttons-is-layout-3210c5b8 wp-block-buttons-is-layout-flex\" style=\"margin-top:var(--wp--preset--spacing--40)\">\n<div class=\"wp-block-button is-style-icon\"><a class=\"wp-block-button__link wp-element-button\" href=\"https:\/\/www.berti.net\/de\/berti-produkte\/\">Entdecken Sie die Produkte<\/a><\/div>\n\n\n\n<div class=\"wp-block-button is-style-icon\"><a class=\"wp-block-button__link wp-element-button\" href=\"https:\/\/www.berti.net\/de\/zertifizierungen\/\">Zur\u00fcck zu Zertifizierungen<\/a><\/div>\n<\/div>\n<\/div>\n<\/div>\n<\/div>\n\n<div class=\"wp-block-cover alignfull is-light estimate-request-content animated fadeIn\" style=\"margin-top:0\"><img decoding=\"async\" class=\"wp-block-cover__image-background\" alt=\"\" src=\"https:\/\/www.berti.net\/wp-content\/themes\/thombase\/public\/images\/estimateBanner.webp\" data-object-fit=\"cover\"\/><span aria-hidden=\"true\" class=\"wp-block-cover__background has-background-dim-0 has-background-dim\"><\/span><div class=\"wp-block-cover__inner-container has-global-padding is-layout-constrained wp-block-cover-is-layout-constrained\">\n<div id=\"estimate\" class=\"wp-block-group alignleft estimate-request-content-inner has-global-padding is-content-justification-left is-layout-constrained wp-container-core-group-is-layout-94054b8f wp-block-group-is-layout-constrained\">\n<h5 class=\"wp-block-heading\">Fordern Sie ein <strong>Angebot<\/strong> an,<br\/>treten Sie in die Welt von Berti ein<\/h5>\n\n\n\n<p>\n  F\u00fcllen Sie das Formular aus, um ein Angebot anzufordern. Sie erhalten in K\u00fcrze eine Antwort von unserem Team. \n            <\/p>\n\n\n\n<div class=\"wp-block-buttons is-layout-flex wp-block-buttons-is-layout-flex\">\n<div class=\"wp-block-button is-style-link\"><a class=\"wp-block-button__link wp-element-button\" href=\"https:\/\/www.berti.net\/de\/anfrage-preventivo\/\">JETZT ANFORDERN<\/a><\/div>\n<\/div>\n<\/div>\n<\/div><\/div>\n","protected":false},"excerpt":{"rendered":"<p>Die Marke&#8216;100% saubere Energie Dolomiti Energia&#8216; kennzeichnet die Herkunft des Stroms aus einer erneuerbaren Quelle und steht f\u00fcr ein neues Konzept des Energieverbrauchs. Warum es ein Vorteil f\u00fcr diejenigen ist, die sich f\u00fcr Berti Pavimenti Legno entscheiden<\/p>\n","protected":false},"author":2,"featured_media":0,"parent":26288,"menu_order":0,"comment_status":"closed","ping_status":"closed","template":"page-with-overlying-header","meta":{"footnotes":""},"class_list":["post-26220","page","type-page","status-publish","hentry"],"_links":{"self":[{"href":"https:\/\/www.berti.net\/de\/wp-json\/wp\/v2\/pages\/26220","targetHints":{"allow":["GET"]}}],"collection":[{"href":"https:\/\/www.berti.net\/de\/wp-json\/wp\/v2\/pages"}],"about":[{"href":"https:\/\/www.berti.net\/de\/wp-json\/wp\/v2\/types\/page"}],"author":[{"embeddable":true,"href":"https:\/\/www.berti.net\/de\/wp-json\/wp\/v2\/users\/2"}],"replies":[{"embeddable":true,"href":"https:\/\/www.berti.net\/de\/wp-json\/wp\/v2\/comments?post=26220"}],"version-history":[{"count":3,"href":"https:\/\/www.berti.net\/de\/wp-json\/wp\/v2\/pages\/26220\/revisions"}],"predecessor-version":[{"id":29894,"href":"https:\/\/www.berti.net\/de\/wp-json\/wp\/v2\/pages\/26220\/revisions\/29894"}],"up":[{"embeddable":true,"href":"https:\/\/www.berti.net\/de\/wp-json\/wp\/v2\/pages\/26288"}],"wp:attachment":[{"href":"https:\/\/www.berti.net\/de\/wp-json\/wp\/v2\/media?parent=26220"}],"curies":[{"name":"wp","href":"https:\/\/api.w.org\/{rel}","templated":true}]}}