{"id":26218,"date":"2025-06-26T12:57:23","date_gmt":"2025-06-26T12:57:23","guid":{"rendered":"https:\/\/www.berti.net\/zertifizierung-carb\/"},"modified":"2025-09-24T15:26:39","modified_gmt":"2025-09-24T15:26:39","slug":"zertifizierung-carb","status":"publish","type":"page","link":"https:\/\/www.berti.net\/de\/zertifizierungen\/zertifizierung-carb\/","title":{"rendered":"Zertifizierung &#8211; CARB"},"content":{"rendered":"\n<div class=\"wp-block-group alignfull has-global-padding is-layout-constrained wp-block-group-is-layout-constrained\">\n<div class=\"wp-block-cover alignfull banner-hero has-aspect-ratio wp-duotone-unset-1\" style=\"padding-top:0px;padding-right:0;padding-bottom:0px;padding-left:0;min-height:516px;aspect-ratio:auto;min-height:unset;\"><img loading=\"lazy\" decoding=\"async\" width=\"1400\" height=\"1068\" class=\"wp-block-cover__image-background wp-image-25473 size-full\" alt=\"\" src=\"https:\/\/www.berti.net\/wp-content\/uploads\/berti-certificazione-carb-legno-pavimenti.jpg\" data-object-fit=\"cover\" srcset=\"https:\/\/www.berti.net\/wp-content\/uploads\/berti-certificazione-carb-legno-pavimenti.jpg 1400w, https:\/\/www.berti.net\/wp-content\/uploads\/berti-certificazione-carb-legno-pavimenti-812x619.jpg 812w, https:\/\/www.berti.net\/wp-content\/uploads\/berti-certificazione-carb-legno-pavimenti-768x586.jpg 768w\" sizes=\"auto, (max-width: 1400px) 100vw, 1400px\" \/><span aria-hidden=\"true\" class=\"wp-block-cover__background has-background-dim wp-block-cover__gradient-background has-background-gradient\" style=\"background:linear-gradient(0deg,rgba(25,25,25,0) 0%,rgb(25,25,25) 57%)\"><\/span><div class=\"wp-block-cover__inner-container is-layout-flow wp-block-cover-is-layout-flow\">\n<div class=\"wp-block-group banner-hero-content has-global-padding is-layout-constrained wp-container-core-group-is-layout-8f34a46e wp-block-group-is-layout-constrained\" style=\"padding-bottom:var(--wp--preset--spacing--70)\">\n<div class=\"wp-block-group has-global-padding is-layout-constrained wp-container-core-group-is-layout-b831be90 wp-block-group-is-layout-constrained\">\n<h1 class=\"wp-block-heading has-text-align-center has-white-color has-text-color has-xxxl-font-size\" style=\"letter-spacing:0px;line-height:1;text-transform:uppercase\">CARB<\/h1>\n<\/div>\n\n\n\n<div class=\"wp-block-group has-global-padding is-layout-constrained wp-container-core-group-is-layout-11258054 wp-block-group-is-layout-constrained\" style=\"margin-top:25px;margin-bottom:20px\">\n<div class=\"wp-block-group has-global-padding is-layout-constrained wp-container-core-group-is-layout-c00d8324 wp-block-group-is-layout-constrained\">\n<p class=\"has-text-align-center has-m-font-size\"><\/p>\n<\/div>\n<\/div>\n<\/div>\n<\/div><\/div>\n<\/div>\n\n<div class=\"wp-block-group is-style-default has-global-padding is-layout-constrained wp-container-core-group-is-layout-f0f2e811 wp-block-group-is-layout-constrained\" style=\"padding-top:var(--wp--preset--spacing--70);padding-bottom:var(--wp--preset--spacing--130)\">\n<div class=\"wp-block-columns are-vertically-aligned-center is-layout-flex wp-container-core-columns-is-layout-168dfbb2 wp-block-columns-is-layout-flex\" style=\"padding-right:6%;padding-left:6%\">\n<div class=\"wp-block-column is-vertically-aligned-center is-layout-flow wp-block-column-is-layout-flow\" style=\"flex-basis:33.33%\">\n<div class=\"wp-block-group has-global-padding is-content-justification-center is-layout-constrained wp-container-core-group-is-layout-2d1ef6f6 wp-block-group-is-layout-constrained\">\n<figure class=\"wp-block-image size-full\"><img loading=\"lazy\" decoding=\"async\" width=\"2236\" height=\"922\" src=\"https:\/\/www.berti.net\/wp-content\/uploads\/berti-pavimenti-legno_parquet-certificati-CARB-certificazione-scaled-e1758727569235.png\" alt=\"\" class=\"wp-image-27030\" style=\"object-fit:cover\" srcset=\"https:\/\/www.berti.net\/wp-content\/uploads\/berti-pavimenti-legno_parquet-certificati-CARB-certificazione-scaled-e1758727569235.png 2236w, https:\/\/www.berti.net\/wp-content\/uploads\/berti-pavimenti-legno_parquet-certificati-CARB-certificazione-scaled-e1758727569235-812x335.png 812w, https:\/\/www.berti.net\/wp-content\/uploads\/berti-pavimenti-legno_parquet-certificati-CARB-certificazione-scaled-e1758727569235-1920x792.png 1920w, https:\/\/www.berti.net\/wp-content\/uploads\/berti-pavimenti-legno_parquet-certificati-CARB-certificazione-scaled-e1758727569235-768x317.png 768w, https:\/\/www.berti.net\/wp-content\/uploads\/berti-pavimenti-legno_parquet-certificati-CARB-certificazione-scaled-e1758727569235-1536x633.png 1536w, https:\/\/www.berti.net\/wp-content\/uploads\/berti-pavimenti-legno_parquet-certificati-CARB-certificazione-scaled-e1758727569235-2048x844.png 2048w\" sizes=\"auto, (max-width: 2236px) 100vw, 2236px\" \/><\/figure>\n<\/div>\n<\/div>\n\n\n\n<div class=\"wp-block-column is-vertically-aligned-center is-layout-flow wp-block-column-is-layout-flow\" style=\"flex-basis:66.66%\">\n<div class=\"wp-block-group has-global-padding is-layout-constrained wp-container-core-group-is-layout-f00c8009 wp-block-group-is-layout-constrained\" style=\"padding-right:5%;padding-left:5%\">\n<p>Die <strong>CARB-Zertifizierung<\/strong>, die zwar nur in Kalifornien vorgeschrieben ist, wurde als US-Standard \u00fcbernommen und hat viele europ\u00e4ische Hersteller von Halbfertig- oder Fertigprodukten dazu veranlasst, die Formaldehydemissionen zu kontrollieren.<\/p>\n\n\n\n<div class=\"wp-block-buttons is-layout-flex wp-block-buttons-is-layout-flex\">\n<div class=\"wp-block-button\"><a class=\"wp-block-button__link has-contrast-2-color has-base-background-color has-text-color has-background has-link-color wp-element-button\" href=\"https:\/\/www.berti.net\/wp-content\/uploads\/2024\/09\/berti-pavimenti-legno_parquet_certificato_CARB-TSCA.pdf\">ZERTIFIKAT <strong>HERUNTERLADEN<\/strong><\/a><\/div>\n<\/div>\n<\/div>\n<\/div>\n<\/div>\n\n\n\n<div class=\"wp-block-group alignwide title-text-indented-pattern has-base-color has-text-color has-link-color wp-elements-6156473e92b2ef06f398b01a5c9a35fc has-global-padding is-layout-constrained wp-container-core-group-is-layout-e7f6fb82 wp-block-group-is-layout-constrained\" style=\"padding-top:0;padding-bottom:var(--wp--preset--spacing--90)\">\n<h3 class=\"wp-block-heading has-text-color has-m-32-font-size\" style=\"color:#000000\">Was es dem K\u00e4ufer garantiert<\/h3>\n\n\n\n<div class=\"wp-block-group has-global-padding is-layout-constrained wp-block-group-is-layout-constrained\">\n<ul class=\"wp-block-list\">\n<li><strong>Ges\u00fcndere Luft in der Wohnung<\/strong>: Ein geringerer Formaldehydgehalt tr\u00e4gt zur Verbesserung der Luftqualit\u00e4t in Innenr\u00e4umen bei und reduziert m\u00f6gliche Reizungen der Atemwege, Augen und Haut.<\/li>\n\n\n\n<li><strong>\u00dcberdurchschnittliche Qualit\u00e4t<\/strong>: Auch wenn die europ\u00e4ischen Vorschriften Grenzwerte f\u00fcr Emissionen vorschreiben (z.B. Klasse E1 gem\u00e4\u00df den europ\u00e4ischen Vorschriften), bietet CARB eine zus\u00e4tzliche Garantie mit strengeren Grenzwerten.<\/li>\n\n\n\n<li><strong>Marktdifferenzierung<\/strong>: Ein CARB-zertifiziertes Produkt kommuniziert, dass das Unternehmen sich entschieden hat, zus\u00e4tzliche Standards f\u00fcr die Gesundheit des Kunden und der Umwelt zu \u00fcbernehmen.<\/li>\n\n\n\n<li><strong>R\u00fcckverfolgbarkeit und Transparenz<\/strong>: Sie k\u00f6nnen das CARB-Konformit\u00e4tszertifikat anfordern, um die von einem akkreditierten Labor getesteten Parameter zu \u00fcberpr\u00fcfen.<\/li>\n<\/ul>\n\n\n\n<div style=\"height:64px\" aria-hidden=\"true\" class=\"wp-block-spacer\"><\/div>\n\n\n\n<h3 class=\"wp-block-heading has-text-color has-m-32-font-size\" style=\"color:#000000\">Der Weg von Berti Pavimenti Legno zur CARB<\/h3>\n\n\n\n<ul class=\"wp-block-list\">\n<li><strong>Auswahl von Rohstoffen und Platten<\/strong> mit emissionsmindernden Bindemitteln und Harzen.<\/li>\n\n\n\n<li><strong>Akkreditierter Labortest<\/strong> zur Messung der abgegebenen Formaldehydmenge gem\u00e4\u00df den CARB\/ATCM-Normen.<\/li>\n\n\n\n<li><strong>Ausstellung eines Zertifikats<\/strong>, das die Einhaltung der vorgeschriebenen Grenzwerte bescheinigt (Phase 2).<\/li>\n\n\n\n<li><strong>St\u00e4ndige Aktualisierung<\/strong>: Wir \u00fcberwachen alle \u00c4nderungen der CARB-Normen oder der europ\u00e4ischen Vorschriften, damit die Zertifizierung g\u00fcltig bleibt.<\/li>\n<\/ul>\n\n\n\n<div class=\"wp-block-buttons is-vertical is-layout-flex wp-container-core-buttons-is-layout-3210c5b8 wp-block-buttons-is-layout-flex\" style=\"margin-top:var(--wp--preset--spacing--40)\">\n<div class=\"wp-block-button is-style-icon\"><a class=\"wp-block-button__link wp-element-button\" href=\"https:\/\/www.berti.net\/de\/berti-produkte\/\">Entdecken Sie die Produkte<\/a><\/div>\n\n\n\n<div class=\"wp-block-button is-style-icon\"><a class=\"wp-block-button__link wp-element-button\" href=\"https:\/\/www.berti.net\/de\/zertifizierungen\/\">Zur\u00fcck zu Zertifizierungen<\/a><\/div>\n<\/div>\n<\/div>\n<\/div>\n<\/div>\n\n<div class=\"wp-block-cover alignfull is-light estimate-request-content animated fadeIn\" style=\"margin-top:0\"><img decoding=\"async\" class=\"wp-block-cover__image-background\" alt=\"\" src=\"https:\/\/www.berti.net\/wp-content\/themes\/thombase\/public\/images\/estimateBanner.webp\" data-object-fit=\"cover\"\/><span aria-hidden=\"true\" class=\"wp-block-cover__background has-background-dim-0 has-background-dim\"><\/span><div class=\"wp-block-cover__inner-container has-global-padding is-layout-constrained wp-block-cover-is-layout-constrained\">\n<div id=\"estimate\" class=\"wp-block-group alignleft estimate-request-content-inner has-global-padding is-content-justification-left is-layout-constrained wp-container-core-group-is-layout-94054b8f wp-block-group-is-layout-constrained\">\n<h5 class=\"wp-block-heading\">Fordern Sie ein <strong>Angebot<\/strong> an,<br\/>betreten Sie die Berti-Welt<\/h5>\n\n\n\n<p>\n  F\u00fcllen Sie das Formular aus, um ein Angebot anzufordern. Sie erhalten in kurzer Zeit eine Antwort von unseren Mitarbeitern. \n            <\/p>\n\n\n\n<div class=\"wp-block-buttons is-layout-flex wp-block-buttons-is-layout-flex\">\n<div class=\"wp-block-button is-style-link\"><a class=\"wp-block-button__link wp-element-button\" href=\"https:\/\/www.berti.net\/de\/anfrage-preventivo\/\">JETZT BEWERBEN<\/a><\/div>\n<\/div>\n<\/div>\n<\/div><\/div>\n","protected":false},"excerpt":{"rendered":"<p>Die CARB-Zertifizierung, die zwar nur in Kalifornien vorgeschrieben ist, wurde als US-Standard \u00fcbernommen und hat viele europ\u00e4ische Hersteller von Halbfertig- oder Fertigprodukten dazu veranlasst, die Formaldehydemissionen zu kontrollieren. Was es dem K\u00e4ufer garantiert Der Weg von Berti Pavimenti Legno zur CARB<\/p>\n","protected":false},"author":2,"featured_media":0,"parent":26288,"menu_order":0,"comment_status":"closed","ping_status":"closed","template":"page-with-overlying-header","meta":{"footnotes":""},"class_list":["post-26218","page","type-page","status-publish","hentry"],"_links":{"self":[{"href":"https:\/\/www.berti.net\/de\/wp-json\/wp\/v2\/pages\/26218","targetHints":{"allow":["GET"]}}],"collection":[{"href":"https:\/\/www.berti.net\/de\/wp-json\/wp\/v2\/pages"}],"about":[{"href":"https:\/\/www.berti.net\/de\/wp-json\/wp\/v2\/types\/page"}],"author":[{"embeddable":true,"href":"https:\/\/www.berti.net\/de\/wp-json\/wp\/v2\/users\/2"}],"replies":[{"embeddable":true,"href":"https:\/\/www.berti.net\/de\/wp-json\/wp\/v2\/comments?post=26218"}],"version-history":[{"count":6,"href":"https:\/\/www.berti.net\/de\/wp-json\/wp\/v2\/pages\/26218\/revisions"}],"predecessor-version":[{"id":27059,"href":"https:\/\/www.berti.net\/de\/wp-json\/wp\/v2\/pages\/26218\/revisions\/27059"}],"up":[{"embeddable":true,"href":"https:\/\/www.berti.net\/de\/wp-json\/wp\/v2\/pages\/26288"}],"wp:attachment":[{"href":"https:\/\/www.berti.net\/de\/wp-json\/wp\/v2\/media?parent=26218"}],"curies":[{"name":"wp","href":"https:\/\/api.w.org\/{rel}","templated":true}]}}